{"id":8527,"date":"2015-06-23T09:47:00","date_gmt":"2015-06-23T09:47:15","guid":{"rendered":"https:\/\/glamorouscorset.com\/shop-all\/sin%20categor\u00eda\/corse-de-algodon-negro-lara\/"},"modified":"2026-01-22T12:50:38","modified_gmt":"2026-01-22T17:50:38","slug":"lara-algodon-negro","status":"publish","type":"product","link":"https:\/\/glamorouscorset.com\/es\/tienda\/colecciones-de-corse\/corses-steampunk\/lara-algodon-negro\/","title":{"rendered":"Cors\u00e9 de algod\u00f3n negro Lara"},"content":{"rendered":"<h2>Cors\u00e9 de algod\u00f3n negro Lara<\/h2>\n<p>Nuestro GC-160, Lara es un magn\u00edfico cors\u00e9 de algod\u00f3n negro multiusos de acero deshuesado. Trabaja para la mayor\u00eda de las figuras, este maravilla se centrar\u00e1 en adelgazar la cintura mientras que muestra apagado sus curvas. Dise\u00f1ado tanto para el entrenamiento de la cintura como para apretar, una excelente opci\u00f3n para el uso diario. Se puede usar debajo de la ropa o una blusa para una noche de noche. De cualquier manera, este cors\u00e9 de algod\u00f3n es un torneador de cabeza.<\/p>\n<h3>Caracter\u00edsticas y detalles<\/h3>\n<p>\u2022 22 huesos de acero (4 huesos r\u00edgidos de acero, 18 huesos de acero espiral)<br \/>\n\u2022 Busk de acero<br \/>\n\u2022 Para la longitud media del torso<br \/>\n\u2022 Longitud delantera 12,5 pulgadas<br \/>\n\u2022 Largo de espalda 12.5 pulgadas<br \/>\n\u2022 Longitud lateral 11,5 pulgadas<br \/>\n\u2022 Tiene un resorte de costilla de 6 pulgadas y un resorte de cadera de 8 pulgadas<br \/>\n\u2022 Algod\u00f3n<br \/>\n\u2022 Forrado con 100% algod\u00f3n + cinta de cintura<br \/>\n\u2022 Panel de modestia de 5 \u00abde ancho<br \/>\n\u2022 Cord\u00f3n tradicional bidireccional<br \/>\n\u2022 6 lazos de suspensi\u00f3n<br \/>\n\u2022 Viene con una bolsa de almacenamiento<\/p>\n","protected":false},"excerpt":{"rendered":"<p>Cors\u00e9 bajo el busto de algod\u00f3n con deshuesado y cintura de acero<\/p>\n","protected":false},"featured_media":8839,"comment_status":"open","ping_status":"closed","template":"","meta":[],"product_brand":[],"product_cat":[313,315,320,319,371,318,317,316,322],"product_tag":[],"class_list":{"0":"post-8527","1":"product","2":"type-product","3":"status-publish","4":"has-post-thumbnail","6":"product_cat-corse-categorias","7":"product_cat-corse-colors","8":"product_cat-corse-materiales","9":"product_cat-corses-bajo-el-pecho","10":"product_cat-corses-de-algodon","11":"product_cat-corses-de-entrenamiento-de-cintura","12":"product_cat-corses-deshuesados-de-acero","13":"product_cat-corses-negros","14":"product_cat-corses-steampunk","15":"pa_color-negro","16":"pa_corset-type-acero-deshuesado","17":"pa_corset-type-debajo-del-busto-es","18":"pa_corset-type-entrenamiento-de-cintura","19":"pa_material-algodon","20":"pa_size-18-es","21":"pa_size-20-es","22":"pa_size-22-es","23":"pa_size-24-es","24":"pa_size-26-es","25":"pa_size-28-es","26":"pa_size-30-es","27":"pa_size-32-es","28":"pa_size-34-es","29":"pa_size-36-es","30":"pa_size-38-es","31":"pa_size-40-es","32":"pa_torso-length-promedio","34":"first","35":"instock","36":"taxable","37":"shipping-taxable","38":"purchasable","39":"product-type-variable"},"yoast_head":"<!-- This site is optimized with the Yoast SEO plugin v26.9 - https:\/\/yoast.com\/product\/yoast-seo-wordpress\/ -->\n<title>Lara Cors\u00e9 deshuesado de acero negro con base de acero | Glamorous Corset<\/title>\n<meta name=\"description\" content=\"Lara es un cors\u00e9 de hueso de acero bajo busto de algod\u00f3n negro. Este impresionante cors\u00e9 se centrar\u00e1 en adelgazar la cintura mientras muestra tus curvas.\" \/>\n<meta name=\"robots\" content=\"index, follow, max-snippet:-1, max-image-preview:large, max-video-preview:-1\" \/>\n<link rel=\"canonical\" href=\"https:\/\/glamorouscorset.com\/es\/tienda\/colecciones-de-corse\/corses-steampunk\/lara-algodon-negro\/\" \/>\n<meta property=\"og:locale\" content=\"es_ES\" \/>\n<meta property=\"og:type\" content=\"article\" \/>\n<meta property=\"og:title\" content=\"Lara Algod\u00f3n Negro Underbust Steel Boned Cors\u00e9 ? Glamorous Corset\" \/>\n<meta property=\"og:description\" content=\"Lara es un cors\u00e9 de hueso de acero bajo busto de algod\u00f3n negro. Este impresionante cors\u00e9 se centrar\u00e1 en adelgazar la cintura mientras muestra tus curvas.\" \/>\n<meta property=\"og:url\" content=\"https:\/\/glamorouscorset.com\/es\/tienda\/colecciones-de-corse\/corses-steampunk\/lara-algodon-negro\/\" \/>\n<meta property=\"og:site_name\" content=\"Glamorous Corset\" \/>\n<meta property=\"article:publisher\" content=\"https:\/\/www.facebook.com\/glamorouscorset\" \/>\n<meta property=\"article:modified_time\" content=\"2026-01-22T17:50:38+00:00\" \/>\n<meta property=\"og:image\" content=\"https:\/\/glamorouscorset.com\/wp-content\/uploads\/2015\/06\/60-2.jpg\" \/>\n\t<meta property=\"og:image:width\" content=\"2030\" \/>\n\t<meta property=\"og:image:height\" content=\"3045\" \/>\n\t<meta property=\"og:image:type\" content=\"image\/jpeg\" \/>\n<meta name=\"twitter:card\" content=\"summary_large_image\" \/>\n<meta name=\"twitter:title\" content=\"Lara Algod\u00f3n Negro Underbust Steel Boned Cors\u00e9 ? Glamorous Corset\" \/>\n<meta name=\"twitter:description\" content=\"Lara es un cors\u00e9 de hueso de acero bajo busto de algod\u00f3n negro. Este impresionante cors\u00e9 se centrar\u00e1 en adelgazar la cintura mientras muestra tus curvas.\" \/>\n<meta name=\"twitter:label1\" content=\"Tiempo de lectura\" \/>\n\t<meta name=\"twitter:data1\" content=\"1 minuto\" \/>\n<script type=\"application\/ld+json\" class=\"yoast-schema-graph\">{\"@context\":\"https:\/\/schema.org\",\"@graph\":[{\"@type\":\"WebPage\",\"@id\":\"https:\/\/glamorouscorset.com\/es\/tienda\/colecciones-de-corse\/corses-steampunk\/lara-algodon-negro\/\",\"url\":\"https:\/\/glamorouscorset.com\/es\/tienda\/colecciones-de-corse\/corses-steampunk\/lara-algodon-negro\/\",\"name\":\"Lara Cors\u00e9 deshuesado de acero negro con base de acero | Glamorous Corset\",\"isPartOf\":{\"@id\":\"https:\/\/glamorouscorset.com\/#website\"},\"primaryImageOfPage\":{\"@id\":\"https:\/\/glamorouscorset.com\/es\/tienda\/colecciones-de-corse\/corses-steampunk\/lara-algodon-negro\/#primaryimage\"},\"image\":{\"@id\":\"https:\/\/glamorouscorset.com\/es\/tienda\/colecciones-de-corse\/corses-steampunk\/lara-algodon-negro\/#primaryimage\"},\"thumbnailUrl\":\"https:\/\/glamorouscorset.com\/wp-content\/uploads\/2015\/06\/60-2.jpg\",\"datePublished\":\"2015-06-23T09:47:15+00:00\",\"dateModified\":\"2026-01-22T17:50:38+00:00\",\"description\":\"Lara es un cors\u00e9 de hueso de acero bajo busto de algod\u00f3n negro. Este impresionante cors\u00e9 se centrar\u00e1 en adelgazar la cintura mientras muestra tus curvas.\",\"breadcrumb\":{\"@id\":\"https:\/\/glamorouscorset.com\/es\/tienda\/colecciones-de-corse\/corses-steampunk\/lara-algodon-negro\/#breadcrumb\"},\"inLanguage\":\"es\",\"potentialAction\":[{\"@type\":\"ReadAction\",\"target\":[\"https:\/\/glamorouscorset.com\/es\/tienda\/colecciones-de-corse\/corses-steampunk\/lara-algodon-negro\/\"]}]},{\"@type\":\"ImageObject\",\"inLanguage\":\"es\",\"@id\":\"https:\/\/glamorouscorset.com\/es\/tienda\/colecciones-de-corse\/corses-steampunk\/lara-algodon-negro\/#primaryimage\",\"url\":\"https:\/\/glamorouscorset.com\/wp-content\/uploads\/2015\/06\/60-2.jpg\",\"contentUrl\":\"https:\/\/glamorouscorset.com\/wp-content\/uploads\/2015\/06\/60-2.jpg\",\"width\":2030,\"height\":3045,\"caption\":\"Lara Black Cotton Corset\"},{\"@type\":\"BreadcrumbList\",\"@id\":\"https:\/\/glamorouscorset.com\/es\/tienda\/colecciones-de-corse\/corses-steampunk\/lara-algodon-negro\/#breadcrumb\",\"itemListElement\":[{\"@type\":\"ListItem\",\"position\":1,\"name\":\"Home\",\"item\":\"https:\/\/glamorouscorset.com\/es\/\"},{\"@type\":\"ListItem\",\"position\":2,\"name\":\"Tienda\",\"item\":\"https:\/\/glamorouscorset.com\/es\/tienda\/\"},{\"@type\":\"ListItem\",\"position\":3,\"name\":\"Cors\u00e9 de algod\u00f3n negro Lara\"}]},{\"@type\":\"WebSite\",\"@id\":\"https:\/\/glamorouscorset.com\/#website\",\"url\":\"https:\/\/glamorouscorset.com\/\",\"name\":\"Glamorous Corset\",\"description\":\"Glamorous Corset offers an assortment of steel boned waist training corsets for all shapes and sizes!\",\"publisher\":{\"@id\":\"https:\/\/glamorouscorset.com\/#organization\"},\"potentialAction\":[{\"@type\":\"SearchAction\",\"target\":{\"@type\":\"EntryPoint\",\"urlTemplate\":\"https:\/\/glamorouscorset.com\/?s={search_term_string}\"},\"query-input\":{\"@type\":\"PropertyValueSpecification\",\"valueRequired\":true,\"valueName\":\"search_term_string\"}}],\"inLanguage\":\"es\"},{\"@type\":\"Organization\",\"@id\":\"https:\/\/glamorouscorset.com\/#organization\",\"name\":\"Glamorous Corset\",\"url\":\"https:\/\/glamorouscorset.com\/\",\"logo\":{\"@type\":\"ImageObject\",\"inLanguage\":\"es\",\"@id\":\"https:\/\/glamorouscorset.com\/#\/schema\/logo\/image\/\",\"url\":\"https:\/\/glamorouscorset.com\/wp-content\/uploads\/2015\/11\/logo@2x.jpg\",\"contentUrl\":\"https:\/\/glamorouscorset.com\/wp-content\/uploads\/2015\/11\/logo@2x.jpg\",\"width\":238,\"height\":60,\"caption\":\"Glamorous Corset\"},\"image\":{\"@id\":\"https:\/\/glamorouscorset.com\/#\/schema\/logo\/image\/\"},\"sameAs\":[\"https:\/\/www.facebook.com\/glamorouscorset\"]}]}<\/script>\n<!-- \/ Yoast SEO plugin. -->","yoast_head_json":{"title":"Lara Cors\u00e9 deshuesado de acero negro con base de acero | Glamorous Corset","description":"Lara es un cors\u00e9 de hueso de acero bajo busto de algod\u00f3n negro. Este impresionante cors\u00e9 se centrar\u00e1 en adelgazar la cintura mientras muestra tus curvas.","robots":{"index":"index","follow":"follow","max-snippet":"max-snippet:-1","max-image-preview":"max-image-preview:large","max-video-preview":"max-video-preview:-1"},"canonical":"https:\/\/glamorouscorset.com\/es\/tienda\/colecciones-de-corse\/corses-steampunk\/lara-algodon-negro\/","og_locale":"es_ES","og_type":"article","og_title":"Lara Algod\u00f3n Negro Underbust Steel Boned Cors\u00e9 ? Glamorous Corset","og_description":"Lara es un cors\u00e9 de hueso de acero bajo busto de algod\u00f3n negro. Este impresionante cors\u00e9 se centrar\u00e1 en adelgazar la cintura mientras muestra tus curvas.","og_url":"https:\/\/glamorouscorset.com\/es\/tienda\/colecciones-de-corse\/corses-steampunk\/lara-algodon-negro\/","og_site_name":"Glamorous Corset","article_publisher":"https:\/\/www.facebook.com\/glamorouscorset","article_modified_time":"2026-01-22T17:50:38+00:00","og_image":[{"width":2030,"height":3045,"url":"https:\/\/glamorouscorset.com\/wp-content\/uploads\/2015\/06\/60-2.jpg","type":"image\/jpeg"}],"twitter_card":"summary_large_image","twitter_title":"Lara Algod\u00f3n Negro Underbust Steel Boned Cors\u00e9 ? Glamorous Corset","twitter_description":"Lara es un cors\u00e9 de hueso de acero bajo busto de algod\u00f3n negro. Este impresionante cors\u00e9 se centrar\u00e1 en adelgazar la cintura mientras muestra tus curvas.","twitter_misc":{"Tiempo de lectura":"1 minuto"},"schema":{"@context":"https:\/\/schema.org","@graph":[{"@type":"WebPage","@id":"https:\/\/glamorouscorset.com\/es\/tienda\/colecciones-de-corse\/corses-steampunk\/lara-algodon-negro\/","url":"https:\/\/glamorouscorset.com\/es\/tienda\/colecciones-de-corse\/corses-steampunk\/lara-algodon-negro\/","name":"Lara Cors\u00e9 deshuesado de acero negro con base de acero | Glamorous Corset","isPartOf":{"@id":"https:\/\/glamorouscorset.com\/#website"},"primaryImageOfPage":{"@id":"https:\/\/glamorouscorset.com\/es\/tienda\/colecciones-de-corse\/corses-steampunk\/lara-algodon-negro\/#primaryimage"},"image":{"@id":"https:\/\/glamorouscorset.com\/es\/tienda\/colecciones-de-corse\/corses-steampunk\/lara-algodon-negro\/#primaryimage"},"thumbnailUrl":"https:\/\/glamorouscorset.com\/wp-content\/uploads\/2015\/06\/60-2.jpg","datePublished":"2015-06-23T09:47:15+00:00","dateModified":"2026-01-22T17:50:38+00:00","description":"Lara es un cors\u00e9 de hueso de acero bajo busto de algod\u00f3n negro. Este impresionante cors\u00e9 se centrar\u00e1 en adelgazar la cintura mientras muestra tus curvas.","breadcrumb":{"@id":"https:\/\/glamorouscorset.com\/es\/tienda\/colecciones-de-corse\/corses-steampunk\/lara-algodon-negro\/#breadcrumb"},"inLanguage":"es","potentialAction":[{"@type":"ReadAction","target":["https:\/\/glamorouscorset.com\/es\/tienda\/colecciones-de-corse\/corses-steampunk\/lara-algodon-negro\/"]}]},{"@type":"ImageObject","inLanguage":"es","@id":"https:\/\/glamorouscorset.com\/es\/tienda\/colecciones-de-corse\/corses-steampunk\/lara-algodon-negro\/#primaryimage","url":"https:\/\/glamorouscorset.com\/wp-content\/uploads\/2015\/06\/60-2.jpg","contentUrl":"https:\/\/glamorouscorset.com\/wp-content\/uploads\/2015\/06\/60-2.jpg","width":2030,"height":3045,"caption":"Lara Black Cotton Corset"},{"@type":"BreadcrumbList","@id":"https:\/\/glamorouscorset.com\/es\/tienda\/colecciones-de-corse\/corses-steampunk\/lara-algodon-negro\/#breadcrumb","itemListElement":[{"@type":"ListItem","position":1,"name":"Home","item":"https:\/\/glamorouscorset.com\/es\/"},{"@type":"ListItem","position":2,"name":"Tienda","item":"https:\/\/glamorouscorset.com\/es\/tienda\/"},{"@type":"ListItem","position":3,"name":"Cors\u00e9 de algod\u00f3n negro Lara"}]},{"@type":"WebSite","@id":"https:\/\/glamorouscorset.com\/#website","url":"https:\/\/glamorouscorset.com\/","name":"Glamorous Corset","description":"Glamorous Corset offers an assortment of steel boned waist training corsets for all shapes and sizes!","publisher":{"@id":"https:\/\/glamorouscorset.com\/#organization"},"potentialAction":[{"@type":"SearchAction","target":{"@type":"EntryPoint","urlTemplate":"https:\/\/glamorouscorset.com\/?s={search_term_string}"},"query-input":{"@type":"PropertyValueSpecification","valueRequired":true,"valueName":"search_term_string"}}],"inLanguage":"es"},{"@type":"Organization","@id":"https:\/\/glamorouscorset.com\/#organization","name":"Glamorous Corset","url":"https:\/\/glamorouscorset.com\/","logo":{"@type":"ImageObject","inLanguage":"es","@id":"https:\/\/glamorouscorset.com\/#\/schema\/logo\/image\/","url":"https:\/\/glamorouscorset.com\/wp-content\/uploads\/2015\/11\/logo@2x.jpg","contentUrl":"https:\/\/glamorouscorset.com\/wp-content\/uploads\/2015\/11\/logo@2x.jpg","width":238,"height":60,"caption":"Glamorous Corset"},"image":{"@id":"https:\/\/glamorouscorset.com\/#\/schema\/logo\/image\/"},"sameAs":["https:\/\/www.facebook.com\/glamorouscorset"]}]}},"_links":{"self":[{"href":"https:\/\/glamorouscorset.com\/es\/wp-json\/wp\/v2\/product\/8527","targetHints":{"allow":["GET"]}}],"collection":[{"href":"https:\/\/glamorouscorset.com\/es\/wp-json\/wp\/v2\/product"}],"about":[{"href":"https:\/\/glamorouscorset.com\/es\/wp-json\/wp\/v2\/types\/product"}],"replies":[{"embeddable":true,"href":"https:\/\/glamorouscorset.com\/es\/wp-json\/wp\/v2\/comments?post=8527"}],"wp:featuredmedia":[{"embeddable":true,"href":"https:\/\/glamorouscorset.com\/es\/wp-json\/wp\/v2\/media\/8839"}],"wp:attachment":[{"href":"https:\/\/glamorouscorset.com\/es\/wp-json\/wp\/v2\/media?parent=8527"}],"wp:term":[{"taxonomy":"product_brand","embeddable":true,"href":"https:\/\/glamorouscorset.com\/es\/wp-json\/wp\/v2\/product_brand?post=8527"},{"taxonomy":"product_cat","embeddable":true,"href":"https:\/\/glamorouscorset.com\/es\/wp-json\/wp\/v2\/product_cat?post=8527"},{"taxonomy":"product_tag","embeddable":true,"href":"https:\/\/glamorouscorset.com\/es\/wp-json\/wp\/v2\/product_tag?post=8527"}],"curies":[{"name":"wp","href":"https:\/\/api.w.org\/{rel}","templated":true}]}}