{"id":8499,"date":"2015-06-23T10:01:00","date_gmt":"2015-06-23T10:01:25","guid":{"rendered":"https:\/\/glamorouscorset.com\/shop-all\/sin categor\u00eda\/elvira-corse-de-raso-negro\/"},"modified":"2026-01-22T12:49:57","modified_gmt":"2026-01-22T17:49:57","slug":"elvira-satin-negro","status":"publish","type":"product","link":"https:\/\/glamorouscorset.com\/es\/tienda\/colecciones-de-corse\/corses-steampunk\/elvira-satin-negro\/","title":{"rendered":"Elvira Cors\u00e9 de raso negro"},"content":{"rendered":"<h2>Elvira Cors\u00e9 de raso negro<\/h2>\n<p>Nuestro CORs\u00e9 de sat\u00e9n negro ELvira GC-142 es una verdadera belleza, y una excelente opci\u00f3n para alguien que es alto, o tiene un torso largo y un cuerpo en forma de pera. Se dibujar\u00e1 en la cintura y levantar el busto. Este lujoso cors\u00e9 de sat\u00e9n negro se ve incre\u00edble con casi cualquier cosa. Ella abrazar\u00e1 tu cuerpo y te dar\u00e1 esa forma de reloj de arena que todos amamos y deseamos. Tambi\u00e9n es ideal para apoyar la espalda y mejorar la postura.<\/p>\n<h3>Caracter\u00edsticas y detalles<\/h3>\n<p>\u2022 22 huesos de acero (4 huesos r\u00edgidos de acero, 18 huesos de acero espiral)<br \/>\n\u2022 Busk de acero<br \/>\n\u2022 Para torso alto\/largo<br \/>\n\u2022 Longitud delantera 18 pulgadas<br \/>\n\u2022 Longitud de la espalda 18 pulgadas<br \/>\n\u2022 Longitud lateral 15,5 pulgadas<br \/>\n\u2022 Tiene un resorte de busto de 6 pulgadas y un resorte de cadera de 10 pulgadas<br \/>\n\u2022 Sat\u00edn<br \/>\n\u2022 Forrado con 100% algod\u00f3n + cinta de cintura<br \/>\n\u2022 Panel de modestia de 5 \u00abde ancho<br \/>\n\u2022 Cord\u00f3n tradicional bidireccional<br \/>\n\u2022 6 lazos de suspensi\u00f3n<\/p>\n","protected":false},"excerpt":{"rendered":"<p>Satin Long Line doble acero boned Overbust Cors\u00e9<\/p>\n","protected":false},"featured_media":8808,"comment_status":"open","ping_status":"closed","template":"","meta":[],"product_brand":[],"product_cat":[313,315,320,318,357,321,317,316,322,354],"product_tag":[],"class_list":{"0":"post-8499","1":"product","2":"type-product","3":"status-publish","4":"has-post-thumbnail","6":"product_cat-corse-categorias","7":"product_cat-corse-colors","8":"product_cat-corse-materiales","9":"product_cat-corses-de-entrenamiento-de-cintura","10":"product_cat-corses-de-linea-larga","11":"product_cat-corses-de-saten","12":"product_cat-corses-deshuesados-de-acero","13":"product_cat-corses-negros","14":"product_cat-corses-steampunk","15":"product_cat-sobre-el-busto-corses","16":"pa_color-negro","17":"pa_corset-type-acero-deshuesado","18":"pa_corset-type-entrenamiento-de-cintura","19":"pa_corset-type-sobre-el-busto","20":"pa_material-satin-es","21":"pa_size-18-es","22":"pa_size-20-es","23":"pa_size-22-es","24":"pa_size-24-es","25":"pa_size-26-es","26":"pa_size-28-es","27":"pa_size-30-es","28":"pa_size-32-es","29":"pa_size-34-es","30":"pa_size-36-es","31":"pa_size-38-es","32":"pa_size-40-es","33":"pa_torso-length-largo","35":"first","36":"instock","37":"taxable","38":"shipping-taxable","39":"purchasable","40":"product-type-variable"},"yoast_head":"<!-- This site is optimized with the Yoast SEO plugin v26.9 - https:\/\/yoast.com\/product\/yoast-seo-wordpress\/ -->\n<title>Elvira Cors\u00e9 deshuesado de acero satinado negro | Glamorous Corset<\/title>\n<meta name=\"description\" content=\"El cors\u00e9 de hueso de acero de acero satinado negro elvira es una verdadera belleza y excelente opci\u00f3n para alguien que es alto, o tiene un torso largo.\" \/>\n<meta name=\"robots\" content=\"index, follow, max-snippet:-1, max-image-preview:large, max-video-preview:-1\" \/>\n<link rel=\"canonical\" href=\"https:\/\/glamorouscorset.com\/es\/tienda\/colecciones-de-corse\/corses-steampunk\/elvira-satin-negro\/\" \/>\n<meta property=\"og:locale\" content=\"es_ES\" \/>\n<meta property=\"og:type\" content=\"article\" \/>\n<meta property=\"og:title\" content=\"Elvira Black Satin Overbust Steel Boned Cors\u00e9 Glamorous Corset\" \/>\n<meta property=\"og:description\" content=\"El cors\u00e9 de hueso de acero de acero satinado negro elvira es una verdadera belleza y excelente opci\u00f3n para alguien que es alto, o tiene un torso largo.\" \/>\n<meta property=\"og:url\" content=\"https:\/\/glamorouscorset.com\/es\/tienda\/colecciones-de-corse\/corses-steampunk\/elvira-satin-negro\/\" \/>\n<meta property=\"og:site_name\" content=\"Glamorous Corset\" \/>\n<meta property=\"article:publisher\" content=\"https:\/\/www.facebook.com\/glamorouscorset\" \/>\n<meta property=\"article:modified_time\" content=\"2026-01-22T17:49:57+00:00\" \/>\n<meta property=\"og:image\" content=\"https:\/\/glamorouscorset.com\/wp-content\/uploads\/2015\/06\/42BLACK-LONG-2-2.jpg\" \/>\n\t<meta property=\"og:image:width\" content=\"2006\" \/>\n\t<meta property=\"og:image:height\" content=\"3010\" \/>\n\t<meta property=\"og:image:type\" content=\"image\/jpeg\" \/>\n<meta name=\"twitter:card\" content=\"summary_large_image\" \/>\n<meta name=\"twitter:title\" content=\"Elvira Black Satin Overbust Steel Boned Cors\u00e9 Glamorous Corset\" \/>\n<meta name=\"twitter:description\" content=\"El cors\u00e9 de hueso de acero de acero satinado negro elvira es una verdadera belleza y excelente opci\u00f3n para alguien que es alto, o tiene un torso largo.\" \/>\n<meta name=\"twitter:label1\" content=\"Tiempo de lectura\" \/>\n\t<meta name=\"twitter:data1\" content=\"1 minuto\" \/>\n<script type=\"application\/ld+json\" class=\"yoast-schema-graph\">{\"@context\":\"https:\/\/schema.org\",\"@graph\":[{\"@type\":\"WebPage\",\"@id\":\"https:\/\/glamorouscorset.com\/es\/tienda\/colecciones-de-corse\/corses-steampunk\/elvira-satin-negro\/\",\"url\":\"https:\/\/glamorouscorset.com\/es\/tienda\/colecciones-de-corse\/corses-steampunk\/elvira-satin-negro\/\",\"name\":\"Elvira Cors\u00e9 deshuesado de acero satinado negro | Glamorous Corset\",\"isPartOf\":{\"@id\":\"https:\/\/glamorouscorset.com\/#website\"},\"primaryImageOfPage\":{\"@id\":\"https:\/\/glamorouscorset.com\/es\/tienda\/colecciones-de-corse\/corses-steampunk\/elvira-satin-negro\/#primaryimage\"},\"image\":{\"@id\":\"https:\/\/glamorouscorset.com\/es\/tienda\/colecciones-de-corse\/corses-steampunk\/elvira-satin-negro\/#primaryimage\"},\"thumbnailUrl\":\"https:\/\/glamorouscorset.com\/wp-content\/uploads\/2015\/06\/42BLACK-LONG-2-2.jpg\",\"datePublished\":\"2015-06-23T10:01:25+00:00\",\"dateModified\":\"2026-01-22T17:49:57+00:00\",\"description\":\"El cors\u00e9 de hueso de acero de acero satinado negro elvira es una verdadera belleza y excelente opci\u00f3n para alguien que es alto, o tiene un torso largo.\",\"breadcrumb\":{\"@id\":\"https:\/\/glamorouscorset.com\/es\/tienda\/colecciones-de-corse\/corses-steampunk\/elvira-satin-negro\/#breadcrumb\"},\"inLanguage\":\"es\",\"potentialAction\":[{\"@type\":\"ReadAction\",\"target\":[\"https:\/\/glamorouscorset.com\/es\/tienda\/colecciones-de-corse\/corses-steampunk\/elvira-satin-negro\/\"]}]},{\"@type\":\"ImageObject\",\"inLanguage\":\"es\",\"@id\":\"https:\/\/glamorouscorset.com\/es\/tienda\/colecciones-de-corse\/corses-steampunk\/elvira-satin-negro\/#primaryimage\",\"url\":\"https:\/\/glamorouscorset.com\/wp-content\/uploads\/2015\/06\/42BLACK-LONG-2-2.jpg\",\"contentUrl\":\"https:\/\/glamorouscorset.com\/wp-content\/uploads\/2015\/06\/42BLACK-LONG-2-2.jpg\",\"width\":2006,\"height\":3010},{\"@type\":\"BreadcrumbList\",\"@id\":\"https:\/\/glamorouscorset.com\/es\/tienda\/colecciones-de-corse\/corses-steampunk\/elvira-satin-negro\/#breadcrumb\",\"itemListElement\":[{\"@type\":\"ListItem\",\"position\":1,\"name\":\"Home\",\"item\":\"https:\/\/glamorouscorset.com\/es\/\"},{\"@type\":\"ListItem\",\"position\":2,\"name\":\"Tienda\",\"item\":\"https:\/\/glamorouscorset.com\/es\/tienda\/\"},{\"@type\":\"ListItem\",\"position\":3,\"name\":\"Elvira Cors\u00e9 de raso negro\"}]},{\"@type\":\"WebSite\",\"@id\":\"https:\/\/glamorouscorset.com\/#website\",\"url\":\"https:\/\/glamorouscorset.com\/\",\"name\":\"Glamorous Corset\",\"description\":\"Glamorous Corset offers an assortment of steel boned waist training corsets for all shapes and sizes!\",\"publisher\":{\"@id\":\"https:\/\/glamorouscorset.com\/#organization\"},\"potentialAction\":[{\"@type\":\"SearchAction\",\"target\":{\"@type\":\"EntryPoint\",\"urlTemplate\":\"https:\/\/glamorouscorset.com\/?s={search_term_string}\"},\"query-input\":{\"@type\":\"PropertyValueSpecification\",\"valueRequired\":true,\"valueName\":\"search_term_string\"}}],\"inLanguage\":\"es\"},{\"@type\":\"Organization\",\"@id\":\"https:\/\/glamorouscorset.com\/#organization\",\"name\":\"Glamorous Corset\",\"url\":\"https:\/\/glamorouscorset.com\/\",\"logo\":{\"@type\":\"ImageObject\",\"inLanguage\":\"es\",\"@id\":\"https:\/\/glamorouscorset.com\/#\/schema\/logo\/image\/\",\"url\":\"https:\/\/glamorouscorset.com\/wp-content\/uploads\/2015\/11\/logo@2x.jpg\",\"contentUrl\":\"https:\/\/glamorouscorset.com\/wp-content\/uploads\/2015\/11\/logo@2x.jpg\",\"width\":238,\"height\":60,\"caption\":\"Glamorous Corset\"},\"image\":{\"@id\":\"https:\/\/glamorouscorset.com\/#\/schema\/logo\/image\/\"},\"sameAs\":[\"https:\/\/www.facebook.com\/glamorouscorset\"]}]}<\/script>\n<!-- \/ Yoast SEO plugin. -->","yoast_head_json":{"title":"Elvira Cors\u00e9 deshuesado de acero satinado negro | Glamorous Corset","description":"El cors\u00e9 de hueso de acero de acero satinado negro elvira es una verdadera belleza y excelente opci\u00f3n para alguien que es alto, o tiene un torso largo.","robots":{"index":"index","follow":"follow","max-snippet":"max-snippet:-1","max-image-preview":"max-image-preview:large","max-video-preview":"max-video-preview:-1"},"canonical":"https:\/\/glamorouscorset.com\/es\/tienda\/colecciones-de-corse\/corses-steampunk\/elvira-satin-negro\/","og_locale":"es_ES","og_type":"article","og_title":"Elvira Black Satin Overbust Steel Boned Cors\u00e9 Glamorous Corset","og_description":"El cors\u00e9 de hueso de acero de acero satinado negro elvira es una verdadera belleza y excelente opci\u00f3n para alguien que es alto, o tiene un torso largo.","og_url":"https:\/\/glamorouscorset.com\/es\/tienda\/colecciones-de-corse\/corses-steampunk\/elvira-satin-negro\/","og_site_name":"Glamorous Corset","article_publisher":"https:\/\/www.facebook.com\/glamorouscorset","article_modified_time":"2026-01-22T17:49:57+00:00","og_image":[{"width":2006,"height":3010,"url":"https:\/\/glamorouscorset.com\/wp-content\/uploads\/2015\/06\/42BLACK-LONG-2-2.jpg","type":"image\/jpeg"}],"twitter_card":"summary_large_image","twitter_title":"Elvira Black Satin Overbust Steel Boned Cors\u00e9 Glamorous Corset","twitter_description":"El cors\u00e9 de hueso de acero de acero satinado negro elvira es una verdadera belleza y excelente opci\u00f3n para alguien que es alto, o tiene un torso largo.","twitter_misc":{"Tiempo de lectura":"1 minuto"},"schema":{"@context":"https:\/\/schema.org","@graph":[{"@type":"WebPage","@id":"https:\/\/glamorouscorset.com\/es\/tienda\/colecciones-de-corse\/corses-steampunk\/elvira-satin-negro\/","url":"https:\/\/glamorouscorset.com\/es\/tienda\/colecciones-de-corse\/corses-steampunk\/elvira-satin-negro\/","name":"Elvira Cors\u00e9 deshuesado de acero satinado negro | Glamorous Corset","isPartOf":{"@id":"https:\/\/glamorouscorset.com\/#website"},"primaryImageOfPage":{"@id":"https:\/\/glamorouscorset.com\/es\/tienda\/colecciones-de-corse\/corses-steampunk\/elvira-satin-negro\/#primaryimage"},"image":{"@id":"https:\/\/glamorouscorset.com\/es\/tienda\/colecciones-de-corse\/corses-steampunk\/elvira-satin-negro\/#primaryimage"},"thumbnailUrl":"https:\/\/glamorouscorset.com\/wp-content\/uploads\/2015\/06\/42BLACK-LONG-2-2.jpg","datePublished":"2015-06-23T10:01:25+00:00","dateModified":"2026-01-22T17:49:57+00:00","description":"El cors\u00e9 de hueso de acero de acero satinado negro elvira es una verdadera belleza y excelente opci\u00f3n para alguien que es alto, o tiene un torso largo.","breadcrumb":{"@id":"https:\/\/glamorouscorset.com\/es\/tienda\/colecciones-de-corse\/corses-steampunk\/elvira-satin-negro\/#breadcrumb"},"inLanguage":"es","potentialAction":[{"@type":"ReadAction","target":["https:\/\/glamorouscorset.com\/es\/tienda\/colecciones-de-corse\/corses-steampunk\/elvira-satin-negro\/"]}]},{"@type":"ImageObject","inLanguage":"es","@id":"https:\/\/glamorouscorset.com\/es\/tienda\/colecciones-de-corse\/corses-steampunk\/elvira-satin-negro\/#primaryimage","url":"https:\/\/glamorouscorset.com\/wp-content\/uploads\/2015\/06\/42BLACK-LONG-2-2.jpg","contentUrl":"https:\/\/glamorouscorset.com\/wp-content\/uploads\/2015\/06\/42BLACK-LONG-2-2.jpg","width":2006,"height":3010},{"@type":"BreadcrumbList","@id":"https:\/\/glamorouscorset.com\/es\/tienda\/colecciones-de-corse\/corses-steampunk\/elvira-satin-negro\/#breadcrumb","itemListElement":[{"@type":"ListItem","position":1,"name":"Home","item":"https:\/\/glamorouscorset.com\/es\/"},{"@type":"ListItem","position":2,"name":"Tienda","item":"https:\/\/glamorouscorset.com\/es\/tienda\/"},{"@type":"ListItem","position":3,"name":"Elvira Cors\u00e9 de raso negro"}]},{"@type":"WebSite","@id":"https:\/\/glamorouscorset.com\/#website","url":"https:\/\/glamorouscorset.com\/","name":"Glamorous Corset","description":"Glamorous Corset offers an assortment of steel boned waist training corsets for all shapes and sizes!","publisher":{"@id":"https:\/\/glamorouscorset.com\/#organization"},"potentialAction":[{"@type":"SearchAction","target":{"@type":"EntryPoint","urlTemplate":"https:\/\/glamorouscorset.com\/?s={search_term_string}"},"query-input":{"@type":"PropertyValueSpecification","valueRequired":true,"valueName":"search_term_string"}}],"inLanguage":"es"},{"@type":"Organization","@id":"https:\/\/glamorouscorset.com\/#organization","name":"Glamorous Corset","url":"https:\/\/glamorouscorset.com\/","logo":{"@type":"ImageObject","inLanguage":"es","@id":"https:\/\/glamorouscorset.com\/#\/schema\/logo\/image\/","url":"https:\/\/glamorouscorset.com\/wp-content\/uploads\/2015\/11\/logo@2x.jpg","contentUrl":"https:\/\/glamorouscorset.com\/wp-content\/uploads\/2015\/11\/logo@2x.jpg","width":238,"height":60,"caption":"Glamorous Corset"},"image":{"@id":"https:\/\/glamorouscorset.com\/#\/schema\/logo\/image\/"},"sameAs":["https:\/\/www.facebook.com\/glamorouscorset"]}]}},"_links":{"self":[{"href":"https:\/\/glamorouscorset.com\/es\/wp-json\/wp\/v2\/product\/8499","targetHints":{"allow":["GET"]}}],"collection":[{"href":"https:\/\/glamorouscorset.com\/es\/wp-json\/wp\/v2\/product"}],"about":[{"href":"https:\/\/glamorouscorset.com\/es\/wp-json\/wp\/v2\/types\/product"}],"replies":[{"embeddable":true,"href":"https:\/\/glamorouscorset.com\/es\/wp-json\/wp\/v2\/comments?post=8499"}],"wp:featuredmedia":[{"embeddable":true,"href":"https:\/\/glamorouscorset.com\/es\/wp-json\/wp\/v2\/media\/8808"}],"wp:attachment":[{"href":"https:\/\/glamorouscorset.com\/es\/wp-json\/wp\/v2\/media?parent=8499"}],"wp:term":[{"taxonomy":"product_brand","embeddable":true,"href":"https:\/\/glamorouscorset.com\/es\/wp-json\/wp\/v2\/product_brand?post=8499"},{"taxonomy":"product_cat","embeddable":true,"href":"https:\/\/glamorouscorset.com\/es\/wp-json\/wp\/v2\/product_cat?post=8499"},{"taxonomy":"product_tag","embeddable":true,"href":"https:\/\/glamorouscorset.com\/es\/wp-json\/wp\/v2\/product_tag?post=8499"}],"curies":[{"name":"wp","href":"https:\/\/api.w.org\/{rel}","templated":true}]}}