{"id":8430,"date":"2015-06-23T10:20:00","date_gmt":"2019-11-10T20:47:28","guid":{"rendered":"https:\/\/glamorouscorset.com\/shop-all\/sin%20categor\u00eda\/dita-denim-azul-jean-corse\/"},"modified":"2026-01-22T12:53:36","modified_gmt":"2026-01-22T17:53:36","slug":"dita-denim-2","status":"publish","type":"product","link":"https:\/\/glamorouscorset.com\/es\/tienda\/corse-materiales\/corses-de-mezclilla\/dita-denim-2\/","title":{"rendered":"Dita Denim Azul Jean Cors\u00e9"},"content":{"rendered":"<h2>Dita Denim Azul Jean Cors\u00e9<\/h2>\n<p>Nuestro GC-134, Dita en Denim es un cors\u00e9 de mezclilla de acero demezclada &#8211; una necesidad en el armario de todos. Su construcci\u00f3n de 3 capas proporciona durabilidad y soporte adicionales. Comb\u00ednalo con un par de jeans y entrena tu cintura mientras est\u00e1s en absoluto. Ideal para el uso diario, que le cinch en, en todos los lugares correctos.<\/p>\n<h3>Caracter\u00edsticas y detalles<\/h3>\n<p>\u2022 24 huesos de acero (4 huesos r\u00edgidos de acero, 20 huesos de acero espiral)<br \/>\n\u2022 Busk de acero<br \/>\n\u2022 Para la longitud media del torso<br \/>\n\u2022 Longitud delantera 12,5 pulgadas<br \/>\n\u2022 Largo de espalda 12.5 pulgadas<br \/>\n\u2022 Longitud lateral 9,5 pulgadas<br \/>\n\u2022 Tiene un resorte de costilla de 6 pulgadas y un resorte de cadera de 4 pulgadas<br \/>\n\u2022 Denim<br \/>\n\u2022 Forrado con 100% algod\u00f3n + cinta de cintura<br \/>\n\u2022 Panel de modestia de 5 \u00abde ancho<br \/>\n\u2022 Cord\u00f3n tradicional bidireccional<br \/>\n\u2022 6 lazos de suspensi\u00f3n<br \/>\n\u2022 Viene con una bolsa de almacenamiento<\/p>\n","protected":false},"excerpt":{"rendered":"<p>Denim doble acero Boned Cintura Entrenamiento Underbust Cors\u00e9<\/p>\n","protected":false},"featured_media":8826,"comment_status":"open","ping_status":"closed","template":"","meta":[],"product_brand":[],"product_cat":[355,313,315,320,376,319,318,372,317,361],"product_tag":[],"class_list":{"0":"post-8430","1":"product","2":"type-product","3":"status-publish","4":"has-post-thumbnail","6":"product_cat-colecciones-de-corse","7":"product_cat-corse-categorias","8":"product_cat-corse-colors","9":"product_cat-corse-materiales","10":"product_cat-corses-a-la-venta","11":"product_cat-corses-bajo-el-pecho","12":"product_cat-corses-de-entrenamiento-de-cintura","13":"product_cat-corses-de-mezclilla","14":"product_cat-corses-deshuesados-de-acero","15":"product_cat-jean-azul","16":"pa_color-mezclilla","17":"pa_corset-type-acero-deshuesado","18":"pa_corset-type-debajo-del-busto-es","19":"pa_corset-type-entrenamiento-de-cintura","20":"pa_material-mezclilla","21":"pa_size-18-es","22":"pa_size-20-es","23":"pa_size-22-es","24":"pa_size-24-es","25":"pa_size-26-es","26":"pa_size-28-es","27":"pa_size-30-es","28":"pa_size-32-es","29":"pa_size-34-es","30":"pa_size-36-es","31":"pa_size-38-es","32":"pa_size-40-es","33":"pa_torso-length-promedio","35":"first","36":"instock","37":"sale","38":"taxable","39":"shipping-taxable","40":"purchasable","41":"product-type-variable"},"yoast_head":"<!-- This site is optimized with the Yoast SEO plugin v26.9 - https:\/\/yoast.com\/product\/yoast-seo-wordpress\/ -->\n<title>Dita Denim Cors\u00e9 deshuesado de acero azul Jean Underbust | Glamorous Corset<\/title>\n<meta name=\"description\" content=\"Dita en Denim es un cors\u00e9 de hueso de acero bajo busto de mezclilla - una necesidad en el armario de todos. Su construcci\u00f3n de 3 capas proporciona durabilidad y soporte adicionales.\" \/>\n<meta name=\"robots\" content=\"index, follow, max-snippet:-1, max-image-preview:large, max-video-preview:-1\" \/>\n<link rel=\"canonical\" href=\"https:\/\/glamorouscorset.com\/es\/tienda\/corse-materiales\/corses-de-mezclilla\/dita-denim-2\/\" \/>\n<meta property=\"og:locale\" content=\"es_ES\" \/>\n<meta property=\"og:type\" content=\"article\" \/>\n<meta property=\"og:title\" content=\"Dita Denim azul Jean Underbust Steel Boned Cors\u00e9 Glamorous Corset\" \/>\n<meta property=\"og:description\" content=\"Dita en Denim es un cors\u00e9 de hueso de acero bajo busto de mezclilla - una necesidad en el armario de todos. Su construcci\u00f3n de 3 capas proporciona durabilidad y soporte adicionales.\" \/>\n<meta property=\"og:url\" content=\"https:\/\/glamorouscorset.com\/es\/tienda\/corse-materiales\/corses-de-mezclilla\/dita-denim-2\/\" \/>\n<meta property=\"og:site_name\" content=\"Glamorous Corset\" \/>\n<meta property=\"article:publisher\" content=\"https:\/\/www.facebook.com\/glamorouscorset\" \/>\n<meta property=\"article:modified_time\" content=\"2026-01-22T17:53:36+00:00\" \/>\n<meta property=\"og:image\" content=\"https:\/\/glamorouscorset.com\/wp-content\/uploads\/2015\/06\/34-JEAN-2.jpg\" \/>\n\t<meta property=\"og:image:width\" content=\"1998\" \/>\n\t<meta property=\"og:image:height\" content=\"2997\" \/>\n\t<meta property=\"og:image:type\" content=\"image\/jpeg\" \/>\n<meta name=\"twitter:card\" content=\"summary_large_image\" \/>\n<meta name=\"twitter:title\" content=\"Dita Denim azul Jean Underbust Steel Boned Cors\u00e9 Glamorous Corset\" \/>\n<meta name=\"twitter:description\" content=\"Dita en Denim es un cors\u00e9 de hueso de acero bajo busto de mezclilla - una necesidad en el armario de todos. Su construcci\u00f3n de 3 capas proporciona durabilidad y soporte adicionales.\" \/>\n<meta name=\"twitter:label1\" content=\"Tiempo de lectura\" \/>\n\t<meta name=\"twitter:data1\" content=\"1 minuto\" \/>\n<script type=\"application\/ld+json\" class=\"yoast-schema-graph\">{\"@context\":\"https:\/\/schema.org\",\"@graph\":[{\"@type\":\"WebPage\",\"@id\":\"https:\/\/glamorouscorset.com\/es\/tienda\/corse-materiales\/corses-de-mezclilla\/dita-denim-2\/\",\"url\":\"https:\/\/glamorouscorset.com\/es\/tienda\/corse-materiales\/corses-de-mezclilla\/dita-denim-2\/\",\"name\":\"Dita Denim Cors\u00e9 deshuesado de acero azul Jean Underbust | Glamorous Corset\",\"isPartOf\":{\"@id\":\"https:\/\/glamorouscorset.com\/#website\"},\"primaryImageOfPage\":{\"@id\":\"https:\/\/glamorouscorset.com\/es\/tienda\/corse-materiales\/corses-de-mezclilla\/dita-denim-2\/#primaryimage\"},\"image\":{\"@id\":\"https:\/\/glamorouscorset.com\/es\/tienda\/corse-materiales\/corses-de-mezclilla\/dita-denim-2\/#primaryimage\"},\"thumbnailUrl\":\"https:\/\/glamorouscorset.com\/wp-content\/uploads\/2015\/06\/34-JEAN-2.jpg\",\"datePublished\":\"2019-11-10T20:47:28+00:00\",\"dateModified\":\"2026-01-22T17:53:36+00:00\",\"description\":\"Dita en Denim es un cors\u00e9 de hueso de acero bajo busto de mezclilla - una necesidad en el armario de todos. Su construcci\u00f3n de 3 capas proporciona durabilidad y soporte adicionales.\",\"breadcrumb\":{\"@id\":\"https:\/\/glamorouscorset.com\/es\/tienda\/corse-materiales\/corses-de-mezclilla\/dita-denim-2\/#breadcrumb\"},\"inLanguage\":\"es\",\"potentialAction\":[{\"@type\":\"ReadAction\",\"target\":[\"https:\/\/glamorouscorset.com\/es\/tienda\/corse-materiales\/corses-de-mezclilla\/dita-denim-2\/\"]}]},{\"@type\":\"ImageObject\",\"inLanguage\":\"es\",\"@id\":\"https:\/\/glamorouscorset.com\/es\/tienda\/corse-materiales\/corses-de-mezclilla\/dita-denim-2\/#primaryimage\",\"url\":\"https:\/\/glamorouscorset.com\/wp-content\/uploads\/2015\/06\/34-JEAN-2.jpg\",\"contentUrl\":\"https:\/\/glamorouscorset.com\/wp-content\/uploads\/2015\/06\/34-JEAN-2.jpg\",\"width\":1998,\"height\":2997},{\"@type\":\"BreadcrumbList\",\"@id\":\"https:\/\/glamorouscorset.com\/es\/tienda\/corse-materiales\/corses-de-mezclilla\/dita-denim-2\/#breadcrumb\",\"itemListElement\":[{\"@type\":\"ListItem\",\"position\":1,\"name\":\"Home\",\"item\":\"https:\/\/glamorouscorset.com\/es\/\"},{\"@type\":\"ListItem\",\"position\":2,\"name\":\"Tienda\",\"item\":\"https:\/\/glamorouscorset.com\/es\/tienda\/\"},{\"@type\":\"ListItem\",\"position\":3,\"name\":\"Dita Denim Azul Jean Cors\u00e9\"}]},{\"@type\":\"WebSite\",\"@id\":\"https:\/\/glamorouscorset.com\/#website\",\"url\":\"https:\/\/glamorouscorset.com\/\",\"name\":\"Glamorous Corset\",\"description\":\"Glamorous Corset offers an assortment of steel boned waist training corsets for all shapes and sizes!\",\"publisher\":{\"@id\":\"https:\/\/glamorouscorset.com\/#organization\"},\"potentialAction\":[{\"@type\":\"SearchAction\",\"target\":{\"@type\":\"EntryPoint\",\"urlTemplate\":\"https:\/\/glamorouscorset.com\/?s={search_term_string}\"},\"query-input\":{\"@type\":\"PropertyValueSpecification\",\"valueRequired\":true,\"valueName\":\"search_term_string\"}}],\"inLanguage\":\"es\"},{\"@type\":\"Organization\",\"@id\":\"https:\/\/glamorouscorset.com\/#organization\",\"name\":\"Glamorous Corset\",\"url\":\"https:\/\/glamorouscorset.com\/\",\"logo\":{\"@type\":\"ImageObject\",\"inLanguage\":\"es\",\"@id\":\"https:\/\/glamorouscorset.com\/#\/schema\/logo\/image\/\",\"url\":\"https:\/\/glamorouscorset.com\/wp-content\/uploads\/2015\/11\/logo@2x.jpg\",\"contentUrl\":\"https:\/\/glamorouscorset.com\/wp-content\/uploads\/2015\/11\/logo@2x.jpg\",\"width\":238,\"height\":60,\"caption\":\"Glamorous Corset\"},\"image\":{\"@id\":\"https:\/\/glamorouscorset.com\/#\/schema\/logo\/image\/\"},\"sameAs\":[\"https:\/\/www.facebook.com\/glamorouscorset\"]}]}<\/script>\n<!-- \/ Yoast SEO plugin. -->","yoast_head_json":{"title":"Dita Denim Cors\u00e9 deshuesado de acero azul Jean Underbust | Glamorous Corset","description":"Dita en Denim es un cors\u00e9 de hueso de acero bajo busto de mezclilla - una necesidad en el armario de todos. Su construcci\u00f3n de 3 capas proporciona durabilidad y soporte adicionales.","robots":{"index":"index","follow":"follow","max-snippet":"max-snippet:-1","max-image-preview":"max-image-preview:large","max-video-preview":"max-video-preview:-1"},"canonical":"https:\/\/glamorouscorset.com\/es\/tienda\/corse-materiales\/corses-de-mezclilla\/dita-denim-2\/","og_locale":"es_ES","og_type":"article","og_title":"Dita Denim azul Jean Underbust Steel Boned Cors\u00e9 Glamorous Corset","og_description":"Dita en Denim es un cors\u00e9 de hueso de acero bajo busto de mezclilla - una necesidad en el armario de todos. Su construcci\u00f3n de 3 capas proporciona durabilidad y soporte adicionales.","og_url":"https:\/\/glamorouscorset.com\/es\/tienda\/corse-materiales\/corses-de-mezclilla\/dita-denim-2\/","og_site_name":"Glamorous Corset","article_publisher":"https:\/\/www.facebook.com\/glamorouscorset","article_modified_time":"2026-01-22T17:53:36+00:00","og_image":[{"width":1998,"height":2997,"url":"https:\/\/glamorouscorset.com\/wp-content\/uploads\/2015\/06\/34-JEAN-2.jpg","type":"image\/jpeg"}],"twitter_card":"summary_large_image","twitter_title":"Dita Denim azul Jean Underbust Steel Boned Cors\u00e9 Glamorous Corset","twitter_description":"Dita en Denim es un cors\u00e9 de hueso de acero bajo busto de mezclilla - una necesidad en el armario de todos. Su construcci\u00f3n de 3 capas proporciona durabilidad y soporte adicionales.","twitter_misc":{"Tiempo de lectura":"1 minuto"},"schema":{"@context":"https:\/\/schema.org","@graph":[{"@type":"WebPage","@id":"https:\/\/glamorouscorset.com\/es\/tienda\/corse-materiales\/corses-de-mezclilla\/dita-denim-2\/","url":"https:\/\/glamorouscorset.com\/es\/tienda\/corse-materiales\/corses-de-mezclilla\/dita-denim-2\/","name":"Dita Denim Cors\u00e9 deshuesado de acero azul Jean Underbust | Glamorous Corset","isPartOf":{"@id":"https:\/\/glamorouscorset.com\/#website"},"primaryImageOfPage":{"@id":"https:\/\/glamorouscorset.com\/es\/tienda\/corse-materiales\/corses-de-mezclilla\/dita-denim-2\/#primaryimage"},"image":{"@id":"https:\/\/glamorouscorset.com\/es\/tienda\/corse-materiales\/corses-de-mezclilla\/dita-denim-2\/#primaryimage"},"thumbnailUrl":"https:\/\/glamorouscorset.com\/wp-content\/uploads\/2015\/06\/34-JEAN-2.jpg","datePublished":"2019-11-10T20:47:28+00:00","dateModified":"2026-01-22T17:53:36+00:00","description":"Dita en Denim es un cors\u00e9 de hueso de acero bajo busto de mezclilla - una necesidad en el armario de todos. Su construcci\u00f3n de 3 capas proporciona durabilidad y soporte adicionales.","breadcrumb":{"@id":"https:\/\/glamorouscorset.com\/es\/tienda\/corse-materiales\/corses-de-mezclilla\/dita-denim-2\/#breadcrumb"},"inLanguage":"es","potentialAction":[{"@type":"ReadAction","target":["https:\/\/glamorouscorset.com\/es\/tienda\/corse-materiales\/corses-de-mezclilla\/dita-denim-2\/"]}]},{"@type":"ImageObject","inLanguage":"es","@id":"https:\/\/glamorouscorset.com\/es\/tienda\/corse-materiales\/corses-de-mezclilla\/dita-denim-2\/#primaryimage","url":"https:\/\/glamorouscorset.com\/wp-content\/uploads\/2015\/06\/34-JEAN-2.jpg","contentUrl":"https:\/\/glamorouscorset.com\/wp-content\/uploads\/2015\/06\/34-JEAN-2.jpg","width":1998,"height":2997},{"@type":"BreadcrumbList","@id":"https:\/\/glamorouscorset.com\/es\/tienda\/corse-materiales\/corses-de-mezclilla\/dita-denim-2\/#breadcrumb","itemListElement":[{"@type":"ListItem","position":1,"name":"Home","item":"https:\/\/glamorouscorset.com\/es\/"},{"@type":"ListItem","position":2,"name":"Tienda","item":"https:\/\/glamorouscorset.com\/es\/tienda\/"},{"@type":"ListItem","position":3,"name":"Dita Denim Azul Jean Cors\u00e9"}]},{"@type":"WebSite","@id":"https:\/\/glamorouscorset.com\/#website","url":"https:\/\/glamorouscorset.com\/","name":"Glamorous Corset","description":"Glamorous Corset offers an assortment of steel boned waist training corsets for all shapes and sizes!","publisher":{"@id":"https:\/\/glamorouscorset.com\/#organization"},"potentialAction":[{"@type":"SearchAction","target":{"@type":"EntryPoint","urlTemplate":"https:\/\/glamorouscorset.com\/?s={search_term_string}"},"query-input":{"@type":"PropertyValueSpecification","valueRequired":true,"valueName":"search_term_string"}}],"inLanguage":"es"},{"@type":"Organization","@id":"https:\/\/glamorouscorset.com\/#organization","name":"Glamorous Corset","url":"https:\/\/glamorouscorset.com\/","logo":{"@type":"ImageObject","inLanguage":"es","@id":"https:\/\/glamorouscorset.com\/#\/schema\/logo\/image\/","url":"https:\/\/glamorouscorset.com\/wp-content\/uploads\/2015\/11\/logo@2x.jpg","contentUrl":"https:\/\/glamorouscorset.com\/wp-content\/uploads\/2015\/11\/logo@2x.jpg","width":238,"height":60,"caption":"Glamorous Corset"},"image":{"@id":"https:\/\/glamorouscorset.com\/#\/schema\/logo\/image\/"},"sameAs":["https:\/\/www.facebook.com\/glamorouscorset"]}]}},"_links":{"self":[{"href":"https:\/\/glamorouscorset.com\/es\/wp-json\/wp\/v2\/product\/8430","targetHints":{"allow":["GET"]}}],"collection":[{"href":"https:\/\/glamorouscorset.com\/es\/wp-json\/wp\/v2\/product"}],"about":[{"href":"https:\/\/glamorouscorset.com\/es\/wp-json\/wp\/v2\/types\/product"}],"replies":[{"embeddable":true,"href":"https:\/\/glamorouscorset.com\/es\/wp-json\/wp\/v2\/comments?post=8430"}],"wp:featuredmedia":[{"embeddable":true,"href":"https:\/\/glamorouscorset.com\/es\/wp-json\/wp\/v2\/media\/8826"}],"wp:attachment":[{"href":"https:\/\/glamorouscorset.com\/es\/wp-json\/wp\/v2\/media?parent=8430"}],"wp:term":[{"taxonomy":"product_brand","embeddable":true,"href":"https:\/\/glamorouscorset.com\/es\/wp-json\/wp\/v2\/product_brand?post=8430"},{"taxonomy":"product_cat","embeddable":true,"href":"https:\/\/glamorouscorset.com\/es\/wp-json\/wp\/v2\/product_cat?post=8430"},{"taxonomy":"product_tag","embeddable":true,"href":"https:\/\/glamorouscorset.com\/es\/wp-json\/wp\/v2\/product_tag?post=8430"}],"curies":[{"name":"wp","href":"https:\/\/api.w.org\/{rel}","templated":true}]}}