{"id":8388,"date":"2015-06-23T10:23:00","date_gmt":"2019-11-10T20:42:54","guid":{"rendered":"https:\/\/glamorouscorset.com\/shop-all\/sin%20categor\u00eda\/corse-de-algodon-blanco-de-elvira\/"},"modified":"2026-01-22T12:50:30","modified_gmt":"2026-01-22T17:50:30","slug":"elvira-algodon-blanco","status":"publish","type":"product","link":"https:\/\/glamorouscorset.com\/es\/tienda\/colecciones-de-corse\/corses-nupciales\/elvira-algodon-blanco\/","title":{"rendered":"Cors\u00e9 de algod\u00f3n blanco de Elvira"},"content":{"rendered":"<h2>Cors\u00e9 de algod\u00f3n blanco de Elvira<\/h2>\n<p>Nuestro cors\u00e9 de algod\u00f3n blanco ELvira GC-142 es un impresionante cors\u00e9 de l\u00ednea larga, una excelente opci\u00f3n para alguien que es alto, o tiene un cuerpo largo en forma de torso y pera. Se dibujar\u00e1 en la cintura y levantar el busto. Este hermoso cors\u00e9 de algod\u00f3n abrazar\u00e1 tu cuerpo y te dar\u00e1 esa forma de reloj de arena que todos amamos y deseamos. Tambi\u00e9n es ideal para apoyar la espalda y mejorar la postura.<\/p>\n<h3>Caracter\u00edsticas y detalles<\/h3>\n<p>\u2022 24 huesos de acero (4 huesos r\u00edgidos de acero, 20 huesos de acero espiral)<br \/>\n\u2022 Busk de acero<br \/>\n\u2022 Para torso alto\/largo<br \/>\n\u2022 Longitud delantera 18 pulgadas<br \/>\n\u2022 Longitud de la espalda 18 pulgadas<br \/>\n\u2022 Longitud lateral 15,5 pulgadas<br \/>\n\u2022 Tiene un resorte de busto de 6 pulgadas y un resorte de cadera de 10 pulgadas<br \/>\n\u2022 Algod\u00f3n<br \/>\n\u2022 Forrado con 100% algod\u00f3n + cinta de cintura<br \/>\n\u2022 Panel de modestia de 5 \u00abde ancho<br \/>\n\u2022 Cord\u00f3n tradicional bidireccional<br \/>\n\u2022 6 lazos de suspensi\u00f3n<\/p>\n","protected":false},"excerpt":{"rendered":"<p>Algod\u00f3n de l\u00ednea larga doble acero deshuesado overbust Cors\u00e9<\/p>\n","protected":false},"featured_media":8861,"comment_status":"open","ping_status":"closed","template":"","meta":[],"product_brand":[],"product_cat":[355,313,315,320,376,370,371,318,357,317,356,354],"product_tag":[],"class_list":{"0":"post-8388","1":"product","2":"type-product","3":"status-publish","4":"has-post-thumbnail","6":"product_cat-colecciones-de-corse","7":"product_cat-corse-categorias","8":"product_cat-corse-colors","9":"product_cat-corse-materiales","10":"product_cat-corses-a-la-venta","11":"product_cat-corses-blancos","12":"product_cat-corses-de-algodon","13":"product_cat-corses-de-entrenamiento-de-cintura","14":"product_cat-corses-de-linea-larga","15":"product_cat-corses-deshuesados-de-acero","16":"product_cat-corses-nupciales","17":"product_cat-sobre-el-busto-corses","18":"pa_color-blanco","19":"pa_corset-type-acero-deshuesado","20":"pa_corset-type-entrenamiento-de-cintura","21":"pa_corset-type-sobre-el-busto","22":"pa_material-algodon","23":"pa_size-18-es","24":"pa_size-20-es","25":"pa_size-22-es","26":"pa_size-24-es","27":"pa_size-26-es","28":"pa_size-28-es","29":"pa_size-30-es","30":"pa_size-32-es","31":"pa_size-34-es","32":"pa_size-36-es","33":"pa_size-38-es","34":"pa_size-40-es","35":"pa_torso-length-largo","37":"first","38":"outofstock","39":"taxable","40":"shipping-taxable","41":"product-type-variable"},"yoast_head":"<!-- This site is optimized with the Yoast SEO plugin v26.9 - https:\/\/yoast.com\/product\/yoast-seo-wordpress\/ -->\n<title>Elvira Cors\u00e9 deshuesado de acero con palangre y algod\u00f3n blanco | Glamorous Corset<\/title>\n<meta name=\"description\" content=\"Elvira es un impresionante cors\u00e9 de hueso de acero de acero de acero bajo busto de larga l\u00ednea de algod\u00f3n bajo el busto - una gran opci\u00f3n para alguien que es alto, o tiene un torso largo.\" \/>\n<meta name=\"robots\" content=\"index, follow, max-snippet:-1, max-image-preview:large, max-video-preview:-1\" \/>\n<link rel=\"canonical\" href=\"https:\/\/glamorouscorset.com\/es\/tienda\/colecciones-de-corse\/corses-nupciales\/elvira-algodon-blanco\/\" \/>\n<meta property=\"og:locale\" content=\"es_ES\" \/>\n<meta property=\"og:type\" content=\"article\" \/>\n<meta property=\"og:title\" content=\"Elvira algod\u00f3n blanco Longline Overbust Steel Boned Cors\u00e9 Glamorous Corset\" \/>\n<meta property=\"og:description\" content=\"Elvira es un impresionante cors\u00e9 de hueso de acero de acero de acero bajo busto de larga l\u00ednea de algod\u00f3n bajo el busto - una gran opci\u00f3n para alguien que es alto, o tiene un torso largo.\" \/>\n<meta property=\"og:url\" content=\"https:\/\/glamorouscorset.com\/es\/tienda\/colecciones-de-corse\/corses-nupciales\/elvira-algodon-blanco\/\" \/>\n<meta property=\"og:site_name\" content=\"Glamorous Corset\" \/>\n<meta property=\"article:publisher\" content=\"https:\/\/www.facebook.com\/glamorouscorset\" \/>\n<meta property=\"article:modified_time\" content=\"2026-01-22T17:50:30+00:00\" \/>\n<meta property=\"og:image\" content=\"https:\/\/glamorouscorset.com\/wp-content\/uploads\/2015\/06\/42WH-COTTON-3-3.jpg\" \/>\n\t<meta property=\"og:image:width\" content=\"2074\" \/>\n\t<meta property=\"og:image:height\" content=\"3111\" \/>\n\t<meta property=\"og:image:type\" content=\"image\/jpeg\" \/>\n<meta name=\"twitter:card\" content=\"summary_large_image\" \/>\n<meta name=\"twitter:title\" content=\"Elvira algod\u00f3n blanco Longline Overbust Steel Boned Cors\u00e9 Glamorous Corset\" \/>\n<meta name=\"twitter:description\" content=\"Elvira es un impresionante cors\u00e9 de hueso de acero de acero de acero bajo busto de larga l\u00ednea de algod\u00f3n bajo el busto - una gran opci\u00f3n para alguien que es alto, o tiene un torso largo.\" \/>\n<meta name=\"twitter:label1\" content=\"Tiempo de lectura\" \/>\n\t<meta name=\"twitter:data1\" content=\"1 minuto\" \/>\n<script type=\"application\/ld+json\" class=\"yoast-schema-graph\">{\"@context\":\"https:\/\/schema.org\",\"@graph\":[{\"@type\":\"WebPage\",\"@id\":\"https:\/\/glamorouscorset.com\/es\/tienda\/colecciones-de-corse\/corses-nupciales\/elvira-algodon-blanco\/\",\"url\":\"https:\/\/glamorouscorset.com\/es\/tienda\/colecciones-de-corse\/corses-nupciales\/elvira-algodon-blanco\/\",\"name\":\"Elvira Cors\u00e9 deshuesado de acero con palangre y algod\u00f3n blanco | Glamorous Corset\",\"isPartOf\":{\"@id\":\"https:\/\/glamorouscorset.com\/#website\"},\"primaryImageOfPage\":{\"@id\":\"https:\/\/glamorouscorset.com\/es\/tienda\/colecciones-de-corse\/corses-nupciales\/elvira-algodon-blanco\/#primaryimage\"},\"image\":{\"@id\":\"https:\/\/glamorouscorset.com\/es\/tienda\/colecciones-de-corse\/corses-nupciales\/elvira-algodon-blanco\/#primaryimage\"},\"thumbnailUrl\":\"https:\/\/glamorouscorset.com\/wp-content\/uploads\/2015\/06\/42WH-COTTON-3-3.jpg\",\"datePublished\":\"2019-11-10T20:42:54+00:00\",\"dateModified\":\"2026-01-22T17:50:30+00:00\",\"description\":\"Elvira es un impresionante cors\u00e9 de hueso de acero de acero de acero bajo busto de larga l\u00ednea de algod\u00f3n bajo el busto - una gran opci\u00f3n para alguien que es alto, o tiene un torso largo.\",\"breadcrumb\":{\"@id\":\"https:\/\/glamorouscorset.com\/es\/tienda\/colecciones-de-corse\/corses-nupciales\/elvira-algodon-blanco\/#breadcrumb\"},\"inLanguage\":\"es\",\"potentialAction\":[{\"@type\":\"ReadAction\",\"target\":[\"https:\/\/glamorouscorset.com\/es\/tienda\/colecciones-de-corse\/corses-nupciales\/elvira-algodon-blanco\/\"]}]},{\"@type\":\"ImageObject\",\"inLanguage\":\"es\",\"@id\":\"https:\/\/glamorouscorset.com\/es\/tienda\/colecciones-de-corse\/corses-nupciales\/elvira-algodon-blanco\/#primaryimage\",\"url\":\"https:\/\/glamorouscorset.com\/wp-content\/uploads\/2015\/06\/42WH-COTTON-3-3.jpg\",\"contentUrl\":\"https:\/\/glamorouscorset.com\/wp-content\/uploads\/2015\/06\/42WH-COTTON-3-3.jpg\",\"width\":2074,\"height\":3111},{\"@type\":\"BreadcrumbList\",\"@id\":\"https:\/\/glamorouscorset.com\/es\/tienda\/colecciones-de-corse\/corses-nupciales\/elvira-algodon-blanco\/#breadcrumb\",\"itemListElement\":[{\"@type\":\"ListItem\",\"position\":1,\"name\":\"Home\",\"item\":\"https:\/\/glamorouscorset.com\/es\/\"},{\"@type\":\"ListItem\",\"position\":2,\"name\":\"Tienda\",\"item\":\"https:\/\/glamorouscorset.com\/es\/tienda\/\"},{\"@type\":\"ListItem\",\"position\":3,\"name\":\"Cors\u00e9 de algod\u00f3n blanco de Elvira\"}]},{\"@type\":\"WebSite\",\"@id\":\"https:\/\/glamorouscorset.com\/#website\",\"url\":\"https:\/\/glamorouscorset.com\/\",\"name\":\"Glamorous Corset\",\"description\":\"Glamorous Corset offers an assortment of steel boned waist training corsets for all shapes and sizes!\",\"publisher\":{\"@id\":\"https:\/\/glamorouscorset.com\/#organization\"},\"potentialAction\":[{\"@type\":\"SearchAction\",\"target\":{\"@type\":\"EntryPoint\",\"urlTemplate\":\"https:\/\/glamorouscorset.com\/?s={search_term_string}\"},\"query-input\":{\"@type\":\"PropertyValueSpecification\",\"valueRequired\":true,\"valueName\":\"search_term_string\"}}],\"inLanguage\":\"es\"},{\"@type\":\"Organization\",\"@id\":\"https:\/\/glamorouscorset.com\/#organization\",\"name\":\"Glamorous Corset\",\"url\":\"https:\/\/glamorouscorset.com\/\",\"logo\":{\"@type\":\"ImageObject\",\"inLanguage\":\"es\",\"@id\":\"https:\/\/glamorouscorset.com\/#\/schema\/logo\/image\/\",\"url\":\"https:\/\/glamorouscorset.com\/wp-content\/uploads\/2015\/11\/logo@2x.jpg\",\"contentUrl\":\"https:\/\/glamorouscorset.com\/wp-content\/uploads\/2015\/11\/logo@2x.jpg\",\"width\":238,\"height\":60,\"caption\":\"Glamorous Corset\"},\"image\":{\"@id\":\"https:\/\/glamorouscorset.com\/#\/schema\/logo\/image\/\"},\"sameAs\":[\"https:\/\/www.facebook.com\/glamorouscorset\"]}]}<\/script>\n<!-- \/ Yoast SEO plugin. -->","yoast_head_json":{"title":"Elvira Cors\u00e9 deshuesado de acero con palangre y algod\u00f3n blanco | Glamorous Corset","description":"Elvira es un impresionante cors\u00e9 de hueso de acero de acero de acero bajo busto de larga l\u00ednea de algod\u00f3n bajo el busto - una gran opci\u00f3n para alguien que es alto, o tiene un torso largo.","robots":{"index":"index","follow":"follow","max-snippet":"max-snippet:-1","max-image-preview":"max-image-preview:large","max-video-preview":"max-video-preview:-1"},"canonical":"https:\/\/glamorouscorset.com\/es\/tienda\/colecciones-de-corse\/corses-nupciales\/elvira-algodon-blanco\/","og_locale":"es_ES","og_type":"article","og_title":"Elvira algod\u00f3n blanco Longline Overbust Steel Boned Cors\u00e9 Glamorous Corset","og_description":"Elvira es un impresionante cors\u00e9 de hueso de acero de acero de acero bajo busto de larga l\u00ednea de algod\u00f3n bajo el busto - una gran opci\u00f3n para alguien que es alto, o tiene un torso largo.","og_url":"https:\/\/glamorouscorset.com\/es\/tienda\/colecciones-de-corse\/corses-nupciales\/elvira-algodon-blanco\/","og_site_name":"Glamorous Corset","article_publisher":"https:\/\/www.facebook.com\/glamorouscorset","article_modified_time":"2026-01-22T17:50:30+00:00","og_image":[{"width":2074,"height":3111,"url":"https:\/\/glamorouscorset.com\/wp-content\/uploads\/2015\/06\/42WH-COTTON-3-3.jpg","type":"image\/jpeg"}],"twitter_card":"summary_large_image","twitter_title":"Elvira algod\u00f3n blanco Longline Overbust Steel Boned Cors\u00e9 Glamorous Corset","twitter_description":"Elvira es un impresionante cors\u00e9 de hueso de acero de acero de acero bajo busto de larga l\u00ednea de algod\u00f3n bajo el busto - una gran opci\u00f3n para alguien que es alto, o tiene un torso largo.","twitter_misc":{"Tiempo de lectura":"1 minuto"},"schema":{"@context":"https:\/\/schema.org","@graph":[{"@type":"WebPage","@id":"https:\/\/glamorouscorset.com\/es\/tienda\/colecciones-de-corse\/corses-nupciales\/elvira-algodon-blanco\/","url":"https:\/\/glamorouscorset.com\/es\/tienda\/colecciones-de-corse\/corses-nupciales\/elvira-algodon-blanco\/","name":"Elvira Cors\u00e9 deshuesado de acero con palangre y algod\u00f3n blanco | Glamorous Corset","isPartOf":{"@id":"https:\/\/glamorouscorset.com\/#website"},"primaryImageOfPage":{"@id":"https:\/\/glamorouscorset.com\/es\/tienda\/colecciones-de-corse\/corses-nupciales\/elvira-algodon-blanco\/#primaryimage"},"image":{"@id":"https:\/\/glamorouscorset.com\/es\/tienda\/colecciones-de-corse\/corses-nupciales\/elvira-algodon-blanco\/#primaryimage"},"thumbnailUrl":"https:\/\/glamorouscorset.com\/wp-content\/uploads\/2015\/06\/42WH-COTTON-3-3.jpg","datePublished":"2019-11-10T20:42:54+00:00","dateModified":"2026-01-22T17:50:30+00:00","description":"Elvira es un impresionante cors\u00e9 de hueso de acero de acero de acero bajo busto de larga l\u00ednea de algod\u00f3n bajo el busto - una gran opci\u00f3n para alguien que es alto, o tiene un torso largo.","breadcrumb":{"@id":"https:\/\/glamorouscorset.com\/es\/tienda\/colecciones-de-corse\/corses-nupciales\/elvira-algodon-blanco\/#breadcrumb"},"inLanguage":"es","potentialAction":[{"@type":"ReadAction","target":["https:\/\/glamorouscorset.com\/es\/tienda\/colecciones-de-corse\/corses-nupciales\/elvira-algodon-blanco\/"]}]},{"@type":"ImageObject","inLanguage":"es","@id":"https:\/\/glamorouscorset.com\/es\/tienda\/colecciones-de-corse\/corses-nupciales\/elvira-algodon-blanco\/#primaryimage","url":"https:\/\/glamorouscorset.com\/wp-content\/uploads\/2015\/06\/42WH-COTTON-3-3.jpg","contentUrl":"https:\/\/glamorouscorset.com\/wp-content\/uploads\/2015\/06\/42WH-COTTON-3-3.jpg","width":2074,"height":3111},{"@type":"BreadcrumbList","@id":"https:\/\/glamorouscorset.com\/es\/tienda\/colecciones-de-corse\/corses-nupciales\/elvira-algodon-blanco\/#breadcrumb","itemListElement":[{"@type":"ListItem","position":1,"name":"Home","item":"https:\/\/glamorouscorset.com\/es\/"},{"@type":"ListItem","position":2,"name":"Tienda","item":"https:\/\/glamorouscorset.com\/es\/tienda\/"},{"@type":"ListItem","position":3,"name":"Cors\u00e9 de algod\u00f3n blanco de Elvira"}]},{"@type":"WebSite","@id":"https:\/\/glamorouscorset.com\/#website","url":"https:\/\/glamorouscorset.com\/","name":"Glamorous Corset","description":"Glamorous Corset offers an assortment of steel boned waist training corsets for all shapes and sizes!","publisher":{"@id":"https:\/\/glamorouscorset.com\/#organization"},"potentialAction":[{"@type":"SearchAction","target":{"@type":"EntryPoint","urlTemplate":"https:\/\/glamorouscorset.com\/?s={search_term_string}"},"query-input":{"@type":"PropertyValueSpecification","valueRequired":true,"valueName":"search_term_string"}}],"inLanguage":"es"},{"@type":"Organization","@id":"https:\/\/glamorouscorset.com\/#organization","name":"Glamorous Corset","url":"https:\/\/glamorouscorset.com\/","logo":{"@type":"ImageObject","inLanguage":"es","@id":"https:\/\/glamorouscorset.com\/#\/schema\/logo\/image\/","url":"https:\/\/glamorouscorset.com\/wp-content\/uploads\/2015\/11\/logo@2x.jpg","contentUrl":"https:\/\/glamorouscorset.com\/wp-content\/uploads\/2015\/11\/logo@2x.jpg","width":238,"height":60,"caption":"Glamorous Corset"},"image":{"@id":"https:\/\/glamorouscorset.com\/#\/schema\/logo\/image\/"},"sameAs":["https:\/\/www.facebook.com\/glamorouscorset"]}]}},"_links":{"self":[{"href":"https:\/\/glamorouscorset.com\/es\/wp-json\/wp\/v2\/product\/8388","targetHints":{"allow":["GET"]}}],"collection":[{"href":"https:\/\/glamorouscorset.com\/es\/wp-json\/wp\/v2\/product"}],"about":[{"href":"https:\/\/glamorouscorset.com\/es\/wp-json\/wp\/v2\/types\/product"}],"replies":[{"embeddable":true,"href":"https:\/\/glamorouscorset.com\/es\/wp-json\/wp\/v2\/comments?post=8388"}],"wp:featuredmedia":[{"embeddable":true,"href":"https:\/\/glamorouscorset.com\/es\/wp-json\/wp\/v2\/media\/8861"}],"wp:attachment":[{"href":"https:\/\/glamorouscorset.com\/es\/wp-json\/wp\/v2\/media?parent=8388"}],"wp:term":[{"taxonomy":"product_brand","embeddable":true,"href":"https:\/\/glamorouscorset.com\/es\/wp-json\/wp\/v2\/product_brand?post=8388"},{"taxonomy":"product_cat","embeddable":true,"href":"https:\/\/glamorouscorset.com\/es\/wp-json\/wp\/v2\/product_cat?post=8388"},{"taxonomy":"product_tag","embeddable":true,"href":"https:\/\/glamorouscorset.com\/es\/wp-json\/wp\/v2\/product_tag?post=8388"}],"curies":[{"name":"wp","href":"https:\/\/api.w.org\/{rel}","templated":true}]}}