{"id":8274,"date":"2015-06-23T11:15:00","date_gmt":"2015-06-23T15:15:00","guid":{"rendered":"https:\/\/glamorouscorset.com\/shop-all\/sin%20categor\u00eda\/elvira-corse-de-saten-blanco\/"},"modified":"2026-01-22T12:53:36","modified_gmt":"2026-01-22T17:53:36","slug":"elvira-satin-blanco","status":"publish","type":"product","link":"https:\/\/glamorouscorset.com\/es\/tienda\/colecciones-de-corse\/corses-nupciales\/elvira-satin-blanco\/","title":{"rendered":"Elvira Cors\u00e9 de Sat\u00e9n Blanco"},"content":{"rendered":"<h2>Elvira Cors\u00e9 de Sat\u00e9n Blanco<\/h2>\n<p>Nuestro GC-142 es un impresionante cors\u00e9 de sat\u00e9n blanco de larga l\u00ednea. Elvira es una excelente opci\u00f3n para alguien que es alto, o tiene un torso largo y un cuerpo en forma de pera. Se dibujar\u00e1 en la cintura y levantar el busto. Este hermoso cors\u00e9 de sat\u00e9n blanco abrazar\u00e1 tu cuerpo y te dar\u00e1 esa forma de reloj de arena que todos amamos y deseamos. Tambi\u00e9n es ideal para apoyar la espalda y mejorar la postura.<\/p>\n<h3>Caracter\u00edsticas &amp; detalles<\/h3>\n<p>\u2022 24 huesos de acero (4 huesos r\u00edgidos de acero, 20 huesos de acero espiral)<br \/>\n\u2022 Busk de acero<br \/>\n\u2022 Para torso alto\/largo<br \/>\n\u2022 Longitud delantera 18 pulgadas<br \/>\n\u2022 Longitud de la espalda 18 pulgadas<br \/>\n\u2022 Longitud lateral 15,5 pulgadas<br \/>\n\u2022 Tiene un resorte de busto de 6 pulgadas y un resorte de cadera de 10 pulgadas<br \/>\n\u2022 Sat\u00edn<br \/>\n\u2022 Forrado con 100% algod\u00f3n + cinta de cintura<br \/>\n\u2022 Panel de modestia de 5 \u00abde ancho<br \/>\n\u2022 Cord\u00f3n tradicional bidireccional<br \/>\n\u2022 6 lazos de suspensi\u00f3n<\/p>\n","protected":false},"excerpt":{"rendered":"<p>Long Line doble acero deshuesado blanco satinado overbust Cors\u00e9<\/p>\n","protected":false},"featured_media":8858,"comment_status":"open","ping_status":"closed","template":"","meta":[],"product_brand":[],"product_cat":[355,313,315,320,370,318,357,321,317,356,354],"product_tag":[],"class_list":{"0":"post-8274","1":"product","2":"type-product","3":"status-publish","4":"has-post-thumbnail","6":"product_cat-colecciones-de-corse","7":"product_cat-corse-categorias","8":"product_cat-corse-colors","9":"product_cat-corse-materiales","10":"product_cat-corses-blancos","11":"product_cat-corses-de-entrenamiento-de-cintura","12":"product_cat-corses-de-linea-larga","13":"product_cat-corses-de-saten","14":"product_cat-corses-deshuesados-de-acero","15":"product_cat-corses-nupciales","16":"product_cat-sobre-el-busto-corses","17":"pa_color-blanco","18":"pa_corset-type-acero-deshuesado","19":"pa_corset-type-entrenamiento-de-cintura","20":"pa_corset-type-sobre-el-busto","21":"pa_material-satin-es","22":"pa_size-18-es","23":"pa_size-20-es","24":"pa_size-22-es","25":"pa_size-24-es","26":"pa_size-26-es","27":"pa_size-28-es","28":"pa_size-30-es","29":"pa_size-32-es","30":"pa_size-34-es","31":"pa_size-36-es","32":"pa_size-38-es","33":"pa_size-40-es","34":"pa_torso-length-largo","36":"first","37":"instock","38":"taxable","39":"shipping-taxable","40":"purchasable","41":"product-type-variable"},"yoast_head":"<!-- This site is optimized with the Yoast SEO plugin v26.9 - https:\/\/yoast.com\/product\/yoast-seo-wordpress\/ -->\n<title>Elvira Cors\u00e9 deshuesado de acero satinado blanco | Glamorous Corset<\/title>\n<meta name=\"description\" content=\"Nuestro GC-142 es un impresionante cors\u00e9 de sat\u00e9n blanco de larga l\u00ednea. Un gran cors\u00e9 de acero para alguien que es alto, o tiene un largo torso.\" \/>\n<meta name=\"robots\" content=\"index, follow, max-snippet:-1, max-image-preview:large, max-video-preview:-1\" \/>\n<link rel=\"canonical\" href=\"https:\/\/glamorouscorset.com\/es\/tienda\/colecciones-de-corse\/corses-nupciales\/elvira-satin-blanco\/\" \/>\n<meta property=\"og:locale\" content=\"es_ES\" \/>\n<meta property=\"og:type\" content=\"article\" \/>\n<meta property=\"og:title\" content=\"Elvira White Satin Overbust Steel Boned Cors\u00e9 Glamorous Corset\" \/>\n<meta property=\"og:description\" content=\"Nuestro GC-142 es un impresionante cors\u00e9 de sat\u00e9n blanco de larga l\u00ednea. Un gran cors\u00e9 de acero para alguien que es alto, o tiene un largo torso.\" \/>\n<meta property=\"og:url\" content=\"https:\/\/glamorouscorset.com\/es\/tienda\/colecciones-de-corse\/corses-nupciales\/elvira-satin-blanco\/\" \/>\n<meta property=\"og:site_name\" content=\"Glamorous Corset\" \/>\n<meta property=\"article:publisher\" content=\"https:\/\/www.facebook.com\/glamorouscorset\" \/>\n<meta property=\"article:modified_time\" content=\"2026-01-22T17:53:36+00:00\" \/>\n<meta property=\"og:image\" content=\"https:\/\/glamorouscorset.com\/wp-content\/uploads\/2015\/06\/42wh-long-2-21.jpg\" \/>\n\t<meta property=\"og:image:width\" content=\"2102\" \/>\n\t<meta property=\"og:image:height\" content=\"3154\" \/>\n\t<meta property=\"og:image:type\" content=\"image\/jpeg\" \/>\n<meta name=\"twitter:card\" content=\"summary_large_image\" \/>\n<meta name=\"twitter:title\" content=\"Elvira White Satin Overbust Steel Boned Cors\u00e9 Glamorous Corset\" \/>\n<meta name=\"twitter:description\" content=\"Nuestro GC-142 es un impresionante cors\u00e9 de sat\u00e9n blanco de larga l\u00ednea. Un gran cors\u00e9 de acero para alguien que es alto, o tiene un largo torso.\" \/>\n<meta name=\"twitter:label1\" content=\"Tiempo de lectura\" \/>\n\t<meta name=\"twitter:data1\" content=\"1 minuto\" \/>\n<script type=\"application\/ld+json\" class=\"yoast-schema-graph\">{\"@context\":\"https:\/\/schema.org\",\"@graph\":[{\"@type\":\"WebPage\",\"@id\":\"https:\/\/glamorouscorset.com\/es\/tienda\/colecciones-de-corse\/corses-nupciales\/elvira-satin-blanco\/\",\"url\":\"https:\/\/glamorouscorset.com\/es\/tienda\/colecciones-de-corse\/corses-nupciales\/elvira-satin-blanco\/\",\"name\":\"Elvira Cors\u00e9 deshuesado de acero satinado blanco | Glamorous Corset\",\"isPartOf\":{\"@id\":\"https:\/\/glamorouscorset.com\/#website\"},\"primaryImageOfPage\":{\"@id\":\"https:\/\/glamorouscorset.com\/es\/tienda\/colecciones-de-corse\/corses-nupciales\/elvira-satin-blanco\/#primaryimage\"},\"image\":{\"@id\":\"https:\/\/glamorouscorset.com\/es\/tienda\/colecciones-de-corse\/corses-nupciales\/elvira-satin-blanco\/#primaryimage\"},\"thumbnailUrl\":\"https:\/\/glamorouscorset.com\/wp-content\/uploads\/2015\/06\/42wh-long-2-21.jpg\",\"datePublished\":\"2015-06-23T15:15:00+00:00\",\"dateModified\":\"2026-01-22T17:53:36+00:00\",\"description\":\"Nuestro GC-142 es un impresionante cors\u00e9 de sat\u00e9n blanco de larga l\u00ednea. Un gran cors\u00e9 de acero para alguien que es alto, o tiene un largo torso.\",\"breadcrumb\":{\"@id\":\"https:\/\/glamorouscorset.com\/es\/tienda\/colecciones-de-corse\/corses-nupciales\/elvira-satin-blanco\/#breadcrumb\"},\"inLanguage\":\"es\",\"potentialAction\":[{\"@type\":\"ReadAction\",\"target\":[\"https:\/\/glamorouscorset.com\/es\/tienda\/colecciones-de-corse\/corses-nupciales\/elvira-satin-blanco\/\"]}]},{\"@type\":\"ImageObject\",\"inLanguage\":\"es\",\"@id\":\"https:\/\/glamorouscorset.com\/es\/tienda\/colecciones-de-corse\/corses-nupciales\/elvira-satin-blanco\/#primaryimage\",\"url\":\"https:\/\/glamorouscorset.com\/wp-content\/uploads\/2015\/06\/42wh-long-2-21.jpg\",\"contentUrl\":\"https:\/\/glamorouscorset.com\/wp-content\/uploads\/2015\/06\/42wh-long-2-21.jpg\",\"width\":2102,\"height\":3154},{\"@type\":\"BreadcrumbList\",\"@id\":\"https:\/\/glamorouscorset.com\/es\/tienda\/colecciones-de-corse\/corses-nupciales\/elvira-satin-blanco\/#breadcrumb\",\"itemListElement\":[{\"@type\":\"ListItem\",\"position\":1,\"name\":\"Home\",\"item\":\"https:\/\/glamorouscorset.com\/es\/\"},{\"@type\":\"ListItem\",\"position\":2,\"name\":\"Tienda\",\"item\":\"https:\/\/glamorouscorset.com\/es\/tienda\/\"},{\"@type\":\"ListItem\",\"position\":3,\"name\":\"Elvira Cors\u00e9 de Sat\u00e9n Blanco\"}]},{\"@type\":\"WebSite\",\"@id\":\"https:\/\/glamorouscorset.com\/#website\",\"url\":\"https:\/\/glamorouscorset.com\/\",\"name\":\"Glamorous Corset\",\"description\":\"Glamorous Corset offers an assortment of steel boned waist training corsets for all shapes and sizes!\",\"publisher\":{\"@id\":\"https:\/\/glamorouscorset.com\/#organization\"},\"potentialAction\":[{\"@type\":\"SearchAction\",\"target\":{\"@type\":\"EntryPoint\",\"urlTemplate\":\"https:\/\/glamorouscorset.com\/?s={search_term_string}\"},\"query-input\":{\"@type\":\"PropertyValueSpecification\",\"valueRequired\":true,\"valueName\":\"search_term_string\"}}],\"inLanguage\":\"es\"},{\"@type\":\"Organization\",\"@id\":\"https:\/\/glamorouscorset.com\/#organization\",\"name\":\"Glamorous Corset\",\"url\":\"https:\/\/glamorouscorset.com\/\",\"logo\":{\"@type\":\"ImageObject\",\"inLanguage\":\"es\",\"@id\":\"https:\/\/glamorouscorset.com\/#\/schema\/logo\/image\/\",\"url\":\"https:\/\/glamorouscorset.com\/wp-content\/uploads\/2015\/11\/logo@2x.jpg\",\"contentUrl\":\"https:\/\/glamorouscorset.com\/wp-content\/uploads\/2015\/11\/logo@2x.jpg\",\"width\":238,\"height\":60,\"caption\":\"Glamorous Corset\"},\"image\":{\"@id\":\"https:\/\/glamorouscorset.com\/#\/schema\/logo\/image\/\"},\"sameAs\":[\"https:\/\/www.facebook.com\/glamorouscorset\"]}]}<\/script>\n<!-- \/ Yoast SEO plugin. -->","yoast_head_json":{"title":"Elvira Cors\u00e9 deshuesado de acero satinado blanco | Glamorous Corset","description":"Nuestro GC-142 es un impresionante cors\u00e9 de sat\u00e9n blanco de larga l\u00ednea. Un gran cors\u00e9 de acero para alguien que es alto, o tiene un largo torso.","robots":{"index":"index","follow":"follow","max-snippet":"max-snippet:-1","max-image-preview":"max-image-preview:large","max-video-preview":"max-video-preview:-1"},"canonical":"https:\/\/glamorouscorset.com\/es\/tienda\/colecciones-de-corse\/corses-nupciales\/elvira-satin-blanco\/","og_locale":"es_ES","og_type":"article","og_title":"Elvira White Satin Overbust Steel Boned Cors\u00e9 Glamorous Corset","og_description":"Nuestro GC-142 es un impresionante cors\u00e9 de sat\u00e9n blanco de larga l\u00ednea. Un gran cors\u00e9 de acero para alguien que es alto, o tiene un largo torso.","og_url":"https:\/\/glamorouscorset.com\/es\/tienda\/colecciones-de-corse\/corses-nupciales\/elvira-satin-blanco\/","og_site_name":"Glamorous Corset","article_publisher":"https:\/\/www.facebook.com\/glamorouscorset","article_modified_time":"2026-01-22T17:53:36+00:00","og_image":[{"width":2102,"height":3154,"url":"https:\/\/glamorouscorset.com\/wp-content\/uploads\/2015\/06\/42wh-long-2-21.jpg","type":"image\/jpeg"}],"twitter_card":"summary_large_image","twitter_title":"Elvira White Satin Overbust Steel Boned Cors\u00e9 Glamorous Corset","twitter_description":"Nuestro GC-142 es un impresionante cors\u00e9 de sat\u00e9n blanco de larga l\u00ednea. Un gran cors\u00e9 de acero para alguien que es alto, o tiene un largo torso.","twitter_misc":{"Tiempo de lectura":"1 minuto"},"schema":{"@context":"https:\/\/schema.org","@graph":[{"@type":"WebPage","@id":"https:\/\/glamorouscorset.com\/es\/tienda\/colecciones-de-corse\/corses-nupciales\/elvira-satin-blanco\/","url":"https:\/\/glamorouscorset.com\/es\/tienda\/colecciones-de-corse\/corses-nupciales\/elvira-satin-blanco\/","name":"Elvira Cors\u00e9 deshuesado de acero satinado blanco | Glamorous Corset","isPartOf":{"@id":"https:\/\/glamorouscorset.com\/#website"},"primaryImageOfPage":{"@id":"https:\/\/glamorouscorset.com\/es\/tienda\/colecciones-de-corse\/corses-nupciales\/elvira-satin-blanco\/#primaryimage"},"image":{"@id":"https:\/\/glamorouscorset.com\/es\/tienda\/colecciones-de-corse\/corses-nupciales\/elvira-satin-blanco\/#primaryimage"},"thumbnailUrl":"https:\/\/glamorouscorset.com\/wp-content\/uploads\/2015\/06\/42wh-long-2-21.jpg","datePublished":"2015-06-23T15:15:00+00:00","dateModified":"2026-01-22T17:53:36+00:00","description":"Nuestro GC-142 es un impresionante cors\u00e9 de sat\u00e9n blanco de larga l\u00ednea. Un gran cors\u00e9 de acero para alguien que es alto, o tiene un largo torso.","breadcrumb":{"@id":"https:\/\/glamorouscorset.com\/es\/tienda\/colecciones-de-corse\/corses-nupciales\/elvira-satin-blanco\/#breadcrumb"},"inLanguage":"es","potentialAction":[{"@type":"ReadAction","target":["https:\/\/glamorouscorset.com\/es\/tienda\/colecciones-de-corse\/corses-nupciales\/elvira-satin-blanco\/"]}]},{"@type":"ImageObject","inLanguage":"es","@id":"https:\/\/glamorouscorset.com\/es\/tienda\/colecciones-de-corse\/corses-nupciales\/elvira-satin-blanco\/#primaryimage","url":"https:\/\/glamorouscorset.com\/wp-content\/uploads\/2015\/06\/42wh-long-2-21.jpg","contentUrl":"https:\/\/glamorouscorset.com\/wp-content\/uploads\/2015\/06\/42wh-long-2-21.jpg","width":2102,"height":3154},{"@type":"BreadcrumbList","@id":"https:\/\/glamorouscorset.com\/es\/tienda\/colecciones-de-corse\/corses-nupciales\/elvira-satin-blanco\/#breadcrumb","itemListElement":[{"@type":"ListItem","position":1,"name":"Home","item":"https:\/\/glamorouscorset.com\/es\/"},{"@type":"ListItem","position":2,"name":"Tienda","item":"https:\/\/glamorouscorset.com\/es\/tienda\/"},{"@type":"ListItem","position":3,"name":"Elvira Cors\u00e9 de Sat\u00e9n Blanco"}]},{"@type":"WebSite","@id":"https:\/\/glamorouscorset.com\/#website","url":"https:\/\/glamorouscorset.com\/","name":"Glamorous Corset","description":"Glamorous Corset offers an assortment of steel boned waist training corsets for all shapes and sizes!","publisher":{"@id":"https:\/\/glamorouscorset.com\/#organization"},"potentialAction":[{"@type":"SearchAction","target":{"@type":"EntryPoint","urlTemplate":"https:\/\/glamorouscorset.com\/?s={search_term_string}"},"query-input":{"@type":"PropertyValueSpecification","valueRequired":true,"valueName":"search_term_string"}}],"inLanguage":"es"},{"@type":"Organization","@id":"https:\/\/glamorouscorset.com\/#organization","name":"Glamorous Corset","url":"https:\/\/glamorouscorset.com\/","logo":{"@type":"ImageObject","inLanguage":"es","@id":"https:\/\/glamorouscorset.com\/#\/schema\/logo\/image\/","url":"https:\/\/glamorouscorset.com\/wp-content\/uploads\/2015\/11\/logo@2x.jpg","contentUrl":"https:\/\/glamorouscorset.com\/wp-content\/uploads\/2015\/11\/logo@2x.jpg","width":238,"height":60,"caption":"Glamorous Corset"},"image":{"@id":"https:\/\/glamorouscorset.com\/#\/schema\/logo\/image\/"},"sameAs":["https:\/\/www.facebook.com\/glamorouscorset"]}]}},"_links":{"self":[{"href":"https:\/\/glamorouscorset.com\/es\/wp-json\/wp\/v2\/product\/8274","targetHints":{"allow":["GET"]}}],"collection":[{"href":"https:\/\/glamorouscorset.com\/es\/wp-json\/wp\/v2\/product"}],"about":[{"href":"https:\/\/glamorouscorset.com\/es\/wp-json\/wp\/v2\/types\/product"}],"replies":[{"embeddable":true,"href":"https:\/\/glamorouscorset.com\/es\/wp-json\/wp\/v2\/comments?post=8274"}],"wp:featuredmedia":[{"embeddable":true,"href":"https:\/\/glamorouscorset.com\/es\/wp-json\/wp\/v2\/media\/8858"}],"wp:attachment":[{"href":"https:\/\/glamorouscorset.com\/es\/wp-json\/wp\/v2\/media?parent=8274"}],"wp:term":[{"taxonomy":"product_brand","embeddable":true,"href":"https:\/\/glamorouscorset.com\/es\/wp-json\/wp\/v2\/product_brand?post=8274"},{"taxonomy":"product_cat","embeddable":true,"href":"https:\/\/glamorouscorset.com\/es\/wp-json\/wp\/v2\/product_cat?post=8274"},{"taxonomy":"product_tag","embeddable":true,"href":"https:\/\/glamorouscorset.com\/es\/wp-json\/wp\/v2\/product_tag?post=8274"}],"curies":[{"name":"wp","href":"https:\/\/api.w.org\/{rel}","templated":true}]}}