{"id":8230,"date":"2016-09-21T20:23:31","date_gmt":"2019-11-10T20:24:35","guid":{"rendered":"https:\/\/glamorouscorset.com\/shop-all\/sin%20categor\u00eda\/jenna-corse-verde-satinado\/"},"modified":"2023-01-17T14:45:08","modified_gmt":"2023-01-17T19:45:08","slug":"jenna-green-satin-corset-2","status":"publish","type":"product","link":"https:\/\/glamorouscorset.com\/es\/tienda\/corse-materiales\/corses-de-saten\/jenna-green-satin-corset-2\/","title":{"rendered":"Jenna Cors\u00e9 Verde Satinado"},"content":{"rendered":"<h2>Jenna Cors\u00e9 Verde Satinado<\/h2>\n<p>Nuestro magn\u00edfico cors\u00e9 de hueso de acero satinado GC-152 es un armario esencial. Jenna&#8217;s el aspecto cl\u00e1sico y elegante es atemporal.<br \/>\nCon su construcci\u00f3n de tres capas y una combinaci\u00f3n de 20 huesos planos y espirales, tiene la capacidad de cincharse al m\u00e1ximo para lograr el aspecto de reloj de arena deseado.<\/p>\n<h3>Caracter\u00edsticas &amp; detalles<\/h3>\n<p>\u2022 20 huesos de acero (4 huesos de acero r\u00edgidos, 16 huesos de acero en espiral)<br \/>\n\u2022 Busk de acero<br \/>\n\u2022 Para la longitud media del torso<br \/>\n\u2022 Longitud delantera 15 pulgadas<br \/>\n\u2022 Largo de espalda 12.5 pulgadas<br \/>\n\u2022 Longitud lateral 14 pulgadas<br \/>\n\u2022 Tiene un resorte de busto de 7 pulgadas y un resorte de cadera de 9 pulgadas<br \/>\n\u2022 Sat\u00edn<br \/>\n\u2022 Forrado con 100% algod\u00f3n + cinta de cintura<br \/>\n\u2022 Busto cari\u00f1o<br \/>\n\u2022 Panel de modestia de 5 \u00abde ancho<br \/>\n\u2022 Cord\u00f3n tradicional bidireccional<br \/>\n\u2022 6 lazos de suspensi\u00f3n<\/p>\n","protected":false},"excerpt":{"rendered":"<p>Cors\u00e9 de acero satinado verde deshuesado<\/p>\n","protected":false},"featured_media":8993,"comment_status":"open","ping_status":"closed","template":"","meta":[],"product_brand":[],"product_cat":[355,313,315,320,318,321,317,367,354],"product_tag":[337],"class_list":{"0":"post-8230","1":"product","2":"type-product","3":"status-publish","4":"has-post-thumbnail","6":"product_cat-colecciones-de-corse","7":"product_cat-corse-categorias","8":"product_cat-corse-colors","9":"product_cat-corse-materiales","10":"product_cat-corses-de-entrenamiento-de-cintura","11":"product_cat-corses-de-saten","12":"product_cat-corses-deshuesados-de-acero","13":"product_cat-corses-verdes","14":"product_cat-sobre-el-busto-corses","15":"product_tag-acero-deshuesado","16":"pa_color-blanco","17":"pa_corset-type-acero-deshuesado","18":"pa_corset-type-entrenamiento-de-cintura","19":"pa_corset-type-sobre-el-busto","20":"pa_material-satin-es","21":"pa_size-18-es","22":"pa_size-20-es","23":"pa_size-22-es","24":"pa_size-24-es","25":"pa_size-26-es","26":"pa_size-28-es","27":"pa_size-30-es","28":"pa_size-32-es","29":"pa_size-34-es","30":"pa_size-36-es","31":"pa_size-38-es","32":"pa_size-40-es","33":"pa_torso-length-corto","34":"pa_torso-length-promedio","36":"first","37":"instock","38":"taxable","39":"shipping-taxable","40":"purchasable","41":"product-type-variable"},"yoast_head":"<!-- This site is optimized with the Yoast SEO plugin v26.9 - https:\/\/yoast.com\/product\/yoast-seo-wordpress\/ -->\n<title>Jenna Cors\u00e9 deshuesado de acero satinado verde | Glamorous Corset<\/title>\n<meta name=\"description\" content=\"Nuestro magn\u00edfico cors\u00e9 de hueso de acero satinado GC-152 es un armario esencial. El aspecto elegante de Jenna es atemporal y contiene 20 huesos de acero.\" \/>\n<meta name=\"robots\" content=\"index, follow, max-snippet:-1, max-image-preview:large, max-video-preview:-1\" \/>\n<link rel=\"canonical\" href=\"https:\/\/glamorouscorset.com\/es\/tienda\/corse-materiales\/corses-de-saten\/jenna-green-satin-corset-2\/\" \/>\n<meta property=\"og:locale\" content=\"es_ES\" \/>\n<meta property=\"og:type\" content=\"article\" \/>\n<meta property=\"og:title\" content=\"Jenna Green Satin Overbust Steel Boned Cors\u00e9 ? Glamorous Corset\" \/>\n<meta property=\"og:description\" content=\"Nuestro magn\u00edfico cors\u00e9 de hueso de acero satinado GC-152 es un armario esencial. El aspecto elegante de Jenna es atemporal y contiene 20 huesos de acero.\" \/>\n<meta property=\"og:url\" content=\"https:\/\/glamorouscorset.com\/es\/tienda\/corse-materiales\/corses-de-saten\/jenna-green-satin-corset-2\/\" \/>\n<meta property=\"og:site_name\" content=\"Glamorous Corset\" \/>\n<meta property=\"article:publisher\" content=\"https:\/\/www.facebook.com\/glamorouscorset\" \/>\n<meta property=\"article:modified_time\" content=\"2023-01-17T19:45:08+00:00\" \/>\n<meta property=\"og:image\" content=\"https:\/\/glamorouscorset.com\/wp-content\/uploads\/2016\/09\/Jenna-Green-Satin-Corset.jpg\" \/>\n\t<meta property=\"og:image:width\" content=\"1020\" \/>\n\t<meta property=\"og:image:height\" content=\"1200\" \/>\n\t<meta property=\"og:image:type\" content=\"image\/jpeg\" \/>\n<meta name=\"twitter:card\" content=\"summary_large_image\" \/>\n<meta name=\"twitter:title\" content=\"Jenna Green Satin Overbust Steel Boned Cors\u00e9 ? Glamorous Corset\" \/>\n<meta name=\"twitter:description\" content=\"Nuestro magn\u00edfico cors\u00e9 de hueso de acero satinado GC-152 es un armario esencial. El aspecto elegante de Jenna es atemporal y contiene 20 huesos de acero.\" \/>\n<meta name=\"twitter:label1\" content=\"Tiempo de lectura\" \/>\n\t<meta name=\"twitter:data1\" content=\"1 minuto\" \/>\n<script type=\"application\/ld+json\" class=\"yoast-schema-graph\">{\"@context\":\"https:\/\/schema.org\",\"@graph\":[{\"@type\":\"WebPage\",\"@id\":\"https:\/\/glamorouscorset.com\/es\/tienda\/corse-materiales\/corses-de-saten\/jenna-green-satin-corset-2\/\",\"url\":\"https:\/\/glamorouscorset.com\/es\/tienda\/corse-materiales\/corses-de-saten\/jenna-green-satin-corset-2\/\",\"name\":\"Jenna Cors\u00e9 deshuesado de acero satinado verde | Glamorous Corset\",\"isPartOf\":{\"@id\":\"https:\/\/glamorouscorset.com\/#website\"},\"primaryImageOfPage\":{\"@id\":\"https:\/\/glamorouscorset.com\/es\/tienda\/corse-materiales\/corses-de-saten\/jenna-green-satin-corset-2\/#primaryimage\"},\"image\":{\"@id\":\"https:\/\/glamorouscorset.com\/es\/tienda\/corse-materiales\/corses-de-saten\/jenna-green-satin-corset-2\/#primaryimage\"},\"thumbnailUrl\":\"https:\/\/glamorouscorset.com\/wp-content\/uploads\/2016\/09\/Jenna-Green-Satin-Corset.jpg\",\"datePublished\":\"2019-11-10T20:24:35+00:00\",\"dateModified\":\"2023-01-17T19:45:08+00:00\",\"description\":\"Nuestro magn\u00edfico cors\u00e9 de hueso de acero satinado GC-152 es un armario esencial. El aspecto elegante de Jenna es atemporal y contiene 20 huesos de acero.\",\"breadcrumb\":{\"@id\":\"https:\/\/glamorouscorset.com\/es\/tienda\/corse-materiales\/corses-de-saten\/jenna-green-satin-corset-2\/#breadcrumb\"},\"inLanguage\":\"es\",\"potentialAction\":[{\"@type\":\"ReadAction\",\"target\":[\"https:\/\/glamorouscorset.com\/es\/tienda\/corse-materiales\/corses-de-saten\/jenna-green-satin-corset-2\/\"]}]},{\"@type\":\"ImageObject\",\"inLanguage\":\"es\",\"@id\":\"https:\/\/glamorouscorset.com\/es\/tienda\/corse-materiales\/corses-de-saten\/jenna-green-satin-corset-2\/#primaryimage\",\"url\":\"https:\/\/glamorouscorset.com\/wp-content\/uploads\/2016\/09\/Jenna-Green-Satin-Corset.jpg\",\"contentUrl\":\"https:\/\/glamorouscorset.com\/wp-content\/uploads\/2016\/09\/Jenna-Green-Satin-Corset.jpg\",\"width\":1020,\"height\":1200},{\"@type\":\"BreadcrumbList\",\"@id\":\"https:\/\/glamorouscorset.com\/es\/tienda\/corse-materiales\/corses-de-saten\/jenna-green-satin-corset-2\/#breadcrumb\",\"itemListElement\":[{\"@type\":\"ListItem\",\"position\":1,\"name\":\"Home\",\"item\":\"https:\/\/glamorouscorset.com\/es\/\"},{\"@type\":\"ListItem\",\"position\":2,\"name\":\"Tienda\",\"item\":\"https:\/\/glamorouscorset.com\/es\/tienda\/\"},{\"@type\":\"ListItem\",\"position\":3,\"name\":\"Jenna Cors\u00e9 Verde Satinado\"}]},{\"@type\":\"WebSite\",\"@id\":\"https:\/\/glamorouscorset.com\/#website\",\"url\":\"https:\/\/glamorouscorset.com\/\",\"name\":\"Glamorous Corset\",\"description\":\"Glamorous Corset offers an assortment of steel boned waist training corsets for all shapes and sizes!\",\"publisher\":{\"@id\":\"https:\/\/glamorouscorset.com\/#organization\"},\"potentialAction\":[{\"@type\":\"SearchAction\",\"target\":{\"@type\":\"EntryPoint\",\"urlTemplate\":\"https:\/\/glamorouscorset.com\/?s={search_term_string}\"},\"query-input\":{\"@type\":\"PropertyValueSpecification\",\"valueRequired\":true,\"valueName\":\"search_term_string\"}}],\"inLanguage\":\"es\"},{\"@type\":\"Organization\",\"@id\":\"https:\/\/glamorouscorset.com\/#organization\",\"name\":\"Glamorous Corset\",\"url\":\"https:\/\/glamorouscorset.com\/\",\"logo\":{\"@type\":\"ImageObject\",\"inLanguage\":\"es\",\"@id\":\"https:\/\/glamorouscorset.com\/#\/schema\/logo\/image\/\",\"url\":\"https:\/\/glamorouscorset.com\/wp-content\/uploads\/2015\/11\/logo@2x.jpg\",\"contentUrl\":\"https:\/\/glamorouscorset.com\/wp-content\/uploads\/2015\/11\/logo@2x.jpg\",\"width\":238,\"height\":60,\"caption\":\"Glamorous Corset\"},\"image\":{\"@id\":\"https:\/\/glamorouscorset.com\/#\/schema\/logo\/image\/\"},\"sameAs\":[\"https:\/\/www.facebook.com\/glamorouscorset\"]}]}<\/script>\n<!-- \/ Yoast SEO plugin. -->","yoast_head_json":{"title":"Jenna Cors\u00e9 deshuesado de acero satinado verde | Glamorous Corset","description":"Nuestro magn\u00edfico cors\u00e9 de hueso de acero satinado GC-152 es un armario esencial. El aspecto elegante de Jenna es atemporal y contiene 20 huesos de acero.","robots":{"index":"index","follow":"follow","max-snippet":"max-snippet:-1","max-image-preview":"max-image-preview:large","max-video-preview":"max-video-preview:-1"},"canonical":"https:\/\/glamorouscorset.com\/es\/tienda\/corse-materiales\/corses-de-saten\/jenna-green-satin-corset-2\/","og_locale":"es_ES","og_type":"article","og_title":"Jenna Green Satin Overbust Steel Boned Cors\u00e9 ? Glamorous Corset","og_description":"Nuestro magn\u00edfico cors\u00e9 de hueso de acero satinado GC-152 es un armario esencial. El aspecto elegante de Jenna es atemporal y contiene 20 huesos de acero.","og_url":"https:\/\/glamorouscorset.com\/es\/tienda\/corse-materiales\/corses-de-saten\/jenna-green-satin-corset-2\/","og_site_name":"Glamorous Corset","article_publisher":"https:\/\/www.facebook.com\/glamorouscorset","article_modified_time":"2023-01-17T19:45:08+00:00","og_image":[{"width":1020,"height":1200,"url":"https:\/\/glamorouscorset.com\/wp-content\/uploads\/2016\/09\/Jenna-Green-Satin-Corset.jpg","type":"image\/jpeg"}],"twitter_card":"summary_large_image","twitter_title":"Jenna Green Satin Overbust Steel Boned Cors\u00e9 ? Glamorous Corset","twitter_description":"Nuestro magn\u00edfico cors\u00e9 de hueso de acero satinado GC-152 es un armario esencial. El aspecto elegante de Jenna es atemporal y contiene 20 huesos de acero.","twitter_misc":{"Tiempo de lectura":"1 minuto"},"schema":{"@context":"https:\/\/schema.org","@graph":[{"@type":"WebPage","@id":"https:\/\/glamorouscorset.com\/es\/tienda\/corse-materiales\/corses-de-saten\/jenna-green-satin-corset-2\/","url":"https:\/\/glamorouscorset.com\/es\/tienda\/corse-materiales\/corses-de-saten\/jenna-green-satin-corset-2\/","name":"Jenna Cors\u00e9 deshuesado de acero satinado verde | Glamorous Corset","isPartOf":{"@id":"https:\/\/glamorouscorset.com\/#website"},"primaryImageOfPage":{"@id":"https:\/\/glamorouscorset.com\/es\/tienda\/corse-materiales\/corses-de-saten\/jenna-green-satin-corset-2\/#primaryimage"},"image":{"@id":"https:\/\/glamorouscorset.com\/es\/tienda\/corse-materiales\/corses-de-saten\/jenna-green-satin-corset-2\/#primaryimage"},"thumbnailUrl":"https:\/\/glamorouscorset.com\/wp-content\/uploads\/2016\/09\/Jenna-Green-Satin-Corset.jpg","datePublished":"2019-11-10T20:24:35+00:00","dateModified":"2023-01-17T19:45:08+00:00","description":"Nuestro magn\u00edfico cors\u00e9 de hueso de acero satinado GC-152 es un armario esencial. El aspecto elegante de Jenna es atemporal y contiene 20 huesos de acero.","breadcrumb":{"@id":"https:\/\/glamorouscorset.com\/es\/tienda\/corse-materiales\/corses-de-saten\/jenna-green-satin-corset-2\/#breadcrumb"},"inLanguage":"es","potentialAction":[{"@type":"ReadAction","target":["https:\/\/glamorouscorset.com\/es\/tienda\/corse-materiales\/corses-de-saten\/jenna-green-satin-corset-2\/"]}]},{"@type":"ImageObject","inLanguage":"es","@id":"https:\/\/glamorouscorset.com\/es\/tienda\/corse-materiales\/corses-de-saten\/jenna-green-satin-corset-2\/#primaryimage","url":"https:\/\/glamorouscorset.com\/wp-content\/uploads\/2016\/09\/Jenna-Green-Satin-Corset.jpg","contentUrl":"https:\/\/glamorouscorset.com\/wp-content\/uploads\/2016\/09\/Jenna-Green-Satin-Corset.jpg","width":1020,"height":1200},{"@type":"BreadcrumbList","@id":"https:\/\/glamorouscorset.com\/es\/tienda\/corse-materiales\/corses-de-saten\/jenna-green-satin-corset-2\/#breadcrumb","itemListElement":[{"@type":"ListItem","position":1,"name":"Home","item":"https:\/\/glamorouscorset.com\/es\/"},{"@type":"ListItem","position":2,"name":"Tienda","item":"https:\/\/glamorouscorset.com\/es\/tienda\/"},{"@type":"ListItem","position":3,"name":"Jenna Cors\u00e9 Verde Satinado"}]},{"@type":"WebSite","@id":"https:\/\/glamorouscorset.com\/#website","url":"https:\/\/glamorouscorset.com\/","name":"Glamorous Corset","description":"Glamorous Corset offers an assortment of steel boned waist training corsets for all shapes and sizes!","publisher":{"@id":"https:\/\/glamorouscorset.com\/#organization"},"potentialAction":[{"@type":"SearchAction","target":{"@type":"EntryPoint","urlTemplate":"https:\/\/glamorouscorset.com\/?s={search_term_string}"},"query-input":{"@type":"PropertyValueSpecification","valueRequired":true,"valueName":"search_term_string"}}],"inLanguage":"es"},{"@type":"Organization","@id":"https:\/\/glamorouscorset.com\/#organization","name":"Glamorous Corset","url":"https:\/\/glamorouscorset.com\/","logo":{"@type":"ImageObject","inLanguage":"es","@id":"https:\/\/glamorouscorset.com\/#\/schema\/logo\/image\/","url":"https:\/\/glamorouscorset.com\/wp-content\/uploads\/2015\/11\/logo@2x.jpg","contentUrl":"https:\/\/glamorouscorset.com\/wp-content\/uploads\/2015\/11\/logo@2x.jpg","width":238,"height":60,"caption":"Glamorous Corset"},"image":{"@id":"https:\/\/glamorouscorset.com\/#\/schema\/logo\/image\/"},"sameAs":["https:\/\/www.facebook.com\/glamorouscorset"]}]}},"_links":{"self":[{"href":"https:\/\/glamorouscorset.com\/es\/wp-json\/wp\/v2\/product\/8230","targetHints":{"allow":["GET"]}}],"collection":[{"href":"https:\/\/glamorouscorset.com\/es\/wp-json\/wp\/v2\/product"}],"about":[{"href":"https:\/\/glamorouscorset.com\/es\/wp-json\/wp\/v2\/types\/product"}],"replies":[{"embeddable":true,"href":"https:\/\/glamorouscorset.com\/es\/wp-json\/wp\/v2\/comments?post=8230"}],"wp:featuredmedia":[{"embeddable":true,"href":"https:\/\/glamorouscorset.com\/es\/wp-json\/wp\/v2\/media\/8993"}],"wp:attachment":[{"href":"https:\/\/glamorouscorset.com\/es\/wp-json\/wp\/v2\/media?parent=8230"}],"wp:term":[{"taxonomy":"product_brand","embeddable":true,"href":"https:\/\/glamorouscorset.com\/es\/wp-json\/wp\/v2\/product_brand?post=8230"},{"taxonomy":"product_cat","embeddable":true,"href":"https:\/\/glamorouscorset.com\/es\/wp-json\/wp\/v2\/product_cat?post=8230"},{"taxonomy":"product_tag","embeddable":true,"href":"https:\/\/glamorouscorset.com\/es\/wp-json\/wp\/v2\/product_tag?post=8230"}],"curies":[{"name":"wp","href":"https:\/\/api.w.org\/{rel}","templated":true}]}}