{"id":8033,"date":"2016-10-02T23:18:53","date_gmt":"2019-10-31T16:08:28","guid":{"rendered":"https:\/\/glamorouscorset.com\/shop-all\/sin%20categor\u00eda\/corse-de-algodon-beige-jolie-tamano-plus\/"},"modified":"2023-01-19T17:21:48","modified_gmt":"2023-01-19T22:21:48","slug":"jolie-beige-algodon-corset-plus-tamano","status":"publish","type":"product","link":"https:\/\/glamorouscorset.com\/es\/tienda\/colecciones-de-corse\/corses-de-linea-larga\/jolie-beige-algodon-corset-plus-tamano\/","title":{"rendered":"Cors\u00e9 de Algod\u00f3n Beige Jolie (tama\u00f1o Plus)"},"content":{"rendered":"<h2>Cors\u00e9 de Algod\u00f3n Beige Jolie (tama\u00f1o Plus)<\/h2>\n<p>Nuestro jolie de algod\u00f3n beige m\u00e1s tama\u00f1o bajo cors\u00e9 es un excelente cors\u00e9 de hueso de acero para figuras curvas. Hecho de la mejor tela de algod\u00f3n, la parte posterior alta de este cors\u00e9 est\u00e1 dise\u00f1ada para controlar la zona superior de la espalda eliminando el abultamiento. Proporciona durabilidad y soporte adicionales. Ideal para mejorar la postura y aliviar el dolor de espalda, todo mientras entrena la cintura.<\/p>\n<h3>Caracter\u00edsticas &amp; detalles<\/h3>\n<p>\u2022 24 huesos de acero (4 huesos r\u00edgidos de acero, 20 huesos de acero espiral)<br \/>\n\u2022 Busk de acero<br \/>\n\u2022 Para una longitud media o larga del torso<br \/>\n\u2022 Longitud delantera 13 pulgadas<br \/>\n\u2022 Longitud de la espalda 14 pulgadas<br \/>\n\u2022 Longitud lateral 13,5 pulgadas<br \/>\n\u2022 Tiene un resorte de costilla de 6 pulgadas y un resorte de cadera de 8 pulgadas<br \/>\n\u2022 Algod\u00f3n<br \/>\n\u2022 Forrado con 100% algod\u00f3n + cinta de cintura<br \/>\n\u2022 Panel de modestia ancha de 5&#8243;<br \/>\n\u2022 Cord\u00f3n tradicional bidireccional<br \/>\n\u2022 6 lazos de suspensi\u00f3n<br \/>\n\u2022 Viene con una bolsa de almacenamiento<\/p>\n","protected":false},"excerpt":{"rendered":"<p>Larga L\u00ednea Curva acero Boned Underbust Cors\u00e9<\/p>\n","protected":false},"featured_media":8975,"comment_status":"open","ping_status":"closed","template":"","meta":[],"product_brand":[],"product_cat":[355,313,315,320,319,362,371,357,317,358],"product_tag":[],"class_list":{"0":"post-8033","1":"product","2":"type-product","3":"status-publish","4":"has-post-thumbnail","6":"product_cat-colecciones-de-corse","7":"product_cat-corse-categorias","8":"product_cat-corse-colors","9":"product_cat-corse-materiales","10":"product_cat-corses-bajo-el-pecho","11":"product_cat-corses-beige","12":"product_cat-corses-de-algodon","13":"product_cat-corses-de-linea-larga","14":"product_cat-corses-deshuesados-de-acero","15":"product_cat-corses-mas-grandes","16":"pa_color-negro","17":"pa_corset-type-acero-deshuesado","18":"pa_corset-type-debajo-del-busto-es","19":"pa_corset-type-entrenamiento-de-cintura","20":"pa_material-algodon","21":"pa_size-32-es","22":"pa_size-34-es","23":"pa_size-36-es","24":"pa_size-38-es","25":"pa_size-40-es","26":"pa_torso-length-promedio","28":"first","29":"instock","30":"taxable","31":"shipping-taxable","32":"purchasable","33":"product-type-variable"},"yoast_head":"<!-- This site is optimized with the Yoast SEO plugin v26.9 - https:\/\/yoast.com\/product\/yoast-seo-wordpress\/ -->\n<title>Jolie Cors\u00e9 deshuesado de acero bajo el tama\u00f1o de algod\u00f3n beige | Glamorous Corset<\/title>\n<meta name=\"description\" content=\"Nuestro jolie de algod\u00f3n beige m\u00e1s tama\u00f1o bajo cors\u00e9 es un excelente cors\u00e9 de hueso de acero para figuras curvas. Hecho de la mejor tela de algod\u00f3n!\" \/>\n<meta name=\"robots\" content=\"index, follow, max-snippet:-1, max-image-preview:large, max-video-preview:-1\" \/>\n<link rel=\"canonical\" href=\"https:\/\/glamorouscorset.com\/es\/tienda\/colecciones-de-corse\/corses-de-linea-larga\/jolie-beige-algodon-corset-plus-tamano\/\" \/>\n<meta property=\"og:locale\" content=\"es_ES\" \/>\n<meta property=\"og:type\" content=\"article\" \/>\n<meta property=\"og:title\" content=\"Cors\u00e9 de corcuero de hueso de acero de jolie beige algod\u00f3n m\u00e1s tama\u00f1o Underbust Glamorous Corset\" \/>\n<meta property=\"og:description\" content=\"Nuestro jolie de algod\u00f3n beige m\u00e1s tama\u00f1o bajo cors\u00e9 es un excelente cors\u00e9 de hueso de acero para figuras curvas. Hecho de la mejor tela de algod\u00f3n!\" \/>\n<meta property=\"og:url\" content=\"https:\/\/glamorouscorset.com\/es\/tienda\/colecciones-de-corse\/corses-de-linea-larga\/jolie-beige-algodon-corset-plus-tamano\/\" \/>\n<meta property=\"og:site_name\" content=\"Glamorous Corset\" \/>\n<meta property=\"article:publisher\" content=\"https:\/\/www.facebook.com\/glamorouscorset\" \/>\n<meta property=\"article:modified_time\" content=\"2023-01-19T22:21:48+00:00\" \/>\n<meta property=\"og:image\" content=\"https:\/\/glamorouscorset.com\/wp-content\/uploads\/2016\/10\/Jolie-Beige-Cotton-Corset.jpg\" \/>\n\t<meta property=\"og:image:width\" content=\"1020\" \/>\n\t<meta property=\"og:image:height\" content=\"1200\" \/>\n\t<meta property=\"og:image:type\" content=\"image\/jpeg\" \/>\n<meta name=\"twitter:card\" content=\"summary_large_image\" \/>\n<meta name=\"twitter:title\" content=\"Cors\u00e9 de corcuero de hueso de acero de jolie beige algod\u00f3n m\u00e1s tama\u00f1o Underbust Glamorous Corset\" \/>\n<meta name=\"twitter:description\" content=\"Nuestro jolie de algod\u00f3n beige m\u00e1s tama\u00f1o bajo cors\u00e9 es un excelente cors\u00e9 de hueso de acero para figuras curvas. Hecho de la mejor tela de algod\u00f3n!\" \/>\n<meta name=\"twitter:label1\" content=\"Tiempo de lectura\" \/>\n\t<meta name=\"twitter:data1\" content=\"1 minuto\" \/>\n<script type=\"application\/ld+json\" class=\"yoast-schema-graph\">{\"@context\":\"https:\/\/schema.org\",\"@graph\":[{\"@type\":\"WebPage\",\"@id\":\"https:\/\/glamorouscorset.com\/es\/tienda\/colecciones-de-corse\/corses-de-linea-larga\/jolie-beige-algodon-corset-plus-tamano\/\",\"url\":\"https:\/\/glamorouscorset.com\/es\/tienda\/colecciones-de-corse\/corses-de-linea-larga\/jolie-beige-algodon-corset-plus-tamano\/\",\"name\":\"Jolie Cors\u00e9 deshuesado de acero bajo el tama\u00f1o de algod\u00f3n beige | Glamorous Corset\",\"isPartOf\":{\"@id\":\"https:\/\/glamorouscorset.com\/#website\"},\"primaryImageOfPage\":{\"@id\":\"https:\/\/glamorouscorset.com\/es\/tienda\/colecciones-de-corse\/corses-de-linea-larga\/jolie-beige-algodon-corset-plus-tamano\/#primaryimage\"},\"image\":{\"@id\":\"https:\/\/glamorouscorset.com\/es\/tienda\/colecciones-de-corse\/corses-de-linea-larga\/jolie-beige-algodon-corset-plus-tamano\/#primaryimage\"},\"thumbnailUrl\":\"https:\/\/glamorouscorset.com\/wp-content\/uploads\/2016\/10\/Jolie-Beige-Cotton-Corset.jpg\",\"datePublished\":\"2019-10-31T16:08:28+00:00\",\"dateModified\":\"2023-01-19T22:21:48+00:00\",\"description\":\"Nuestro jolie de algod\u00f3n beige m\u00e1s tama\u00f1o bajo cors\u00e9 es un excelente cors\u00e9 de hueso de acero para figuras curvas. Hecho de la mejor tela de algod\u00f3n!\",\"breadcrumb\":{\"@id\":\"https:\/\/glamorouscorset.com\/es\/tienda\/colecciones-de-corse\/corses-de-linea-larga\/jolie-beige-algodon-corset-plus-tamano\/#breadcrumb\"},\"inLanguage\":\"es\",\"potentialAction\":[{\"@type\":\"ReadAction\",\"target\":[\"https:\/\/glamorouscorset.com\/es\/tienda\/colecciones-de-corse\/corses-de-linea-larga\/jolie-beige-algodon-corset-plus-tamano\/\"]}]},{\"@type\":\"ImageObject\",\"inLanguage\":\"es\",\"@id\":\"https:\/\/glamorouscorset.com\/es\/tienda\/colecciones-de-corse\/corses-de-linea-larga\/jolie-beige-algodon-corset-plus-tamano\/#primaryimage\",\"url\":\"https:\/\/glamorouscorset.com\/wp-content\/uploads\/2016\/10\/Jolie-Beige-Cotton-Corset.jpg\",\"contentUrl\":\"https:\/\/glamorouscorset.com\/wp-content\/uploads\/2016\/10\/Jolie-Beige-Cotton-Corset.jpg\",\"width\":1020,\"height\":1200},{\"@type\":\"BreadcrumbList\",\"@id\":\"https:\/\/glamorouscorset.com\/es\/tienda\/colecciones-de-corse\/corses-de-linea-larga\/jolie-beige-algodon-corset-plus-tamano\/#breadcrumb\",\"itemListElement\":[{\"@type\":\"ListItem\",\"position\":1,\"name\":\"Home\",\"item\":\"https:\/\/glamorouscorset.com\/es\/\"},{\"@type\":\"ListItem\",\"position\":2,\"name\":\"Tienda\",\"item\":\"https:\/\/glamorouscorset.com\/es\/tienda\/\"},{\"@type\":\"ListItem\",\"position\":3,\"name\":\"Cors\u00e9 de Algod\u00f3n Beige Jolie (tama\u00f1o Plus)\"}]},{\"@type\":\"WebSite\",\"@id\":\"https:\/\/glamorouscorset.com\/#website\",\"url\":\"https:\/\/glamorouscorset.com\/\",\"name\":\"Glamorous Corset\",\"description\":\"Glamorous Corset offers an assortment of steel boned waist training corsets for all shapes and sizes!\",\"publisher\":{\"@id\":\"https:\/\/glamorouscorset.com\/#organization\"},\"potentialAction\":[{\"@type\":\"SearchAction\",\"target\":{\"@type\":\"EntryPoint\",\"urlTemplate\":\"https:\/\/glamorouscorset.com\/?s={search_term_string}\"},\"query-input\":{\"@type\":\"PropertyValueSpecification\",\"valueRequired\":true,\"valueName\":\"search_term_string\"}}],\"inLanguage\":\"es\"},{\"@type\":\"Organization\",\"@id\":\"https:\/\/glamorouscorset.com\/#organization\",\"name\":\"Glamorous Corset\",\"url\":\"https:\/\/glamorouscorset.com\/\",\"logo\":{\"@type\":\"ImageObject\",\"inLanguage\":\"es\",\"@id\":\"https:\/\/glamorouscorset.com\/#\/schema\/logo\/image\/\",\"url\":\"https:\/\/glamorouscorset.com\/wp-content\/uploads\/2015\/11\/logo@2x.jpg\",\"contentUrl\":\"https:\/\/glamorouscorset.com\/wp-content\/uploads\/2015\/11\/logo@2x.jpg\",\"width\":238,\"height\":60,\"caption\":\"Glamorous Corset\"},\"image\":{\"@id\":\"https:\/\/glamorouscorset.com\/#\/schema\/logo\/image\/\"},\"sameAs\":[\"https:\/\/www.facebook.com\/glamorouscorset\"]}]}<\/script>\n<!-- \/ Yoast SEO plugin. -->","yoast_head_json":{"title":"Jolie Cors\u00e9 deshuesado de acero bajo el tama\u00f1o de algod\u00f3n beige | Glamorous Corset","description":"Nuestro jolie de algod\u00f3n beige m\u00e1s tama\u00f1o bajo cors\u00e9 es un excelente cors\u00e9 de hueso de acero para figuras curvas. Hecho de la mejor tela de algod\u00f3n!","robots":{"index":"index","follow":"follow","max-snippet":"max-snippet:-1","max-image-preview":"max-image-preview:large","max-video-preview":"max-video-preview:-1"},"canonical":"https:\/\/glamorouscorset.com\/es\/tienda\/colecciones-de-corse\/corses-de-linea-larga\/jolie-beige-algodon-corset-plus-tamano\/","og_locale":"es_ES","og_type":"article","og_title":"Cors\u00e9 de corcuero de hueso de acero de jolie beige algod\u00f3n m\u00e1s tama\u00f1o Underbust Glamorous Corset","og_description":"Nuestro jolie de algod\u00f3n beige m\u00e1s tama\u00f1o bajo cors\u00e9 es un excelente cors\u00e9 de hueso de acero para figuras curvas. Hecho de la mejor tela de algod\u00f3n!","og_url":"https:\/\/glamorouscorset.com\/es\/tienda\/colecciones-de-corse\/corses-de-linea-larga\/jolie-beige-algodon-corset-plus-tamano\/","og_site_name":"Glamorous Corset","article_publisher":"https:\/\/www.facebook.com\/glamorouscorset","article_modified_time":"2023-01-19T22:21:48+00:00","og_image":[{"width":1020,"height":1200,"url":"https:\/\/glamorouscorset.com\/wp-content\/uploads\/2016\/10\/Jolie-Beige-Cotton-Corset.jpg","type":"image\/jpeg"}],"twitter_card":"summary_large_image","twitter_title":"Cors\u00e9 de corcuero de hueso de acero de jolie beige algod\u00f3n m\u00e1s tama\u00f1o Underbust Glamorous Corset","twitter_description":"Nuestro jolie de algod\u00f3n beige m\u00e1s tama\u00f1o bajo cors\u00e9 es un excelente cors\u00e9 de hueso de acero para figuras curvas. Hecho de la mejor tela de algod\u00f3n!","twitter_misc":{"Tiempo de lectura":"1 minuto"},"schema":{"@context":"https:\/\/schema.org","@graph":[{"@type":"WebPage","@id":"https:\/\/glamorouscorset.com\/es\/tienda\/colecciones-de-corse\/corses-de-linea-larga\/jolie-beige-algodon-corset-plus-tamano\/","url":"https:\/\/glamorouscorset.com\/es\/tienda\/colecciones-de-corse\/corses-de-linea-larga\/jolie-beige-algodon-corset-plus-tamano\/","name":"Jolie Cors\u00e9 deshuesado de acero bajo el tama\u00f1o de algod\u00f3n beige | Glamorous Corset","isPartOf":{"@id":"https:\/\/glamorouscorset.com\/#website"},"primaryImageOfPage":{"@id":"https:\/\/glamorouscorset.com\/es\/tienda\/colecciones-de-corse\/corses-de-linea-larga\/jolie-beige-algodon-corset-plus-tamano\/#primaryimage"},"image":{"@id":"https:\/\/glamorouscorset.com\/es\/tienda\/colecciones-de-corse\/corses-de-linea-larga\/jolie-beige-algodon-corset-plus-tamano\/#primaryimage"},"thumbnailUrl":"https:\/\/glamorouscorset.com\/wp-content\/uploads\/2016\/10\/Jolie-Beige-Cotton-Corset.jpg","datePublished":"2019-10-31T16:08:28+00:00","dateModified":"2023-01-19T22:21:48+00:00","description":"Nuestro jolie de algod\u00f3n beige m\u00e1s tama\u00f1o bajo cors\u00e9 es un excelente cors\u00e9 de hueso de acero para figuras curvas. Hecho de la mejor tela de algod\u00f3n!","breadcrumb":{"@id":"https:\/\/glamorouscorset.com\/es\/tienda\/colecciones-de-corse\/corses-de-linea-larga\/jolie-beige-algodon-corset-plus-tamano\/#breadcrumb"},"inLanguage":"es","potentialAction":[{"@type":"ReadAction","target":["https:\/\/glamorouscorset.com\/es\/tienda\/colecciones-de-corse\/corses-de-linea-larga\/jolie-beige-algodon-corset-plus-tamano\/"]}]},{"@type":"ImageObject","inLanguage":"es","@id":"https:\/\/glamorouscorset.com\/es\/tienda\/colecciones-de-corse\/corses-de-linea-larga\/jolie-beige-algodon-corset-plus-tamano\/#primaryimage","url":"https:\/\/glamorouscorset.com\/wp-content\/uploads\/2016\/10\/Jolie-Beige-Cotton-Corset.jpg","contentUrl":"https:\/\/glamorouscorset.com\/wp-content\/uploads\/2016\/10\/Jolie-Beige-Cotton-Corset.jpg","width":1020,"height":1200},{"@type":"BreadcrumbList","@id":"https:\/\/glamorouscorset.com\/es\/tienda\/colecciones-de-corse\/corses-de-linea-larga\/jolie-beige-algodon-corset-plus-tamano\/#breadcrumb","itemListElement":[{"@type":"ListItem","position":1,"name":"Home","item":"https:\/\/glamorouscorset.com\/es\/"},{"@type":"ListItem","position":2,"name":"Tienda","item":"https:\/\/glamorouscorset.com\/es\/tienda\/"},{"@type":"ListItem","position":3,"name":"Cors\u00e9 de Algod\u00f3n Beige Jolie (tama\u00f1o Plus)"}]},{"@type":"WebSite","@id":"https:\/\/glamorouscorset.com\/#website","url":"https:\/\/glamorouscorset.com\/","name":"Glamorous Corset","description":"Glamorous Corset offers an assortment of steel boned waist training corsets for all shapes and sizes!","publisher":{"@id":"https:\/\/glamorouscorset.com\/#organization"},"potentialAction":[{"@type":"SearchAction","target":{"@type":"EntryPoint","urlTemplate":"https:\/\/glamorouscorset.com\/?s={search_term_string}"},"query-input":{"@type":"PropertyValueSpecification","valueRequired":true,"valueName":"search_term_string"}}],"inLanguage":"es"},{"@type":"Organization","@id":"https:\/\/glamorouscorset.com\/#organization","name":"Glamorous Corset","url":"https:\/\/glamorouscorset.com\/","logo":{"@type":"ImageObject","inLanguage":"es","@id":"https:\/\/glamorouscorset.com\/#\/schema\/logo\/image\/","url":"https:\/\/glamorouscorset.com\/wp-content\/uploads\/2015\/11\/logo@2x.jpg","contentUrl":"https:\/\/glamorouscorset.com\/wp-content\/uploads\/2015\/11\/logo@2x.jpg","width":238,"height":60,"caption":"Glamorous Corset"},"image":{"@id":"https:\/\/glamorouscorset.com\/#\/schema\/logo\/image\/"},"sameAs":["https:\/\/www.facebook.com\/glamorouscorset"]}]}},"_links":{"self":[{"href":"https:\/\/glamorouscorset.com\/es\/wp-json\/wp\/v2\/product\/8033","targetHints":{"allow":["GET"]}}],"collection":[{"href":"https:\/\/glamorouscorset.com\/es\/wp-json\/wp\/v2\/product"}],"about":[{"href":"https:\/\/glamorouscorset.com\/es\/wp-json\/wp\/v2\/types\/product"}],"replies":[{"embeddable":true,"href":"https:\/\/glamorouscorset.com\/es\/wp-json\/wp\/v2\/comments?post=8033"}],"wp:featuredmedia":[{"embeddable":true,"href":"https:\/\/glamorouscorset.com\/es\/wp-json\/wp\/v2\/media\/8975"}],"wp:attachment":[{"href":"https:\/\/glamorouscorset.com\/es\/wp-json\/wp\/v2\/media?parent=8033"}],"wp:term":[{"taxonomy":"product_brand","embeddable":true,"href":"https:\/\/glamorouscorset.com\/es\/wp-json\/wp\/v2\/product_brand?post=8033"},{"taxonomy":"product_cat","embeddable":true,"href":"https:\/\/glamorouscorset.com\/es\/wp-json\/wp\/v2\/product_cat?post=8033"},{"taxonomy":"product_tag","embeddable":true,"href":"https:\/\/glamorouscorset.com\/es\/wp-json\/wp\/v2\/product_tag?post=8033"}],"curies":[{"name":"wp","href":"https:\/\/api.w.org\/{rel}","templated":true}]}}