{"id":8021,"date":"2016-10-02T23:27:55","date_gmt":"2016-10-03T03:27:55","guid":{"rendered":"https:\/\/glamorouscorset.com\/shop-all\/sin%20categor\u00eda\/jolie-corse-de-malla-negra-talla-grande\/"},"modified":"2026-01-22T12:49:34","modified_gmt":"2026-01-22T17:49:34","slug":"jolie-negro-malla-corse-plus-tamano","status":"publish","type":"product","link":"https:\/\/glamorouscorset.com\/es\/tienda\/colecciones-de-corse\/corses-steampunk\/jolie-negro-malla-corse-plus-tamano\/","title":{"rendered":"Jolie Cors\u00e9 de malla negra talla grande"},"content":{"rendered":"<h2>Jolie Negro Malla Cors\u00e9 Plus Tama\u00f1o<\/h2>\n<p>Nuestro cors\u00e9 de malla negra Jolie m\u00e1s tama\u00f1o bajo el busto fue elaborado con una palabra en mente, comodidad, ideal para figuras curvas su comodidad transpirable superior dar\u00e1 los m\u00e1ximos resultados. Este cors\u00e9 trasero alto est\u00e1 dise\u00f1ado para controlar la zona posterior superior eliminando el abultamiento. Proporciona durabilidad y soporte adicionales. Ideal para mejorar la postura y aliviar el dolor de espalda, todo mientras entrena la cintura.<\/p>\n<h3>Caracter\u00edsticas y detalles<\/h3>\n<p>\u2022 26 huesos de acero (4 huesos planos de acero, 22 huesos de acero espiral)<br \/>\n\u2022 Busk de acero<br \/>\n\u2022 Para una longitud larga del torso<br \/>\n\u2022 Longitud delantera 13 pulgadas<br \/>\n\u2022 Longitud de la espalda 14 pulgadas<br \/>\n\u2022 Longitud lateral 13,5 pulgadas<br \/>\n\u2022 Tiene un resorte de costilla de 6 pulgadas y un resorte de cadera de 8 pulgadas<br \/>\n\u2022 Algod\u00f3n<br \/>\n\u2022 Forrado con 100% algod\u00f3n + cinta de cintura<br \/>\n\u2022 Panel de modestia ancha de 5&#8243;<br \/>\n\u2022 Cord\u00f3n tradicional bidireccional<br \/>\n\u2022 6 lazos de suspensi\u00f3n<\/p>\n","protected":false},"excerpt":{"rendered":"<p>Larga L\u00ednea Curva acero Boned Underbust Cors\u00e9<\/p>\n","protected":false},"featured_media":8981,"comment_status":"open","ping_status":"closed","template":"","meta":[],"product_brand":[],"product_cat":[355,313,315,320,352,319,357,374,317,358,316,322],"product_tag":[],"class_list":{"0":"post-8021","1":"product","2":"type-product","3":"status-publish","4":"has-post-thumbnail","6":"product_cat-colecciones-de-corse","7":"product_cat-corse-categorias","8":"product_cat-corse-colors","9":"product_cat-corse-materiales","10":"product_cat-corses-bajo-busto-negro","11":"product_cat-corses-bajo-el-pecho","12":"product_cat-corses-de-linea-larga","13":"product_cat-corses-de-malla","14":"product_cat-corses-deshuesados-de-acero","15":"product_cat-corses-mas-grandes","16":"product_cat-corses-negros","17":"product_cat-corses-steampunk","18":"pa_color-negro","19":"pa_corset-type-acero-deshuesado","20":"pa_corset-type-debajo-del-busto-es","21":"pa_corset-type-entrenamiento-de-cintura","22":"pa_material-malla","23":"pa_size-32-es","24":"pa_size-34-es","25":"pa_size-36-es","26":"pa_size-38-es","27":"pa_size-40-es","28":"pa_torso-length-promedio","30":"first","31":"instock","32":"taxable","33":"shipping-taxable","34":"purchasable","35":"product-type-variable"},"yoast_head":"<!-- This site is optimized with the Yoast SEO plugin v26.9 - https:\/\/yoast.com\/product\/yoast-seo-wordpress\/ -->\n<title>Jolie Cors\u00e9 deshuesado de acero de malla negra de talla grande | Glamorous Corset<\/title>\n<meta name=\"description\" content=\"El cors\u00e9 de malla negra m\u00e1s tama\u00f1o de Jolie fue dise\u00f1ado para la comodidad. ideal para figuras curvas - ofreciendo un confort transpirable superior.\" \/>\n<meta name=\"robots\" content=\"index, follow, max-snippet:-1, max-image-preview:large, max-video-preview:-1\" \/>\n<link rel=\"canonical\" href=\"https:\/\/glamorouscorset.com\/es\/tienda\/colecciones-de-corse\/corses-steampunk\/jolie-negro-malla-corse-plus-tamano\/\" \/>\n<meta property=\"og:locale\" content=\"es_ES\" \/>\n<meta property=\"og:type\" content=\"article\" \/>\n<meta property=\"og:title\" content=\"Cors\u00e9 de hueso de acero de Jolie Black Mesh Plus Size Underbust Glamorous Corset\" \/>\n<meta property=\"og:description\" content=\"El cors\u00e9 de malla negra m\u00e1s tama\u00f1o de Jolie fue dise\u00f1ado para la comodidad. ideal para figuras curvas - ofreciendo un confort transpirable superior.\" \/>\n<meta property=\"og:url\" content=\"https:\/\/glamorouscorset.com\/es\/tienda\/colecciones-de-corse\/corses-steampunk\/jolie-negro-malla-corse-plus-tamano\/\" \/>\n<meta property=\"og:site_name\" content=\"Glamorous Corset\" \/>\n<meta property=\"article:publisher\" content=\"https:\/\/www.facebook.com\/glamorouscorset\" \/>\n<meta property=\"article:modified_time\" content=\"2026-01-22T17:49:34+00:00\" \/>\n<meta property=\"og:image\" content=\"https:\/\/glamorouscorset.com\/wp-content\/uploads\/2016\/10\/Jolie-Black-Mesh-Corset.jpg\" \/>\n\t<meta property=\"og:image:width\" content=\"1020\" \/>\n\t<meta property=\"og:image:height\" content=\"1200\" \/>\n\t<meta property=\"og:image:type\" content=\"image\/jpeg\" \/>\n<meta name=\"twitter:card\" content=\"summary_large_image\" \/>\n<meta name=\"twitter:title\" content=\"Cors\u00e9 de hueso de acero de Jolie Black Mesh Plus Size Underbust Glamorous Corset\" \/>\n<meta name=\"twitter:description\" content=\"El cors\u00e9 de malla negra m\u00e1s tama\u00f1o de Jolie fue dise\u00f1ado para la comodidad. ideal para figuras curvas - ofreciendo un confort transpirable superior.\" \/>\n<meta name=\"twitter:label1\" content=\"Tiempo de lectura\" \/>\n\t<meta name=\"twitter:data1\" content=\"1 minuto\" \/>\n<script type=\"application\/ld+json\" class=\"yoast-schema-graph\">{\"@context\":\"https:\/\/schema.org\",\"@graph\":[{\"@type\":\"WebPage\",\"@id\":\"https:\/\/glamorouscorset.com\/es\/tienda\/colecciones-de-corse\/corses-steampunk\/jolie-negro-malla-corse-plus-tamano\/\",\"url\":\"https:\/\/glamorouscorset.com\/es\/tienda\/colecciones-de-corse\/corses-steampunk\/jolie-negro-malla-corse-plus-tamano\/\",\"name\":\"Jolie Cors\u00e9 deshuesado de acero de malla negra de talla grande | Glamorous Corset\",\"isPartOf\":{\"@id\":\"https:\/\/glamorouscorset.com\/#website\"},\"primaryImageOfPage\":{\"@id\":\"https:\/\/glamorouscorset.com\/es\/tienda\/colecciones-de-corse\/corses-steampunk\/jolie-negro-malla-corse-plus-tamano\/#primaryimage\"},\"image\":{\"@id\":\"https:\/\/glamorouscorset.com\/es\/tienda\/colecciones-de-corse\/corses-steampunk\/jolie-negro-malla-corse-plus-tamano\/#primaryimage\"},\"thumbnailUrl\":\"https:\/\/glamorouscorset.com\/wp-content\/uploads\/2016\/10\/Jolie-Black-Mesh-Corset.jpg\",\"datePublished\":\"2016-10-03T03:27:55+00:00\",\"dateModified\":\"2026-01-22T17:49:34+00:00\",\"description\":\"El cors\u00e9 de malla negra m\u00e1s tama\u00f1o de Jolie fue dise\u00f1ado para la comodidad. ideal para figuras curvas - ofreciendo un confort transpirable superior.\",\"breadcrumb\":{\"@id\":\"https:\/\/glamorouscorset.com\/es\/tienda\/colecciones-de-corse\/corses-steampunk\/jolie-negro-malla-corse-plus-tamano\/#breadcrumb\"},\"inLanguage\":\"es\",\"potentialAction\":[{\"@type\":\"ReadAction\",\"target\":[\"https:\/\/glamorouscorset.com\/es\/tienda\/colecciones-de-corse\/corses-steampunk\/jolie-negro-malla-corse-plus-tamano\/\"]}]},{\"@type\":\"ImageObject\",\"inLanguage\":\"es\",\"@id\":\"https:\/\/glamorouscorset.com\/es\/tienda\/colecciones-de-corse\/corses-steampunk\/jolie-negro-malla-corse-plus-tamano\/#primaryimage\",\"url\":\"https:\/\/glamorouscorset.com\/wp-content\/uploads\/2016\/10\/Jolie-Black-Mesh-Corset.jpg\",\"contentUrl\":\"https:\/\/glamorouscorset.com\/wp-content\/uploads\/2016\/10\/Jolie-Black-Mesh-Corset.jpg\",\"width\":1020,\"height\":1200},{\"@type\":\"BreadcrumbList\",\"@id\":\"https:\/\/glamorouscorset.com\/es\/tienda\/colecciones-de-corse\/corses-steampunk\/jolie-negro-malla-corse-plus-tamano\/#breadcrumb\",\"itemListElement\":[{\"@type\":\"ListItem\",\"position\":1,\"name\":\"Home\",\"item\":\"https:\/\/glamorouscorset.com\/es\/\"},{\"@type\":\"ListItem\",\"position\":2,\"name\":\"Tienda\",\"item\":\"https:\/\/glamorouscorset.com\/es\/tienda\/\"},{\"@type\":\"ListItem\",\"position\":3,\"name\":\"Jolie Cors\u00e9 de malla negra talla grande\"}]},{\"@type\":\"WebSite\",\"@id\":\"https:\/\/glamorouscorset.com\/#website\",\"url\":\"https:\/\/glamorouscorset.com\/\",\"name\":\"Glamorous Corset\",\"description\":\"Glamorous Corset offers an assortment of steel boned waist training corsets for all shapes and sizes!\",\"publisher\":{\"@id\":\"https:\/\/glamorouscorset.com\/#organization\"},\"potentialAction\":[{\"@type\":\"SearchAction\",\"target\":{\"@type\":\"EntryPoint\",\"urlTemplate\":\"https:\/\/glamorouscorset.com\/?s={search_term_string}\"},\"query-input\":{\"@type\":\"PropertyValueSpecification\",\"valueRequired\":true,\"valueName\":\"search_term_string\"}}],\"inLanguage\":\"es\"},{\"@type\":\"Organization\",\"@id\":\"https:\/\/glamorouscorset.com\/#organization\",\"name\":\"Glamorous Corset\",\"url\":\"https:\/\/glamorouscorset.com\/\",\"logo\":{\"@type\":\"ImageObject\",\"inLanguage\":\"es\",\"@id\":\"https:\/\/glamorouscorset.com\/#\/schema\/logo\/image\/\",\"url\":\"https:\/\/glamorouscorset.com\/wp-content\/uploads\/2015\/11\/logo@2x.jpg\",\"contentUrl\":\"https:\/\/glamorouscorset.com\/wp-content\/uploads\/2015\/11\/logo@2x.jpg\",\"width\":238,\"height\":60,\"caption\":\"Glamorous Corset\"},\"image\":{\"@id\":\"https:\/\/glamorouscorset.com\/#\/schema\/logo\/image\/\"},\"sameAs\":[\"https:\/\/www.facebook.com\/glamorouscorset\"]}]}<\/script>\n<!-- \/ Yoast SEO plugin. -->","yoast_head_json":{"title":"Jolie Cors\u00e9 deshuesado de acero de malla negra de talla grande | Glamorous Corset","description":"El cors\u00e9 de malla negra m\u00e1s tama\u00f1o de Jolie fue dise\u00f1ado para la comodidad. ideal para figuras curvas - ofreciendo un confort transpirable superior.","robots":{"index":"index","follow":"follow","max-snippet":"max-snippet:-1","max-image-preview":"max-image-preview:large","max-video-preview":"max-video-preview:-1"},"canonical":"https:\/\/glamorouscorset.com\/es\/tienda\/colecciones-de-corse\/corses-steampunk\/jolie-negro-malla-corse-plus-tamano\/","og_locale":"es_ES","og_type":"article","og_title":"Cors\u00e9 de hueso de acero de Jolie Black Mesh Plus Size Underbust Glamorous Corset","og_description":"El cors\u00e9 de malla negra m\u00e1s tama\u00f1o de Jolie fue dise\u00f1ado para la comodidad. ideal para figuras curvas - ofreciendo un confort transpirable superior.","og_url":"https:\/\/glamorouscorset.com\/es\/tienda\/colecciones-de-corse\/corses-steampunk\/jolie-negro-malla-corse-plus-tamano\/","og_site_name":"Glamorous Corset","article_publisher":"https:\/\/www.facebook.com\/glamorouscorset","article_modified_time":"2026-01-22T17:49:34+00:00","og_image":[{"width":1020,"height":1200,"url":"https:\/\/glamorouscorset.com\/wp-content\/uploads\/2016\/10\/Jolie-Black-Mesh-Corset.jpg","type":"image\/jpeg"}],"twitter_card":"summary_large_image","twitter_title":"Cors\u00e9 de hueso de acero de Jolie Black Mesh Plus Size Underbust Glamorous Corset","twitter_description":"El cors\u00e9 de malla negra m\u00e1s tama\u00f1o de Jolie fue dise\u00f1ado para la comodidad. ideal para figuras curvas - ofreciendo un confort transpirable superior.","twitter_misc":{"Tiempo de lectura":"1 minuto"},"schema":{"@context":"https:\/\/schema.org","@graph":[{"@type":"WebPage","@id":"https:\/\/glamorouscorset.com\/es\/tienda\/colecciones-de-corse\/corses-steampunk\/jolie-negro-malla-corse-plus-tamano\/","url":"https:\/\/glamorouscorset.com\/es\/tienda\/colecciones-de-corse\/corses-steampunk\/jolie-negro-malla-corse-plus-tamano\/","name":"Jolie Cors\u00e9 deshuesado de acero de malla negra de talla grande | Glamorous Corset","isPartOf":{"@id":"https:\/\/glamorouscorset.com\/#website"},"primaryImageOfPage":{"@id":"https:\/\/glamorouscorset.com\/es\/tienda\/colecciones-de-corse\/corses-steampunk\/jolie-negro-malla-corse-plus-tamano\/#primaryimage"},"image":{"@id":"https:\/\/glamorouscorset.com\/es\/tienda\/colecciones-de-corse\/corses-steampunk\/jolie-negro-malla-corse-plus-tamano\/#primaryimage"},"thumbnailUrl":"https:\/\/glamorouscorset.com\/wp-content\/uploads\/2016\/10\/Jolie-Black-Mesh-Corset.jpg","datePublished":"2016-10-03T03:27:55+00:00","dateModified":"2026-01-22T17:49:34+00:00","description":"El cors\u00e9 de malla negra m\u00e1s tama\u00f1o de Jolie fue dise\u00f1ado para la comodidad. ideal para figuras curvas - ofreciendo un confort transpirable superior.","breadcrumb":{"@id":"https:\/\/glamorouscorset.com\/es\/tienda\/colecciones-de-corse\/corses-steampunk\/jolie-negro-malla-corse-plus-tamano\/#breadcrumb"},"inLanguage":"es","potentialAction":[{"@type":"ReadAction","target":["https:\/\/glamorouscorset.com\/es\/tienda\/colecciones-de-corse\/corses-steampunk\/jolie-negro-malla-corse-plus-tamano\/"]}]},{"@type":"ImageObject","inLanguage":"es","@id":"https:\/\/glamorouscorset.com\/es\/tienda\/colecciones-de-corse\/corses-steampunk\/jolie-negro-malla-corse-plus-tamano\/#primaryimage","url":"https:\/\/glamorouscorset.com\/wp-content\/uploads\/2016\/10\/Jolie-Black-Mesh-Corset.jpg","contentUrl":"https:\/\/glamorouscorset.com\/wp-content\/uploads\/2016\/10\/Jolie-Black-Mesh-Corset.jpg","width":1020,"height":1200},{"@type":"BreadcrumbList","@id":"https:\/\/glamorouscorset.com\/es\/tienda\/colecciones-de-corse\/corses-steampunk\/jolie-negro-malla-corse-plus-tamano\/#breadcrumb","itemListElement":[{"@type":"ListItem","position":1,"name":"Home","item":"https:\/\/glamorouscorset.com\/es\/"},{"@type":"ListItem","position":2,"name":"Tienda","item":"https:\/\/glamorouscorset.com\/es\/tienda\/"},{"@type":"ListItem","position":3,"name":"Jolie Cors\u00e9 de malla negra talla grande"}]},{"@type":"WebSite","@id":"https:\/\/glamorouscorset.com\/#website","url":"https:\/\/glamorouscorset.com\/","name":"Glamorous Corset","description":"Glamorous Corset offers an assortment of steel boned waist training corsets for all shapes and sizes!","publisher":{"@id":"https:\/\/glamorouscorset.com\/#organization"},"potentialAction":[{"@type":"SearchAction","target":{"@type":"EntryPoint","urlTemplate":"https:\/\/glamorouscorset.com\/?s={search_term_string}"},"query-input":{"@type":"PropertyValueSpecification","valueRequired":true,"valueName":"search_term_string"}}],"inLanguage":"es"},{"@type":"Organization","@id":"https:\/\/glamorouscorset.com\/#organization","name":"Glamorous Corset","url":"https:\/\/glamorouscorset.com\/","logo":{"@type":"ImageObject","inLanguage":"es","@id":"https:\/\/glamorouscorset.com\/#\/schema\/logo\/image\/","url":"https:\/\/glamorouscorset.com\/wp-content\/uploads\/2015\/11\/logo@2x.jpg","contentUrl":"https:\/\/glamorouscorset.com\/wp-content\/uploads\/2015\/11\/logo@2x.jpg","width":238,"height":60,"caption":"Glamorous Corset"},"image":{"@id":"https:\/\/glamorouscorset.com\/#\/schema\/logo\/image\/"},"sameAs":["https:\/\/www.facebook.com\/glamorouscorset"]}]}},"_links":{"self":[{"href":"https:\/\/glamorouscorset.com\/es\/wp-json\/wp\/v2\/product\/8021","targetHints":{"allow":["GET"]}}],"collection":[{"href":"https:\/\/glamorouscorset.com\/es\/wp-json\/wp\/v2\/product"}],"about":[{"href":"https:\/\/glamorouscorset.com\/es\/wp-json\/wp\/v2\/types\/product"}],"replies":[{"embeddable":true,"href":"https:\/\/glamorouscorset.com\/es\/wp-json\/wp\/v2\/comments?post=8021"}],"wp:featuredmedia":[{"embeddable":true,"href":"https:\/\/glamorouscorset.com\/es\/wp-json\/wp\/v2\/media\/8981"}],"wp:attachment":[{"href":"https:\/\/glamorouscorset.com\/es\/wp-json\/wp\/v2\/media?parent=8021"}],"wp:term":[{"taxonomy":"product_brand","embeddable":true,"href":"https:\/\/glamorouscorset.com\/es\/wp-json\/wp\/v2\/product_brand?post=8021"},{"taxonomy":"product_cat","embeddable":true,"href":"https:\/\/glamorouscorset.com\/es\/wp-json\/wp\/v2\/product_cat?post=8021"},{"taxonomy":"product_tag","embeddable":true,"href":"https:\/\/glamorouscorset.com\/es\/wp-json\/wp\/v2\/product_tag?post=8021"}],"curies":[{"name":"wp","href":"https:\/\/api.w.org\/{rel}","templated":true}]}}