{"id":7983,"date":"2016-10-11T22:47:27","date_gmt":"2019-10-31T15:59:25","guid":{"rendered":"https:\/\/glamorouscorset.com\/shop-all\/sin%20categor\u00eda\/emma-corse-de-malla-negra\/"},"modified":"2026-01-22T12:49:35","modified_gmt":"2026-01-22T17:49:35","slug":"emma-negro-malla-corse","status":"publish","type":"product","link":"https:\/\/glamorouscorset.com\/es\/tienda\/corse-materiales\/corses-de-malla\/emma-negro-malla-corse\/","title":{"rendered":"Emma Cors\u00e9 de malla negra"},"content":{"rendered":"<h2>Emma Cors\u00e9 de malla negra<\/h2>\n<p>GC-145 es un hermoso cors\u00e9 de malla negra de 10&#8243; de huesos de acero doble. Emma cuenta con un borde recto superior e inferior que complementar\u00e1 la mayor\u00eda de los tipos de cuerpo. Material de malla transpirable est\u00e1 dise\u00f1ado con una palabra en mente, comodidad. Su construcci\u00f3n de 3 capas y la combinaci\u00f3n de huesos de acero plano y espiral son ideales para proporcionar soporte manteniendo la movilidad y flexibilidad del torso.<\/p>\n<h3>Caracter\u00edsticas y detalles<\/h3>\n<p>\u2022 18 huesos de acero (4 huesos r\u00edgidos de acero, 14 huesos de acero espiral)<br \/>\n\u2022 Busk de acero<br \/>\n\u2022 Para longitud de torso corta\/media<br \/>\n\u2022 Longitud delantera 10 pulgadas<br \/>\n\u2022 Longitud de la espalda 11 pulgadas<br \/>\n\u2022 Longitud lateral 10 pulgadas<br \/>\n\u2022 Tiene un resorte de costilla de 5 pulgadas y un resorte de cadera de 4 pulgadas<br \/>\n\u2022 Sat\u00edn<br \/>\n\u2022 Forrado con 100% algod\u00f3n + cinta de cintura<br \/>\n\u2022 Panel de modestia ancha de 5&#8243;<br \/>\n\u2022 Cord\u00f3n tradicional bidireccional<br \/>\n\u2022 6 lazos de suspensi\u00f3n<br \/>\n\u2022 Viene con una bolsa de almacenamiento<\/p>\n","protected":false},"excerpt":{"rendered":"<p>Short Mesh doble acero Boned Waist Training Underbust<\/p>\n","protected":false},"featured_media":9022,"comment_status":"open","ping_status":"closed","template":"","meta":[],"product_brand":[],"product_cat":[313,315,320,376,352,319,374,316],"product_tag":[],"class_list":{"0":"post-7983","1":"product","2":"type-product","3":"status-publish","4":"has-post-thumbnail","6":"product_cat-corse-categorias","7":"product_cat-corse-colors","8":"product_cat-corse-materiales","9":"product_cat-corses-a-la-venta","10":"product_cat-corses-bajo-busto-negro","11":"product_cat-corses-bajo-el-pecho","12":"product_cat-corses-de-malla","13":"product_cat-corses-negros","14":"pa_color-negro","15":"pa_corset-type-acero-deshuesado","16":"pa_corset-type-debajo-del-busto-es","17":"pa_corset-type-entrenamiento-de-cintura","18":"pa_material-malla","19":"pa_size-18-es","20":"pa_size-20-es","21":"pa_size-22-es","22":"pa_size-24-es","23":"pa_size-26-es","24":"pa_size-28-es","25":"pa_size-30-es","26":"pa_size-32-es","27":"pa_size-34-es","28":"pa_size-36-es","29":"pa_size-38-es","30":"pa_size-40-es","31":"pa_torso-length-corto","32":"pa_torso-length-promedio","34":"first","35":"instock","36":"sale","37":"taxable","38":"shipping-taxable","39":"purchasable","40":"product-type-variable"},"yoast_head":"<!-- This site is optimized with the Yoast SEO plugin v26.9 - https:\/\/yoast.com\/product\/yoast-seo-wordpress\/ -->\n<title>Emma Cors\u00e9 deshuesado de acero bajo malla de acero negro | Glamorous Corset<\/title>\n<meta name=\"description\" content=\"Un hermoso cors\u00e9 de malla negra de acero doble de 10&quot;. Emma cuenta con un borde recto superior e inferior que complementar\u00e1 la mayor\u00eda de los tipos de cuerpo.\" \/>\n<meta name=\"robots\" content=\"index, follow, max-snippet:-1, max-image-preview:large, max-video-preview:-1\" \/>\n<link rel=\"canonical\" href=\"https:\/\/glamorouscorset.com\/es\/tienda\/corse-materiales\/corses-de-malla\/emma-negro-malla-corse\/\" \/>\n<meta property=\"og:locale\" content=\"es_ES\" \/>\n<meta property=\"og:type\" content=\"article\" \/>\n<meta property=\"og:title\" content=\"Emma Malla Negra Underbust Steel Boned Cors\u00e9 Glamorous Corset\" \/>\n<meta property=\"og:description\" content=\"Un hermoso cors\u00e9 de malla negra de acero doble de 10&quot;. Emma cuenta con un borde recto superior e inferior que complementar\u00e1 la mayor\u00eda de los tipos de cuerpo.\" \/>\n<meta property=\"og:url\" content=\"https:\/\/glamorouscorset.com\/es\/tienda\/corse-materiales\/corses-de-malla\/emma-negro-malla-corse\/\" \/>\n<meta property=\"og:site_name\" content=\"Glamorous Corset\" \/>\n<meta property=\"article:publisher\" content=\"https:\/\/www.facebook.com\/glamorouscorset\" \/>\n<meta property=\"article:modified_time\" content=\"2026-01-22T17:49:35+00:00\" \/>\n<meta property=\"og:image\" content=\"https:\/\/glamorouscorset.com\/wp-content\/uploads\/2016\/10\/Emma-Black-Mesh-Corset.jpg\" \/>\n\t<meta property=\"og:image:width\" content=\"1020\" \/>\n\t<meta property=\"og:image:height\" content=\"1200\" \/>\n\t<meta property=\"og:image:type\" content=\"image\/jpeg\" \/>\n<meta name=\"twitter:card\" content=\"summary_large_image\" \/>\n<meta name=\"twitter:title\" content=\"Emma Malla Negra Underbust Steel Boned Cors\u00e9 Glamorous Corset\" \/>\n<meta name=\"twitter:description\" content=\"Un hermoso cors\u00e9 de malla negra de acero doble de 10&quot;. Emma cuenta con un borde recto superior e inferior que complementar\u00e1 la mayor\u00eda de los tipos de cuerpo.\" \/>\n<meta name=\"twitter:label1\" content=\"Tiempo de lectura\" \/>\n\t<meta name=\"twitter:data1\" content=\"1 minuto\" \/>\n<script type=\"application\/ld+json\" class=\"yoast-schema-graph\">{\"@context\":\"https:\/\/schema.org\",\"@graph\":[{\"@type\":\"WebPage\",\"@id\":\"https:\/\/glamorouscorset.com\/es\/tienda\/corse-materiales\/corses-de-malla\/emma-negro-malla-corse\/\",\"url\":\"https:\/\/glamorouscorset.com\/es\/tienda\/corse-materiales\/corses-de-malla\/emma-negro-malla-corse\/\",\"name\":\"Emma Cors\u00e9 deshuesado de acero bajo malla de acero negro | Glamorous Corset\",\"isPartOf\":{\"@id\":\"https:\/\/glamorouscorset.com\/#website\"},\"primaryImageOfPage\":{\"@id\":\"https:\/\/glamorouscorset.com\/es\/tienda\/corse-materiales\/corses-de-malla\/emma-negro-malla-corse\/#primaryimage\"},\"image\":{\"@id\":\"https:\/\/glamorouscorset.com\/es\/tienda\/corse-materiales\/corses-de-malla\/emma-negro-malla-corse\/#primaryimage\"},\"thumbnailUrl\":\"https:\/\/glamorouscorset.com\/wp-content\/uploads\/2016\/10\/Emma-Black-Mesh-Corset.jpg\",\"datePublished\":\"2019-10-31T15:59:25+00:00\",\"dateModified\":\"2026-01-22T17:49:35+00:00\",\"description\":\"Un hermoso cors\u00e9 de malla negra de acero doble de 10\\\". Emma cuenta con un borde recto superior e inferior que complementar\u00e1 la mayor\u00eda de los tipos de cuerpo.\",\"breadcrumb\":{\"@id\":\"https:\/\/glamorouscorset.com\/es\/tienda\/corse-materiales\/corses-de-malla\/emma-negro-malla-corse\/#breadcrumb\"},\"inLanguage\":\"es\",\"potentialAction\":[{\"@type\":\"ReadAction\",\"target\":[\"https:\/\/glamorouscorset.com\/es\/tienda\/corse-materiales\/corses-de-malla\/emma-negro-malla-corse\/\"]}]},{\"@type\":\"ImageObject\",\"inLanguage\":\"es\",\"@id\":\"https:\/\/glamorouscorset.com\/es\/tienda\/corse-materiales\/corses-de-malla\/emma-negro-malla-corse\/#primaryimage\",\"url\":\"https:\/\/glamorouscorset.com\/wp-content\/uploads\/2016\/10\/Emma-Black-Mesh-Corset.jpg\",\"contentUrl\":\"https:\/\/glamorouscorset.com\/wp-content\/uploads\/2016\/10\/Emma-Black-Mesh-Corset.jpg\",\"width\":1020,\"height\":1200,\"caption\":\"Emma Black Mesh Corset\"},{\"@type\":\"BreadcrumbList\",\"@id\":\"https:\/\/glamorouscorset.com\/es\/tienda\/corse-materiales\/corses-de-malla\/emma-negro-malla-corse\/#breadcrumb\",\"itemListElement\":[{\"@type\":\"ListItem\",\"position\":1,\"name\":\"Home\",\"item\":\"https:\/\/glamorouscorset.com\/es\/\"},{\"@type\":\"ListItem\",\"position\":2,\"name\":\"Tienda\",\"item\":\"https:\/\/glamorouscorset.com\/es\/tienda\/\"},{\"@type\":\"ListItem\",\"position\":3,\"name\":\"Emma Cors\u00e9 de malla negra\"}]},{\"@type\":\"WebSite\",\"@id\":\"https:\/\/glamorouscorset.com\/#website\",\"url\":\"https:\/\/glamorouscorset.com\/\",\"name\":\"Glamorous Corset\",\"description\":\"Glamorous Corset offers an assortment of steel boned waist training corsets for all shapes and sizes!\",\"publisher\":{\"@id\":\"https:\/\/glamorouscorset.com\/#organization\"},\"potentialAction\":[{\"@type\":\"SearchAction\",\"target\":{\"@type\":\"EntryPoint\",\"urlTemplate\":\"https:\/\/glamorouscorset.com\/?s={search_term_string}\"},\"query-input\":{\"@type\":\"PropertyValueSpecification\",\"valueRequired\":true,\"valueName\":\"search_term_string\"}}],\"inLanguage\":\"es\"},{\"@type\":\"Organization\",\"@id\":\"https:\/\/glamorouscorset.com\/#organization\",\"name\":\"Glamorous Corset\",\"url\":\"https:\/\/glamorouscorset.com\/\",\"logo\":{\"@type\":\"ImageObject\",\"inLanguage\":\"es\",\"@id\":\"https:\/\/glamorouscorset.com\/#\/schema\/logo\/image\/\",\"url\":\"https:\/\/glamorouscorset.com\/wp-content\/uploads\/2015\/11\/logo@2x.jpg\",\"contentUrl\":\"https:\/\/glamorouscorset.com\/wp-content\/uploads\/2015\/11\/logo@2x.jpg\",\"width\":238,\"height\":60,\"caption\":\"Glamorous Corset\"},\"image\":{\"@id\":\"https:\/\/glamorouscorset.com\/#\/schema\/logo\/image\/\"},\"sameAs\":[\"https:\/\/www.facebook.com\/glamorouscorset\"]}]}<\/script>\n<!-- \/ Yoast SEO plugin. -->","yoast_head_json":{"title":"Emma Cors\u00e9 deshuesado de acero bajo malla de acero negro | Glamorous Corset","description":"Un hermoso cors\u00e9 de malla negra de acero doble de 10\". Emma cuenta con un borde recto superior e inferior que complementar\u00e1 la mayor\u00eda de los tipos de cuerpo.","robots":{"index":"index","follow":"follow","max-snippet":"max-snippet:-1","max-image-preview":"max-image-preview:large","max-video-preview":"max-video-preview:-1"},"canonical":"https:\/\/glamorouscorset.com\/es\/tienda\/corse-materiales\/corses-de-malla\/emma-negro-malla-corse\/","og_locale":"es_ES","og_type":"article","og_title":"Emma Malla Negra Underbust Steel Boned Cors\u00e9 Glamorous Corset","og_description":"Un hermoso cors\u00e9 de malla negra de acero doble de 10\". Emma cuenta con un borde recto superior e inferior que complementar\u00e1 la mayor\u00eda de los tipos de cuerpo.","og_url":"https:\/\/glamorouscorset.com\/es\/tienda\/corse-materiales\/corses-de-malla\/emma-negro-malla-corse\/","og_site_name":"Glamorous Corset","article_publisher":"https:\/\/www.facebook.com\/glamorouscorset","article_modified_time":"2026-01-22T17:49:35+00:00","og_image":[{"width":1020,"height":1200,"url":"https:\/\/glamorouscorset.com\/wp-content\/uploads\/2016\/10\/Emma-Black-Mesh-Corset.jpg","type":"image\/jpeg"}],"twitter_card":"summary_large_image","twitter_title":"Emma Malla Negra Underbust Steel Boned Cors\u00e9 Glamorous Corset","twitter_description":"Un hermoso cors\u00e9 de malla negra de acero doble de 10\". Emma cuenta con un borde recto superior e inferior que complementar\u00e1 la mayor\u00eda de los tipos de cuerpo.","twitter_misc":{"Tiempo de lectura":"1 minuto"},"schema":{"@context":"https:\/\/schema.org","@graph":[{"@type":"WebPage","@id":"https:\/\/glamorouscorset.com\/es\/tienda\/corse-materiales\/corses-de-malla\/emma-negro-malla-corse\/","url":"https:\/\/glamorouscorset.com\/es\/tienda\/corse-materiales\/corses-de-malla\/emma-negro-malla-corse\/","name":"Emma Cors\u00e9 deshuesado de acero bajo malla de acero negro | Glamorous Corset","isPartOf":{"@id":"https:\/\/glamorouscorset.com\/#website"},"primaryImageOfPage":{"@id":"https:\/\/glamorouscorset.com\/es\/tienda\/corse-materiales\/corses-de-malla\/emma-negro-malla-corse\/#primaryimage"},"image":{"@id":"https:\/\/glamorouscorset.com\/es\/tienda\/corse-materiales\/corses-de-malla\/emma-negro-malla-corse\/#primaryimage"},"thumbnailUrl":"https:\/\/glamorouscorset.com\/wp-content\/uploads\/2016\/10\/Emma-Black-Mesh-Corset.jpg","datePublished":"2019-10-31T15:59:25+00:00","dateModified":"2026-01-22T17:49:35+00:00","description":"Un hermoso cors\u00e9 de malla negra de acero doble de 10\". Emma cuenta con un borde recto superior e inferior que complementar\u00e1 la mayor\u00eda de los tipos de cuerpo.","breadcrumb":{"@id":"https:\/\/glamorouscorset.com\/es\/tienda\/corse-materiales\/corses-de-malla\/emma-negro-malla-corse\/#breadcrumb"},"inLanguage":"es","potentialAction":[{"@type":"ReadAction","target":["https:\/\/glamorouscorset.com\/es\/tienda\/corse-materiales\/corses-de-malla\/emma-negro-malla-corse\/"]}]},{"@type":"ImageObject","inLanguage":"es","@id":"https:\/\/glamorouscorset.com\/es\/tienda\/corse-materiales\/corses-de-malla\/emma-negro-malla-corse\/#primaryimage","url":"https:\/\/glamorouscorset.com\/wp-content\/uploads\/2016\/10\/Emma-Black-Mesh-Corset.jpg","contentUrl":"https:\/\/glamorouscorset.com\/wp-content\/uploads\/2016\/10\/Emma-Black-Mesh-Corset.jpg","width":1020,"height":1200,"caption":"Emma Black Mesh Corset"},{"@type":"BreadcrumbList","@id":"https:\/\/glamorouscorset.com\/es\/tienda\/corse-materiales\/corses-de-malla\/emma-negro-malla-corse\/#breadcrumb","itemListElement":[{"@type":"ListItem","position":1,"name":"Home","item":"https:\/\/glamorouscorset.com\/es\/"},{"@type":"ListItem","position":2,"name":"Tienda","item":"https:\/\/glamorouscorset.com\/es\/tienda\/"},{"@type":"ListItem","position":3,"name":"Emma Cors\u00e9 de malla negra"}]},{"@type":"WebSite","@id":"https:\/\/glamorouscorset.com\/#website","url":"https:\/\/glamorouscorset.com\/","name":"Glamorous Corset","description":"Glamorous Corset offers an assortment of steel boned waist training corsets for all shapes and sizes!","publisher":{"@id":"https:\/\/glamorouscorset.com\/#organization"},"potentialAction":[{"@type":"SearchAction","target":{"@type":"EntryPoint","urlTemplate":"https:\/\/glamorouscorset.com\/?s={search_term_string}"},"query-input":{"@type":"PropertyValueSpecification","valueRequired":true,"valueName":"search_term_string"}}],"inLanguage":"es"},{"@type":"Organization","@id":"https:\/\/glamorouscorset.com\/#organization","name":"Glamorous Corset","url":"https:\/\/glamorouscorset.com\/","logo":{"@type":"ImageObject","inLanguage":"es","@id":"https:\/\/glamorouscorset.com\/#\/schema\/logo\/image\/","url":"https:\/\/glamorouscorset.com\/wp-content\/uploads\/2015\/11\/logo@2x.jpg","contentUrl":"https:\/\/glamorouscorset.com\/wp-content\/uploads\/2015\/11\/logo@2x.jpg","width":238,"height":60,"caption":"Glamorous Corset"},"image":{"@id":"https:\/\/glamorouscorset.com\/#\/schema\/logo\/image\/"},"sameAs":["https:\/\/www.facebook.com\/glamorouscorset"]}]}},"_links":{"self":[{"href":"https:\/\/glamorouscorset.com\/es\/wp-json\/wp\/v2\/product\/7983","targetHints":{"allow":["GET"]}}],"collection":[{"href":"https:\/\/glamorouscorset.com\/es\/wp-json\/wp\/v2\/product"}],"about":[{"href":"https:\/\/glamorouscorset.com\/es\/wp-json\/wp\/v2\/types\/product"}],"replies":[{"embeddable":true,"href":"https:\/\/glamorouscorset.com\/es\/wp-json\/wp\/v2\/comments?post=7983"}],"wp:featuredmedia":[{"embeddable":true,"href":"https:\/\/glamorouscorset.com\/es\/wp-json\/wp\/v2\/media\/9022"}],"wp:attachment":[{"href":"https:\/\/glamorouscorset.com\/es\/wp-json\/wp\/v2\/media?parent=7983"}],"wp:term":[{"taxonomy":"product_brand","embeddable":true,"href":"https:\/\/glamorouscorset.com\/es\/wp-json\/wp\/v2\/product_brand?post=7983"},{"taxonomy":"product_cat","embeddable":true,"href":"https:\/\/glamorouscorset.com\/es\/wp-json\/wp\/v2\/product_cat?post=7983"},{"taxonomy":"product_tag","embeddable":true,"href":"https:\/\/glamorouscorset.com\/es\/wp-json\/wp\/v2\/product_tag?post=7983"}],"curies":[{"name":"wp","href":"https:\/\/api.w.org\/{rel}","templated":true}]}}