{"id":7908,"date":"2019-08-26T14:58:32","date_gmt":"2019-08-26T18:58:32","guid":{"rendered":"https:\/\/glamorouscorset.com\/shop-all\/sin%20categor\u00eda\/bella-corse-de-raso-blanco\/"},"modified":"2023-12-19T10:21:09","modified_gmt":"2023-12-19T15:21:09","slug":"bella-corse-de-raso-blanco","status":"publish","type":"product","link":"https:\/\/glamorouscorset.com\/es\/tienda\/colecciones-de-corse\/corses-nupciales\/bella-corse-de-raso-blanco\/","title":{"rendered":"Bella Cors\u00e9 de raso blanco"},"content":{"rendered":"<h2>Bella Cors\u00e9 de raso blanco<\/h2>\n<p>Nuestro GC-159. Bella es un cors\u00e9 100% satinado (en blanco). Este cl\u00e1sico cors\u00e9 corto de 8 \u00abdebajo del busto ce\u00f1ir\u00e1 la cintura al m\u00e1ximo y har\u00e1 que cualquier atuendo se destaque. Esta hermosa pieza se puede usar sobre la ropa como un cintur\u00f3n o simplemente como un cintur\u00f3n de cintura sobre o debajo de la ropa. Independientemente de lo que decida, este cors\u00e9 de sat\u00e9n blanco crear\u00e1 la muy buscada figura de reloj de arena.<\/p>\n<h3>Caracter\u00edsticas y detalles<\/h3>\n<p>\u2022 16 huesos de acero (4 huesos de acero r\u00edgido, 12 huesos de acero en espiral)<br \/>\n\u2022 Busk de acero<br \/>\n\u2022 Para longitud de torso corta \/ media<br \/>\n\u2022 Longitud delantera 8 pulgadas<br \/>\n\u2022 Largo de espalda 7 pulgadas<br \/>\n\u2022 Longitud lateral 8 pulgadas<br \/>\n\u2022 Tiene un resorte el\u00e1stico de 2 pulgadas y un resorte de cadera de 4 pulgadas<br \/>\n\u2022 100% satinado<br \/>\n\u2022 Forrado con 100% algod\u00f3n + cinta de cintura<br \/>\n\u2022 Panel de modestia de 5 \u00abde ancho<br \/>\n\u2022 Cord\u00f3n tradicional bidireccional<br \/>\n\u2022 Viene con una bolsa de almacenamiento<\/p>\n","protected":false},"excerpt":{"rendered":"<p>Cl\u00e1sico cors\u00e9 corto de 8 \u00abcon doble cuerpo de acero deshuesado<\/p>\n","protected":false},"featured_media":7921,"comment_status":"open","ping_status":"closed","template":"","meta":[],"product_brand":[],"product_cat":[313,315,320,376,319,370,318,321,359,317,356],"product_tag":[],"class_list":{"0":"post-7908","1":"product","2":"type-product","3":"status-publish","4":"has-post-thumbnail","6":"product_cat-corse-categorias","7":"product_cat-corse-colors","8":"product_cat-corse-materiales","9":"product_cat-corses-a-la-venta","10":"product_cat-corses-bajo-el-pecho","11":"product_cat-corses-blancos","12":"product_cat-corses-de-entrenamiento-de-cintura","13":"product_cat-corses-de-saten","14":"product_cat-corses-de-waspie","15":"product_cat-corses-deshuesados-de-acero","16":"product_cat-corses-nupciales","17":"pa_color-blanco","18":"pa_corset-type-acero-deshuesado","19":"pa_corset-type-debajo-del-busto-es","20":"pa_corset-type-entrenamiento-de-cintura","21":"pa_material-satin-es","22":"pa_size-18-es","23":"pa_size-20-es","24":"pa_size-22-es","25":"pa_size-24-es","26":"pa_size-26-es","27":"pa_size-28-es","28":"pa_size-30-es","29":"pa_size-32-es","30":"pa_size-34-es","31":"pa_size-36-es","32":"pa_size-38-es","33":"pa_size-40-es","34":"pa_torso-length-corto","35":"pa_torso-length-promedio","37":"first","38":"outofstock","39":"taxable","40":"shipping-taxable","41":"product-type-variable"},"yoast_head":"<!-- This site is optimized with the Yoast SEO plugin v26.9 - https:\/\/yoast.com\/product\/yoast-seo-wordpress\/ -->\n<title>Bella Cors\u00e9 deshuesado de acero satinado blanco | Glamorous Corset<\/title>\n<meta name=\"description\" content=\"El cors\u00e9 de sat\u00e9n blanco Bella es un cors\u00e9 debajo del busto 100% satinado con 16 huesos de acero para crear esa forma de reloj de arena.\" \/>\n<meta name=\"robots\" content=\"index, follow, max-snippet:-1, max-image-preview:large, max-video-preview:-1\" \/>\n<link rel=\"canonical\" href=\"https:\/\/glamorouscorset.com\/es\/tienda\/colecciones-de-corse\/corses-nupciales\/bella-corse-de-raso-blanco\/\" \/>\n<meta property=\"og:locale\" content=\"es_ES\" \/>\n<meta property=\"og:type\" content=\"article\" \/>\n<meta property=\"og:title\" content=\"Bella Cors\u00e9 deshuesado de acero satinado blanco | Glamorous Corset\" \/>\n<meta property=\"og:description\" content=\"El cors\u00e9 de sat\u00e9n blanco Bella es un cors\u00e9 debajo del busto 100% satinado con 16 huesos de acero para crear esa forma de reloj de arena.\" \/>\n<meta property=\"og:url\" content=\"https:\/\/glamorouscorset.com\/es\/tienda\/colecciones-de-corse\/corses-nupciales\/bella-corse-de-raso-blanco\/\" \/>\n<meta property=\"og:site_name\" content=\"Glamorous Corset\" \/>\n<meta property=\"article:publisher\" content=\"https:\/\/www.facebook.com\/glamorouscorset\" \/>\n<meta property=\"article:modified_time\" content=\"2023-12-19T15:21:09+00:00\" \/>\n<meta property=\"og:image\" content=\"https:\/\/glamorouscorset.com\/wp-content\/uploads\/2016\/09\/Bella-White-Satin-Corset.jpg\" \/>\n\t<meta property=\"og:image:width\" content=\"1020\" \/>\n\t<meta property=\"og:image:height\" content=\"1200\" \/>\n\t<meta property=\"og:image:type\" content=\"image\/jpeg\" \/>\n<meta name=\"twitter:card\" content=\"summary_large_image\" \/>\n<meta name=\"twitter:title\" content=\"Bella Cors\u00e9 deshuesado de acero satinado blanco | Glamorous Corset\" \/>\n<meta name=\"twitter:description\" content=\"El cors\u00e9 de sat\u00e9n blanco Bella es un cors\u00e9 debajo del busto 100% satinado con 16 huesos de acero para crear esa forma de reloj de arena.\" \/>\n<meta name=\"twitter:label1\" content=\"Tiempo de lectura\" \/>\n\t<meta name=\"twitter:data1\" content=\"1 minuto\" \/>\n<script type=\"application\/ld+json\" class=\"yoast-schema-graph\">{\"@context\":\"https:\/\/schema.org\",\"@graph\":[{\"@type\":\"WebPage\",\"@id\":\"https:\/\/glamorouscorset.com\/es\/tienda\/colecciones-de-corse\/corses-nupciales\/bella-corse-de-raso-blanco\/\",\"url\":\"https:\/\/glamorouscorset.com\/es\/tienda\/colecciones-de-corse\/corses-nupciales\/bella-corse-de-raso-blanco\/\",\"name\":\"Bella Cors\u00e9 deshuesado de acero satinado blanco | Glamorous Corset\",\"isPartOf\":{\"@id\":\"https:\/\/glamorouscorset.com\/#website\"},\"primaryImageOfPage\":{\"@id\":\"https:\/\/glamorouscorset.com\/es\/tienda\/colecciones-de-corse\/corses-nupciales\/bella-corse-de-raso-blanco\/#primaryimage\"},\"image\":{\"@id\":\"https:\/\/glamorouscorset.com\/es\/tienda\/colecciones-de-corse\/corses-nupciales\/bella-corse-de-raso-blanco\/#primaryimage\"},\"thumbnailUrl\":\"https:\/\/glamorouscorset.com\/wp-content\/uploads\/2016\/09\/Bella-White-Satin-Corset.jpg\",\"datePublished\":\"2019-08-26T18:58:32+00:00\",\"dateModified\":\"2023-12-19T15:21:09+00:00\",\"description\":\"El cors\u00e9 de sat\u00e9n blanco Bella es un cors\u00e9 debajo del busto 100% satinado con 16 huesos de acero para crear esa forma de reloj de arena.\",\"breadcrumb\":{\"@id\":\"https:\/\/glamorouscorset.com\/es\/tienda\/colecciones-de-corse\/corses-nupciales\/bella-corse-de-raso-blanco\/#breadcrumb\"},\"inLanguage\":\"es\",\"potentialAction\":[{\"@type\":\"ReadAction\",\"target\":[\"https:\/\/glamorouscorset.com\/es\/tienda\/colecciones-de-corse\/corses-nupciales\/bella-corse-de-raso-blanco\/\"]}]},{\"@type\":\"ImageObject\",\"inLanguage\":\"es\",\"@id\":\"https:\/\/glamorouscorset.com\/es\/tienda\/colecciones-de-corse\/corses-nupciales\/bella-corse-de-raso-blanco\/#primaryimage\",\"url\":\"https:\/\/glamorouscorset.com\/wp-content\/uploads\/2016\/09\/Bella-White-Satin-Corset.jpg\",\"contentUrl\":\"https:\/\/glamorouscorset.com\/wp-content\/uploads\/2016\/09\/Bella-White-Satin-Corset.jpg\",\"width\":1020,\"height\":1200,\"caption\":\"Cors\u00e9 de raso blanco\"},{\"@type\":\"BreadcrumbList\",\"@id\":\"https:\/\/glamorouscorset.com\/es\/tienda\/colecciones-de-corse\/corses-nupciales\/bella-corse-de-raso-blanco\/#breadcrumb\",\"itemListElement\":[{\"@type\":\"ListItem\",\"position\":1,\"name\":\"Home\",\"item\":\"https:\/\/glamorouscorset.com\/es\/\"},{\"@type\":\"ListItem\",\"position\":2,\"name\":\"Tienda\",\"item\":\"https:\/\/glamorouscorset.com\/es\/tienda\/\"},{\"@type\":\"ListItem\",\"position\":3,\"name\":\"Bella Cors\u00e9 de raso blanco\"}]},{\"@type\":\"WebSite\",\"@id\":\"https:\/\/glamorouscorset.com\/#website\",\"url\":\"https:\/\/glamorouscorset.com\/\",\"name\":\"Glamorous Corset\",\"description\":\"Glamorous Corset offers an assortment of steel boned waist training corsets for all shapes and sizes!\",\"publisher\":{\"@id\":\"https:\/\/glamorouscorset.com\/#organization\"},\"potentialAction\":[{\"@type\":\"SearchAction\",\"target\":{\"@type\":\"EntryPoint\",\"urlTemplate\":\"https:\/\/glamorouscorset.com\/?s={search_term_string}\"},\"query-input\":{\"@type\":\"PropertyValueSpecification\",\"valueRequired\":true,\"valueName\":\"search_term_string\"}}],\"inLanguage\":\"es\"},{\"@type\":\"Organization\",\"@id\":\"https:\/\/glamorouscorset.com\/#organization\",\"name\":\"Glamorous Corset\",\"url\":\"https:\/\/glamorouscorset.com\/\",\"logo\":{\"@type\":\"ImageObject\",\"inLanguage\":\"es\",\"@id\":\"https:\/\/glamorouscorset.com\/#\/schema\/logo\/image\/\",\"url\":\"https:\/\/glamorouscorset.com\/wp-content\/uploads\/2015\/11\/logo@2x.jpg\",\"contentUrl\":\"https:\/\/glamorouscorset.com\/wp-content\/uploads\/2015\/11\/logo@2x.jpg\",\"width\":238,\"height\":60,\"caption\":\"Glamorous Corset\"},\"image\":{\"@id\":\"https:\/\/glamorouscorset.com\/#\/schema\/logo\/image\/\"},\"sameAs\":[\"https:\/\/www.facebook.com\/glamorouscorset\"]}]}<\/script>\n<!-- \/ Yoast SEO plugin. -->","yoast_head_json":{"title":"Bella Cors\u00e9 deshuesado de acero satinado blanco | Glamorous Corset","description":"El cors\u00e9 de sat\u00e9n blanco Bella es un cors\u00e9 debajo del busto 100% satinado con 16 huesos de acero para crear esa forma de reloj de arena.","robots":{"index":"index","follow":"follow","max-snippet":"max-snippet:-1","max-image-preview":"max-image-preview:large","max-video-preview":"max-video-preview:-1"},"canonical":"https:\/\/glamorouscorset.com\/es\/tienda\/colecciones-de-corse\/corses-nupciales\/bella-corse-de-raso-blanco\/","og_locale":"es_ES","og_type":"article","og_title":"Bella Cors\u00e9 deshuesado de acero satinado blanco | Glamorous Corset","og_description":"El cors\u00e9 de sat\u00e9n blanco Bella es un cors\u00e9 debajo del busto 100% satinado con 16 huesos de acero para crear esa forma de reloj de arena.","og_url":"https:\/\/glamorouscorset.com\/es\/tienda\/colecciones-de-corse\/corses-nupciales\/bella-corse-de-raso-blanco\/","og_site_name":"Glamorous Corset","article_publisher":"https:\/\/www.facebook.com\/glamorouscorset","article_modified_time":"2023-12-19T15:21:09+00:00","og_image":[{"width":1020,"height":1200,"url":"https:\/\/glamorouscorset.com\/wp-content\/uploads\/2016\/09\/Bella-White-Satin-Corset.jpg","type":"image\/jpeg"}],"twitter_card":"summary_large_image","twitter_title":"Bella Cors\u00e9 deshuesado de acero satinado blanco | Glamorous Corset","twitter_description":"El cors\u00e9 de sat\u00e9n blanco Bella es un cors\u00e9 debajo del busto 100% satinado con 16 huesos de acero para crear esa forma de reloj de arena.","twitter_misc":{"Tiempo de lectura":"1 minuto"},"schema":{"@context":"https:\/\/schema.org","@graph":[{"@type":"WebPage","@id":"https:\/\/glamorouscorset.com\/es\/tienda\/colecciones-de-corse\/corses-nupciales\/bella-corse-de-raso-blanco\/","url":"https:\/\/glamorouscorset.com\/es\/tienda\/colecciones-de-corse\/corses-nupciales\/bella-corse-de-raso-blanco\/","name":"Bella Cors\u00e9 deshuesado de acero satinado blanco | Glamorous Corset","isPartOf":{"@id":"https:\/\/glamorouscorset.com\/#website"},"primaryImageOfPage":{"@id":"https:\/\/glamorouscorset.com\/es\/tienda\/colecciones-de-corse\/corses-nupciales\/bella-corse-de-raso-blanco\/#primaryimage"},"image":{"@id":"https:\/\/glamorouscorset.com\/es\/tienda\/colecciones-de-corse\/corses-nupciales\/bella-corse-de-raso-blanco\/#primaryimage"},"thumbnailUrl":"https:\/\/glamorouscorset.com\/wp-content\/uploads\/2016\/09\/Bella-White-Satin-Corset.jpg","datePublished":"2019-08-26T18:58:32+00:00","dateModified":"2023-12-19T15:21:09+00:00","description":"El cors\u00e9 de sat\u00e9n blanco Bella es un cors\u00e9 debajo del busto 100% satinado con 16 huesos de acero para crear esa forma de reloj de arena.","breadcrumb":{"@id":"https:\/\/glamorouscorset.com\/es\/tienda\/colecciones-de-corse\/corses-nupciales\/bella-corse-de-raso-blanco\/#breadcrumb"},"inLanguage":"es","potentialAction":[{"@type":"ReadAction","target":["https:\/\/glamorouscorset.com\/es\/tienda\/colecciones-de-corse\/corses-nupciales\/bella-corse-de-raso-blanco\/"]}]},{"@type":"ImageObject","inLanguage":"es","@id":"https:\/\/glamorouscorset.com\/es\/tienda\/colecciones-de-corse\/corses-nupciales\/bella-corse-de-raso-blanco\/#primaryimage","url":"https:\/\/glamorouscorset.com\/wp-content\/uploads\/2016\/09\/Bella-White-Satin-Corset.jpg","contentUrl":"https:\/\/glamorouscorset.com\/wp-content\/uploads\/2016\/09\/Bella-White-Satin-Corset.jpg","width":1020,"height":1200,"caption":"Cors\u00e9 de raso blanco"},{"@type":"BreadcrumbList","@id":"https:\/\/glamorouscorset.com\/es\/tienda\/colecciones-de-corse\/corses-nupciales\/bella-corse-de-raso-blanco\/#breadcrumb","itemListElement":[{"@type":"ListItem","position":1,"name":"Home","item":"https:\/\/glamorouscorset.com\/es\/"},{"@type":"ListItem","position":2,"name":"Tienda","item":"https:\/\/glamorouscorset.com\/es\/tienda\/"},{"@type":"ListItem","position":3,"name":"Bella Cors\u00e9 de raso blanco"}]},{"@type":"WebSite","@id":"https:\/\/glamorouscorset.com\/#website","url":"https:\/\/glamorouscorset.com\/","name":"Glamorous Corset","description":"Glamorous Corset offers an assortment of steel boned waist training corsets for all shapes and sizes!","publisher":{"@id":"https:\/\/glamorouscorset.com\/#organization"},"potentialAction":[{"@type":"SearchAction","target":{"@type":"EntryPoint","urlTemplate":"https:\/\/glamorouscorset.com\/?s={search_term_string}"},"query-input":{"@type":"PropertyValueSpecification","valueRequired":true,"valueName":"search_term_string"}}],"inLanguage":"es"},{"@type":"Organization","@id":"https:\/\/glamorouscorset.com\/#organization","name":"Glamorous Corset","url":"https:\/\/glamorouscorset.com\/","logo":{"@type":"ImageObject","inLanguage":"es","@id":"https:\/\/glamorouscorset.com\/#\/schema\/logo\/image\/","url":"https:\/\/glamorouscorset.com\/wp-content\/uploads\/2015\/11\/logo@2x.jpg","contentUrl":"https:\/\/glamorouscorset.com\/wp-content\/uploads\/2015\/11\/logo@2x.jpg","width":238,"height":60,"caption":"Glamorous Corset"},"image":{"@id":"https:\/\/glamorouscorset.com\/#\/schema\/logo\/image\/"},"sameAs":["https:\/\/www.facebook.com\/glamorouscorset"]}]}},"_links":{"self":[{"href":"https:\/\/glamorouscorset.com\/es\/wp-json\/wp\/v2\/product\/7908","targetHints":{"allow":["GET"]}}],"collection":[{"href":"https:\/\/glamorouscorset.com\/es\/wp-json\/wp\/v2\/product"}],"about":[{"href":"https:\/\/glamorouscorset.com\/es\/wp-json\/wp\/v2\/types\/product"}],"replies":[{"embeddable":true,"href":"https:\/\/glamorouscorset.com\/es\/wp-json\/wp\/v2\/comments?post=7908"}],"wp:featuredmedia":[{"embeddable":true,"href":"https:\/\/glamorouscorset.com\/es\/wp-json\/wp\/v2\/media\/7921"}],"wp:attachment":[{"href":"https:\/\/glamorouscorset.com\/es\/wp-json\/wp\/v2\/media?parent=7908"}],"wp:term":[{"taxonomy":"product_brand","embeddable":true,"href":"https:\/\/glamorouscorset.com\/es\/wp-json\/wp\/v2\/product_brand?post=7908"},{"taxonomy":"product_cat","embeddable":true,"href":"https:\/\/glamorouscorset.com\/es\/wp-json\/wp\/v2\/product_cat?post=7908"},{"taxonomy":"product_tag","embeddable":true,"href":"https:\/\/glamorouscorset.com\/es\/wp-json\/wp\/v2\/product_tag?post=7908"}],"curies":[{"name":"wp","href":"https:\/\/api.w.org\/{rel}","templated":true}]}}