{"id":7841,"date":"2016-10-11T23:10:35","date_gmt":"2019-10-31T15:10:32","guid":{"rendered":"https:\/\/glamorouscorset.com\/shop-all\/sin%20categor\u00eda\/bella-corse-de-cuero-marron-con-tachuelas\/"},"modified":"2020-01-16T11:19:36","modified_gmt":"2020-01-16T16:19:36","slug":"bella-marron-cuero-corse-con-studs","status":"publish","type":"product","link":"https:\/\/glamorouscorset.com\/es\/tienda\/colecciones-de-corse\/corses-steampunk\/bella-marron-cuero-corse-con-studs\/","title":{"rendered":"Bella Cors\u00e9 de cuero marr\u00f3n con tachuelas"},"content":{"rendered":"<h2>Bella Cors\u00e9 de cuero marr\u00f3n con tachuelas<\/h2>\n<p>GC-159. Bella es un cors\u00e9 de piel de cordero de cuero marr\u00f3n con tachuelas. Este cl\u00e1sico cors\u00e9 corto de 8&#8243; bajo el busto har\u00e1 que la cintura sea m\u00e1xima y har\u00e1 que cualquier atuendo destaque. Esta hermosa pieza ha sido decorada con tachuelas para un aspecto extremo y se puede usar sobre la ropa como un cintur\u00f3n o simplemente como un cincher cintura sobre la ropa. Sin embargo usted decide, este cors\u00e9 de cuero crear\u00e1 la tan buscada figura de reloj de arena.<\/p>\n<h3>Caracter\u00edsticas &amp; detalles<\/h3>\n<p>\u2022 16 huesos de acero (4 huesos r\u00edgidos de acero, 12 huesos de acero espiral)<br \/>\n\u2022 Busk de acero<br \/>\n\u2022 Para longitud de torso corta\/media<br \/>\n\u2022 Longitud delantera 8 pulgadas<br \/>\n\u2022 Longitud de la espalda 7 pulgadas<br \/>\n\u2022 Longitud lateral 8 pulgadas<br \/>\n\u2022 Tiene un resorte de costilla de 2 pulgadas y un resorte de cadera de 4 pulgadas<br \/>\n\u2022 100 piel de cordero<br \/>\n\u2022 Forrado con 100% algod\u00f3n + cinta de cintura<br \/>\n\u2022 Panel de modestia ancha de 5&#8243;<br \/>\n\u2022 Cord\u00f3n tradicional bidireccional<br \/>\n\u2022 6 lazos de suspensi\u00f3n<br \/>\n\u2022 Viene con una bolsa de almacenamiento<\/p>\n","protected":false},"excerpt":{"rendered":"<p>Short 8&#8243; cuero doble acero Boned Waspie Underbust Cors\u00e9<\/p>\n","protected":false},"featured_media":9019,"comment_status":"open","ping_status":"closed","template":"","meta":[],"product_brand":[],"product_cat":[355,313,315,320,376,319,373,359,363,322],"product_tag":[],"class_list":{"0":"post-7841","1":"product","2":"type-product","3":"status-publish","4":"has-post-thumbnail","6":"product_cat-colecciones-de-corse","7":"product_cat-corse-categorias","8":"product_cat-corse-colors","9":"product_cat-corse-materiales","10":"product_cat-corses-a-la-venta","11":"product_cat-corses-bajo-el-pecho","12":"product_cat-corses-de-cuero","13":"product_cat-corses-de-waspie","14":"product_cat-corses-marrones","15":"product_cat-corses-steampunk","16":"pa_color-negro","17":"pa_corset-type-acero-deshuesado","18":"pa_corset-type-entrenamiento-de-cintura","19":"pa_corset-type-sobre-el-busto","20":"pa_material-cuero","21":"pa_size-18-es","22":"pa_size-20-es","23":"pa_size-22-es","24":"pa_size-24-es","25":"pa_size-26-es","26":"pa_size-28-es","27":"pa_size-30-es","28":"pa_size-32-es","29":"pa_size-34-es","30":"pa_size-36-es","31":"pa_size-38-es","32":"pa_size-40-es","33":"pa_torso-length-corto","34":"pa_torso-length-promedio","36":"first","37":"outofstock","38":"sale","39":"taxable","40":"shipping-taxable","41":"purchasable","42":"product-type-variable"},"yoast_head":"<!-- This site is optimized with the Yoast SEO plugin v26.9 - https:\/\/yoast.com\/product\/yoast-seo-wordpress\/ -->\n<title>Cors\u00e9 de cors\u00e9 de hueso de acero de bella marr\u00f3n con tachuelas de piel de color naranja con tachuelas | Glamorous Corset<\/title>\n<meta name=\"description\" content=\"Bella es un cors\u00e9 de piel de cordero de cuero marr\u00f3n con tachuelas. Este cors\u00e9 corto cl\u00e1sico de 8&quot; bajo el busto har\u00e1 que la cintura sea m\u00e1xima.\" \/>\n<meta name=\"robots\" content=\"index, follow, max-snippet:-1, max-image-preview:large, max-video-preview:-1\" \/>\n<link rel=\"canonical\" href=\"https:\/\/glamorouscorset.com\/es\/tienda\/colecciones-de-corse\/corses-steampunk\/bella-marron-cuero-corse-con-studs\/\" \/>\n<meta property=\"og:locale\" content=\"es_ES\" \/>\n<meta property=\"og:type\" content=\"article\" \/>\n<meta property=\"og:title\" content=\"Cors\u00e9 de cors\u00e9 de hueso de acero de bella marr\u00f3n con tachuelas de piel de color naranja con tachuelas Glamorous Corset\" \/>\n<meta property=\"og:description\" content=\"Bella es un cors\u00e9 de piel de cordero de cuero marr\u00f3n con tachuelas. Este cors\u00e9 corto cl\u00e1sico de 8&quot; bajo el busto har\u00e1 que la cintura sea m\u00e1xima.\" \/>\n<meta property=\"og:url\" content=\"https:\/\/glamorouscorset.com\/es\/tienda\/colecciones-de-corse\/corses-steampunk\/bella-marron-cuero-corse-con-studs\/\" \/>\n<meta property=\"og:site_name\" content=\"Glamorous Corset\" \/>\n<meta property=\"article:publisher\" content=\"https:\/\/www.facebook.com\/glamorouscorset\" \/>\n<meta property=\"article:modified_time\" content=\"2020-01-16T16:19:36+00:00\" \/>\n<meta property=\"og:image\" content=\"https:\/\/glamorouscorset.com\/wp-content\/uploads\/2016\/10\/Bella-Brown-Leather-Corset-with-Studs.jpg\" \/>\n\t<meta property=\"og:image:width\" content=\"1020\" \/>\n\t<meta property=\"og:image:height\" content=\"1200\" \/>\n\t<meta property=\"og:image:type\" content=\"image\/jpeg\" \/>\n<meta name=\"twitter:card\" content=\"summary_large_image\" \/>\n<meta name=\"twitter:title\" content=\"Kathy Cors\u00e9 de cuero marr\u00f3n con deshuesado de acero\" \/>\n<meta name=\"twitter:description\" content=\"Cuero suave y construcci\u00f3n de tres capas y una combinaci\u00f3n de 20 huesos planos y espirales a lo largo de ella es capaz de la m\u00e1xima cinchada.\" \/>\n<meta name=\"twitter:label1\" content=\"Tiempo de lectura\" \/>\n\t<meta name=\"twitter:data1\" content=\"1 minuto\" \/>\n<script type=\"application\/ld+json\" class=\"yoast-schema-graph\">{\"@context\":\"https:\/\/schema.org\",\"@graph\":[{\"@type\":\"WebPage\",\"@id\":\"https:\/\/glamorouscorset.com\/es\/tienda\/colecciones-de-corse\/corses-steampunk\/bella-marron-cuero-corse-con-studs\/\",\"url\":\"https:\/\/glamorouscorset.com\/es\/tienda\/colecciones-de-corse\/corses-steampunk\/bella-marron-cuero-corse-con-studs\/\",\"name\":\"Cors\u00e9 de cors\u00e9 de hueso de acero de bella marr\u00f3n con tachuelas de piel de color naranja con tachuelas | Glamorous Corset\",\"isPartOf\":{\"@id\":\"https:\/\/glamorouscorset.com\/#website\"},\"primaryImageOfPage\":{\"@id\":\"https:\/\/glamorouscorset.com\/es\/tienda\/colecciones-de-corse\/corses-steampunk\/bella-marron-cuero-corse-con-studs\/#primaryimage\"},\"image\":{\"@id\":\"https:\/\/glamorouscorset.com\/es\/tienda\/colecciones-de-corse\/corses-steampunk\/bella-marron-cuero-corse-con-studs\/#primaryimage\"},\"thumbnailUrl\":\"https:\/\/glamorouscorset.com\/wp-content\/uploads\/2016\/10\/Bella-Brown-Leather-Corset-with-Studs.jpg\",\"datePublished\":\"2019-10-31T15:10:32+00:00\",\"dateModified\":\"2020-01-16T16:19:36+00:00\",\"description\":\"Bella es un cors\u00e9 de piel de cordero de cuero marr\u00f3n con tachuelas. Este cors\u00e9 corto cl\u00e1sico de 8\\\" bajo el busto har\u00e1 que la cintura sea m\u00e1xima.\",\"breadcrumb\":{\"@id\":\"https:\/\/glamorouscorset.com\/es\/tienda\/colecciones-de-corse\/corses-steampunk\/bella-marron-cuero-corse-con-studs\/#breadcrumb\"},\"inLanguage\":\"es\",\"potentialAction\":[{\"@type\":\"ReadAction\",\"target\":[\"https:\/\/glamorouscorset.com\/es\/tienda\/colecciones-de-corse\/corses-steampunk\/bella-marron-cuero-corse-con-studs\/\"]}]},{\"@type\":\"ImageObject\",\"inLanguage\":\"es\",\"@id\":\"https:\/\/glamorouscorset.com\/es\/tienda\/colecciones-de-corse\/corses-steampunk\/bella-marron-cuero-corse-con-studs\/#primaryimage\",\"url\":\"https:\/\/glamorouscorset.com\/wp-content\/uploads\/2016\/10\/Bella-Brown-Leather-Corset-with-Studs.jpg\",\"contentUrl\":\"https:\/\/glamorouscorset.com\/wp-content\/uploads\/2016\/10\/Bella-Brown-Leather-Corset-with-Studs.jpg\",\"width\":1020,\"height\":1200,\"caption\":\"Bella Brown Leather Corset with Studs\"},{\"@type\":\"BreadcrumbList\",\"@id\":\"https:\/\/glamorouscorset.com\/es\/tienda\/colecciones-de-corse\/corses-steampunk\/bella-marron-cuero-corse-con-studs\/#breadcrumb\",\"itemListElement\":[{\"@type\":\"ListItem\",\"position\":1,\"name\":\"Home\",\"item\":\"https:\/\/glamorouscorset.com\/es\/\"},{\"@type\":\"ListItem\",\"position\":2,\"name\":\"Tienda\",\"item\":\"https:\/\/glamorouscorset.com\/es\/tienda\/\"},{\"@type\":\"ListItem\",\"position\":3,\"name\":\"Bella Cors\u00e9 de cuero marr\u00f3n con tachuelas\"}]},{\"@type\":\"WebSite\",\"@id\":\"https:\/\/glamorouscorset.com\/#website\",\"url\":\"https:\/\/glamorouscorset.com\/\",\"name\":\"Glamorous Corset\",\"description\":\"Glamorous Corset offers an assortment of steel boned waist training corsets for all shapes and sizes!\",\"publisher\":{\"@id\":\"https:\/\/glamorouscorset.com\/#organization\"},\"potentialAction\":[{\"@type\":\"SearchAction\",\"target\":{\"@type\":\"EntryPoint\",\"urlTemplate\":\"https:\/\/glamorouscorset.com\/?s={search_term_string}\"},\"query-input\":{\"@type\":\"PropertyValueSpecification\",\"valueRequired\":true,\"valueName\":\"search_term_string\"}}],\"inLanguage\":\"es\"},{\"@type\":\"Organization\",\"@id\":\"https:\/\/glamorouscorset.com\/#organization\",\"name\":\"Glamorous Corset\",\"url\":\"https:\/\/glamorouscorset.com\/\",\"logo\":{\"@type\":\"ImageObject\",\"inLanguage\":\"es\",\"@id\":\"https:\/\/glamorouscorset.com\/#\/schema\/logo\/image\/\",\"url\":\"https:\/\/glamorouscorset.com\/wp-content\/uploads\/2015\/11\/logo@2x.jpg\",\"contentUrl\":\"https:\/\/glamorouscorset.com\/wp-content\/uploads\/2015\/11\/logo@2x.jpg\",\"width\":238,\"height\":60,\"caption\":\"Glamorous Corset\"},\"image\":{\"@id\":\"https:\/\/glamorouscorset.com\/#\/schema\/logo\/image\/\"},\"sameAs\":[\"https:\/\/www.facebook.com\/glamorouscorset\"]}]}<\/script>\n<!-- \/ Yoast SEO plugin. -->","yoast_head_json":{"title":"Cors\u00e9 de cors\u00e9 de hueso de acero de bella marr\u00f3n con tachuelas de piel de color naranja con tachuelas | Glamorous Corset","description":"Bella es un cors\u00e9 de piel de cordero de cuero marr\u00f3n con tachuelas. Este cors\u00e9 corto cl\u00e1sico de 8\" bajo el busto har\u00e1 que la cintura sea m\u00e1xima.","robots":{"index":"index","follow":"follow","max-snippet":"max-snippet:-1","max-image-preview":"max-image-preview:large","max-video-preview":"max-video-preview:-1"},"canonical":"https:\/\/glamorouscorset.com\/es\/tienda\/colecciones-de-corse\/corses-steampunk\/bella-marron-cuero-corse-con-studs\/","og_locale":"es_ES","og_type":"article","og_title":"Cors\u00e9 de cors\u00e9 de hueso de acero de bella marr\u00f3n con tachuelas de piel de color naranja con tachuelas Glamorous Corset","og_description":"Bella es un cors\u00e9 de piel de cordero de cuero marr\u00f3n con tachuelas. Este cors\u00e9 corto cl\u00e1sico de 8\" bajo el busto har\u00e1 que la cintura sea m\u00e1xima.","og_url":"https:\/\/glamorouscorset.com\/es\/tienda\/colecciones-de-corse\/corses-steampunk\/bella-marron-cuero-corse-con-studs\/","og_site_name":"Glamorous Corset","article_publisher":"https:\/\/www.facebook.com\/glamorouscorset","article_modified_time":"2020-01-16T16:19:36+00:00","og_image":[{"width":1020,"height":1200,"url":"https:\/\/glamorouscorset.com\/wp-content\/uploads\/2016\/10\/Bella-Brown-Leather-Corset-with-Studs.jpg","type":"image\/jpeg"}],"twitter_card":"summary_large_image","twitter_title":"Kathy Cors\u00e9 de cuero marr\u00f3n con deshuesado de acero","twitter_description":"Cuero suave y construcci\u00f3n de tres capas y una combinaci\u00f3n de 20 huesos planos y espirales a lo largo de ella es capaz de la m\u00e1xima cinchada.","twitter_misc":{"Tiempo de lectura":"1 minuto"},"schema":{"@context":"https:\/\/schema.org","@graph":[{"@type":"WebPage","@id":"https:\/\/glamorouscorset.com\/es\/tienda\/colecciones-de-corse\/corses-steampunk\/bella-marron-cuero-corse-con-studs\/","url":"https:\/\/glamorouscorset.com\/es\/tienda\/colecciones-de-corse\/corses-steampunk\/bella-marron-cuero-corse-con-studs\/","name":"Cors\u00e9 de cors\u00e9 de hueso de acero de bella marr\u00f3n con tachuelas de piel de color naranja con tachuelas | Glamorous Corset","isPartOf":{"@id":"https:\/\/glamorouscorset.com\/#website"},"primaryImageOfPage":{"@id":"https:\/\/glamorouscorset.com\/es\/tienda\/colecciones-de-corse\/corses-steampunk\/bella-marron-cuero-corse-con-studs\/#primaryimage"},"image":{"@id":"https:\/\/glamorouscorset.com\/es\/tienda\/colecciones-de-corse\/corses-steampunk\/bella-marron-cuero-corse-con-studs\/#primaryimage"},"thumbnailUrl":"https:\/\/glamorouscorset.com\/wp-content\/uploads\/2016\/10\/Bella-Brown-Leather-Corset-with-Studs.jpg","datePublished":"2019-10-31T15:10:32+00:00","dateModified":"2020-01-16T16:19:36+00:00","description":"Bella es un cors\u00e9 de piel de cordero de cuero marr\u00f3n con tachuelas. Este cors\u00e9 corto cl\u00e1sico de 8\" bajo el busto har\u00e1 que la cintura sea m\u00e1xima.","breadcrumb":{"@id":"https:\/\/glamorouscorset.com\/es\/tienda\/colecciones-de-corse\/corses-steampunk\/bella-marron-cuero-corse-con-studs\/#breadcrumb"},"inLanguage":"es","potentialAction":[{"@type":"ReadAction","target":["https:\/\/glamorouscorset.com\/es\/tienda\/colecciones-de-corse\/corses-steampunk\/bella-marron-cuero-corse-con-studs\/"]}]},{"@type":"ImageObject","inLanguage":"es","@id":"https:\/\/glamorouscorset.com\/es\/tienda\/colecciones-de-corse\/corses-steampunk\/bella-marron-cuero-corse-con-studs\/#primaryimage","url":"https:\/\/glamorouscorset.com\/wp-content\/uploads\/2016\/10\/Bella-Brown-Leather-Corset-with-Studs.jpg","contentUrl":"https:\/\/glamorouscorset.com\/wp-content\/uploads\/2016\/10\/Bella-Brown-Leather-Corset-with-Studs.jpg","width":1020,"height":1200,"caption":"Bella Brown Leather Corset with Studs"},{"@type":"BreadcrumbList","@id":"https:\/\/glamorouscorset.com\/es\/tienda\/colecciones-de-corse\/corses-steampunk\/bella-marron-cuero-corse-con-studs\/#breadcrumb","itemListElement":[{"@type":"ListItem","position":1,"name":"Home","item":"https:\/\/glamorouscorset.com\/es\/"},{"@type":"ListItem","position":2,"name":"Tienda","item":"https:\/\/glamorouscorset.com\/es\/tienda\/"},{"@type":"ListItem","position":3,"name":"Bella Cors\u00e9 de cuero marr\u00f3n con tachuelas"}]},{"@type":"WebSite","@id":"https:\/\/glamorouscorset.com\/#website","url":"https:\/\/glamorouscorset.com\/","name":"Glamorous Corset","description":"Glamorous Corset offers an assortment of steel boned waist training corsets for all shapes and sizes!","publisher":{"@id":"https:\/\/glamorouscorset.com\/#organization"},"potentialAction":[{"@type":"SearchAction","target":{"@type":"EntryPoint","urlTemplate":"https:\/\/glamorouscorset.com\/?s={search_term_string}"},"query-input":{"@type":"PropertyValueSpecification","valueRequired":true,"valueName":"search_term_string"}}],"inLanguage":"es"},{"@type":"Organization","@id":"https:\/\/glamorouscorset.com\/#organization","name":"Glamorous Corset","url":"https:\/\/glamorouscorset.com\/","logo":{"@type":"ImageObject","inLanguage":"es","@id":"https:\/\/glamorouscorset.com\/#\/schema\/logo\/image\/","url":"https:\/\/glamorouscorset.com\/wp-content\/uploads\/2015\/11\/logo@2x.jpg","contentUrl":"https:\/\/glamorouscorset.com\/wp-content\/uploads\/2015\/11\/logo@2x.jpg","width":238,"height":60,"caption":"Glamorous Corset"},"image":{"@id":"https:\/\/glamorouscorset.com\/#\/schema\/logo\/image\/"},"sameAs":["https:\/\/www.facebook.com\/glamorouscorset"]}]}},"_links":{"self":[{"href":"https:\/\/glamorouscorset.com\/es\/wp-json\/wp\/v2\/product\/7841","targetHints":{"allow":["GET"]}}],"collection":[{"href":"https:\/\/glamorouscorset.com\/es\/wp-json\/wp\/v2\/product"}],"about":[{"href":"https:\/\/glamorouscorset.com\/es\/wp-json\/wp\/v2\/types\/product"}],"replies":[{"embeddable":true,"href":"https:\/\/glamorouscorset.com\/es\/wp-json\/wp\/v2\/comments?post=7841"}],"wp:featuredmedia":[{"embeddable":true,"href":"https:\/\/glamorouscorset.com\/es\/wp-json\/wp\/v2\/media\/9019"}],"wp:attachment":[{"href":"https:\/\/glamorouscorset.com\/es\/wp-json\/wp\/v2\/media?parent=7841"}],"wp:term":[{"taxonomy":"product_brand","embeddable":true,"href":"https:\/\/glamorouscorset.com\/es\/wp-json\/wp\/v2\/product_brand?post=7841"},{"taxonomy":"product_cat","embeddable":true,"href":"https:\/\/glamorouscorset.com\/es\/wp-json\/wp\/v2\/product_cat?post=7841"},{"taxonomy":"product_tag","embeddable":true,"href":"https:\/\/glamorouscorset.com\/es\/wp-json\/wp\/v2\/product_tag?post=7841"}],"curies":[{"name":"wp","href":"https:\/\/api.w.org\/{rel}","templated":true}]}}