{"id":7815,"date":"2016-10-11T23:33:07","date_gmt":"2016-10-12T03:33:07","guid":{"rendered":"https:\/\/glamorouscorset.com\/shop-all\/sin%20categor\u00eda\/corse-de-algodon-negro-de-jolie\/"},"modified":"2026-01-22T12:50:31","modified_gmt":"2026-01-22T17:50:31","slug":"jolie-negro-algodon-corse","status":"publish","type":"product","link":"https:\/\/glamorouscorset.com\/es\/tienda\/colecciones-de-corse\/corses-de-linea-larga\/jolie-negro-algodon-corse\/","title":{"rendered":"Cors\u00e9 de algod\u00f3n negro De Jolie"},"content":{"rendered":"<h2>Cors\u00e9 de algod\u00f3n negro De Jolie<\/h2>\n<p>GC-161, el cors\u00e9 de algod\u00f3n negro Jolie fue elaborado con una palabra en mente, comodidad, ideal para figuras curvas su comodidad transpirable superior dar\u00e1 los m\u00e1ximos resultados. Su espalda alta est\u00e1 dise\u00f1ada para controlar la zona superior de la parte posterior eliminando el abultamiento. Proporciona durabilidad y soporte adicionales. Ideal para mejorar la postura y aliviar el dolor de espalda, todo mientras entrena la cintura.<\/p>\n<h3>Caracter\u00edsticas &amp; detalles<\/h3>\n<p>\u2022 24 huesos de acero (4 huesos r\u00edgidos de acero, 20 huesos de acero espiral)<br \/>\n\u2022 Busk de acero<br \/>\n\u2022 Para una longitud larga del torso<br \/>\n\u2022 Longitud delantera 13 pulgadas<br \/>\n\u2022 Longitud de la espalda 14 pulgadas<br \/>\n\u2022 Longitud lateral 13,5 pulgadas<br \/>\n\u2022 Tiene un resorte de costilla de 6 pulgadas y un resorte de cadera de 8 pulgadas<br \/>\n\u2022 Algod\u00f3n<br \/>\n\u2022 Forrado con 100% algod\u00f3n + cinta de cintura<br \/>\n\u2022 Panel de modestia ancha de 5&#8243;<br \/>\n\u2022 Cord\u00f3n tradicional bidireccional<br \/>\n\u2022 6 lazos de suspensi\u00f3n<br \/>\n\u2022 Viene con una bolsa de almacenamiento<\/p>\n","protected":false},"excerpt":{"rendered":"<p>Larga L\u00ednea Curva acero Boned Underbust Cors\u00e9<\/p>\n","protected":false},"featured_media":9028,"comment_status":"open","ping_status":"closed","template":"","meta":[],"product_brand":[],"product_cat":[313,315,320,352,319,371,357,317,316],"product_tag":[],"class_list":{"0":"post-7815","1":"product","2":"type-product","3":"status-publish","4":"has-post-thumbnail","6":"product_cat-corse-categorias","7":"product_cat-corse-colors","8":"product_cat-corse-materiales","9":"product_cat-corses-bajo-busto-negro","10":"product_cat-corses-bajo-el-pecho","11":"product_cat-corses-de-algodon","12":"product_cat-corses-de-linea-larga","13":"product_cat-corses-deshuesados-de-acero","14":"product_cat-corses-negros","15":"pa_color-negro","16":"pa_corset-type-acero-deshuesado","17":"pa_corset-type-debajo-del-busto-es","18":"pa_corset-type-entrenamiento-de-cintura","19":"pa_material-algodon","20":"pa_size-18-es","21":"pa_size-20-es","22":"pa_size-22-es","23":"pa_size-24-es","24":"pa_size-26-es","25":"pa_size-28-es","26":"pa_size-30-es","27":"pa_size-32-es","28":"pa_size-34-es","29":"pa_size-36-es","30":"pa_size-38-es","31":"pa_size-40-es","32":"pa_torso-length-promedio","34":"first","35":"instock","36":"taxable","37":"shipping-taxable","38":"purchasable","39":"product-type-variable"},"yoast_head":"<!-- This site is optimized with the Yoast SEO plugin v26.9 - https:\/\/yoast.com\/product\/yoast-seo-wordpress\/ -->\n<title>Jolie Cors\u00e9 deshuesado de acero negro con base de acero | Glamorous Corset<\/title>\n<meta name=\"description\" content=\"Jolie es un cors\u00e9 de algod\u00f3n negro. Funciona para la mayor\u00eda de las figuras, este impresionante cors\u00e9 se centrar\u00e1 en adelgazar la cintura mientras muestra sus curvas.\" \/>\n<meta name=\"robots\" content=\"index, follow, max-snippet:-1, max-image-preview:large, max-video-preview:-1\" \/>\n<link rel=\"canonical\" href=\"https:\/\/glamorouscorset.com\/es\/tienda\/colecciones-de-corse\/corses-de-linea-larga\/jolie-negro-algodon-corse\/\" \/>\n<meta property=\"og:locale\" content=\"es_ES\" \/>\n<meta property=\"og:type\" content=\"article\" \/>\n<meta property=\"og:title\" content=\"Cors\u00e9 de hueso de acero de algod\u00f3n negro de Jolie Glamorous Corset\" \/>\n<meta property=\"og:description\" content=\"Jolie es un cors\u00e9 de algod\u00f3n negro. Funciona para la mayor\u00eda de las figuras, este impresionante cors\u00e9 se centrar\u00e1 en adelgazar la cintura mientras muestra sus curvas.\" \/>\n<meta property=\"og:url\" content=\"https:\/\/glamorouscorset.com\/es\/tienda\/colecciones-de-corse\/corses-de-linea-larga\/jolie-negro-algodon-corse\/\" \/>\n<meta property=\"og:site_name\" content=\"Glamorous Corset\" \/>\n<meta property=\"article:publisher\" content=\"https:\/\/www.facebook.com\/glamorouscorset\" \/>\n<meta property=\"article:modified_time\" content=\"2026-01-22T17:50:31+00:00\" \/>\n<meta property=\"og:image\" content=\"https:\/\/glamorouscorset.com\/wp-content\/uploads\/2016\/10\/Jolie-Black-Cotton-Corset-1.jpg\" \/>\n\t<meta property=\"og:image:width\" content=\"1020\" \/>\n\t<meta property=\"og:image:height\" content=\"1200\" \/>\n\t<meta property=\"og:image:type\" content=\"image\/jpeg\" \/>\n<meta name=\"twitter:card\" content=\"summary_large_image\" \/>\n<meta name=\"twitter:title\" content=\"Lara Cors\u00e9 de terciopelo bajo el pecho con lazos para la cadera (azul marino \/ negro) | Glamorous Corset\" \/>\n<meta name=\"twitter:description\" content=\"Cors\u00e9 de algod\u00f3n negro Lara. Trabaja para la mayor\u00eda de las figuras, este maravilla se centrar\u00e1 en adelgazar la cintura mientras que muestra apagado sus curvas.\" \/>\n<meta name=\"twitter:label1\" content=\"Tiempo de lectura\" \/>\n\t<meta name=\"twitter:data1\" content=\"1 minuto\" \/>\n<script type=\"application\/ld+json\" class=\"yoast-schema-graph\">{\"@context\":\"https:\/\/schema.org\",\"@graph\":[{\"@type\":\"WebPage\",\"@id\":\"https:\/\/glamorouscorset.com\/es\/tienda\/colecciones-de-corse\/corses-de-linea-larga\/jolie-negro-algodon-corse\/\",\"url\":\"https:\/\/glamorouscorset.com\/es\/tienda\/colecciones-de-corse\/corses-de-linea-larga\/jolie-negro-algodon-corse\/\",\"name\":\"Jolie Cors\u00e9 deshuesado de acero negro con base de acero | Glamorous Corset\",\"isPartOf\":{\"@id\":\"https:\/\/glamorouscorset.com\/#website\"},\"primaryImageOfPage\":{\"@id\":\"https:\/\/glamorouscorset.com\/es\/tienda\/colecciones-de-corse\/corses-de-linea-larga\/jolie-negro-algodon-corse\/#primaryimage\"},\"image\":{\"@id\":\"https:\/\/glamorouscorset.com\/es\/tienda\/colecciones-de-corse\/corses-de-linea-larga\/jolie-negro-algodon-corse\/#primaryimage\"},\"thumbnailUrl\":\"https:\/\/glamorouscorset.com\/wp-content\/uploads\/2016\/10\/Jolie-Black-Cotton-Corset-1.jpg\",\"datePublished\":\"2016-10-12T03:33:07+00:00\",\"dateModified\":\"2026-01-22T17:50:31+00:00\",\"description\":\"Jolie es un cors\u00e9 de algod\u00f3n negro. Funciona para la mayor\u00eda de las figuras, este impresionante cors\u00e9 se centrar\u00e1 en adelgazar la cintura mientras muestra sus curvas.\",\"breadcrumb\":{\"@id\":\"https:\/\/glamorouscorset.com\/es\/tienda\/colecciones-de-corse\/corses-de-linea-larga\/jolie-negro-algodon-corse\/#breadcrumb\"},\"inLanguage\":\"es\",\"potentialAction\":[{\"@type\":\"ReadAction\",\"target\":[\"https:\/\/glamorouscorset.com\/es\/tienda\/colecciones-de-corse\/corses-de-linea-larga\/jolie-negro-algodon-corse\/\"]}]},{\"@type\":\"ImageObject\",\"inLanguage\":\"es\",\"@id\":\"https:\/\/glamorouscorset.com\/es\/tienda\/colecciones-de-corse\/corses-de-linea-larga\/jolie-negro-algodon-corse\/#primaryimage\",\"url\":\"https:\/\/glamorouscorset.com\/wp-content\/uploads\/2016\/10\/Jolie-Black-Cotton-Corset-1.jpg\",\"contentUrl\":\"https:\/\/glamorouscorset.com\/wp-content\/uploads\/2016\/10\/Jolie-Black-Cotton-Corset-1.jpg\",\"width\":1020,\"height\":1200,\"caption\":\"Jolie Black Cotton Corset\"},{\"@type\":\"BreadcrumbList\",\"@id\":\"https:\/\/glamorouscorset.com\/es\/tienda\/colecciones-de-corse\/corses-de-linea-larga\/jolie-negro-algodon-corse\/#breadcrumb\",\"itemListElement\":[{\"@type\":\"ListItem\",\"position\":1,\"name\":\"Home\",\"item\":\"https:\/\/glamorouscorset.com\/es\/\"},{\"@type\":\"ListItem\",\"position\":2,\"name\":\"Tienda\",\"item\":\"https:\/\/glamorouscorset.com\/es\/tienda\/\"},{\"@type\":\"ListItem\",\"position\":3,\"name\":\"Cors\u00e9 de algod\u00f3n negro De Jolie\"}]},{\"@type\":\"WebSite\",\"@id\":\"https:\/\/glamorouscorset.com\/#website\",\"url\":\"https:\/\/glamorouscorset.com\/\",\"name\":\"Glamorous Corset\",\"description\":\"Glamorous Corset offers an assortment of steel boned waist training corsets for all shapes and sizes!\",\"publisher\":{\"@id\":\"https:\/\/glamorouscorset.com\/#organization\"},\"potentialAction\":[{\"@type\":\"SearchAction\",\"target\":{\"@type\":\"EntryPoint\",\"urlTemplate\":\"https:\/\/glamorouscorset.com\/?s={search_term_string}\"},\"query-input\":{\"@type\":\"PropertyValueSpecification\",\"valueRequired\":true,\"valueName\":\"search_term_string\"}}],\"inLanguage\":\"es\"},{\"@type\":\"Organization\",\"@id\":\"https:\/\/glamorouscorset.com\/#organization\",\"name\":\"Glamorous Corset\",\"url\":\"https:\/\/glamorouscorset.com\/\",\"logo\":{\"@type\":\"ImageObject\",\"inLanguage\":\"es\",\"@id\":\"https:\/\/glamorouscorset.com\/#\/schema\/logo\/image\/\",\"url\":\"https:\/\/glamorouscorset.com\/wp-content\/uploads\/2015\/11\/logo@2x.jpg\",\"contentUrl\":\"https:\/\/glamorouscorset.com\/wp-content\/uploads\/2015\/11\/logo@2x.jpg\",\"width\":238,\"height\":60,\"caption\":\"Glamorous Corset\"},\"image\":{\"@id\":\"https:\/\/glamorouscorset.com\/#\/schema\/logo\/image\/\"},\"sameAs\":[\"https:\/\/www.facebook.com\/glamorouscorset\"]}]}<\/script>\n<!-- \/ Yoast SEO plugin. -->","yoast_head_json":{"title":"Jolie Cors\u00e9 deshuesado de acero negro con base de acero | Glamorous Corset","description":"Jolie es un cors\u00e9 de algod\u00f3n negro. Funciona para la mayor\u00eda de las figuras, este impresionante cors\u00e9 se centrar\u00e1 en adelgazar la cintura mientras muestra sus curvas.","robots":{"index":"index","follow":"follow","max-snippet":"max-snippet:-1","max-image-preview":"max-image-preview:large","max-video-preview":"max-video-preview:-1"},"canonical":"https:\/\/glamorouscorset.com\/es\/tienda\/colecciones-de-corse\/corses-de-linea-larga\/jolie-negro-algodon-corse\/","og_locale":"es_ES","og_type":"article","og_title":"Cors\u00e9 de hueso de acero de algod\u00f3n negro de Jolie Glamorous Corset","og_description":"Jolie es un cors\u00e9 de algod\u00f3n negro. Funciona para la mayor\u00eda de las figuras, este impresionante cors\u00e9 se centrar\u00e1 en adelgazar la cintura mientras muestra sus curvas.","og_url":"https:\/\/glamorouscorset.com\/es\/tienda\/colecciones-de-corse\/corses-de-linea-larga\/jolie-negro-algodon-corse\/","og_site_name":"Glamorous Corset","article_publisher":"https:\/\/www.facebook.com\/glamorouscorset","article_modified_time":"2026-01-22T17:50:31+00:00","og_image":[{"width":1020,"height":1200,"url":"https:\/\/glamorouscorset.com\/wp-content\/uploads\/2016\/10\/Jolie-Black-Cotton-Corset-1.jpg","type":"image\/jpeg"}],"twitter_card":"summary_large_image","twitter_title":"Lara Cors\u00e9 de terciopelo bajo el pecho con lazos para la cadera (azul marino \/ negro) | Glamorous Corset","twitter_description":"Cors\u00e9 de algod\u00f3n negro Lara. Trabaja para la mayor\u00eda de las figuras, este maravilla se centrar\u00e1 en adelgazar la cintura mientras que muestra apagado sus curvas.","twitter_misc":{"Tiempo de lectura":"1 minuto"},"schema":{"@context":"https:\/\/schema.org","@graph":[{"@type":"WebPage","@id":"https:\/\/glamorouscorset.com\/es\/tienda\/colecciones-de-corse\/corses-de-linea-larga\/jolie-negro-algodon-corse\/","url":"https:\/\/glamorouscorset.com\/es\/tienda\/colecciones-de-corse\/corses-de-linea-larga\/jolie-negro-algodon-corse\/","name":"Jolie Cors\u00e9 deshuesado de acero negro con base de acero | Glamorous Corset","isPartOf":{"@id":"https:\/\/glamorouscorset.com\/#website"},"primaryImageOfPage":{"@id":"https:\/\/glamorouscorset.com\/es\/tienda\/colecciones-de-corse\/corses-de-linea-larga\/jolie-negro-algodon-corse\/#primaryimage"},"image":{"@id":"https:\/\/glamorouscorset.com\/es\/tienda\/colecciones-de-corse\/corses-de-linea-larga\/jolie-negro-algodon-corse\/#primaryimage"},"thumbnailUrl":"https:\/\/glamorouscorset.com\/wp-content\/uploads\/2016\/10\/Jolie-Black-Cotton-Corset-1.jpg","datePublished":"2016-10-12T03:33:07+00:00","dateModified":"2026-01-22T17:50:31+00:00","description":"Jolie es un cors\u00e9 de algod\u00f3n negro. Funciona para la mayor\u00eda de las figuras, este impresionante cors\u00e9 se centrar\u00e1 en adelgazar la cintura mientras muestra sus curvas.","breadcrumb":{"@id":"https:\/\/glamorouscorset.com\/es\/tienda\/colecciones-de-corse\/corses-de-linea-larga\/jolie-negro-algodon-corse\/#breadcrumb"},"inLanguage":"es","potentialAction":[{"@type":"ReadAction","target":["https:\/\/glamorouscorset.com\/es\/tienda\/colecciones-de-corse\/corses-de-linea-larga\/jolie-negro-algodon-corse\/"]}]},{"@type":"ImageObject","inLanguage":"es","@id":"https:\/\/glamorouscorset.com\/es\/tienda\/colecciones-de-corse\/corses-de-linea-larga\/jolie-negro-algodon-corse\/#primaryimage","url":"https:\/\/glamorouscorset.com\/wp-content\/uploads\/2016\/10\/Jolie-Black-Cotton-Corset-1.jpg","contentUrl":"https:\/\/glamorouscorset.com\/wp-content\/uploads\/2016\/10\/Jolie-Black-Cotton-Corset-1.jpg","width":1020,"height":1200,"caption":"Jolie Black Cotton Corset"},{"@type":"BreadcrumbList","@id":"https:\/\/glamorouscorset.com\/es\/tienda\/colecciones-de-corse\/corses-de-linea-larga\/jolie-negro-algodon-corse\/#breadcrumb","itemListElement":[{"@type":"ListItem","position":1,"name":"Home","item":"https:\/\/glamorouscorset.com\/es\/"},{"@type":"ListItem","position":2,"name":"Tienda","item":"https:\/\/glamorouscorset.com\/es\/tienda\/"},{"@type":"ListItem","position":3,"name":"Cors\u00e9 de algod\u00f3n negro De Jolie"}]},{"@type":"WebSite","@id":"https:\/\/glamorouscorset.com\/#website","url":"https:\/\/glamorouscorset.com\/","name":"Glamorous Corset","description":"Glamorous Corset offers an assortment of steel boned waist training corsets for all shapes and sizes!","publisher":{"@id":"https:\/\/glamorouscorset.com\/#organization"},"potentialAction":[{"@type":"SearchAction","target":{"@type":"EntryPoint","urlTemplate":"https:\/\/glamorouscorset.com\/?s={search_term_string}"},"query-input":{"@type":"PropertyValueSpecification","valueRequired":true,"valueName":"search_term_string"}}],"inLanguage":"es"},{"@type":"Organization","@id":"https:\/\/glamorouscorset.com\/#organization","name":"Glamorous Corset","url":"https:\/\/glamorouscorset.com\/","logo":{"@type":"ImageObject","inLanguage":"es","@id":"https:\/\/glamorouscorset.com\/#\/schema\/logo\/image\/","url":"https:\/\/glamorouscorset.com\/wp-content\/uploads\/2015\/11\/logo@2x.jpg","contentUrl":"https:\/\/glamorouscorset.com\/wp-content\/uploads\/2015\/11\/logo@2x.jpg","width":238,"height":60,"caption":"Glamorous Corset"},"image":{"@id":"https:\/\/glamorouscorset.com\/#\/schema\/logo\/image\/"},"sameAs":["https:\/\/www.facebook.com\/glamorouscorset"]}]}},"_links":{"self":[{"href":"https:\/\/glamorouscorset.com\/es\/wp-json\/wp\/v2\/product\/7815","targetHints":{"allow":["GET"]}}],"collection":[{"href":"https:\/\/glamorouscorset.com\/es\/wp-json\/wp\/v2\/product"}],"about":[{"href":"https:\/\/glamorouscorset.com\/es\/wp-json\/wp\/v2\/types\/product"}],"replies":[{"embeddable":true,"href":"https:\/\/glamorouscorset.com\/es\/wp-json\/wp\/v2\/comments?post=7815"}],"wp:featuredmedia":[{"embeddable":true,"href":"https:\/\/glamorouscorset.com\/es\/wp-json\/wp\/v2\/media\/9028"}],"wp:attachment":[{"href":"https:\/\/glamorouscorset.com\/es\/wp-json\/wp\/v2\/media?parent=7815"}],"wp:term":[{"taxonomy":"product_brand","embeddable":true,"href":"https:\/\/glamorouscorset.com\/es\/wp-json\/wp\/v2\/product_brand?post=7815"},{"taxonomy":"product_cat","embeddable":true,"href":"https:\/\/glamorouscorset.com\/es\/wp-json\/wp\/v2\/product_cat?post=7815"},{"taxonomy":"product_tag","embeddable":true,"href":"https:\/\/glamorouscorset.com\/es\/wp-json\/wp\/v2\/product_tag?post=7815"}],"curies":[{"name":"wp","href":"https:\/\/api.w.org\/{rel}","templated":true}]}}