{"id":7722,"date":"2019-07-31T20:06:39","date_gmt":"2019-08-01T00:06:39","guid":{"rendered":"https:\/\/glamorouscorset.com\/shop-all\/sin%20categor\u00eda\/corse-de-malla-negra-de-jolie\/"},"modified":"2023-01-17T14:44:52","modified_gmt":"2023-01-17T19:44:52","slug":"jolie-negro-malla-corse","status":"publish","type":"product","link":"https:\/\/glamorouscorset.com\/es\/tienda\/colecciones-de-corse\/corses-de-linea-larga\/jolie-negro-malla-corse\/","title":{"rendered":"Cors\u00e9 de malla negra de Jolie"},"content":{"rendered":"<h2>Cors\u00e9 de malla negra de Jolie<\/h2>\n<p>GC-161, Nuestro cors\u00e9 de malla negra Jolie fue dise\u00f1ado con una palabra en mente, comodidad. ideal para figuras curvas su comodidad transpirable superior dar\u00e1 los m\u00e1ximos resultados. Su espalda alta est\u00e1 dise\u00f1ada para controlar la zona superior de la parte posterior eliminando el abultamiento. Proporciona durabilidad y soporte adicionales. Ideal para mejorar la postura y aliviar el dolor de espalda, todo mientras entrena la cintura.<\/p>\n<h3>Caracter\u00edsticas &amp; detalles<\/h3>\n<p>\u2022 26 huesos de acero (4 huesos planos de acero, 22 huesos de acero espiral)<br \/>\n\u2022 Busk de acero<br \/>\n\u2022 Para una longitud larga del torso<br \/>\n\u2022 Longitud delantera 13 pulgadas<br \/>\n\u2022 Longitud de la espalda 14 pulgadas<br \/>\n\u2022 Longitud lateral 13,5 pulgadas<br \/>\n\u2022 Tiene un resorte de costilla de 6 pulgadas y un resorte de cadera de 8 pulgadas<br \/>\n\u2022 Algod\u00f3n<br \/>\n\u2022 Forrado con 100% algod\u00f3n + cinta de cintura<br \/>\n\u2022 Panel de modestia ancha de 5&#8243;<br \/>\n\u2022 Cord\u00f3n tradicional bidireccional<br \/>\n\u2022 6 lazos de suspensi\u00f3n<br \/>\n\u2022 Viene con una bolsa de almacenamiento<\/p>\n","protected":false},"excerpt":{"rendered":"<p>Larga L\u00ednea Curva acero Boned Underbust Cors\u00e9<\/p>\n","protected":false},"featured_media":7737,"comment_status":"open","ping_status":"closed","template":"","meta":[],"product_brand":[],"product_cat":[313,315,320,352,319,357,374,316],"product_tag":[],"class_list":{"0":"post-7722","1":"product","2":"type-product","3":"status-publish","4":"has-post-thumbnail","6":"product_cat-corse-categorias","7":"product_cat-corse-colors","8":"product_cat-corse-materiales","9":"product_cat-corses-bajo-busto-negro","10":"product_cat-corses-bajo-el-pecho","11":"product_cat-corses-de-linea-larga","12":"product_cat-corses-de-malla","13":"product_cat-corses-negros","14":"pa_color-negro","15":"pa_corset-type-acero-deshuesado","16":"pa_corset-type-debajo-del-busto-es","17":"pa_corset-type-entrenamiento-de-cintura","18":"pa_material-malla","19":"pa_size-18-es","20":"pa_size-20-es","21":"pa_size-22-es","22":"pa_size-24-es","23":"pa_size-26-es","24":"pa_size-28-es","25":"pa_size-30-es","26":"pa_size-32-es","27":"pa_size-34-es","28":"pa_size-36-es","29":"pa_size-38-es","30":"pa_size-40-es","31":"pa_torso-length-corto","32":"pa_torso-length-promedio","34":"first","35":"instock","36":"taxable","37":"shipping-taxable","38":"purchasable","39":"product-type-variable"},"yoast_head":"<!-- This site is optimized with the Yoast SEO plugin v26.9 - https:\/\/yoast.com\/product\/yoast-seo-wordpress\/ -->\n<title>Jolie Cors\u00e9 deshuesado de acero negro de palangre de malla larga | Glamorous Corset<\/title>\n<meta name=\"description\" content=\"Nuestro cors\u00e9 de malla negra Jolie fue dise\u00f1ado para la comodidad. ideal para figuras curvas su comodidad transpirable superior para obtener los m\u00e1ximos resultados.\" \/>\n<meta name=\"robots\" content=\"index, follow, max-snippet:-1, max-image-preview:large, max-video-preview:-1\" \/>\n<link rel=\"canonical\" href=\"https:\/\/glamorouscorset.com\/es\/tienda\/colecciones-de-corse\/corses-de-linea-larga\/jolie-negro-malla-corse\/\" \/>\n<meta property=\"og:locale\" content=\"es_ES\" \/>\n<meta property=\"og:type\" content=\"article\" \/>\n<meta property=\"og:title\" content=\"Jolie Black Mesh Longline Underbust Steel Boned Cors\u00e9 Glamorous Corset\" \/>\n<meta property=\"og:description\" content=\"Nuestro cors\u00e9 de malla negra Jolie fue dise\u00f1ado para la comodidad. ideal para figuras curvas su comodidad transpirable superior para obtener los m\u00e1ximos resultados.\" \/>\n<meta property=\"og:url\" content=\"https:\/\/glamorouscorset.com\/es\/tienda\/colecciones-de-corse\/corses-de-linea-larga\/jolie-negro-malla-corse\/\" \/>\n<meta property=\"og:site_name\" content=\"Glamorous Corset\" \/>\n<meta property=\"article:publisher\" content=\"https:\/\/www.facebook.com\/glamorouscorset\" \/>\n<meta property=\"article:modified_time\" content=\"2023-01-17T19:44:52+00:00\" \/>\n<meta property=\"og:image\" content=\"https:\/\/glamorouscorset.com\/wp-content\/uploads\/2016\/10\/Jolie-Black-Mesh-Corset-1.jpg\" \/>\n\t<meta property=\"og:image:width\" content=\"1020\" \/>\n\t<meta property=\"og:image:height\" content=\"1200\" \/>\n\t<meta property=\"og:image:type\" content=\"image\/jpeg\" \/>\n<meta name=\"twitter:card\" content=\"summary_large_image\" \/>\n<meta name=\"twitter:title\" content=\"Cors\u00e9 de piel de cordero negro Bella ( Bella Black Lambskin Cors\u00e9) GlamorousCorset.com\" \/>\n<meta name=\"twitter:description\" content=\"Bella es 100 piel de cordero. Este cl\u00e1sico cors\u00e9 corto de 8&quot; bajo el busto har\u00e1 que la cintura sea m\u00e1xima y har\u00e1 que cualquier atuendo destaque.\" \/>\n<meta name=\"twitter:label1\" content=\"Tiempo de lectura\" \/>\n\t<meta name=\"twitter:data1\" content=\"1 minuto\" \/>\n<script type=\"application\/ld+json\" class=\"yoast-schema-graph\">{\"@context\":\"https:\/\/schema.org\",\"@graph\":[{\"@type\":\"WebPage\",\"@id\":\"https:\/\/glamorouscorset.com\/es\/tienda\/colecciones-de-corse\/corses-de-linea-larga\/jolie-negro-malla-corse\/\",\"url\":\"https:\/\/glamorouscorset.com\/es\/tienda\/colecciones-de-corse\/corses-de-linea-larga\/jolie-negro-malla-corse\/\",\"name\":\"Jolie Cors\u00e9 deshuesado de acero negro de palangre de malla larga | Glamorous Corset\",\"isPartOf\":{\"@id\":\"https:\/\/glamorouscorset.com\/#website\"},\"primaryImageOfPage\":{\"@id\":\"https:\/\/glamorouscorset.com\/es\/tienda\/colecciones-de-corse\/corses-de-linea-larga\/jolie-negro-malla-corse\/#primaryimage\"},\"image\":{\"@id\":\"https:\/\/glamorouscorset.com\/es\/tienda\/colecciones-de-corse\/corses-de-linea-larga\/jolie-negro-malla-corse\/#primaryimage\"},\"thumbnailUrl\":\"https:\/\/glamorouscorset.com\/wp-content\/uploads\/2016\/10\/Jolie-Black-Mesh-Corset-1.jpg\",\"datePublished\":\"2019-08-01T00:06:39+00:00\",\"dateModified\":\"2023-01-17T19:44:52+00:00\",\"description\":\"Nuestro cors\u00e9 de malla negra Jolie fue dise\u00f1ado para la comodidad. ideal para figuras curvas su comodidad transpirable superior para obtener los m\u00e1ximos resultados.\",\"breadcrumb\":{\"@id\":\"https:\/\/glamorouscorset.com\/es\/tienda\/colecciones-de-corse\/corses-de-linea-larga\/jolie-negro-malla-corse\/#breadcrumb\"},\"inLanguage\":\"es\",\"potentialAction\":[{\"@type\":\"ReadAction\",\"target\":[\"https:\/\/glamorouscorset.com\/es\/tienda\/colecciones-de-corse\/corses-de-linea-larga\/jolie-negro-malla-corse\/\"]}]},{\"@type\":\"ImageObject\",\"inLanguage\":\"es\",\"@id\":\"https:\/\/glamorouscorset.com\/es\/tienda\/colecciones-de-corse\/corses-de-linea-larga\/jolie-negro-malla-corse\/#primaryimage\",\"url\":\"https:\/\/glamorouscorset.com\/wp-content\/uploads\/2016\/10\/Jolie-Black-Mesh-Corset-1.jpg\",\"contentUrl\":\"https:\/\/glamorouscorset.com\/wp-content\/uploads\/2016\/10\/Jolie-Black-Mesh-Corset-1.jpg\",\"width\":1020,\"height\":1200,\"caption\":\"Cors\u00e9 de malla negra\"},{\"@type\":\"BreadcrumbList\",\"@id\":\"https:\/\/glamorouscorset.com\/es\/tienda\/colecciones-de-corse\/corses-de-linea-larga\/jolie-negro-malla-corse\/#breadcrumb\",\"itemListElement\":[{\"@type\":\"ListItem\",\"position\":1,\"name\":\"Home\",\"item\":\"https:\/\/glamorouscorset.com\/es\/\"},{\"@type\":\"ListItem\",\"position\":2,\"name\":\"Tienda\",\"item\":\"https:\/\/glamorouscorset.com\/es\/tienda\/\"},{\"@type\":\"ListItem\",\"position\":3,\"name\":\"Cors\u00e9 de malla negra de Jolie\"}]},{\"@type\":\"WebSite\",\"@id\":\"https:\/\/glamorouscorset.com\/#website\",\"url\":\"https:\/\/glamorouscorset.com\/\",\"name\":\"Glamorous Corset\",\"description\":\"Glamorous Corset offers an assortment of steel boned waist training corsets for all shapes and sizes!\",\"publisher\":{\"@id\":\"https:\/\/glamorouscorset.com\/#organization\"},\"potentialAction\":[{\"@type\":\"SearchAction\",\"target\":{\"@type\":\"EntryPoint\",\"urlTemplate\":\"https:\/\/glamorouscorset.com\/?s={search_term_string}\"},\"query-input\":{\"@type\":\"PropertyValueSpecification\",\"valueRequired\":true,\"valueName\":\"search_term_string\"}}],\"inLanguage\":\"es\"},{\"@type\":\"Organization\",\"@id\":\"https:\/\/glamorouscorset.com\/#organization\",\"name\":\"Glamorous Corset\",\"url\":\"https:\/\/glamorouscorset.com\/\",\"logo\":{\"@type\":\"ImageObject\",\"inLanguage\":\"es\",\"@id\":\"https:\/\/glamorouscorset.com\/#\/schema\/logo\/image\/\",\"url\":\"https:\/\/glamorouscorset.com\/wp-content\/uploads\/2015\/11\/logo@2x.jpg\",\"contentUrl\":\"https:\/\/glamorouscorset.com\/wp-content\/uploads\/2015\/11\/logo@2x.jpg\",\"width\":238,\"height\":60,\"caption\":\"Glamorous Corset\"},\"image\":{\"@id\":\"https:\/\/glamorouscorset.com\/#\/schema\/logo\/image\/\"},\"sameAs\":[\"https:\/\/www.facebook.com\/glamorouscorset\"]}]}<\/script>\n<!-- \/ Yoast SEO plugin. -->","yoast_head_json":{"title":"Jolie Cors\u00e9 deshuesado de acero negro de palangre de malla larga | Glamorous Corset","description":"Nuestro cors\u00e9 de malla negra Jolie fue dise\u00f1ado para la comodidad. ideal para figuras curvas su comodidad transpirable superior para obtener los m\u00e1ximos resultados.","robots":{"index":"index","follow":"follow","max-snippet":"max-snippet:-1","max-image-preview":"max-image-preview:large","max-video-preview":"max-video-preview:-1"},"canonical":"https:\/\/glamorouscorset.com\/es\/tienda\/colecciones-de-corse\/corses-de-linea-larga\/jolie-negro-malla-corse\/","og_locale":"es_ES","og_type":"article","og_title":"Jolie Black Mesh Longline Underbust Steel Boned Cors\u00e9 Glamorous Corset","og_description":"Nuestro cors\u00e9 de malla negra Jolie fue dise\u00f1ado para la comodidad. ideal para figuras curvas su comodidad transpirable superior para obtener los m\u00e1ximos resultados.","og_url":"https:\/\/glamorouscorset.com\/es\/tienda\/colecciones-de-corse\/corses-de-linea-larga\/jolie-negro-malla-corse\/","og_site_name":"Glamorous Corset","article_publisher":"https:\/\/www.facebook.com\/glamorouscorset","article_modified_time":"2023-01-17T19:44:52+00:00","og_image":[{"width":1020,"height":1200,"url":"https:\/\/glamorouscorset.com\/wp-content\/uploads\/2016\/10\/Jolie-Black-Mesh-Corset-1.jpg","type":"image\/jpeg"}],"twitter_card":"summary_large_image","twitter_title":"Cors\u00e9 de piel de cordero negro Bella ( Bella Black Lambskin Cors\u00e9) GlamorousCorset.com","twitter_description":"Bella es 100 piel de cordero. Este cl\u00e1sico cors\u00e9 corto de 8\" bajo el busto har\u00e1 que la cintura sea m\u00e1xima y har\u00e1 que cualquier atuendo destaque.","twitter_misc":{"Tiempo de lectura":"1 minuto"},"schema":{"@context":"https:\/\/schema.org","@graph":[{"@type":"WebPage","@id":"https:\/\/glamorouscorset.com\/es\/tienda\/colecciones-de-corse\/corses-de-linea-larga\/jolie-negro-malla-corse\/","url":"https:\/\/glamorouscorset.com\/es\/tienda\/colecciones-de-corse\/corses-de-linea-larga\/jolie-negro-malla-corse\/","name":"Jolie Cors\u00e9 deshuesado de acero negro de palangre de malla larga | Glamorous Corset","isPartOf":{"@id":"https:\/\/glamorouscorset.com\/#website"},"primaryImageOfPage":{"@id":"https:\/\/glamorouscorset.com\/es\/tienda\/colecciones-de-corse\/corses-de-linea-larga\/jolie-negro-malla-corse\/#primaryimage"},"image":{"@id":"https:\/\/glamorouscorset.com\/es\/tienda\/colecciones-de-corse\/corses-de-linea-larga\/jolie-negro-malla-corse\/#primaryimage"},"thumbnailUrl":"https:\/\/glamorouscorset.com\/wp-content\/uploads\/2016\/10\/Jolie-Black-Mesh-Corset-1.jpg","datePublished":"2019-08-01T00:06:39+00:00","dateModified":"2023-01-17T19:44:52+00:00","description":"Nuestro cors\u00e9 de malla negra Jolie fue dise\u00f1ado para la comodidad. ideal para figuras curvas su comodidad transpirable superior para obtener los m\u00e1ximos resultados.","breadcrumb":{"@id":"https:\/\/glamorouscorset.com\/es\/tienda\/colecciones-de-corse\/corses-de-linea-larga\/jolie-negro-malla-corse\/#breadcrumb"},"inLanguage":"es","potentialAction":[{"@type":"ReadAction","target":["https:\/\/glamorouscorset.com\/es\/tienda\/colecciones-de-corse\/corses-de-linea-larga\/jolie-negro-malla-corse\/"]}]},{"@type":"ImageObject","inLanguage":"es","@id":"https:\/\/glamorouscorset.com\/es\/tienda\/colecciones-de-corse\/corses-de-linea-larga\/jolie-negro-malla-corse\/#primaryimage","url":"https:\/\/glamorouscorset.com\/wp-content\/uploads\/2016\/10\/Jolie-Black-Mesh-Corset-1.jpg","contentUrl":"https:\/\/glamorouscorset.com\/wp-content\/uploads\/2016\/10\/Jolie-Black-Mesh-Corset-1.jpg","width":1020,"height":1200,"caption":"Cors\u00e9 de malla negra"},{"@type":"BreadcrumbList","@id":"https:\/\/glamorouscorset.com\/es\/tienda\/colecciones-de-corse\/corses-de-linea-larga\/jolie-negro-malla-corse\/#breadcrumb","itemListElement":[{"@type":"ListItem","position":1,"name":"Home","item":"https:\/\/glamorouscorset.com\/es\/"},{"@type":"ListItem","position":2,"name":"Tienda","item":"https:\/\/glamorouscorset.com\/es\/tienda\/"},{"@type":"ListItem","position":3,"name":"Cors\u00e9 de malla negra de Jolie"}]},{"@type":"WebSite","@id":"https:\/\/glamorouscorset.com\/#website","url":"https:\/\/glamorouscorset.com\/","name":"Glamorous Corset","description":"Glamorous Corset offers an assortment of steel boned waist training corsets for all shapes and sizes!","publisher":{"@id":"https:\/\/glamorouscorset.com\/#organization"},"potentialAction":[{"@type":"SearchAction","target":{"@type":"EntryPoint","urlTemplate":"https:\/\/glamorouscorset.com\/?s={search_term_string}"},"query-input":{"@type":"PropertyValueSpecification","valueRequired":true,"valueName":"search_term_string"}}],"inLanguage":"es"},{"@type":"Organization","@id":"https:\/\/glamorouscorset.com\/#organization","name":"Glamorous Corset","url":"https:\/\/glamorouscorset.com\/","logo":{"@type":"ImageObject","inLanguage":"es","@id":"https:\/\/glamorouscorset.com\/#\/schema\/logo\/image\/","url":"https:\/\/glamorouscorset.com\/wp-content\/uploads\/2015\/11\/logo@2x.jpg","contentUrl":"https:\/\/glamorouscorset.com\/wp-content\/uploads\/2015\/11\/logo@2x.jpg","width":238,"height":60,"caption":"Glamorous Corset"},"image":{"@id":"https:\/\/glamorouscorset.com\/#\/schema\/logo\/image\/"},"sameAs":["https:\/\/www.facebook.com\/glamorouscorset"]}]}},"_links":{"self":[{"href":"https:\/\/glamorouscorset.com\/es\/wp-json\/wp\/v2\/product\/7722","targetHints":{"allow":["GET"]}}],"collection":[{"href":"https:\/\/glamorouscorset.com\/es\/wp-json\/wp\/v2\/product"}],"about":[{"href":"https:\/\/glamorouscorset.com\/es\/wp-json\/wp\/v2\/types\/product"}],"replies":[{"embeddable":true,"href":"https:\/\/glamorouscorset.com\/es\/wp-json\/wp\/v2\/comments?post=7722"}],"wp:featuredmedia":[{"embeddable":true,"href":"https:\/\/glamorouscorset.com\/es\/wp-json\/wp\/v2\/media\/7737"}],"wp:attachment":[{"href":"https:\/\/glamorouscorset.com\/es\/wp-json\/wp\/v2\/media?parent=7722"}],"wp:term":[{"taxonomy":"product_brand","embeddable":true,"href":"https:\/\/glamorouscorset.com\/es\/wp-json\/wp\/v2\/product_brand?post=7722"},{"taxonomy":"product_cat","embeddable":true,"href":"https:\/\/glamorouscorset.com\/es\/wp-json\/wp\/v2\/product_cat?post=7722"},{"taxonomy":"product_tag","embeddable":true,"href":"https:\/\/glamorouscorset.com\/es\/wp-json\/wp\/v2\/product_tag?post=7722"}],"curies":[{"name":"wp","href":"https:\/\/api.w.org\/{rel}","templated":true}]}}