{"id":7626,"date":"2019-07-31T20:25:20","date_gmt":"2019-10-31T14:06:23","guid":{"rendered":"https:\/\/glamorouscorset.com\/shop-all\/sin%20categor\u00eda\/kelly-cuero-negro-corse\/"},"modified":"2023-01-17T14:44:49","modified_gmt":"2023-01-17T19:44:49","slug":"kelly-negro-cuero-corse","status":"publish","type":"product","link":"https:\/\/glamorouscorset.com\/es\/tienda\/colecciones-de-corse\/corses-steampunk\/kelly-negro-cuero-corse\/","title":{"rendered":"Kelly cuero negro Cors\u00e9"},"content":{"rendered":"<h2>Kelly negro cuero piel de cordero cors\u00e9<\/h2>\n<p>El GC-129 es un impresionante cors\u00e9 de piel de cordero negro de 100 negro. Kelly es ideal para un torso largo este atrevido cors\u00e9 de hueso doble proporcionar\u00e1 durabilidad y soporte adicionales.<\/p>\n<h3>Caracter\u00edsticas y detalles<\/h3>\n<p>\u2022 22 huesos de acero (4 huesos r\u00edgidos de acero, 18 huesos de acero espiral)<br \/>\n\u2022 Busk de acero<br \/>\n\u2022 Para una longitud larga del torso<br \/>\n\u2022 Longitud delantera 13 pulgadas<br \/>\n\u2022 Longitud de la espalda 13 pulgadas<br \/>\n\u2022 Longitud lateral 12,5 pulgadas<br \/>\n\u2022 100 piel de cordero<br \/>\n\u2022 Forrado con 100% algod\u00f3n + cinta de cintura<br \/>\n\u2022 Panel de modestia de 5 \u00abde ancho<br \/>\n\u2022 Cord\u00f3n tradicional bidireccional<br \/>\n\u2022 6 lazos de suspensi\u00f3n<\/p>\n","protected":false},"excerpt":{"rendered":"<p>Larga l\u00ednea de cuero doble acero deshuesado underbust Cors\u00e9<\/p>\n<h2><\/h2>\n","protected":false},"featured_media":7640,"comment_status":"open","ping_status":"closed","template":"","meta":[],"product_brand":[],"product_cat":[313,315,320,376,352,319,373,318,357,317,316,322],"product_tag":[],"class_list":{"0":"post-7626","1":"product","2":"type-product","3":"status-publish","4":"has-post-thumbnail","6":"product_cat-corse-categorias","7":"product_cat-corse-colors","8":"product_cat-corse-materiales","9":"product_cat-corses-a-la-venta","10":"product_cat-corses-bajo-busto-negro","11":"product_cat-corses-bajo-el-pecho","12":"product_cat-corses-de-cuero","13":"product_cat-corses-de-entrenamiento-de-cintura","14":"product_cat-corses-de-linea-larga","15":"product_cat-corses-deshuesados-de-acero","16":"product_cat-corses-negros","17":"product_cat-corses-steampunk","18":"pa_color-negro","19":"pa_corset-type-acero-deshuesado","20":"pa_corset-type-debajo-del-busto-es","21":"pa_corset-type-entrenamiento-de-cintura","22":"pa_material-cuero","23":"pa_size-18-es","24":"pa_size-20-es","25":"pa_size-22-es","26":"pa_size-24-es","27":"pa_size-26-es","28":"pa_size-28-es","29":"pa_size-30-es","30":"pa_size-32-es","31":"pa_size-34-es","32":"pa_size-36-es","33":"pa_size-38-es","34":"pa_size-40-es","35":"pa_torso-length-largo","37":"first","38":"outofstock","39":"taxable","40":"shipping-taxable","41":"product-type-variable"},"yoast_head":"<!-- This site is optimized with the Yoast SEO plugin v26.9 - https:\/\/yoast.com\/product\/yoast-seo-wordpress\/ -->\n<title>Kelly Cors\u00e9 deshuesado de acero negro bajo el cuero | Glamorous Corset<\/title>\n<meta name=\"description\" content=\"100 Piel de cordero negro bajo cors\u00e9. Kelly es ideal para un torso largo este atrevido cors\u00e9 de hueso doble proporcionar\u00e1 durabilidad y soporte adicionales.\" \/>\n<meta name=\"robots\" content=\"index, follow, max-snippet:-1, max-image-preview:large, max-video-preview:-1\" \/>\n<link rel=\"canonical\" href=\"https:\/\/glamorouscorset.com\/es\/tienda\/colecciones-de-corse\/corses-steampunk\/kelly-negro-cuero-corse\/\" \/>\n<meta property=\"og:locale\" content=\"es_ES\" \/>\n<meta property=\"og:type\" content=\"article\" \/>\n<meta property=\"og:title\" content=\"Kelly cuero negro Underbust Steel Boned Cors\u00e9 Glamorous Corset\" \/>\n<meta property=\"og:description\" content=\"100 Piel de cordero negro bajo cors\u00e9. Kelly es ideal para un torso largo este atrevido cors\u00e9 de hueso doble proporcionar\u00e1 durabilidad y soporte adicionales.\" \/>\n<meta property=\"og:url\" content=\"https:\/\/glamorouscorset.com\/es\/tienda\/colecciones-de-corse\/corses-steampunk\/kelly-negro-cuero-corse\/\" \/>\n<meta property=\"og:site_name\" content=\"Glamorous Corset\" \/>\n<meta property=\"article:publisher\" content=\"https:\/\/www.facebook.com\/glamorouscorset\" \/>\n<meta property=\"article:modified_time\" content=\"2023-01-17T19:44:49+00:00\" \/>\n<meta property=\"og:image\" content=\"https:\/\/glamorouscorset.com\/wp-content\/uploads\/2015\/06\/29LONG-LEATHER-2.jpg\" \/>\n\t<meta property=\"og:image:width\" content=\"2124\" \/>\n\t<meta property=\"og:image:height\" content=\"3187\" \/>\n\t<meta property=\"og:image:type\" content=\"image\/jpeg\" \/>\n<meta name=\"twitter:card\" content=\"summary_large_image\" \/>\n<meta name=\"twitter:title\" content=\"Cors\u00e9 de piel de cuero negro Kelly ( Kelly Black Leather Corskin Corset) GlamorousCorset.com\" \/>\n<meta name=\"twitter:description\" content=\"100 Cors\u00e9 de piel de cordero. Kelly es ideal para un torso largo este atrevido cors\u00e9 de hueso doble proporcionar\u00e1 durabilidad y soporte adicionales.\" \/>\n<script type=\"application\/ld+json\" class=\"yoast-schema-graph\">{\"@context\":\"https:\/\/schema.org\",\"@graph\":[{\"@type\":\"WebPage\",\"@id\":\"https:\/\/glamorouscorset.com\/es\/tienda\/colecciones-de-corse\/corses-steampunk\/kelly-negro-cuero-corse\/\",\"url\":\"https:\/\/glamorouscorset.com\/es\/tienda\/colecciones-de-corse\/corses-steampunk\/kelly-negro-cuero-corse\/\",\"name\":\"Kelly Cors\u00e9 deshuesado de acero negro bajo el cuero | Glamorous Corset\",\"isPartOf\":{\"@id\":\"https:\/\/glamorouscorset.com\/#website\"},\"primaryImageOfPage\":{\"@id\":\"https:\/\/glamorouscorset.com\/es\/tienda\/colecciones-de-corse\/corses-steampunk\/kelly-negro-cuero-corse\/#primaryimage\"},\"image\":{\"@id\":\"https:\/\/glamorouscorset.com\/es\/tienda\/colecciones-de-corse\/corses-steampunk\/kelly-negro-cuero-corse\/#primaryimage\"},\"thumbnailUrl\":\"https:\/\/glamorouscorset.com\/wp-content\/uploads\/2015\/06\/29LONG-LEATHER-2.jpg\",\"datePublished\":\"2019-10-31T14:06:23+00:00\",\"dateModified\":\"2023-01-17T19:44:49+00:00\",\"description\":\"100 Piel de cordero negro bajo cors\u00e9. Kelly es ideal para un torso largo este atrevido cors\u00e9 de hueso doble proporcionar\u00e1 durabilidad y soporte adicionales.\",\"breadcrumb\":{\"@id\":\"https:\/\/glamorouscorset.com\/es\/tienda\/colecciones-de-corse\/corses-steampunk\/kelly-negro-cuero-corse\/#breadcrumb\"},\"inLanguage\":\"es\",\"potentialAction\":[{\"@type\":\"ReadAction\",\"target\":[\"https:\/\/glamorouscorset.com\/es\/tienda\/colecciones-de-corse\/corses-steampunk\/kelly-negro-cuero-corse\/\"]}]},{\"@type\":\"ImageObject\",\"inLanguage\":\"es\",\"@id\":\"https:\/\/glamorouscorset.com\/es\/tienda\/colecciones-de-corse\/corses-steampunk\/kelly-negro-cuero-corse\/#primaryimage\",\"url\":\"https:\/\/glamorouscorset.com\/wp-content\/uploads\/2015\/06\/29LONG-LEATHER-2.jpg\",\"contentUrl\":\"https:\/\/glamorouscorset.com\/wp-content\/uploads\/2015\/06\/29LONG-LEATHER-2.jpg\",\"width\":2124,\"height\":3187,\"caption\":\"Kelly negro cuero piel de cordero cors\u00e9\"},{\"@type\":\"BreadcrumbList\",\"@id\":\"https:\/\/glamorouscorset.com\/es\/tienda\/colecciones-de-corse\/corses-steampunk\/kelly-negro-cuero-corse\/#breadcrumb\",\"itemListElement\":[{\"@type\":\"ListItem\",\"position\":1,\"name\":\"Home\",\"item\":\"https:\/\/glamorouscorset.com\/es\/\"},{\"@type\":\"ListItem\",\"position\":2,\"name\":\"Tienda\",\"item\":\"https:\/\/glamorouscorset.com\/es\/tienda\/\"},{\"@type\":\"ListItem\",\"position\":3,\"name\":\"Kelly cuero negro Cors\u00e9\"}]},{\"@type\":\"WebSite\",\"@id\":\"https:\/\/glamorouscorset.com\/#website\",\"url\":\"https:\/\/glamorouscorset.com\/\",\"name\":\"Glamorous Corset\",\"description\":\"Glamorous Corset offers an assortment of steel boned waist training corsets for all shapes and sizes!\",\"publisher\":{\"@id\":\"https:\/\/glamorouscorset.com\/#organization\"},\"potentialAction\":[{\"@type\":\"SearchAction\",\"target\":{\"@type\":\"EntryPoint\",\"urlTemplate\":\"https:\/\/glamorouscorset.com\/?s={search_term_string}\"},\"query-input\":{\"@type\":\"PropertyValueSpecification\",\"valueRequired\":true,\"valueName\":\"search_term_string\"}}],\"inLanguage\":\"es\"},{\"@type\":\"Organization\",\"@id\":\"https:\/\/glamorouscorset.com\/#organization\",\"name\":\"Glamorous Corset\",\"url\":\"https:\/\/glamorouscorset.com\/\",\"logo\":{\"@type\":\"ImageObject\",\"inLanguage\":\"es\",\"@id\":\"https:\/\/glamorouscorset.com\/#\/schema\/logo\/image\/\",\"url\":\"https:\/\/glamorouscorset.com\/wp-content\/uploads\/2015\/11\/logo@2x.jpg\",\"contentUrl\":\"https:\/\/glamorouscorset.com\/wp-content\/uploads\/2015\/11\/logo@2x.jpg\",\"width\":238,\"height\":60,\"caption\":\"Glamorous Corset\"},\"image\":{\"@id\":\"https:\/\/glamorouscorset.com\/#\/schema\/logo\/image\/\"},\"sameAs\":[\"https:\/\/www.facebook.com\/glamorouscorset\"]}]}<\/script>\n<!-- \/ Yoast SEO plugin. -->","yoast_head_json":{"title":"Kelly Cors\u00e9 deshuesado de acero negro bajo el cuero | Glamorous Corset","description":"100 Piel de cordero negro bajo cors\u00e9. Kelly es ideal para un torso largo este atrevido cors\u00e9 de hueso doble proporcionar\u00e1 durabilidad y soporte adicionales.","robots":{"index":"index","follow":"follow","max-snippet":"max-snippet:-1","max-image-preview":"max-image-preview:large","max-video-preview":"max-video-preview:-1"},"canonical":"https:\/\/glamorouscorset.com\/es\/tienda\/colecciones-de-corse\/corses-steampunk\/kelly-negro-cuero-corse\/","og_locale":"es_ES","og_type":"article","og_title":"Kelly cuero negro Underbust Steel Boned Cors\u00e9 Glamorous Corset","og_description":"100 Piel de cordero negro bajo cors\u00e9. Kelly es ideal para un torso largo este atrevido cors\u00e9 de hueso doble proporcionar\u00e1 durabilidad y soporte adicionales.","og_url":"https:\/\/glamorouscorset.com\/es\/tienda\/colecciones-de-corse\/corses-steampunk\/kelly-negro-cuero-corse\/","og_site_name":"Glamorous Corset","article_publisher":"https:\/\/www.facebook.com\/glamorouscorset","article_modified_time":"2023-01-17T19:44:49+00:00","og_image":[{"width":2124,"height":3187,"url":"https:\/\/glamorouscorset.com\/wp-content\/uploads\/2015\/06\/29LONG-LEATHER-2.jpg","type":"image\/jpeg"}],"twitter_card":"summary_large_image","twitter_title":"Cors\u00e9 de piel de cuero negro Kelly ( Kelly Black Leather Corskin Corset) GlamorousCorset.com","twitter_description":"100 Cors\u00e9 de piel de cordero. Kelly es ideal para un torso largo este atrevido cors\u00e9 de hueso doble proporcionar\u00e1 durabilidad y soporte adicionales.","schema":{"@context":"https:\/\/schema.org","@graph":[{"@type":"WebPage","@id":"https:\/\/glamorouscorset.com\/es\/tienda\/colecciones-de-corse\/corses-steampunk\/kelly-negro-cuero-corse\/","url":"https:\/\/glamorouscorset.com\/es\/tienda\/colecciones-de-corse\/corses-steampunk\/kelly-negro-cuero-corse\/","name":"Kelly Cors\u00e9 deshuesado de acero negro bajo el cuero | Glamorous Corset","isPartOf":{"@id":"https:\/\/glamorouscorset.com\/#website"},"primaryImageOfPage":{"@id":"https:\/\/glamorouscorset.com\/es\/tienda\/colecciones-de-corse\/corses-steampunk\/kelly-negro-cuero-corse\/#primaryimage"},"image":{"@id":"https:\/\/glamorouscorset.com\/es\/tienda\/colecciones-de-corse\/corses-steampunk\/kelly-negro-cuero-corse\/#primaryimage"},"thumbnailUrl":"https:\/\/glamorouscorset.com\/wp-content\/uploads\/2015\/06\/29LONG-LEATHER-2.jpg","datePublished":"2019-10-31T14:06:23+00:00","dateModified":"2023-01-17T19:44:49+00:00","description":"100 Piel de cordero negro bajo cors\u00e9. Kelly es ideal para un torso largo este atrevido cors\u00e9 de hueso doble proporcionar\u00e1 durabilidad y soporte adicionales.","breadcrumb":{"@id":"https:\/\/glamorouscorset.com\/es\/tienda\/colecciones-de-corse\/corses-steampunk\/kelly-negro-cuero-corse\/#breadcrumb"},"inLanguage":"es","potentialAction":[{"@type":"ReadAction","target":["https:\/\/glamorouscorset.com\/es\/tienda\/colecciones-de-corse\/corses-steampunk\/kelly-negro-cuero-corse\/"]}]},{"@type":"ImageObject","inLanguage":"es","@id":"https:\/\/glamorouscorset.com\/es\/tienda\/colecciones-de-corse\/corses-steampunk\/kelly-negro-cuero-corse\/#primaryimage","url":"https:\/\/glamorouscorset.com\/wp-content\/uploads\/2015\/06\/29LONG-LEATHER-2.jpg","contentUrl":"https:\/\/glamorouscorset.com\/wp-content\/uploads\/2015\/06\/29LONG-LEATHER-2.jpg","width":2124,"height":3187,"caption":"Kelly negro cuero piel de cordero cors\u00e9"},{"@type":"BreadcrumbList","@id":"https:\/\/glamorouscorset.com\/es\/tienda\/colecciones-de-corse\/corses-steampunk\/kelly-negro-cuero-corse\/#breadcrumb","itemListElement":[{"@type":"ListItem","position":1,"name":"Home","item":"https:\/\/glamorouscorset.com\/es\/"},{"@type":"ListItem","position":2,"name":"Tienda","item":"https:\/\/glamorouscorset.com\/es\/tienda\/"},{"@type":"ListItem","position":3,"name":"Kelly cuero negro Cors\u00e9"}]},{"@type":"WebSite","@id":"https:\/\/glamorouscorset.com\/#website","url":"https:\/\/glamorouscorset.com\/","name":"Glamorous Corset","description":"Glamorous Corset offers an assortment of steel boned waist training corsets for all shapes and sizes!","publisher":{"@id":"https:\/\/glamorouscorset.com\/#organization"},"potentialAction":[{"@type":"SearchAction","target":{"@type":"EntryPoint","urlTemplate":"https:\/\/glamorouscorset.com\/?s={search_term_string}"},"query-input":{"@type":"PropertyValueSpecification","valueRequired":true,"valueName":"search_term_string"}}],"inLanguage":"es"},{"@type":"Organization","@id":"https:\/\/glamorouscorset.com\/#organization","name":"Glamorous Corset","url":"https:\/\/glamorouscorset.com\/","logo":{"@type":"ImageObject","inLanguage":"es","@id":"https:\/\/glamorouscorset.com\/#\/schema\/logo\/image\/","url":"https:\/\/glamorouscorset.com\/wp-content\/uploads\/2015\/11\/logo@2x.jpg","contentUrl":"https:\/\/glamorouscorset.com\/wp-content\/uploads\/2015\/11\/logo@2x.jpg","width":238,"height":60,"caption":"Glamorous Corset"},"image":{"@id":"https:\/\/glamorouscorset.com\/#\/schema\/logo\/image\/"},"sameAs":["https:\/\/www.facebook.com\/glamorouscorset"]}]}},"_links":{"self":[{"href":"https:\/\/glamorouscorset.com\/es\/wp-json\/wp\/v2\/product\/7626","targetHints":{"allow":["GET"]}}],"collection":[{"href":"https:\/\/glamorouscorset.com\/es\/wp-json\/wp\/v2\/product"}],"about":[{"href":"https:\/\/glamorouscorset.com\/es\/wp-json\/wp\/v2\/types\/product"}],"replies":[{"embeddable":true,"href":"https:\/\/glamorouscorset.com\/es\/wp-json\/wp\/v2\/comments?post=7626"}],"wp:featuredmedia":[{"embeddable":true,"href":"https:\/\/glamorouscorset.com\/es\/wp-json\/wp\/v2\/media\/7640"}],"wp:attachment":[{"href":"https:\/\/glamorouscorset.com\/es\/wp-json\/wp\/v2\/media?parent=7626"}],"wp:term":[{"taxonomy":"product_brand","embeddable":true,"href":"https:\/\/glamorouscorset.com\/es\/wp-json\/wp\/v2\/product_brand?post=7626"},{"taxonomy":"product_cat","embeddable":true,"href":"https:\/\/glamorouscorset.com\/es\/wp-json\/wp\/v2\/product_cat?post=7626"},{"taxonomy":"product_tag","embeddable":true,"href":"https:\/\/glamorouscorset.com\/es\/wp-json\/wp\/v2\/product_tag?post=7626"}],"curies":[{"name":"wp","href":"https:\/\/api.w.org\/{rel}","templated":true}]}}