{"id":7610,"date":"2019-08-12T10:01:58","date_gmt":"2019-10-31T14:05:17","guid":{"rendered":"https:\/\/glamorouscorset.com\/shop-all\/sin categor\u00eda\/emma-corse-de-malla-blanca\/"},"modified":"2023-01-17T14:44:49","modified_gmt":"2023-01-17T19:44:49","slug":"emma-blanco-malla-corse","status":"publish","type":"product","link":"https:\/\/glamorouscorset.com\/es\/tienda\/corse-materiales\/corses-de-malla\/emma-blanco-malla-corse\/","title":{"rendered":"Emma Cors\u00e9 de malla blanca"},"content":{"rendered":"<h2>Emma Cors\u00e9 de malla blanca<\/h2>\n<p>GC-145 es un hermoso cors\u00e9 de malla blanca de 10&#8243; de huesos de acero doble. Emma cuenta con un borde recto superior e inferior que complementar\u00e1 la mayor\u00eda de los tipos de cuerpo. Material de malla transpirable est\u00e1 dise\u00f1ado con una palabra en mente, comodidad. Su construcci\u00f3n de 3 capas y la combinaci\u00f3n de huesos de acero plano y espiral son ideales para proporcionar soporte manteniendo la movilidad y flexibilidad del torso.<\/p>\n<h3>Caracter\u00edsticas y detalles<\/h3>\n<p>\u2022 18 huesos de acero (4 huesos r\u00edgidos de acero, 14 huesos de acero espiral)<br \/>\n\u2022 Busk de acero<br \/>\n\u2022 Para longitud de torso corta\/media<br \/>\n\u2022 Longitud delantera 10 pulgadas<br \/>\n\u2022 Longitud de la espalda 11 pulgadas<br \/>\n\u2022 Longitud lateral 10 pulgadas<br \/>\n\u2022 Tiene un resorte de costilla de 5 pulgadas y un resorte de cadera de 4 pulgadas<br \/>\n\u2022 Sat\u00edn<br \/>\n\u2022 Forrado con 100% algod\u00f3n + cinta de cintura<br \/>\n\u2022 Panel de modestia ancha de 5&#8243;<br \/>\n\u2022 Cord\u00f3n tradicional bidireccional<br \/>\n\u2022 6 lazos de suspensi\u00f3n<br \/>\n\u2022 Viene con una bolsa de almacenamiento<\/p>\n","protected":false},"excerpt":{"rendered":"<p>Short Mesh doble acero Boned Waist Training Underbust<\/p>\n","protected":false},"featured_media":7625,"comment_status":"open","ping_status":"closed","template":"","meta":[],"product_brand":[],"product_cat":[313,315,320,376,319,370,374,314],"product_tag":[],"class_list":{"0":"post-7610","1":"product","2":"type-product","3":"status-publish","4":"has-post-thumbnail","6":"product_cat-corse-categorias","7":"product_cat-corse-colors","8":"product_cat-corse-materiales","9":"product_cat-corses-a-la-venta","10":"product_cat-corses-bajo-el-pecho","11":"product_cat-corses-blancos","12":"product_cat-corses-de-malla","13":"product_cat-corses-de-nueva-llegada","14":"pa_color-negro","15":"pa_corset-type-acero-deshuesado","16":"pa_corset-type-debajo-del-busto-es","17":"pa_corset-type-entrenamiento-de-cintura","18":"pa_material-malla","19":"pa_size-18-es","20":"pa_size-20-es","21":"pa_size-22-es","22":"pa_size-24-es","23":"pa_size-26-es","24":"pa_size-28-es","25":"pa_size-30-es","26":"pa_size-32-es","27":"pa_size-34-es","28":"pa_size-36-es","29":"pa_size-38-es","30":"pa_size-40-es","31":"pa_torso-length-corto","32":"pa_torso-length-promedio","34":"first","35":"outofstock","36":"sale","37":"taxable","38":"shipping-taxable","39":"purchasable","40":"product-type-variable"},"yoast_head":"<!-- This site is optimized with the Yoast SEO plugin v26.9 - https:\/\/yoast.com\/product\/yoast-seo-wordpress\/ -->\n<title>Emma Cors\u00e9 deshuesado de malla blanca de acero | Glamorous Corset<\/title>\n<meta name=\"description\" content=\"Emma Cors\u00e9 de malla blanca: GC-145 es un hermoso cors\u00e9 de malla blanca de 10&quot; de acero doble que complementar\u00e1 la mayor\u00eda de los tipos de cuerpo.\" \/>\n<meta name=\"robots\" content=\"index, follow, max-snippet:-1, max-image-preview:large, max-video-preview:-1\" \/>\n<link rel=\"canonical\" href=\"https:\/\/glamorouscorset.com\/es\/tienda\/corse-materiales\/corses-de-malla\/emma-blanco-malla-corse\/\" \/>\n<meta property=\"og:locale\" content=\"es_ES\" \/>\n<meta property=\"og:type\" content=\"article\" \/>\n<meta property=\"og:title\" content=\"Emma Cors\u00e9 deshuesado de malla blanca de acero | Glamorous Corset\" \/>\n<meta property=\"og:description\" content=\"Emma Cors\u00e9 de malla blanca: GC-145 es un hermoso cors\u00e9 de malla blanca de 10&quot; de acero doble que complementar\u00e1 la mayor\u00eda de los tipos de cuerpo.\" \/>\n<meta property=\"og:url\" content=\"https:\/\/glamorouscorset.com\/es\/tienda\/corse-materiales\/corses-de-malla\/emma-blanco-malla-corse\/\" \/>\n<meta property=\"og:site_name\" content=\"Glamorous Corset\" \/>\n<meta property=\"article:publisher\" content=\"https:\/\/www.facebook.com\/glamorouscorset\" \/>\n<meta property=\"article:modified_time\" content=\"2023-01-17T19:44:49+00:00\" \/>\n<meta property=\"og:image\" content=\"https:\/\/glamorouscorset.com\/wp-content\/uploads\/2016\/10\/Emma-White-Mesh-Corset-1.jpg\" \/>\n\t<meta property=\"og:image:width\" content=\"1020\" \/>\n\t<meta property=\"og:image:height\" content=\"1200\" \/>\n\t<meta property=\"og:image:type\" content=\"image\/jpeg\" \/>\n<meta name=\"twitter:card\" content=\"summary_large_image\" \/>\n<meta name=\"twitter:title\" content=\"Cors\u00e9 de piel de cordero negro Bella ( Bella Black Lambskin Cors\u00e9) GlamorousCorset.com\" \/>\n<meta name=\"twitter:description\" content=\"Bella es 100 piel de cordero. Este cl\u00e1sico cors\u00e9 corto de 8&quot; bajo el busto har\u00e1 que la cintura sea m\u00e1xima y har\u00e1 que cualquier atuendo destaque.\" \/>\n<meta name=\"twitter:label1\" content=\"Tiempo de lectura\" \/>\n\t<meta name=\"twitter:data1\" content=\"1 minuto\" \/>\n<script type=\"application\/ld+json\" class=\"yoast-schema-graph\">{\"@context\":\"https:\/\/schema.org\",\"@graph\":[{\"@type\":\"WebPage\",\"@id\":\"https:\/\/glamorouscorset.com\/es\/tienda\/corse-materiales\/corses-de-malla\/emma-blanco-malla-corse\/\",\"url\":\"https:\/\/glamorouscorset.com\/es\/tienda\/corse-materiales\/corses-de-malla\/emma-blanco-malla-corse\/\",\"name\":\"Emma Cors\u00e9 deshuesado de malla blanca de acero | Glamorous Corset\",\"isPartOf\":{\"@id\":\"https:\/\/glamorouscorset.com\/#website\"},\"primaryImageOfPage\":{\"@id\":\"https:\/\/glamorouscorset.com\/es\/tienda\/corse-materiales\/corses-de-malla\/emma-blanco-malla-corse\/#primaryimage\"},\"image\":{\"@id\":\"https:\/\/glamorouscorset.com\/es\/tienda\/corse-materiales\/corses-de-malla\/emma-blanco-malla-corse\/#primaryimage\"},\"thumbnailUrl\":\"https:\/\/glamorouscorset.com\/wp-content\/uploads\/2016\/10\/Emma-White-Mesh-Corset-1.jpg\",\"datePublished\":\"2019-10-31T14:05:17+00:00\",\"dateModified\":\"2023-01-17T19:44:49+00:00\",\"description\":\"Emma Cors\u00e9 de malla blanca: GC-145 es un hermoso cors\u00e9 de malla blanca de 10\\\" de acero doble que complementar\u00e1 la mayor\u00eda de los tipos de cuerpo.\",\"breadcrumb\":{\"@id\":\"https:\/\/glamorouscorset.com\/es\/tienda\/corse-materiales\/corses-de-malla\/emma-blanco-malla-corse\/#breadcrumb\"},\"inLanguage\":\"es\",\"potentialAction\":[{\"@type\":\"ReadAction\",\"target\":[\"https:\/\/glamorouscorset.com\/es\/tienda\/corse-materiales\/corses-de-malla\/emma-blanco-malla-corse\/\"]}]},{\"@type\":\"ImageObject\",\"inLanguage\":\"es\",\"@id\":\"https:\/\/glamorouscorset.com\/es\/tienda\/corse-materiales\/corses-de-malla\/emma-blanco-malla-corse\/#primaryimage\",\"url\":\"https:\/\/glamorouscorset.com\/wp-content\/uploads\/2016\/10\/Emma-White-Mesh-Corset-1.jpg\",\"contentUrl\":\"https:\/\/glamorouscorset.com\/wp-content\/uploads\/2016\/10\/Emma-White-Mesh-Corset-1.jpg\",\"width\":1020,\"height\":1200},{\"@type\":\"BreadcrumbList\",\"@id\":\"https:\/\/glamorouscorset.com\/es\/tienda\/corse-materiales\/corses-de-malla\/emma-blanco-malla-corse\/#breadcrumb\",\"itemListElement\":[{\"@type\":\"ListItem\",\"position\":1,\"name\":\"Home\",\"item\":\"https:\/\/glamorouscorset.com\/es\/\"},{\"@type\":\"ListItem\",\"position\":2,\"name\":\"Tienda\",\"item\":\"https:\/\/glamorouscorset.com\/es\/tienda\/\"},{\"@type\":\"ListItem\",\"position\":3,\"name\":\"Emma Cors\u00e9 de malla blanca\"}]},{\"@type\":\"WebSite\",\"@id\":\"https:\/\/glamorouscorset.com\/#website\",\"url\":\"https:\/\/glamorouscorset.com\/\",\"name\":\"Glamorous Corset\",\"description\":\"Glamorous Corset offers an assortment of steel boned waist training corsets for all shapes and sizes!\",\"publisher\":{\"@id\":\"https:\/\/glamorouscorset.com\/#organization\"},\"potentialAction\":[{\"@type\":\"SearchAction\",\"target\":{\"@type\":\"EntryPoint\",\"urlTemplate\":\"https:\/\/glamorouscorset.com\/?s={search_term_string}\"},\"query-input\":{\"@type\":\"PropertyValueSpecification\",\"valueRequired\":true,\"valueName\":\"search_term_string\"}}],\"inLanguage\":\"es\"},{\"@type\":\"Organization\",\"@id\":\"https:\/\/glamorouscorset.com\/#organization\",\"name\":\"Glamorous Corset\",\"url\":\"https:\/\/glamorouscorset.com\/\",\"logo\":{\"@type\":\"ImageObject\",\"inLanguage\":\"es\",\"@id\":\"https:\/\/glamorouscorset.com\/#\/schema\/logo\/image\/\",\"url\":\"https:\/\/glamorouscorset.com\/wp-content\/uploads\/2015\/11\/logo@2x.jpg\",\"contentUrl\":\"https:\/\/glamorouscorset.com\/wp-content\/uploads\/2015\/11\/logo@2x.jpg\",\"width\":238,\"height\":60,\"caption\":\"Glamorous Corset\"},\"image\":{\"@id\":\"https:\/\/glamorouscorset.com\/#\/schema\/logo\/image\/\"},\"sameAs\":[\"https:\/\/www.facebook.com\/glamorouscorset\"]}]}<\/script>\n<!-- \/ Yoast SEO plugin. -->","yoast_head_json":{"title":"Emma Cors\u00e9 deshuesado de malla blanca de acero | Glamorous Corset","description":"Emma Cors\u00e9 de malla blanca: GC-145 es un hermoso cors\u00e9 de malla blanca de 10\" de acero doble que complementar\u00e1 la mayor\u00eda de los tipos de cuerpo.","robots":{"index":"index","follow":"follow","max-snippet":"max-snippet:-1","max-image-preview":"max-image-preview:large","max-video-preview":"max-video-preview:-1"},"canonical":"https:\/\/glamorouscorset.com\/es\/tienda\/corse-materiales\/corses-de-malla\/emma-blanco-malla-corse\/","og_locale":"es_ES","og_type":"article","og_title":"Emma Cors\u00e9 deshuesado de malla blanca de acero | Glamorous Corset","og_description":"Emma Cors\u00e9 de malla blanca: GC-145 es un hermoso cors\u00e9 de malla blanca de 10\" de acero doble que complementar\u00e1 la mayor\u00eda de los tipos de cuerpo.","og_url":"https:\/\/glamorouscorset.com\/es\/tienda\/corse-materiales\/corses-de-malla\/emma-blanco-malla-corse\/","og_site_name":"Glamorous Corset","article_publisher":"https:\/\/www.facebook.com\/glamorouscorset","article_modified_time":"2023-01-17T19:44:49+00:00","og_image":[{"width":1020,"height":1200,"url":"https:\/\/glamorouscorset.com\/wp-content\/uploads\/2016\/10\/Emma-White-Mesh-Corset-1.jpg","type":"image\/jpeg"}],"twitter_card":"summary_large_image","twitter_title":"Cors\u00e9 de piel de cordero negro Bella ( Bella Black Lambskin Cors\u00e9) GlamorousCorset.com","twitter_description":"Bella es 100 piel de cordero. Este cl\u00e1sico cors\u00e9 corto de 8\" bajo el busto har\u00e1 que la cintura sea m\u00e1xima y har\u00e1 que cualquier atuendo destaque.","twitter_misc":{"Tiempo de lectura":"1 minuto"},"schema":{"@context":"https:\/\/schema.org","@graph":[{"@type":"WebPage","@id":"https:\/\/glamorouscorset.com\/es\/tienda\/corse-materiales\/corses-de-malla\/emma-blanco-malla-corse\/","url":"https:\/\/glamorouscorset.com\/es\/tienda\/corse-materiales\/corses-de-malla\/emma-blanco-malla-corse\/","name":"Emma Cors\u00e9 deshuesado de malla blanca de acero | Glamorous Corset","isPartOf":{"@id":"https:\/\/glamorouscorset.com\/#website"},"primaryImageOfPage":{"@id":"https:\/\/glamorouscorset.com\/es\/tienda\/corse-materiales\/corses-de-malla\/emma-blanco-malla-corse\/#primaryimage"},"image":{"@id":"https:\/\/glamorouscorset.com\/es\/tienda\/corse-materiales\/corses-de-malla\/emma-blanco-malla-corse\/#primaryimage"},"thumbnailUrl":"https:\/\/glamorouscorset.com\/wp-content\/uploads\/2016\/10\/Emma-White-Mesh-Corset-1.jpg","datePublished":"2019-10-31T14:05:17+00:00","dateModified":"2023-01-17T19:44:49+00:00","description":"Emma Cors\u00e9 de malla blanca: GC-145 es un hermoso cors\u00e9 de malla blanca de 10\" de acero doble que complementar\u00e1 la mayor\u00eda de los tipos de cuerpo.","breadcrumb":{"@id":"https:\/\/glamorouscorset.com\/es\/tienda\/corse-materiales\/corses-de-malla\/emma-blanco-malla-corse\/#breadcrumb"},"inLanguage":"es","potentialAction":[{"@type":"ReadAction","target":["https:\/\/glamorouscorset.com\/es\/tienda\/corse-materiales\/corses-de-malla\/emma-blanco-malla-corse\/"]}]},{"@type":"ImageObject","inLanguage":"es","@id":"https:\/\/glamorouscorset.com\/es\/tienda\/corse-materiales\/corses-de-malla\/emma-blanco-malla-corse\/#primaryimage","url":"https:\/\/glamorouscorset.com\/wp-content\/uploads\/2016\/10\/Emma-White-Mesh-Corset-1.jpg","contentUrl":"https:\/\/glamorouscorset.com\/wp-content\/uploads\/2016\/10\/Emma-White-Mesh-Corset-1.jpg","width":1020,"height":1200},{"@type":"BreadcrumbList","@id":"https:\/\/glamorouscorset.com\/es\/tienda\/corse-materiales\/corses-de-malla\/emma-blanco-malla-corse\/#breadcrumb","itemListElement":[{"@type":"ListItem","position":1,"name":"Home","item":"https:\/\/glamorouscorset.com\/es\/"},{"@type":"ListItem","position":2,"name":"Tienda","item":"https:\/\/glamorouscorset.com\/es\/tienda\/"},{"@type":"ListItem","position":3,"name":"Emma Cors\u00e9 de malla blanca"}]},{"@type":"WebSite","@id":"https:\/\/glamorouscorset.com\/#website","url":"https:\/\/glamorouscorset.com\/","name":"Glamorous Corset","description":"Glamorous Corset offers an assortment of steel boned waist training corsets for all shapes and sizes!","publisher":{"@id":"https:\/\/glamorouscorset.com\/#organization"},"potentialAction":[{"@type":"SearchAction","target":{"@type":"EntryPoint","urlTemplate":"https:\/\/glamorouscorset.com\/?s={search_term_string}"},"query-input":{"@type":"PropertyValueSpecification","valueRequired":true,"valueName":"search_term_string"}}],"inLanguage":"es"},{"@type":"Organization","@id":"https:\/\/glamorouscorset.com\/#organization","name":"Glamorous Corset","url":"https:\/\/glamorouscorset.com\/","logo":{"@type":"ImageObject","inLanguage":"es","@id":"https:\/\/glamorouscorset.com\/#\/schema\/logo\/image\/","url":"https:\/\/glamorouscorset.com\/wp-content\/uploads\/2015\/11\/logo@2x.jpg","contentUrl":"https:\/\/glamorouscorset.com\/wp-content\/uploads\/2015\/11\/logo@2x.jpg","width":238,"height":60,"caption":"Glamorous Corset"},"image":{"@id":"https:\/\/glamorouscorset.com\/#\/schema\/logo\/image\/"},"sameAs":["https:\/\/www.facebook.com\/glamorouscorset"]}]}},"_links":{"self":[{"href":"https:\/\/glamorouscorset.com\/es\/wp-json\/wp\/v2\/product\/7610","targetHints":{"allow":["GET"]}}],"collection":[{"href":"https:\/\/glamorouscorset.com\/es\/wp-json\/wp\/v2\/product"}],"about":[{"href":"https:\/\/glamorouscorset.com\/es\/wp-json\/wp\/v2\/types\/product"}],"replies":[{"embeddable":true,"href":"https:\/\/glamorouscorset.com\/es\/wp-json\/wp\/v2\/comments?post=7610"}],"wp:featuredmedia":[{"embeddable":true,"href":"https:\/\/glamorouscorset.com\/es\/wp-json\/wp\/v2\/media\/7625"}],"wp:attachment":[{"href":"https:\/\/glamorouscorset.com\/es\/wp-json\/wp\/v2\/media?parent=7610"}],"wp:term":[{"taxonomy":"product_brand","embeddable":true,"href":"https:\/\/glamorouscorset.com\/es\/wp-json\/wp\/v2\/product_brand?post=7610"},{"taxonomy":"product_cat","embeddable":true,"href":"https:\/\/glamorouscorset.com\/es\/wp-json\/wp\/v2\/product_cat?post=7610"},{"taxonomy":"product_tag","embeddable":true,"href":"https:\/\/glamorouscorset.com\/es\/wp-json\/wp\/v2\/product_tag?post=7610"}],"curies":[{"name":"wp","href":"https:\/\/api.w.org\/{rel}","templated":true}]}}