{"id":6250,"date":"2019-01-30T09:12:42","date_gmt":"2019-02-24T17:24:55","guid":{"rendered":"https:\/\/glamorouscorset.com\/shop-all\/sincategorizar\/corse-de-terciopelo-de-lara-w-lazos-de-la-cadera\/"},"modified":"2026-01-22T12:50:39","modified_gmt":"2026-01-22T17:50:39","slug":"lara-terciopelo-corse-con-cadera-lazos","status":"publish","type":"product","link":"https:\/\/glamorouscorset.com\/es\/tienda\/corse-materiales\/corses-de-terciopelo\/lara-terciopelo-corse-con-cadera-lazos\/","title":{"rendered":"Cors\u00e9 de terciopelo de Lara w\/lazos de la cadera"},"content":{"rendered":"<h2>Cors\u00e9 de Lara Velvet underbust con lazos de la cadera<\/h2>\n<p>GC-160 de terciopelo Lara cors\u00e9 underbust con lazos de la cadera-una adici\u00f3n impresionante a nuestra familia Lara. El tejido de terciopelo delicioso te dejar\u00e1 sin palabras al tacto. Su lujoso Combo de color negro\/marino tendr\u00e1 la cabeza de todo el mundo girando. Con la adici\u00f3n de los lazos de la cadera, este beb\u00e9 agregar\u00e1 un extra 4-8 pulgadas a la cadera-primavera. Soporte perfecto para figuras con curvas extra, pr\u00e1cticos y grandes para el entrenamiento de la cintura. Confort superior con m\u00e1ximos resultados. Ideal para mejorar la postura y aliviar el dolor de espalda.<\/p>\n<h3>Caracter\u00edsticas &amp; detalles<\/h3>\n<ul>\n<li>24 huesos de acero (4 huesos de acero r\u00edgido, 20 huesos de acero espiral)<\/li>\n<li>Busk de acero<\/li>\n<li>Para el torso corto o medio.<\/li>\n<li>Longitud delantera 12,5 cm<\/li>\n<li>Longitud de la espalda 12,5 cm<\/li>\n<li>Longitud lateral 11 pulgadas<\/li>\n<li>Tiene un resorte de costilla de 6 pulgadas y un resorte de cadera de 8 pulgadas-con la adici\u00f3n de lazos de cadera expandibles que agregar\u00e1 un extra de 4-8 pulgadas a la cadera-primavera<\/li>\n<li>Color-azul marino y terciopelo negro<\/li>\n<li>Forrado con 100% algod\u00f3n + cinta de la cintura<\/li>\n<li>Panel de 5 \u00abde gran modestia<\/li>\n<li>Cord\u00f3n de espalda bidireccional tradicional<\/li>\n<li>6 bucles de Liga<\/li>\n<li>Viene con una bolsa de almacenamiento<\/li>\n<\/ul>\n","protected":false},"excerpt":{"rendered":"<p>Cors\u00e9 de acero de terciopelo deshuesado con lazos delanteros<\/p>\n","protected":false},"featured_media":6178,"comment_status":"open","ping_status":"closed","template":"","meta":[],"product_brand":[],"product_cat":[313,315,320,360,319,318,314,384,317],"product_tag":[],"class_list":{"0":"post-6250","1":"product","2":"type-product","3":"status-publish","4":"has-post-thumbnail","6":"product_cat-corse-categorias","7":"product_cat-corse-colors","8":"product_cat-corse-materiales","9":"product_cat-corses-azules","10":"product_cat-corses-bajo-el-pecho","11":"product_cat-corses-de-entrenamiento-de-cintura","12":"product_cat-corses-de-nueva-llegada","13":"product_cat-corses-de-terciopelo","14":"product_cat-corses-deshuesados-de-acero","15":"pa_color-azul","16":"pa_corset-type-acero-deshuesado","17":"pa_corset-type-debajo-del-busto-es","18":"pa_corset-type-entrenamiento-de-cintura","19":"pa_material-terciopelo","20":"pa_size-18-es","21":"pa_size-20-es","22":"pa_size-22-es","23":"pa_size-24-es","24":"pa_size-26-es","25":"pa_size-28-es","26":"pa_size-30-es","27":"pa_size-32-es","28":"pa_size-34-es","29":"pa_size-36-es","30":"pa_size-38-es","31":"pa_size-40-es","32":"pa_torso-length-promedio","34":"first","35":"instock","36":"featured","37":"taxable","38":"shipping-taxable","39":"purchasable","40":"product-type-variable"},"yoast_head":"<!-- This site is optimized with the Yoast SEO plugin v26.9 - https:\/\/yoast.com\/product\/yoast-seo-wordpress\/ -->\n<title>Lara Cors\u00e9 de terciopelo bajo el pecho con lazos para la cadera (azul marino \/ negro) | Glamorous Corset<\/title>\n<meta name=\"description\" content=\"Este cors\u00e9 del underbust del terciopelo azul marino\/negro con lazos de la cadera (agrega 4-8 pulgadas adicionales a la cadera-resorte) es una adici\u00f3n asombrosa a nuestra colecci\u00f3n de Lara.\" \/>\n<meta name=\"robots\" content=\"index, follow, max-snippet:-1, max-image-preview:large, max-video-preview:-1\" \/>\n<link rel=\"canonical\" href=\"https:\/\/glamorouscorset.com\/es\/tienda\/corse-materiales\/corses-de-terciopelo\/lara-terciopelo-corse-con-cadera-lazos\/\" \/>\n<meta property=\"og:locale\" content=\"es_ES\" \/>\n<meta property=\"og:type\" content=\"article\" \/>\n<meta property=\"og:title\" content=\"Lara Cors\u00e9 de terciopelo bajo el pecho con lazos para la cadera (azul marino \/ negro) | Glamorous Corset\" \/>\n<meta property=\"og:description\" content=\"Este cors\u00e9 del underbust del terciopelo azul marino\/negro con lazos de la cadera (agrega 4-8 pulgadas adicionales a la cadera-resorte) es una adici\u00f3n asombrosa a nuestra colecci\u00f3n de Lara.\" \/>\n<meta property=\"og:url\" content=\"https:\/\/glamorouscorset.com\/es\/tienda\/corse-materiales\/corses-de-terciopelo\/lara-terciopelo-corse-con-cadera-lazos\/\" \/>\n<meta property=\"og:site_name\" content=\"Glamorous Corset\" \/>\n<meta property=\"article:publisher\" content=\"https:\/\/www.facebook.com\/glamorouscorset\" \/>\n<meta property=\"article:modified_time\" content=\"2026-01-22T17:50:39+00:00\" \/>\n<meta property=\"og:image\" content=\"https:\/\/glamorouscorset.com\/wp-content\/uploads\/2019\/01\/lara-velvet-corset-with-hip-ties-1.jpg\" \/>\n\t<meta property=\"og:image:width\" content=\"1020\" \/>\n\t<meta property=\"og:image:height\" content=\"1190\" \/>\n\t<meta property=\"og:image:type\" content=\"image\/jpeg\" \/>\n<meta name=\"twitter:card\" content=\"summary_large_image\" \/>\n<meta name=\"twitter:title\" content=\"Lara Cors\u00e9 de terciopelo bajo el pecho con lazos para la cadera (azul marino \/ negro) | Glamorous Corset\" \/>\n<meta name=\"twitter:description\" content=\"Cors\u00e9 de algod\u00f3n negro Lara. Trabaja para la mayor\u00eda de las figuras, este maravilla se centrar\u00e1 en adelgazar la cintura mientras que muestra apagado sus curvas.\" \/>\n<meta name=\"twitter:label1\" content=\"Tiempo de lectura\" \/>\n\t<meta name=\"twitter:data1\" content=\"1 minuto\" \/>\n<script type=\"application\/ld+json\" class=\"yoast-schema-graph\">{\"@context\":\"https:\/\/schema.org\",\"@graph\":[{\"@type\":\"WebPage\",\"@id\":\"https:\/\/glamorouscorset.com\/es\/tienda\/corse-materiales\/corses-de-terciopelo\/lara-terciopelo-corse-con-cadera-lazos\/\",\"url\":\"https:\/\/glamorouscorset.com\/es\/tienda\/corse-materiales\/corses-de-terciopelo\/lara-terciopelo-corse-con-cadera-lazos\/\",\"name\":\"Lara Cors\u00e9 de terciopelo bajo el pecho con lazos para la cadera (azul marino \/ negro) | Glamorous Corset\",\"isPartOf\":{\"@id\":\"https:\/\/glamorouscorset.com\/#website\"},\"primaryImageOfPage\":{\"@id\":\"https:\/\/glamorouscorset.com\/es\/tienda\/corse-materiales\/corses-de-terciopelo\/lara-terciopelo-corse-con-cadera-lazos\/#primaryimage\"},\"image\":{\"@id\":\"https:\/\/glamorouscorset.com\/es\/tienda\/corse-materiales\/corses-de-terciopelo\/lara-terciopelo-corse-con-cadera-lazos\/#primaryimage\"},\"thumbnailUrl\":\"https:\/\/glamorouscorset.com\/wp-content\/uploads\/2019\/01\/lara-velvet-corset-with-hip-ties-1.jpg\",\"datePublished\":\"2019-02-24T17:24:55+00:00\",\"dateModified\":\"2026-01-22T17:50:39+00:00\",\"description\":\"Este cors\u00e9 del underbust del terciopelo azul marino\/negro con lazos de la cadera (agrega 4-8 pulgadas adicionales a la cadera-resorte) es una adici\u00f3n asombrosa a nuestra colecci\u00f3n de Lara.\",\"breadcrumb\":{\"@id\":\"https:\/\/glamorouscorset.com\/es\/tienda\/corse-materiales\/corses-de-terciopelo\/lara-terciopelo-corse-con-cadera-lazos\/#breadcrumb\"},\"inLanguage\":\"es\",\"potentialAction\":[{\"@type\":\"ReadAction\",\"target\":[\"https:\/\/glamorouscorset.com\/es\/tienda\/corse-materiales\/corses-de-terciopelo\/lara-terciopelo-corse-con-cadera-lazos\/\"]}]},{\"@type\":\"ImageObject\",\"inLanguage\":\"es\",\"@id\":\"https:\/\/glamorouscorset.com\/es\/tienda\/corse-materiales\/corses-de-terciopelo\/lara-terciopelo-corse-con-cadera-lazos\/#primaryimage\",\"url\":\"https:\/\/glamorouscorset.com\/wp-content\/uploads\/2019\/01\/lara-velvet-corset-with-hip-ties-1.jpg\",\"contentUrl\":\"https:\/\/glamorouscorset.com\/wp-content\/uploads\/2019\/01\/lara-velvet-corset-with-hip-ties-1.jpg\",\"width\":1020,\"height\":1190,\"caption\":\"Cors\u00e9 de terciopelo Lara con lazos de cadera\"},{\"@type\":\"BreadcrumbList\",\"@id\":\"https:\/\/glamorouscorset.com\/es\/tienda\/corse-materiales\/corses-de-terciopelo\/lara-terciopelo-corse-con-cadera-lazos\/#breadcrumb\",\"itemListElement\":[{\"@type\":\"ListItem\",\"position\":1,\"name\":\"Home\",\"item\":\"https:\/\/glamorouscorset.com\/es\/\"},{\"@type\":\"ListItem\",\"position\":2,\"name\":\"Tienda\",\"item\":\"https:\/\/glamorouscorset.com\/es\/tienda\/\"},{\"@type\":\"ListItem\",\"position\":3,\"name\":\"Cors\u00e9 de terciopelo de Lara w\/lazos de la cadera\"}]},{\"@type\":\"WebSite\",\"@id\":\"https:\/\/glamorouscorset.com\/#website\",\"url\":\"https:\/\/glamorouscorset.com\/\",\"name\":\"Glamorous Corset\",\"description\":\"Glamorous Corset offers an assortment of steel boned waist training corsets for all shapes and sizes!\",\"publisher\":{\"@id\":\"https:\/\/glamorouscorset.com\/#organization\"},\"potentialAction\":[{\"@type\":\"SearchAction\",\"target\":{\"@type\":\"EntryPoint\",\"urlTemplate\":\"https:\/\/glamorouscorset.com\/?s={search_term_string}\"},\"query-input\":{\"@type\":\"PropertyValueSpecification\",\"valueRequired\":true,\"valueName\":\"search_term_string\"}}],\"inLanguage\":\"es\"},{\"@type\":\"Organization\",\"@id\":\"https:\/\/glamorouscorset.com\/#organization\",\"name\":\"Glamorous Corset\",\"url\":\"https:\/\/glamorouscorset.com\/\",\"logo\":{\"@type\":\"ImageObject\",\"inLanguage\":\"es\",\"@id\":\"https:\/\/glamorouscorset.com\/#\/schema\/logo\/image\/\",\"url\":\"https:\/\/glamorouscorset.com\/wp-content\/uploads\/2015\/11\/logo@2x.jpg\",\"contentUrl\":\"https:\/\/glamorouscorset.com\/wp-content\/uploads\/2015\/11\/logo@2x.jpg\",\"width\":238,\"height\":60,\"caption\":\"Glamorous Corset\"},\"image\":{\"@id\":\"https:\/\/glamorouscorset.com\/#\/schema\/logo\/image\/\"},\"sameAs\":[\"https:\/\/www.facebook.com\/glamorouscorset\"]}]}<\/script>\n<!-- \/ Yoast SEO plugin. -->","yoast_head_json":{"title":"Lara Cors\u00e9 de terciopelo bajo el pecho con lazos para la cadera (azul marino \/ negro) | Glamorous Corset","description":"Este cors\u00e9 del underbust del terciopelo azul marino\/negro con lazos de la cadera (agrega 4-8 pulgadas adicionales a la cadera-resorte) es una adici\u00f3n asombrosa a nuestra colecci\u00f3n de Lara.","robots":{"index":"index","follow":"follow","max-snippet":"max-snippet:-1","max-image-preview":"max-image-preview:large","max-video-preview":"max-video-preview:-1"},"canonical":"https:\/\/glamorouscorset.com\/es\/tienda\/corse-materiales\/corses-de-terciopelo\/lara-terciopelo-corse-con-cadera-lazos\/","og_locale":"es_ES","og_type":"article","og_title":"Lara Cors\u00e9 de terciopelo bajo el pecho con lazos para la cadera (azul marino \/ negro) | Glamorous Corset","og_description":"Este cors\u00e9 del underbust del terciopelo azul marino\/negro con lazos de la cadera (agrega 4-8 pulgadas adicionales a la cadera-resorte) es una adici\u00f3n asombrosa a nuestra colecci\u00f3n de Lara.","og_url":"https:\/\/glamorouscorset.com\/es\/tienda\/corse-materiales\/corses-de-terciopelo\/lara-terciopelo-corse-con-cadera-lazos\/","og_site_name":"Glamorous Corset","article_publisher":"https:\/\/www.facebook.com\/glamorouscorset","article_modified_time":"2026-01-22T17:50:39+00:00","og_image":[{"width":1020,"height":1190,"url":"https:\/\/glamorouscorset.com\/wp-content\/uploads\/2019\/01\/lara-velvet-corset-with-hip-ties-1.jpg","type":"image\/jpeg"}],"twitter_card":"summary_large_image","twitter_title":"Lara Cors\u00e9 de terciopelo bajo el pecho con lazos para la cadera (azul marino \/ negro) | Glamorous Corset","twitter_description":"Cors\u00e9 de algod\u00f3n negro Lara. Trabaja para la mayor\u00eda de las figuras, este maravilla se centrar\u00e1 en adelgazar la cintura mientras que muestra apagado sus curvas.","twitter_misc":{"Tiempo de lectura":"1 minuto"},"schema":{"@context":"https:\/\/schema.org","@graph":[{"@type":"WebPage","@id":"https:\/\/glamorouscorset.com\/es\/tienda\/corse-materiales\/corses-de-terciopelo\/lara-terciopelo-corse-con-cadera-lazos\/","url":"https:\/\/glamorouscorset.com\/es\/tienda\/corse-materiales\/corses-de-terciopelo\/lara-terciopelo-corse-con-cadera-lazos\/","name":"Lara Cors\u00e9 de terciopelo bajo el pecho con lazos para la cadera (azul marino \/ negro) | Glamorous Corset","isPartOf":{"@id":"https:\/\/glamorouscorset.com\/#website"},"primaryImageOfPage":{"@id":"https:\/\/glamorouscorset.com\/es\/tienda\/corse-materiales\/corses-de-terciopelo\/lara-terciopelo-corse-con-cadera-lazos\/#primaryimage"},"image":{"@id":"https:\/\/glamorouscorset.com\/es\/tienda\/corse-materiales\/corses-de-terciopelo\/lara-terciopelo-corse-con-cadera-lazos\/#primaryimage"},"thumbnailUrl":"https:\/\/glamorouscorset.com\/wp-content\/uploads\/2019\/01\/lara-velvet-corset-with-hip-ties-1.jpg","datePublished":"2019-02-24T17:24:55+00:00","dateModified":"2026-01-22T17:50:39+00:00","description":"Este cors\u00e9 del underbust del terciopelo azul marino\/negro con lazos de la cadera (agrega 4-8 pulgadas adicionales a la cadera-resorte) es una adici\u00f3n asombrosa a nuestra colecci\u00f3n de Lara.","breadcrumb":{"@id":"https:\/\/glamorouscorset.com\/es\/tienda\/corse-materiales\/corses-de-terciopelo\/lara-terciopelo-corse-con-cadera-lazos\/#breadcrumb"},"inLanguage":"es","potentialAction":[{"@type":"ReadAction","target":["https:\/\/glamorouscorset.com\/es\/tienda\/corse-materiales\/corses-de-terciopelo\/lara-terciopelo-corse-con-cadera-lazos\/"]}]},{"@type":"ImageObject","inLanguage":"es","@id":"https:\/\/glamorouscorset.com\/es\/tienda\/corse-materiales\/corses-de-terciopelo\/lara-terciopelo-corse-con-cadera-lazos\/#primaryimage","url":"https:\/\/glamorouscorset.com\/wp-content\/uploads\/2019\/01\/lara-velvet-corset-with-hip-ties-1.jpg","contentUrl":"https:\/\/glamorouscorset.com\/wp-content\/uploads\/2019\/01\/lara-velvet-corset-with-hip-ties-1.jpg","width":1020,"height":1190,"caption":"Cors\u00e9 de terciopelo Lara con lazos de cadera"},{"@type":"BreadcrumbList","@id":"https:\/\/glamorouscorset.com\/es\/tienda\/corse-materiales\/corses-de-terciopelo\/lara-terciopelo-corse-con-cadera-lazos\/#breadcrumb","itemListElement":[{"@type":"ListItem","position":1,"name":"Home","item":"https:\/\/glamorouscorset.com\/es\/"},{"@type":"ListItem","position":2,"name":"Tienda","item":"https:\/\/glamorouscorset.com\/es\/tienda\/"},{"@type":"ListItem","position":3,"name":"Cors\u00e9 de terciopelo de Lara w\/lazos de la cadera"}]},{"@type":"WebSite","@id":"https:\/\/glamorouscorset.com\/#website","url":"https:\/\/glamorouscorset.com\/","name":"Glamorous Corset","description":"Glamorous Corset offers an assortment of steel boned waist training corsets for all shapes and sizes!","publisher":{"@id":"https:\/\/glamorouscorset.com\/#organization"},"potentialAction":[{"@type":"SearchAction","target":{"@type":"EntryPoint","urlTemplate":"https:\/\/glamorouscorset.com\/?s={search_term_string}"},"query-input":{"@type":"PropertyValueSpecification","valueRequired":true,"valueName":"search_term_string"}}],"inLanguage":"es"},{"@type":"Organization","@id":"https:\/\/glamorouscorset.com\/#organization","name":"Glamorous Corset","url":"https:\/\/glamorouscorset.com\/","logo":{"@type":"ImageObject","inLanguage":"es","@id":"https:\/\/glamorouscorset.com\/#\/schema\/logo\/image\/","url":"https:\/\/glamorouscorset.com\/wp-content\/uploads\/2015\/11\/logo@2x.jpg","contentUrl":"https:\/\/glamorouscorset.com\/wp-content\/uploads\/2015\/11\/logo@2x.jpg","width":238,"height":60,"caption":"Glamorous Corset"},"image":{"@id":"https:\/\/glamorouscorset.com\/#\/schema\/logo\/image\/"},"sameAs":["https:\/\/www.facebook.com\/glamorouscorset"]}]}},"_links":{"self":[{"href":"https:\/\/glamorouscorset.com\/es\/wp-json\/wp\/v2\/product\/6250","targetHints":{"allow":["GET"]}}],"collection":[{"href":"https:\/\/glamorouscorset.com\/es\/wp-json\/wp\/v2\/product"}],"about":[{"href":"https:\/\/glamorouscorset.com\/es\/wp-json\/wp\/v2\/types\/product"}],"replies":[{"embeddable":true,"href":"https:\/\/glamorouscorset.com\/es\/wp-json\/wp\/v2\/comments?post=6250"}],"wp:featuredmedia":[{"embeddable":true,"href":"https:\/\/glamorouscorset.com\/es\/wp-json\/wp\/v2\/media\/6178"}],"wp:attachment":[{"href":"https:\/\/glamorouscorset.com\/es\/wp-json\/wp\/v2\/media?parent=6250"}],"wp:term":[{"taxonomy":"product_brand","embeddable":true,"href":"https:\/\/glamorouscorset.com\/es\/wp-json\/wp\/v2\/product_brand?post=6250"},{"taxonomy":"product_cat","embeddable":true,"href":"https:\/\/glamorouscorset.com\/es\/wp-json\/wp\/v2\/product_cat?post=6250"},{"taxonomy":"product_tag","embeddable":true,"href":"https:\/\/glamorouscorset.com\/es\/wp-json\/wp\/v2\/product_tag?post=6250"}],"curies":[{"name":"wp","href":"https:\/\/api.w.org\/{rel}","templated":true}]}}