{"id":5845,"date":"2016-10-12T00:04:38","date_gmt":"2016-10-12T04:04:38","guid":{"rendered":"https:\/\/glamorouscorset.com\/shop-all\/sin%20categorizar\/vestido-corse-de-pvc-negro\/"},"modified":"2026-01-22T12:49:31","modified_gmt":"2026-01-22T17:49:31","slug":"black-pvc-corset-dress","status":"publish","type":"product","link":"https:\/\/glamorouscorset.com\/es\/tienda\/corse-materiales\/corses-de-pvc\/black-pvc-corset-dress\/","title":{"rendered":"Vestido de cors\u00e9 de PVC negro"},"content":{"rendered":"<h2>Vestido de cors\u00e9 de PVC negro<\/h2>\n<p>El GC-157, Luscious Desiree Black PVC Corset Dress cuenta con 20 largos huesos de acero espiral en todo el vestido que le da su notable forma de reloj de arena. El exterior est\u00e1 hecho de PVC de primera calidad, y est\u00e1 forrado con 100 algod\u00f3n que proporciona durabilidad y soporte adicionales. Este peque\u00f1o n\u00famero har\u00e1 que la cabeza de todos gire. Usa esta pieza para una noche de noche o para cumplir tus fantas\u00edas fetichistas m\u00e1s profundas.<\/p>\n<h3>Caracter\u00edsticas &amp; detalles<\/h3>\n<p>\u2022 24 huesos de acero (4 huesos r\u00edgidos de acero, 20 huesos de acero espiral)<br \/>\n\u2022 Busk de acero<br \/>\n\u2022 Longitud delantera 25,5 pulgadas<br \/>\n\u2022 Longitud de la espalda 25,5 pulgadas<br \/>\n\u2022 Longitud lateral 26 pulgadas<br \/>\n\u2022 PVC<br \/>\n\u2022 Forrado con 100% algod\u00f3n + cinta de cintura<br \/>\n\u2022 Panel de modestia ancha de 5&#8243;<br \/>\n\u2022 Cordones delanteros<br \/>\n\u2022 Cord\u00f3n tradicional bidireccional<br \/>\n**El vestido es muy restrictivo para el movimiento<\/p>\n","protected":false},"excerpt":{"rendered":"<p>Vestido de cors\u00e9 de PVC<\/p>\n","protected":false},"featured_media":5688,"comment_status":"open","ping_status":"closed","template":"","meta":[],"product_brand":[],"product_cat":[313,315,320,376,375,316,353],"product_tag":[],"class_list":{"0":"post-5845","1":"product","2":"type-product","3":"status-publish","4":"has-post-thumbnail","6":"product_cat-corse-categorias","7":"product_cat-corse-colors","8":"product_cat-corse-materiales","9":"product_cat-corses-a-la-venta","10":"product_cat-corses-de-pvc","11":"product_cat-corses-negros","12":"product_cat-vestidos-de-corse","13":"pa_color-negro","14":"pa_corset-type-acero-deshuesado","15":"pa_corset-type-debajo-del-busto-es","16":"pa_corset-type-entrenamiento-de-cintura","17":"pa_material-malla","18":"pa_size-18-es","19":"pa_size-20-es","20":"pa_size-22-es","21":"pa_size-24-es","22":"pa_size-26-es","23":"pa_size-28-es","24":"pa_size-30-es","25":"pa_size-32-es","26":"pa_size-34-es","27":"pa_size-36-es","28":"pa_size-38-es","29":"pa_size-40-es","30":"pa_torso-length-corto","31":"pa_torso-length-promedio","33":"first","34":"outofstock","35":"sale","36":"taxable","37":"shipping-taxable","38":"purchasable","39":"product-type-variable"},"yoast_head":"<!-- This site is optimized with the Yoast SEO plugin v26.9 - https:\/\/yoast.com\/product\/yoast-seo-wordpress\/ -->\n<title>Vestido de cors\u00e9 de PVC en negro Desiree (Acero deshuesado) | Glamorous Corset<\/title>\n<meta name=\"description\" content=\"El GC-157, Desiree Vestido cors\u00e9 de PVC negro cuenta con 20 largos huesos de acero espiral en todo el vestido que le da su notable forma de reloj de arena.\" \/>\n<meta name=\"robots\" content=\"index, follow, max-snippet:-1, max-image-preview:large, max-video-preview:-1\" \/>\n<link rel=\"canonical\" href=\"https:\/\/glamorouscorset.com\/es\/tienda\/corse-materiales\/corses-de-pvc\/black-pvc-corset-dress\/\" \/>\n<meta property=\"og:locale\" content=\"es_ES\" \/>\n<meta property=\"og:type\" content=\"article\" \/>\n<meta property=\"og:title\" content=\"Vestido de cors\u00e9 de PVC en negro Desiree (Steel Boned) Glamorous Corset\" \/>\n<meta property=\"og:description\" content=\"El GC-157, Desiree Vestido cors\u00e9 de PVC negro cuenta con 20 largos huesos de acero espiral en todo el vestido que le da su notable forma de reloj de arena.\" \/>\n<meta property=\"og:url\" content=\"https:\/\/glamorouscorset.com\/es\/tienda\/corse-materiales\/corses-de-pvc\/black-pvc-corset-dress\/\" \/>\n<meta property=\"og:site_name\" content=\"Glamorous Corset\" \/>\n<meta property=\"article:publisher\" content=\"https:\/\/www.facebook.com\/glamorouscorset\" \/>\n<meta property=\"article:modified_time\" content=\"2026-01-22T17:49:31+00:00\" \/>\n<meta property=\"og:image\" content=\"https:\/\/glamorouscorset.com\/wp-content\/uploads\/2016\/10\/PVC-Corset-Dress.jpg\" \/>\n\t<meta property=\"og:image:width\" content=\"1020\" \/>\n\t<meta property=\"og:image:height\" content=\"1200\" \/>\n\t<meta property=\"og:image:type\" content=\"image\/jpeg\" \/>\n<meta name=\"twitter:card\" content=\"summary_large_image\" \/>\n<meta name=\"twitter:title\" content=\"Cors\u00e9 de piel de cordero negro Bella ( Bella Black Lambskin Cors\u00e9) GlamorousCorset.com\" \/>\n<meta name=\"twitter:description\" content=\"Bella es 100 piel de cordero. Este cl\u00e1sico cors\u00e9 corto de 8&quot; bajo el busto har\u00e1 que la cintura sea m\u00e1xima y har\u00e1 que cualquier atuendo destaque.\" \/>\n<meta name=\"twitter:label1\" content=\"Tiempo de lectura\" \/>\n\t<meta name=\"twitter:data1\" content=\"1 minuto\" \/>\n<script type=\"application\/ld+json\" class=\"yoast-schema-graph\">{\"@context\":\"https:\/\/schema.org\",\"@graph\":[{\"@type\":\"WebPage\",\"@id\":\"https:\/\/glamorouscorset.com\/es\/tienda\/corse-materiales\/corses-de-pvc\/black-pvc-corset-dress\/\",\"url\":\"https:\/\/glamorouscorset.com\/es\/tienda\/corse-materiales\/corses-de-pvc\/black-pvc-corset-dress\/\",\"name\":\"Vestido de cors\u00e9 de PVC en negro Desiree (Acero deshuesado) | Glamorous Corset\",\"isPartOf\":{\"@id\":\"https:\/\/glamorouscorset.com\/#website\"},\"primaryImageOfPage\":{\"@id\":\"https:\/\/glamorouscorset.com\/es\/tienda\/corse-materiales\/corses-de-pvc\/black-pvc-corset-dress\/#primaryimage\"},\"image\":{\"@id\":\"https:\/\/glamorouscorset.com\/es\/tienda\/corse-materiales\/corses-de-pvc\/black-pvc-corset-dress\/#primaryimage\"},\"thumbnailUrl\":\"https:\/\/glamorouscorset.com\/wp-content\/uploads\/2016\/10\/PVC-Corset-Dress.jpg\",\"datePublished\":\"2016-10-12T04:04:38+00:00\",\"dateModified\":\"2026-01-22T17:49:31+00:00\",\"description\":\"El GC-157, Desiree Vestido cors\u00e9 de PVC negro cuenta con 20 largos huesos de acero espiral en todo el vestido que le da su notable forma de reloj de arena.\",\"breadcrumb\":{\"@id\":\"https:\/\/glamorouscorset.com\/es\/tienda\/corse-materiales\/corses-de-pvc\/black-pvc-corset-dress\/#breadcrumb\"},\"inLanguage\":\"es\",\"potentialAction\":[{\"@type\":\"ReadAction\",\"target\":[\"https:\/\/glamorouscorset.com\/es\/tienda\/corse-materiales\/corses-de-pvc\/black-pvc-corset-dress\/\"]}]},{\"@type\":\"ImageObject\",\"inLanguage\":\"es\",\"@id\":\"https:\/\/glamorouscorset.com\/es\/tienda\/corse-materiales\/corses-de-pvc\/black-pvc-corset-dress\/#primaryimage\",\"url\":\"https:\/\/glamorouscorset.com\/wp-content\/uploads\/2016\/10\/PVC-Corset-Dress.jpg\",\"contentUrl\":\"https:\/\/glamorouscorset.com\/wp-content\/uploads\/2016\/10\/PVC-Corset-Dress.jpg\",\"width\":1020,\"height\":1200,\"caption\":\"Vestido de cors\u00e9 negro de PVC\"},{\"@type\":\"BreadcrumbList\",\"@id\":\"https:\/\/glamorouscorset.com\/es\/tienda\/corse-materiales\/corses-de-pvc\/black-pvc-corset-dress\/#breadcrumb\",\"itemListElement\":[{\"@type\":\"ListItem\",\"position\":1,\"name\":\"Home\",\"item\":\"https:\/\/glamorouscorset.com\/es\/\"},{\"@type\":\"ListItem\",\"position\":2,\"name\":\"Tienda\",\"item\":\"https:\/\/glamorouscorset.com\/es\/tienda\/\"},{\"@type\":\"ListItem\",\"position\":3,\"name\":\"Vestido de cors\u00e9 de PVC negro\"}]},{\"@type\":\"WebSite\",\"@id\":\"https:\/\/glamorouscorset.com\/#website\",\"url\":\"https:\/\/glamorouscorset.com\/\",\"name\":\"Glamorous Corset\",\"description\":\"Glamorous Corset offers an assortment of steel boned waist training corsets for all shapes and sizes!\",\"publisher\":{\"@id\":\"https:\/\/glamorouscorset.com\/#organization\"},\"potentialAction\":[{\"@type\":\"SearchAction\",\"target\":{\"@type\":\"EntryPoint\",\"urlTemplate\":\"https:\/\/glamorouscorset.com\/?s={search_term_string}\"},\"query-input\":{\"@type\":\"PropertyValueSpecification\",\"valueRequired\":true,\"valueName\":\"search_term_string\"}}],\"inLanguage\":\"es\"},{\"@type\":\"Organization\",\"@id\":\"https:\/\/glamorouscorset.com\/#organization\",\"name\":\"Glamorous Corset\",\"url\":\"https:\/\/glamorouscorset.com\/\",\"logo\":{\"@type\":\"ImageObject\",\"inLanguage\":\"es\",\"@id\":\"https:\/\/glamorouscorset.com\/#\/schema\/logo\/image\/\",\"url\":\"https:\/\/glamorouscorset.com\/wp-content\/uploads\/2015\/11\/logo@2x.jpg\",\"contentUrl\":\"https:\/\/glamorouscorset.com\/wp-content\/uploads\/2015\/11\/logo@2x.jpg\",\"width\":238,\"height\":60,\"caption\":\"Glamorous Corset\"},\"image\":{\"@id\":\"https:\/\/glamorouscorset.com\/#\/schema\/logo\/image\/\"},\"sameAs\":[\"https:\/\/www.facebook.com\/glamorouscorset\"]}]}<\/script>\n<!-- \/ Yoast SEO plugin. -->","yoast_head_json":{"title":"Vestido de cors\u00e9 de PVC en negro Desiree (Acero deshuesado) | Glamorous Corset","description":"El GC-157, Desiree Vestido cors\u00e9 de PVC negro cuenta con 20 largos huesos de acero espiral en todo el vestido que le da su notable forma de reloj de arena.","robots":{"index":"index","follow":"follow","max-snippet":"max-snippet:-1","max-image-preview":"max-image-preview:large","max-video-preview":"max-video-preview:-1"},"canonical":"https:\/\/glamorouscorset.com\/es\/tienda\/corse-materiales\/corses-de-pvc\/black-pvc-corset-dress\/","og_locale":"es_ES","og_type":"article","og_title":"Vestido de cors\u00e9 de PVC en negro Desiree (Steel Boned) Glamorous Corset","og_description":"El GC-157, Desiree Vestido cors\u00e9 de PVC negro cuenta con 20 largos huesos de acero espiral en todo el vestido que le da su notable forma de reloj de arena.","og_url":"https:\/\/glamorouscorset.com\/es\/tienda\/corse-materiales\/corses-de-pvc\/black-pvc-corset-dress\/","og_site_name":"Glamorous Corset","article_publisher":"https:\/\/www.facebook.com\/glamorouscorset","article_modified_time":"2026-01-22T17:49:31+00:00","og_image":[{"width":1020,"height":1200,"url":"https:\/\/glamorouscorset.com\/wp-content\/uploads\/2016\/10\/PVC-Corset-Dress.jpg","type":"image\/jpeg"}],"twitter_card":"summary_large_image","twitter_title":"Cors\u00e9 de piel de cordero negro Bella ( Bella Black Lambskin Cors\u00e9) GlamorousCorset.com","twitter_description":"Bella es 100 piel de cordero. Este cl\u00e1sico cors\u00e9 corto de 8\" bajo el busto har\u00e1 que la cintura sea m\u00e1xima y har\u00e1 que cualquier atuendo destaque.","twitter_misc":{"Tiempo de lectura":"1 minuto"},"schema":{"@context":"https:\/\/schema.org","@graph":[{"@type":"WebPage","@id":"https:\/\/glamorouscorset.com\/es\/tienda\/corse-materiales\/corses-de-pvc\/black-pvc-corset-dress\/","url":"https:\/\/glamorouscorset.com\/es\/tienda\/corse-materiales\/corses-de-pvc\/black-pvc-corset-dress\/","name":"Vestido de cors\u00e9 de PVC en negro Desiree (Acero deshuesado) | Glamorous Corset","isPartOf":{"@id":"https:\/\/glamorouscorset.com\/#website"},"primaryImageOfPage":{"@id":"https:\/\/glamorouscorset.com\/es\/tienda\/corse-materiales\/corses-de-pvc\/black-pvc-corset-dress\/#primaryimage"},"image":{"@id":"https:\/\/glamorouscorset.com\/es\/tienda\/corse-materiales\/corses-de-pvc\/black-pvc-corset-dress\/#primaryimage"},"thumbnailUrl":"https:\/\/glamorouscorset.com\/wp-content\/uploads\/2016\/10\/PVC-Corset-Dress.jpg","datePublished":"2016-10-12T04:04:38+00:00","dateModified":"2026-01-22T17:49:31+00:00","description":"El GC-157, Desiree Vestido cors\u00e9 de PVC negro cuenta con 20 largos huesos de acero espiral en todo el vestido que le da su notable forma de reloj de arena.","breadcrumb":{"@id":"https:\/\/glamorouscorset.com\/es\/tienda\/corse-materiales\/corses-de-pvc\/black-pvc-corset-dress\/#breadcrumb"},"inLanguage":"es","potentialAction":[{"@type":"ReadAction","target":["https:\/\/glamorouscorset.com\/es\/tienda\/corse-materiales\/corses-de-pvc\/black-pvc-corset-dress\/"]}]},{"@type":"ImageObject","inLanguage":"es","@id":"https:\/\/glamorouscorset.com\/es\/tienda\/corse-materiales\/corses-de-pvc\/black-pvc-corset-dress\/#primaryimage","url":"https:\/\/glamorouscorset.com\/wp-content\/uploads\/2016\/10\/PVC-Corset-Dress.jpg","contentUrl":"https:\/\/glamorouscorset.com\/wp-content\/uploads\/2016\/10\/PVC-Corset-Dress.jpg","width":1020,"height":1200,"caption":"Vestido de cors\u00e9 negro de PVC"},{"@type":"BreadcrumbList","@id":"https:\/\/glamorouscorset.com\/es\/tienda\/corse-materiales\/corses-de-pvc\/black-pvc-corset-dress\/#breadcrumb","itemListElement":[{"@type":"ListItem","position":1,"name":"Home","item":"https:\/\/glamorouscorset.com\/es\/"},{"@type":"ListItem","position":2,"name":"Tienda","item":"https:\/\/glamorouscorset.com\/es\/tienda\/"},{"@type":"ListItem","position":3,"name":"Vestido de cors\u00e9 de PVC negro"}]},{"@type":"WebSite","@id":"https:\/\/glamorouscorset.com\/#website","url":"https:\/\/glamorouscorset.com\/","name":"Glamorous Corset","description":"Glamorous Corset offers an assortment of steel boned waist training corsets for all shapes and sizes!","publisher":{"@id":"https:\/\/glamorouscorset.com\/#organization"},"potentialAction":[{"@type":"SearchAction","target":{"@type":"EntryPoint","urlTemplate":"https:\/\/glamorouscorset.com\/?s={search_term_string}"},"query-input":{"@type":"PropertyValueSpecification","valueRequired":true,"valueName":"search_term_string"}}],"inLanguage":"es"},{"@type":"Organization","@id":"https:\/\/glamorouscorset.com\/#organization","name":"Glamorous Corset","url":"https:\/\/glamorouscorset.com\/","logo":{"@type":"ImageObject","inLanguage":"es","@id":"https:\/\/glamorouscorset.com\/#\/schema\/logo\/image\/","url":"https:\/\/glamorouscorset.com\/wp-content\/uploads\/2015\/11\/logo@2x.jpg","contentUrl":"https:\/\/glamorouscorset.com\/wp-content\/uploads\/2015\/11\/logo@2x.jpg","width":238,"height":60,"caption":"Glamorous Corset"},"image":{"@id":"https:\/\/glamorouscorset.com\/#\/schema\/logo\/image\/"},"sameAs":["https:\/\/www.facebook.com\/glamorouscorset"]}]}},"_links":{"self":[{"href":"https:\/\/glamorouscorset.com\/es\/wp-json\/wp\/v2\/product\/5845","targetHints":{"allow":["GET"]}}],"collection":[{"href":"https:\/\/glamorouscorset.com\/es\/wp-json\/wp\/v2\/product"}],"about":[{"href":"https:\/\/glamorouscorset.com\/es\/wp-json\/wp\/v2\/types\/product"}],"replies":[{"embeddable":true,"href":"https:\/\/glamorouscorset.com\/es\/wp-json\/wp\/v2\/comments?post=5845"}],"wp:featuredmedia":[{"embeddable":true,"href":"https:\/\/glamorouscorset.com\/es\/wp-json\/wp\/v2\/media\/5688"}],"wp:attachment":[{"href":"https:\/\/glamorouscorset.com\/es\/wp-json\/wp\/v2\/media?parent=5845"}],"wp:term":[{"taxonomy":"product_brand","embeddable":true,"href":"https:\/\/glamorouscorset.com\/es\/wp-json\/wp\/v2\/product_brand?post=5845"},{"taxonomy":"product_cat","embeddable":true,"href":"https:\/\/glamorouscorset.com\/es\/wp-json\/wp\/v2\/product_cat?post=5845"},{"taxonomy":"product_tag","embeddable":true,"href":"https:\/\/glamorouscorset.com\/es\/wp-json\/wp\/v2\/product_tag?post=5845"}],"curies":[{"name":"wp","href":"https:\/\/api.w.org\/{rel}","templated":true}]}}