{"id":17851,"date":"2015-06-23T11:03:00","date_gmt":"2015-06-23T11:03:14","guid":{"rendered":"https:\/\/glamorouscorset.com\/shop-all\/sin%20categor\u00eda\/corse-de-acero-deshuesado-bajo-el-pecho-corto-de-algodon-beige-kayla\/"},"modified":"2026-01-24T11:14:05","modified_gmt":"2026-01-24T16:14:05","slug":"dita-satin-negro","status":"publish","type":"product","link":"https:\/\/glamorouscorset.com\/es\/tienda\/colecciones-de-corse\/corses-steampunk\/dita-satin-negro\/","title":{"rendered":"Cors\u00e9 de acero deshuesado bajo el pecho corto de algod\u00f3n beige Kayla"},"content":{"rendered":"<h2>Cors\u00e9 de acero deshuesado bajo el pecho corto de algod\u00f3n beige Kayla<\/h2>\n<p>Nuestro GC-134, Dita cors\u00e9 de sat\u00e9n negro es el cl\u00e1sico cors\u00e9 negro y una necesidad en el armario de todos. Su construcci\u00f3n de 3 capas proporciona durabilidad y soporte adicionales. Coincide con pantalones o una falda y entrena tu cintura mientras est\u00e1s en absoluto. Un gran cors\u00e9 de sat\u00e9n para el uso diario, que le apriete en, en todos los lugares correctos.<\/p>\n<h3>Caracter\u00edsticas &amp; detalles<\/h3>\n<p>\u2022 22 huesos de acero (4 huesos r\u00edgidos de acero, 18 huesos de acero espiral)<br \/>\n\u2022 Busk de acero<br \/>\n\u2022 Para la longitud media del torso<br \/>\n\u2022 Longitud delantera 12,5 pulgadas<br \/>\n\u2022 Largo de espalda 12.5 pulgadas<br \/>\n\u2022 Longitud lateral 9,5 pulgadas<br \/>\n\u2022 Tiene un resorte de costilla de 6 pulgadas y un resorte de cadera de 4 pulgadas<br \/>\n\u2022 Sat\u00edn<br \/>\n\u2022 Forrado con 100% algod\u00f3n + cinta de cintura<br \/>\n\u2022 Panel de modestia de 5 \u00abde ancho<br \/>\n\u2022 Cord\u00f3n tradicional bidireccional<br \/>\n\u2022 6 lazos de suspensi\u00f3n<br \/>\n\u2022 Viene con una bolsa de almacenamiento<\/p>\n","protected":false},"excerpt":{"rendered":"<p>Cors\u00e9 bajo el pecho cl\u00e1sico de acero con huesos deshuesados<\/p>\n","protected":false},"featured_media":8874,"comment_status":"open","ping_status":"closed","template":"","meta":[],"product_brand":[],"product_cat":[355,313,315,320,352,319,318,321,317,316,322],"product_tag":[],"class_list":{"0":"post-17851","1":"product","2":"type-product","3":"status-publish","4":"has-post-thumbnail","6":"product_cat-colecciones-de-corse","7":"product_cat-corse-categorias","8":"product_cat-corse-colors","9":"product_cat-corse-materiales","10":"product_cat-corses-bajo-busto-negro","11":"product_cat-corses-bajo-el-pecho","12":"product_cat-corses-de-entrenamiento-de-cintura","13":"product_cat-corses-de-saten","14":"product_cat-corses-deshuesados-de-acero","15":"product_cat-corses-negros","16":"product_cat-corses-steampunk","17":"pa_color-negro","18":"pa_corset-type-acero-deshuesado","19":"pa_corset-type-debajo-del-busto-es","20":"pa_corset-type-entrenamiento-de-cintura","21":"pa_material-satin-es","22":"pa_size-18-es","23":"pa_size-20-es","24":"pa_size-22-es","25":"pa_size-24-es","26":"pa_size-26-es","27":"pa_size-28-es","28":"pa_size-30-es","29":"pa_size-32-es","30":"pa_size-34-es","31":"pa_size-36-es","32":"pa_size-38-es","33":"pa_size-40-es","34":"pa_torso-length-promedio","36":"first","37":"instock","38":"taxable","39":"shipping-taxable","40":"purchasable","41":"product-type-variable"},"yoast_head":"<!-- This site is optimized with the Yoast SEO plugin v26.9 - https:\/\/yoast.com\/product\/yoast-seo-wordpress\/ -->\n<title>Dita Negro Satinado Bajo el pecho de acero deshuesada Cors\u00e9 | Glamorous Corset<\/title>\n<meta name=\"description\" content=\"Nuestro cors\u00e9 Dita de sat\u00e9n negro con varillas de acero es el cl\u00e1sico cors\u00e9 negro que no puede faltar en el armario de nadie. Pida hoy mismo su cors\u00e9 en l\u00ednea\" \/>\n<meta name=\"robots\" content=\"index, follow, max-snippet:-1, max-image-preview:large, max-video-preview:-1\" \/>\n<link rel=\"canonical\" href=\"https:\/\/glamorouscorset.com\/es\/tienda\/colecciones-de-corse\/corses-steampunk\/dita-satin-negro\/\" \/>\n<meta property=\"og:locale\" content=\"es_ES\" \/>\n<meta property=\"og:type\" content=\"article\" \/>\n<meta property=\"og:title\" content=\"Dita Negro Satinado Bajo el pecho de acero deshuesada Cors\u00e9 | Glamorous Corset\" \/>\n<meta property=\"og:description\" content=\"Nuestro cors\u00e9 Dita de sat\u00e9n negro con varillas de acero es el cl\u00e1sico cors\u00e9 negro que no puede faltar en el armario de nadie. Pida hoy mismo su cors\u00e9 en l\u00ednea\" \/>\n<meta property=\"og:url\" content=\"https:\/\/glamorouscorset.com\/es\/tienda\/colecciones-de-corse\/corses-steampunk\/dita-satin-negro\/\" \/>\n<meta property=\"og:site_name\" content=\"Glamorous Corset\" \/>\n<meta property=\"article:publisher\" content=\"https:\/\/www.facebook.com\/glamorouscorset\" \/>\n<meta property=\"article:modified_time\" content=\"2026-01-24T16:14:05+00:00\" \/>\n<meta property=\"og:image\" content=\"https:\/\/glamorouscorset.com\/wp-content\/uploads\/2015\/06\/34black-satin-2-2.jpg\" \/>\n\t<meta property=\"og:image:width\" content=\"2058\" \/>\n\t<meta property=\"og:image:height\" content=\"3087\" \/>\n\t<meta property=\"og:image:type\" content=\"image\/jpeg\" \/>\n<meta name=\"twitter:card\" content=\"summary_large_image\" \/>\n<meta name=\"twitter:title\" content=\"Dita Negro Satinado Bajo el pecho de acero deshuesada Cors\u00e9 | Glamorous Corset\" \/>\n<meta name=\"twitter:description\" content=\"Nuestro cors\u00e9 Dita de sat\u00e9n negro con varillas de acero es el cl\u00e1sico cors\u00e9 negro que no puede faltar en el armario de nadie. Pida hoy mismo su cors\u00e9 en l\u00ednea\" \/>\n<meta name=\"twitter:label1\" content=\"Tiempo de lectura\" \/>\n\t<meta name=\"twitter:data1\" content=\"1 minuto\" \/>\n<script type=\"application\/ld+json\" class=\"yoast-schema-graph\">{\"@context\":\"https:\/\/schema.org\",\"@graph\":[{\"@type\":\"WebPage\",\"@id\":\"https:\/\/glamorouscorset.com\/es\/tienda\/colecciones-de-corse\/corses-steampunk\/dita-satin-negro\/\",\"url\":\"https:\/\/glamorouscorset.com\/es\/tienda\/colecciones-de-corse\/corses-steampunk\/dita-satin-negro\/\",\"name\":\"Dita Negro Satinado Bajo el pecho de acero deshuesada Cors\u00e9 | Glamorous Corset\",\"isPartOf\":{\"@id\":\"https:\/\/glamorouscorset.com\/#website\"},\"primaryImageOfPage\":{\"@id\":\"https:\/\/glamorouscorset.com\/es\/tienda\/colecciones-de-corse\/corses-steampunk\/dita-satin-negro\/#primaryimage\"},\"image\":{\"@id\":\"https:\/\/glamorouscorset.com\/es\/tienda\/colecciones-de-corse\/corses-steampunk\/dita-satin-negro\/#primaryimage\"},\"thumbnailUrl\":\"https:\/\/glamorouscorset.com\/wp-content\/uploads\/2015\/06\/34black-satin-2-2.jpg\",\"datePublished\":\"2015-06-23T11:03:14+00:00\",\"dateModified\":\"2026-01-24T16:14:05+00:00\",\"description\":\"Nuestro cors\u00e9 Dita de sat\u00e9n negro con varillas de acero es el cl\u00e1sico cors\u00e9 negro que no puede faltar en el armario de nadie. Pida hoy mismo su cors\u00e9 en l\u00ednea\",\"breadcrumb\":{\"@id\":\"https:\/\/glamorouscorset.com\/es\/tienda\/colecciones-de-corse\/corses-steampunk\/dita-satin-negro\/#breadcrumb\"},\"inLanguage\":\"es\",\"potentialAction\":[{\"@type\":\"ReadAction\",\"target\":[\"https:\/\/glamorouscorset.com\/es\/tienda\/colecciones-de-corse\/corses-steampunk\/dita-satin-negro\/\"]}]},{\"@type\":\"ImageObject\",\"inLanguage\":\"es\",\"@id\":\"https:\/\/glamorouscorset.com\/es\/tienda\/colecciones-de-corse\/corses-steampunk\/dita-satin-negro\/#primaryimage\",\"url\":\"https:\/\/glamorouscorset.com\/wp-content\/uploads\/2015\/06\/34black-satin-2-2.jpg\",\"contentUrl\":\"https:\/\/glamorouscorset.com\/wp-content\/uploads\/2015\/06\/34black-satin-2-2.jpg\",\"width\":2058,\"height\":3087,\"caption\":\"Cors\u00e9 de acero deshuesado bajo el pecho corto de algod\u00f3n beige Kayla\"},{\"@type\":\"BreadcrumbList\",\"@id\":\"https:\/\/glamorouscorset.com\/es\/tienda\/colecciones-de-corse\/corses-steampunk\/dita-satin-negro\/#breadcrumb\",\"itemListElement\":[{\"@type\":\"ListItem\",\"position\":1,\"name\":\"Home\",\"item\":\"https:\/\/glamorouscorset.com\/es\/\"},{\"@type\":\"ListItem\",\"position\":2,\"name\":\"Tienda\",\"item\":\"https:\/\/glamorouscorset.com\/es\/tienda\/\"},{\"@type\":\"ListItem\",\"position\":3,\"name\":\"Cors\u00e9 de acero deshuesado bajo el pecho corto de algod\u00f3n beige Kayla\"}]},{\"@type\":\"WebSite\",\"@id\":\"https:\/\/glamorouscorset.com\/#website\",\"url\":\"https:\/\/glamorouscorset.com\/\",\"name\":\"Glamorous Corset\",\"description\":\"Glamorous Corset offers an assortment of steel boned waist training corsets for all shapes and sizes!\",\"publisher\":{\"@id\":\"https:\/\/glamorouscorset.com\/#organization\"},\"potentialAction\":[{\"@type\":\"SearchAction\",\"target\":{\"@type\":\"EntryPoint\",\"urlTemplate\":\"https:\/\/glamorouscorset.com\/?s={search_term_string}\"},\"query-input\":{\"@type\":\"PropertyValueSpecification\",\"valueRequired\":true,\"valueName\":\"search_term_string\"}}],\"inLanguage\":\"es\"},{\"@type\":\"Organization\",\"@id\":\"https:\/\/glamorouscorset.com\/#organization\",\"name\":\"Glamorous Corset\",\"url\":\"https:\/\/glamorouscorset.com\/\",\"logo\":{\"@type\":\"ImageObject\",\"inLanguage\":\"es\",\"@id\":\"https:\/\/glamorouscorset.com\/#\/schema\/logo\/image\/\",\"url\":\"https:\/\/glamorouscorset.com\/wp-content\/uploads\/2015\/11\/logo@2x.jpg\",\"contentUrl\":\"https:\/\/glamorouscorset.com\/wp-content\/uploads\/2015\/11\/logo@2x.jpg\",\"width\":238,\"height\":60,\"caption\":\"Glamorous Corset\"},\"image\":{\"@id\":\"https:\/\/glamorouscorset.com\/#\/schema\/logo\/image\/\"},\"sameAs\":[\"https:\/\/www.facebook.com\/glamorouscorset\"]}]}<\/script>\n<!-- \/ Yoast SEO plugin. -->","yoast_head_json":{"title":"Dita Negro Satinado Bajo el pecho de acero deshuesada Cors\u00e9 | Glamorous Corset","description":"Nuestro cors\u00e9 Dita de sat\u00e9n negro con varillas de acero es el cl\u00e1sico cors\u00e9 negro que no puede faltar en el armario de nadie. Pida hoy mismo su cors\u00e9 en l\u00ednea","robots":{"index":"index","follow":"follow","max-snippet":"max-snippet:-1","max-image-preview":"max-image-preview:large","max-video-preview":"max-video-preview:-1"},"canonical":"https:\/\/glamorouscorset.com\/es\/tienda\/colecciones-de-corse\/corses-steampunk\/dita-satin-negro\/","og_locale":"es_ES","og_type":"article","og_title":"Dita Negro Satinado Bajo el pecho de acero deshuesada Cors\u00e9 | Glamorous Corset","og_description":"Nuestro cors\u00e9 Dita de sat\u00e9n negro con varillas de acero es el cl\u00e1sico cors\u00e9 negro que no puede faltar en el armario de nadie. Pida hoy mismo su cors\u00e9 en l\u00ednea","og_url":"https:\/\/glamorouscorset.com\/es\/tienda\/colecciones-de-corse\/corses-steampunk\/dita-satin-negro\/","og_site_name":"Glamorous Corset","article_publisher":"https:\/\/www.facebook.com\/glamorouscorset","article_modified_time":"2026-01-24T16:14:05+00:00","og_image":[{"width":2058,"height":3087,"url":"https:\/\/glamorouscorset.com\/wp-content\/uploads\/2015\/06\/34black-satin-2-2.jpg","type":"image\/jpeg"}],"twitter_card":"summary_large_image","twitter_title":"Dita Negro Satinado Bajo el pecho de acero deshuesada Cors\u00e9 | Glamorous Corset","twitter_description":"Nuestro cors\u00e9 Dita de sat\u00e9n negro con varillas de acero es el cl\u00e1sico cors\u00e9 negro que no puede faltar en el armario de nadie. Pida hoy mismo su cors\u00e9 en l\u00ednea","twitter_misc":{"Tiempo de lectura":"1 minuto"},"schema":{"@context":"https:\/\/schema.org","@graph":[{"@type":"WebPage","@id":"https:\/\/glamorouscorset.com\/es\/tienda\/colecciones-de-corse\/corses-steampunk\/dita-satin-negro\/","url":"https:\/\/glamorouscorset.com\/es\/tienda\/colecciones-de-corse\/corses-steampunk\/dita-satin-negro\/","name":"Dita Negro Satinado Bajo el pecho de acero deshuesada Cors\u00e9 | Glamorous Corset","isPartOf":{"@id":"https:\/\/glamorouscorset.com\/#website"},"primaryImageOfPage":{"@id":"https:\/\/glamorouscorset.com\/es\/tienda\/colecciones-de-corse\/corses-steampunk\/dita-satin-negro\/#primaryimage"},"image":{"@id":"https:\/\/glamorouscorset.com\/es\/tienda\/colecciones-de-corse\/corses-steampunk\/dita-satin-negro\/#primaryimage"},"thumbnailUrl":"https:\/\/glamorouscorset.com\/wp-content\/uploads\/2015\/06\/34black-satin-2-2.jpg","datePublished":"2015-06-23T11:03:14+00:00","dateModified":"2026-01-24T16:14:05+00:00","description":"Nuestro cors\u00e9 Dita de sat\u00e9n negro con varillas de acero es el cl\u00e1sico cors\u00e9 negro que no puede faltar en el armario de nadie. Pida hoy mismo su cors\u00e9 en l\u00ednea","breadcrumb":{"@id":"https:\/\/glamorouscorset.com\/es\/tienda\/colecciones-de-corse\/corses-steampunk\/dita-satin-negro\/#breadcrumb"},"inLanguage":"es","potentialAction":[{"@type":"ReadAction","target":["https:\/\/glamorouscorset.com\/es\/tienda\/colecciones-de-corse\/corses-steampunk\/dita-satin-negro\/"]}]},{"@type":"ImageObject","inLanguage":"es","@id":"https:\/\/glamorouscorset.com\/es\/tienda\/colecciones-de-corse\/corses-steampunk\/dita-satin-negro\/#primaryimage","url":"https:\/\/glamorouscorset.com\/wp-content\/uploads\/2015\/06\/34black-satin-2-2.jpg","contentUrl":"https:\/\/glamorouscorset.com\/wp-content\/uploads\/2015\/06\/34black-satin-2-2.jpg","width":2058,"height":3087,"caption":"Cors\u00e9 de acero deshuesado bajo el pecho corto de algod\u00f3n beige Kayla"},{"@type":"BreadcrumbList","@id":"https:\/\/glamorouscorset.com\/es\/tienda\/colecciones-de-corse\/corses-steampunk\/dita-satin-negro\/#breadcrumb","itemListElement":[{"@type":"ListItem","position":1,"name":"Home","item":"https:\/\/glamorouscorset.com\/es\/"},{"@type":"ListItem","position":2,"name":"Tienda","item":"https:\/\/glamorouscorset.com\/es\/tienda\/"},{"@type":"ListItem","position":3,"name":"Cors\u00e9 de acero deshuesado bajo el pecho corto de algod\u00f3n beige Kayla"}]},{"@type":"WebSite","@id":"https:\/\/glamorouscorset.com\/#website","url":"https:\/\/glamorouscorset.com\/","name":"Glamorous Corset","description":"Glamorous Corset offers an assortment of steel boned waist training corsets for all shapes and sizes!","publisher":{"@id":"https:\/\/glamorouscorset.com\/#organization"},"potentialAction":[{"@type":"SearchAction","target":{"@type":"EntryPoint","urlTemplate":"https:\/\/glamorouscorset.com\/?s={search_term_string}"},"query-input":{"@type":"PropertyValueSpecification","valueRequired":true,"valueName":"search_term_string"}}],"inLanguage":"es"},{"@type":"Organization","@id":"https:\/\/glamorouscorset.com\/#organization","name":"Glamorous Corset","url":"https:\/\/glamorouscorset.com\/","logo":{"@type":"ImageObject","inLanguage":"es","@id":"https:\/\/glamorouscorset.com\/#\/schema\/logo\/image\/","url":"https:\/\/glamorouscorset.com\/wp-content\/uploads\/2015\/11\/logo@2x.jpg","contentUrl":"https:\/\/glamorouscorset.com\/wp-content\/uploads\/2015\/11\/logo@2x.jpg","width":238,"height":60,"caption":"Glamorous Corset"},"image":{"@id":"https:\/\/glamorouscorset.com\/#\/schema\/logo\/image\/"},"sameAs":["https:\/\/www.facebook.com\/glamorouscorset"]}]}},"_links":{"self":[{"href":"https:\/\/glamorouscorset.com\/es\/wp-json\/wp\/v2\/product\/17851","targetHints":{"allow":["GET"]}}],"collection":[{"href":"https:\/\/glamorouscorset.com\/es\/wp-json\/wp\/v2\/product"}],"about":[{"href":"https:\/\/glamorouscorset.com\/es\/wp-json\/wp\/v2\/types\/product"}],"replies":[{"embeddable":true,"href":"https:\/\/glamorouscorset.com\/es\/wp-json\/wp\/v2\/comments?post=17851"}],"wp:featuredmedia":[{"embeddable":true,"href":"https:\/\/glamorouscorset.com\/es\/wp-json\/wp\/v2\/media\/8874"}],"wp:attachment":[{"href":"https:\/\/glamorouscorset.com\/es\/wp-json\/wp\/v2\/media?parent=17851"}],"wp:term":[{"taxonomy":"product_brand","embeddable":true,"href":"https:\/\/glamorouscorset.com\/es\/wp-json\/wp\/v2\/product_brand?post=17851"},{"taxonomy":"product_cat","embeddable":true,"href":"https:\/\/glamorouscorset.com\/es\/wp-json\/wp\/v2\/product_cat?post=17851"},{"taxonomy":"product_tag","embeddable":true,"href":"https:\/\/glamorouscorset.com\/es\/wp-json\/wp\/v2\/product_tag?post=17851"}],"curies":[{"name":"wp","href":"https:\/\/api.w.org\/{rel}","templated":true}]}}