{"id":14056,"date":"2021-04-01T15:41:03","date_gmt":"2021-04-01T19:41:10","guid":{"rendered":"https:\/\/glamorouscorset.com\/?post_type=product&#038;p=14056"},"modified":"2026-01-22T12:53:34","modified_gmt":"2026-01-22T17:53:34","slug":"corse-de-malla-beige-kayla","status":"publish","type":"product","link":"https:\/\/glamorouscorset.com\/es\/tienda\/corse-materiales\/corses-de-malla\/corse-de-malla-beige-kayla\/","title":{"rendered":"Cors\u00e9 de malla beige Kayla"},"content":{"rendered":"<h2>Cors\u00e9 de malla beige Kayla<\/h2>\n<p>GC-164: el cors\u00e9 de malla beige Kayla tiene 11 pulgadas de largo, una excelente opci\u00f3n para un torso corto o para cualquiera que busque un cors\u00e9 de estilo m\u00e1s corto. Ideal para una figura menos curvil\u00ednea, el cors\u00e9 de malla beige Kayla tiene un corte m\u00e1s corto a los lados para mayor comodidad y movilidad. Funciona bien para mejorar la postura y aliviar el dolor lumbar. Una gran opci\u00f3n para el entrenamiento de cintura y apretado.<\/p>\n<h3>Caracter\u00edsticas &amp; detalles<\/h3>\n<ul>\n<li>24 huesos de acero (4 huesos de acero r\u00edgido, 20 huesos de acero espiral)<\/li>\n<li>Busk de acero<\/li>\n<li>Para torso corto o promedio<\/li>\n<li>Longitud delantera 11 pulgadas<\/li>\n<li>Longitud de la espalda 10.5 pulgadas<\/li>\n<li>Longitud lateral 7 pulgadas<\/li>\n<li>Tiene un resorte de costilla de 2 pulgadas y un resorte de cadera de 4 pulgadas<\/li>\n<li>Material de malla<\/li>\n<li>Forrado con 100% algod\u00f3n + cinta de la cintura<\/li>\n<li>Panel de 5 \u00abde gran modestia<\/li>\n<li>Cord\u00f3n de espalda bidireccional tradicional<\/li>\n<li>6 bucles de Liga<\/li>\n<li>Viene con una bolsa de almacenamiento<\/li>\n<\/ul>\n","protected":false},"excerpt":{"rendered":"<p>Cors\u00e9 deshuesado de acero bajo el pecho de malla beige<\/p>\n","protected":false},"featured_media":14066,"comment_status":"open","ping_status":"closed","template":"","meta":[],"product_brand":[],"product_cat":[313,315,320,319,362,318,374,314,317],"product_tag":[],"class_list":{"0":"post-14056","1":"product","2":"type-product","3":"status-publish","4":"has-post-thumbnail","6":"product_cat-corse-categorias","7":"product_cat-corse-colors","8":"product_cat-corse-materiales","9":"product_cat-corses-bajo-el-pecho","10":"product_cat-corses-beige","11":"product_cat-corses-de-entrenamiento-de-cintura","12":"product_cat-corses-de-malla","13":"product_cat-corses-de-nueva-llegada","14":"product_cat-corses-deshuesados-de-acero","15":"pa_color-beige-es","16":"pa_corset-type-acero-deshuesado","17":"pa_corset-type-debajo-del-busto-es","18":"pa_corset-type-entrenamiento-de-cintura","19":"pa_material-malla","20":"pa_size-18-es","21":"pa_size-20-es","22":"pa_size-22-es","23":"pa_size-24-es","24":"pa_size-26-es","25":"pa_size-28-es","26":"pa_size-30-es","27":"pa_size-32-es","28":"pa_size-34-es","29":"pa_size-36-es","30":"pa_size-38-es","31":"pa_size-40-es","32":"pa_torso-length-corto","33":"pa_torso-length-promedio","35":"first","36":"instock","37":"featured","38":"taxable","39":"shipping-taxable","40":"purchasable","41":"product-type-variable"},"yoast_head":"<!-- This site is optimized with the Yoast SEO plugin v26.9 - https:\/\/yoast.com\/product\/yoast-seo-wordpress\/ -->\n<title>Cors\u00e9 deshuesado de acero bajo el pecho de malla beige Kayla | Cors\u00e9 glamoroso<\/title>\n<meta name=\"description\" content=\"El Kayla Cors\u00e9 de malla beige tiene 11 pulgadas de largo, una excelente opci\u00f3n para un torso corto o para cualquiera que busque un cors\u00e9 de estilo m\u00e1s corto.\" \/>\n<meta name=\"robots\" content=\"index, follow, max-snippet:-1, max-image-preview:large, max-video-preview:-1\" \/>\n<link rel=\"canonical\" href=\"https:\/\/glamorouscorset.com\/es\/tienda\/corse-materiales\/corses-de-malla\/corse-de-malla-beige-kayla\/\" \/>\n<meta property=\"og:locale\" content=\"es_ES\" \/>\n<meta property=\"og:type\" content=\"article\" \/>\n<meta property=\"og:title\" content=\"Cors\u00e9 deshuesado de acero bajo el pecho de malla beige Kayla | Cors\u00e9 glamoroso\" \/>\n<meta property=\"og:description\" content=\"El Kayla Cors\u00e9 de malla beige tiene 11 pulgadas de largo, una excelente opci\u00f3n para un torso corto o para cualquiera que busque un cors\u00e9 de estilo m\u00e1s corto.\" \/>\n<meta property=\"og:url\" content=\"https:\/\/glamorouscorset.com\/es\/tienda\/corse-materiales\/corses-de-malla\/corse-de-malla-beige-kayla\/\" \/>\n<meta property=\"og:site_name\" content=\"Glamorous Corset\" \/>\n<meta property=\"article:publisher\" content=\"https:\/\/www.facebook.com\/glamorouscorset\" \/>\n<meta property=\"article:modified_time\" content=\"2026-01-22T17:53:34+00:00\" \/>\n<meta property=\"og:image\" content=\"https:\/\/glamorouscorset.com\/wp-content\/uploads\/2021\/04\/kayla-beige-mesh-corset-front.jpg\" \/>\n\t<meta property=\"og:image:width\" content=\"1020\" \/>\n\t<meta property=\"og:image:height\" content=\"1190\" \/>\n\t<meta property=\"og:image:type\" content=\"image\/jpeg\" \/>\n<meta name=\"twitter:card\" content=\"summary_large_image\" \/>\n<meta name=\"twitter:title\" content=\"Cors\u00e9 de acero deshuesado bajo el pecho corto de algod\u00f3n beige Kayla | Cors\u00e9 glamoroso\" \/>\n<meta name=\"twitter:description\" content=\"El cors\u00e9 Kayla de algod\u00f3n beige bajo el pecho tiene 11 pulgadas de largo, una excelente opci\u00f3n para un torso corto o para cualquiera que busque un cors\u00e9 de estilo m\u00e1s corto.\" \/>\n<meta name=\"twitter:label1\" content=\"Tiempo de lectura\" \/>\n\t<meta name=\"twitter:data1\" content=\"1 minuto\" \/>\n<script type=\"application\/ld+json\" class=\"yoast-schema-graph\">{\"@context\":\"https:\/\/schema.org\",\"@graph\":[{\"@type\":\"WebPage\",\"@id\":\"https:\/\/glamorouscorset.com\/es\/tienda\/corse-materiales\/corses-de-malla\/corse-de-malla-beige-kayla\/\",\"url\":\"https:\/\/glamorouscorset.com\/es\/tienda\/corse-materiales\/corses-de-malla\/corse-de-malla-beige-kayla\/\",\"name\":\"Cors\u00e9 deshuesado de acero bajo el pecho de malla beige Kayla | Cors\u00e9 glamoroso\",\"isPartOf\":{\"@id\":\"https:\/\/glamorouscorset.com\/#website\"},\"primaryImageOfPage\":{\"@id\":\"https:\/\/glamorouscorset.com\/es\/tienda\/corse-materiales\/corses-de-malla\/corse-de-malla-beige-kayla\/#primaryimage\"},\"image\":{\"@id\":\"https:\/\/glamorouscorset.com\/es\/tienda\/corse-materiales\/corses-de-malla\/corse-de-malla-beige-kayla\/#primaryimage\"},\"thumbnailUrl\":\"https:\/\/glamorouscorset.com\/wp-content\/uploads\/2021\/04\/kayla-beige-mesh-corset-front.jpg\",\"datePublished\":\"2021-04-01T19:41:10+00:00\",\"dateModified\":\"2026-01-22T17:53:34+00:00\",\"description\":\"El Kayla Cors\u00e9 de malla beige tiene 11 pulgadas de largo, una excelente opci\u00f3n para un torso corto o para cualquiera que busque un cors\u00e9 de estilo m\u00e1s corto.\",\"breadcrumb\":{\"@id\":\"https:\/\/glamorouscorset.com\/es\/tienda\/corse-materiales\/corses-de-malla\/corse-de-malla-beige-kayla\/#breadcrumb\"},\"inLanguage\":\"es\",\"potentialAction\":[{\"@type\":\"ReadAction\",\"target\":[\"https:\/\/glamorouscorset.com\/es\/tienda\/corse-materiales\/corses-de-malla\/corse-de-malla-beige-kayla\/\"]}]},{\"@type\":\"ImageObject\",\"inLanguage\":\"es\",\"@id\":\"https:\/\/glamorouscorset.com\/es\/tienda\/corse-materiales\/corses-de-malla\/corse-de-malla-beige-kayla\/#primaryimage\",\"url\":\"https:\/\/glamorouscorset.com\/wp-content\/uploads\/2021\/04\/kayla-beige-mesh-corset-front.jpg\",\"contentUrl\":\"https:\/\/glamorouscorset.com\/wp-content\/uploads\/2021\/04\/kayla-beige-mesh-corset-front.jpg\",\"width\":1020,\"height\":1190,\"caption\":\"Kayla Cors\u00e9 deshuesado de acero bajo el busto de malla beige\"},{\"@type\":\"BreadcrumbList\",\"@id\":\"https:\/\/glamorouscorset.com\/es\/tienda\/corse-materiales\/corses-de-malla\/corse-de-malla-beige-kayla\/#breadcrumb\",\"itemListElement\":[{\"@type\":\"ListItem\",\"position\":1,\"name\":\"Home\",\"item\":\"https:\/\/glamorouscorset.com\/es\/\"},{\"@type\":\"ListItem\",\"position\":2,\"name\":\"Tienda\",\"item\":\"https:\/\/glamorouscorset.com\/es\/tienda\/\"},{\"@type\":\"ListItem\",\"position\":3,\"name\":\"Cors\u00e9 de malla beige Kayla\"}]},{\"@type\":\"WebSite\",\"@id\":\"https:\/\/glamorouscorset.com\/#website\",\"url\":\"https:\/\/glamorouscorset.com\/\",\"name\":\"Glamorous Corset\",\"description\":\"Glamorous Corset offers an assortment of steel boned waist training corsets for all shapes and sizes!\",\"publisher\":{\"@id\":\"https:\/\/glamorouscorset.com\/#organization\"},\"potentialAction\":[{\"@type\":\"SearchAction\",\"target\":{\"@type\":\"EntryPoint\",\"urlTemplate\":\"https:\/\/glamorouscorset.com\/?s={search_term_string}\"},\"query-input\":{\"@type\":\"PropertyValueSpecification\",\"valueRequired\":true,\"valueName\":\"search_term_string\"}}],\"inLanguage\":\"es\"},{\"@type\":\"Organization\",\"@id\":\"https:\/\/glamorouscorset.com\/#organization\",\"name\":\"Glamorous Corset\",\"url\":\"https:\/\/glamorouscorset.com\/\",\"logo\":{\"@type\":\"ImageObject\",\"inLanguage\":\"es\",\"@id\":\"https:\/\/glamorouscorset.com\/#\/schema\/logo\/image\/\",\"url\":\"https:\/\/glamorouscorset.com\/wp-content\/uploads\/2015\/11\/logo@2x.jpg\",\"contentUrl\":\"https:\/\/glamorouscorset.com\/wp-content\/uploads\/2015\/11\/logo@2x.jpg\",\"width\":238,\"height\":60,\"caption\":\"Glamorous Corset\"},\"image\":{\"@id\":\"https:\/\/glamorouscorset.com\/#\/schema\/logo\/image\/\"},\"sameAs\":[\"https:\/\/www.facebook.com\/glamorouscorset\"]}]}<\/script>\n<!-- \/ Yoast SEO plugin. -->","yoast_head_json":{"title":"Cors\u00e9 deshuesado de acero bajo el pecho de malla beige Kayla | Cors\u00e9 glamoroso","description":"El Kayla Cors\u00e9 de malla beige tiene 11 pulgadas de largo, una excelente opci\u00f3n para un torso corto o para cualquiera que busque un cors\u00e9 de estilo m\u00e1s corto.","robots":{"index":"index","follow":"follow","max-snippet":"max-snippet:-1","max-image-preview":"max-image-preview:large","max-video-preview":"max-video-preview:-1"},"canonical":"https:\/\/glamorouscorset.com\/es\/tienda\/corse-materiales\/corses-de-malla\/corse-de-malla-beige-kayla\/","og_locale":"es_ES","og_type":"article","og_title":"Cors\u00e9 deshuesado de acero bajo el pecho de malla beige Kayla | Cors\u00e9 glamoroso","og_description":"El Kayla Cors\u00e9 de malla beige tiene 11 pulgadas de largo, una excelente opci\u00f3n para un torso corto o para cualquiera que busque un cors\u00e9 de estilo m\u00e1s corto.","og_url":"https:\/\/glamorouscorset.com\/es\/tienda\/corse-materiales\/corses-de-malla\/corse-de-malla-beige-kayla\/","og_site_name":"Glamorous Corset","article_publisher":"https:\/\/www.facebook.com\/glamorouscorset","article_modified_time":"2026-01-22T17:53:34+00:00","og_image":[{"width":1020,"height":1190,"url":"https:\/\/glamorouscorset.com\/wp-content\/uploads\/2021\/04\/kayla-beige-mesh-corset-front.jpg","type":"image\/jpeg"}],"twitter_card":"summary_large_image","twitter_title":"Cors\u00e9 de acero deshuesado bajo el pecho corto de algod\u00f3n beige Kayla | Cors\u00e9 glamoroso","twitter_description":"El cors\u00e9 Kayla de algod\u00f3n beige bajo el pecho tiene 11 pulgadas de largo, una excelente opci\u00f3n para un torso corto o para cualquiera que busque un cors\u00e9 de estilo m\u00e1s corto.","twitter_misc":{"Tiempo de lectura":"1 minuto"},"schema":{"@context":"https:\/\/schema.org","@graph":[{"@type":"WebPage","@id":"https:\/\/glamorouscorset.com\/es\/tienda\/corse-materiales\/corses-de-malla\/corse-de-malla-beige-kayla\/","url":"https:\/\/glamorouscorset.com\/es\/tienda\/corse-materiales\/corses-de-malla\/corse-de-malla-beige-kayla\/","name":"Cors\u00e9 deshuesado de acero bajo el pecho de malla beige Kayla | Cors\u00e9 glamoroso","isPartOf":{"@id":"https:\/\/glamorouscorset.com\/#website"},"primaryImageOfPage":{"@id":"https:\/\/glamorouscorset.com\/es\/tienda\/corse-materiales\/corses-de-malla\/corse-de-malla-beige-kayla\/#primaryimage"},"image":{"@id":"https:\/\/glamorouscorset.com\/es\/tienda\/corse-materiales\/corses-de-malla\/corse-de-malla-beige-kayla\/#primaryimage"},"thumbnailUrl":"https:\/\/glamorouscorset.com\/wp-content\/uploads\/2021\/04\/kayla-beige-mesh-corset-front.jpg","datePublished":"2021-04-01T19:41:10+00:00","dateModified":"2026-01-22T17:53:34+00:00","description":"El Kayla Cors\u00e9 de malla beige tiene 11 pulgadas de largo, una excelente opci\u00f3n para un torso corto o para cualquiera que busque un cors\u00e9 de estilo m\u00e1s corto.","breadcrumb":{"@id":"https:\/\/glamorouscorset.com\/es\/tienda\/corse-materiales\/corses-de-malla\/corse-de-malla-beige-kayla\/#breadcrumb"},"inLanguage":"es","potentialAction":[{"@type":"ReadAction","target":["https:\/\/glamorouscorset.com\/es\/tienda\/corse-materiales\/corses-de-malla\/corse-de-malla-beige-kayla\/"]}]},{"@type":"ImageObject","inLanguage":"es","@id":"https:\/\/glamorouscorset.com\/es\/tienda\/corse-materiales\/corses-de-malla\/corse-de-malla-beige-kayla\/#primaryimage","url":"https:\/\/glamorouscorset.com\/wp-content\/uploads\/2021\/04\/kayla-beige-mesh-corset-front.jpg","contentUrl":"https:\/\/glamorouscorset.com\/wp-content\/uploads\/2021\/04\/kayla-beige-mesh-corset-front.jpg","width":1020,"height":1190,"caption":"Kayla Cors\u00e9 deshuesado de acero bajo el busto de malla beige"},{"@type":"BreadcrumbList","@id":"https:\/\/glamorouscorset.com\/es\/tienda\/corse-materiales\/corses-de-malla\/corse-de-malla-beige-kayla\/#breadcrumb","itemListElement":[{"@type":"ListItem","position":1,"name":"Home","item":"https:\/\/glamorouscorset.com\/es\/"},{"@type":"ListItem","position":2,"name":"Tienda","item":"https:\/\/glamorouscorset.com\/es\/tienda\/"},{"@type":"ListItem","position":3,"name":"Cors\u00e9 de malla beige Kayla"}]},{"@type":"WebSite","@id":"https:\/\/glamorouscorset.com\/#website","url":"https:\/\/glamorouscorset.com\/","name":"Glamorous Corset","description":"Glamorous Corset offers an assortment of steel boned waist training corsets for all shapes and sizes!","publisher":{"@id":"https:\/\/glamorouscorset.com\/#organization"},"potentialAction":[{"@type":"SearchAction","target":{"@type":"EntryPoint","urlTemplate":"https:\/\/glamorouscorset.com\/?s={search_term_string}"},"query-input":{"@type":"PropertyValueSpecification","valueRequired":true,"valueName":"search_term_string"}}],"inLanguage":"es"},{"@type":"Organization","@id":"https:\/\/glamorouscorset.com\/#organization","name":"Glamorous Corset","url":"https:\/\/glamorouscorset.com\/","logo":{"@type":"ImageObject","inLanguage":"es","@id":"https:\/\/glamorouscorset.com\/#\/schema\/logo\/image\/","url":"https:\/\/glamorouscorset.com\/wp-content\/uploads\/2015\/11\/logo@2x.jpg","contentUrl":"https:\/\/glamorouscorset.com\/wp-content\/uploads\/2015\/11\/logo@2x.jpg","width":238,"height":60,"caption":"Glamorous Corset"},"image":{"@id":"https:\/\/glamorouscorset.com\/#\/schema\/logo\/image\/"},"sameAs":["https:\/\/www.facebook.com\/glamorouscorset"]}]}},"_links":{"self":[{"href":"https:\/\/glamorouscorset.com\/es\/wp-json\/wp\/v2\/product\/14056","targetHints":{"allow":["GET"]}}],"collection":[{"href":"https:\/\/glamorouscorset.com\/es\/wp-json\/wp\/v2\/product"}],"about":[{"href":"https:\/\/glamorouscorset.com\/es\/wp-json\/wp\/v2\/types\/product"}],"replies":[{"embeddable":true,"href":"https:\/\/glamorouscorset.com\/es\/wp-json\/wp\/v2\/comments?post=14056"}],"wp:featuredmedia":[{"embeddable":true,"href":"https:\/\/glamorouscorset.com\/es\/wp-json\/wp\/v2\/media\/14066"}],"wp:attachment":[{"href":"https:\/\/glamorouscorset.com\/es\/wp-json\/wp\/v2\/media?parent=14056"}],"wp:term":[{"taxonomy":"product_brand","embeddable":true,"href":"https:\/\/glamorouscorset.com\/es\/wp-json\/wp\/v2\/product_brand?post=14056"},{"taxonomy":"product_cat","embeddable":true,"href":"https:\/\/glamorouscorset.com\/es\/wp-json\/wp\/v2\/product_cat?post=14056"},{"taxonomy":"product_tag","embeddable":true,"href":"https:\/\/glamorouscorset.com\/es\/wp-json\/wp\/v2\/product_tag?post=14056"}],"curies":[{"name":"wp","href":"https:\/\/api.w.org\/{rel}","templated":true}]}}