{"id":12844,"date":"2020-11-12T09:20:51","date_gmt":"2020-11-12T14:20:55","guid":{"rendered":"https:\/\/glamorouscorset.com\/?post_type=product&#038;p=12844"},"modified":"2026-01-22T12:53:35","modified_gmt":"2026-01-22T17:53:35","slug":"gia-negro-pvc-corset-cinturon","status":"publish","type":"product","link":"https:\/\/glamorouscorset.com\/es\/tienda\/colecciones-de-corse\/corses-de-waspie\/gia-negro-pvc-corset-cinturon\/","title":{"rendered":"Cintur\u00f3n cors\u00e9 de PVC negro Gia"},"content":{"rendered":"<h2>Cintur\u00f3n cors\u00e9 de PVC negro<\/h2>\n<p>GC-166, Una nueva adici\u00f3n a nuestra colecci\u00f3n de cors\u00e9 waspie. Con solo 6 pulgadas de largo, el cintur\u00f3n cors\u00e9 de PVC negro Gia es una excelente opci\u00f3n para cualquier persona de cintura extremadamente corta. Su doble deshuesado, los lados m\u00e1s cortos y la construcci\u00f3n de tres capas son ideales para el uso diario. Una pieza vers\u00e1til, nuestro cintur\u00f3n cors\u00e9 de PVC negro Gia servir\u00e1 como un accesorio perfecto para cualquier atuendo debajo o sobre la ropa. Con el enfoque en abofetear la cintura y empujar hacia fuera las caderas, Gia crear\u00e1 que la forma buscada de reloj de arena.<\/p>\n<h3>Caracter\u00edsticas &amp; detalles<\/h3>\n<ul>\n<li>16 huesos de acero (4 huesos r\u00edgidos de acero, 12 huesos de acero espiral)<\/li>\n<li>Busk de acero<\/li>\n<li>Para torso corto o promedio<\/li>\n<li>Longitud delantera 6 pulgadas<\/li>\n<li>Longitud de la espalda 6.25 pulgadas<\/li>\n<li>Longitud lateral 4.5 pulgadas<\/li>\n<li>Tiene un resorte de costilla de 1 pulgada y un resorte de cadera de 2 pulgadas<\/li>\n<li>CLORURO DE POLIVINILO<\/li>\n<li>Forrado con 100% algod\u00f3n + cinta de la cintura<\/li>\n<li>Panel de modestia amplia de 4&#8243;<\/li>\n<li>Cord\u00f3n de espalda bidireccional tradicional<\/li>\n<li>Viene con una bolsa de almacenamiento<\/li>\n<\/ul>\n","protected":false},"excerpt":{"rendered":"<p>Cintur\u00f3n de cors\u00e9 Waspie de PVC deshuesado de acero<\/p>\n","protected":false},"featured_media":12871,"comment_status":"open","ping_status":"closed","template":"","meta":[],"product_brand":[],"product_cat":[313,315,320,352,319,318,314,375,359,317,316],"product_tag":[],"class_list":{"0":"post-12844","1":"product","2":"type-product","3":"status-publish","4":"has-post-thumbnail","6":"product_cat-corse-categorias","7":"product_cat-corse-colors","8":"product_cat-corse-materiales","9":"product_cat-corses-bajo-busto-negro","10":"product_cat-corses-bajo-el-pecho","11":"product_cat-corses-de-entrenamiento-de-cintura","12":"product_cat-corses-de-nueva-llegada","13":"product_cat-corses-de-pvc","14":"product_cat-corses-de-waspie","15":"product_cat-corses-deshuesados-de-acero","16":"product_cat-corses-negros","17":"pa_color-negro","18":"pa_corset-type-acero-deshuesado","19":"pa_corset-type-debajo-del-busto-es","20":"pa_corset-type-entrenamiento-de-cintura","21":"pa_material-pvc-es","22":"pa_size-18-es","23":"pa_size-20-es","24":"pa_size-22-es","25":"pa_size-24-es","26":"pa_size-26-es","27":"pa_size-28-es","28":"pa_size-30-es","29":"pa_size-32-es","30":"pa_size-34-es","31":"pa_size-36-es","32":"pa_size-38-es","33":"pa_size-40-es","34":"pa_torso-length-corto","35":"pa_torso-length-promedio","37":"first","38":"instock","39":"featured","40":"taxable","41":"shipping-taxable","42":"purchasable","43":"product-type-variable"},"yoast_head":"<!-- This site is optimized with the Yoast SEO plugin v26.9 - https:\/\/yoast.com\/product\/yoast-seo-wordpress\/ -->\n<title>Cors\u00e9 Waspie deshuesado acero PVC negro Gia | Cors\u00e9 glamoroso<\/title>\n<meta name=\"description\" content=\"Nuestro cintur\u00f3n cors\u00e9 de PVC negro Gia es parte de nuestra colecci\u00f3n de cors\u00e9s waspie y es una excelente opci\u00f3n para cualquier persona de cintura extremadamente corta.\" \/>\n<meta name=\"robots\" content=\"index, follow, max-snippet:-1, max-image-preview:large, max-video-preview:-1\" \/>\n<link rel=\"canonical\" href=\"https:\/\/glamorouscorset.com\/es\/tienda\/colecciones-de-corse\/corses-de-waspie\/gia-negro-pvc-corset-cinturon\/\" \/>\n<meta property=\"og:locale\" content=\"es_ES\" \/>\n<meta property=\"og:type\" content=\"article\" \/>\n<meta property=\"og:title\" content=\"Cors\u00e9 Waspie deshuesado acero PVC negro Gia | Cors\u00e9 glamoroso\" \/>\n<meta property=\"og:description\" content=\"Con solo 6 pulgadas de largo, el cintur\u00f3n cors\u00e9 de PVC negro Gia, parte de nuestra colecci\u00f3n de cors\u00e9s waspie, es una excelente opci\u00f3n para cualquier persona de cintura extremadamente corta.\" \/>\n<meta property=\"og:url\" content=\"https:\/\/glamorouscorset.com\/es\/tienda\/colecciones-de-corse\/corses-de-waspie\/gia-negro-pvc-corset-cinturon\/\" \/>\n<meta property=\"og:site_name\" content=\"Glamorous Corset\" \/>\n<meta property=\"article:publisher\" content=\"https:\/\/www.facebook.com\/glamorouscorset\" \/>\n<meta property=\"article:modified_time\" content=\"2026-01-22T17:53:35+00:00\" \/>\n<meta property=\"og:image\" content=\"https:\/\/glamorouscorset.com\/wp-content\/uploads\/2020\/11\/gia-pvc-corset-belt1.jpg\" \/>\n\t<meta property=\"og:image:width\" content=\"1020\" \/>\n\t<meta property=\"og:image:height\" content=\"1190\" \/>\n\t<meta property=\"og:image:type\" content=\"image\/jpeg\" \/>\n<meta name=\"twitter:card\" content=\"summary_large_image\" \/>\n<meta name=\"twitter:title\" content=\"Gia Negro Satin Acero Boned Waspie Cintur\u00f3n cors\u00e9 Glamorous Corset\" \/>\n<meta name=\"twitter:description\" content=\"Con solo 6 pulgadas de longitud, el cintur\u00f3n de cors\u00e9 de sat\u00e9n negro Gia, parte de nuestra colecci\u00f3n de cors\u00e9 waspie, es una excelente opci\u00f3n para cualquier persona de cintura extremadamente corta.\" \/>\n<meta name=\"twitter:label1\" content=\"Tiempo de lectura\" \/>\n\t<meta name=\"twitter:data1\" content=\"1 minuto\" \/>\n<script type=\"application\/ld+json\" class=\"yoast-schema-graph\">{\"@context\":\"https:\/\/schema.org\",\"@graph\":[{\"@type\":\"WebPage\",\"@id\":\"https:\/\/glamorouscorset.com\/es\/tienda\/colecciones-de-corse\/corses-de-waspie\/gia-negro-pvc-corset-cinturon\/\",\"url\":\"https:\/\/glamorouscorset.com\/es\/tienda\/colecciones-de-corse\/corses-de-waspie\/gia-negro-pvc-corset-cinturon\/\",\"name\":\"Cors\u00e9 Waspie deshuesado acero PVC negro Gia | Cors\u00e9 glamoroso\",\"isPartOf\":{\"@id\":\"https:\/\/glamorouscorset.com\/#website\"},\"primaryImageOfPage\":{\"@id\":\"https:\/\/glamorouscorset.com\/es\/tienda\/colecciones-de-corse\/corses-de-waspie\/gia-negro-pvc-corset-cinturon\/#primaryimage\"},\"image\":{\"@id\":\"https:\/\/glamorouscorset.com\/es\/tienda\/colecciones-de-corse\/corses-de-waspie\/gia-negro-pvc-corset-cinturon\/#primaryimage\"},\"thumbnailUrl\":\"https:\/\/glamorouscorset.com\/wp-content\/uploads\/2020\/11\/gia-pvc-corset-belt1.jpg\",\"datePublished\":\"2020-11-12T14:20:55+00:00\",\"dateModified\":\"2026-01-22T17:53:35+00:00\",\"description\":\"Nuestro cintur\u00f3n cors\u00e9 de PVC negro Gia es parte de nuestra colecci\u00f3n de cors\u00e9s waspie y es una excelente opci\u00f3n para cualquier persona de cintura extremadamente corta.\",\"breadcrumb\":{\"@id\":\"https:\/\/glamorouscorset.com\/es\/tienda\/colecciones-de-corse\/corses-de-waspie\/gia-negro-pvc-corset-cinturon\/#breadcrumb\"},\"inLanguage\":\"es\",\"potentialAction\":[{\"@type\":\"ReadAction\",\"target\":[\"https:\/\/glamorouscorset.com\/es\/tienda\/colecciones-de-corse\/corses-de-waspie\/gia-negro-pvc-corset-cinturon\/\"]}]},{\"@type\":\"ImageObject\",\"inLanguage\":\"es\",\"@id\":\"https:\/\/glamorouscorset.com\/es\/tienda\/colecciones-de-corse\/corses-de-waspie\/gia-negro-pvc-corset-cinturon\/#primaryimage\",\"url\":\"https:\/\/glamorouscorset.com\/wp-content\/uploads\/2020\/11\/gia-pvc-corset-belt1.jpg\",\"contentUrl\":\"https:\/\/glamorouscorset.com\/wp-content\/uploads\/2020\/11\/gia-pvc-corset-belt1.jpg\",\"width\":1020,\"height\":1190,\"caption\":\"Cintur\u00f3n de cors\u00e9 Waspie deshuesado de acero de PVC negro Gia\"},{\"@type\":\"BreadcrumbList\",\"@id\":\"https:\/\/glamorouscorset.com\/es\/tienda\/colecciones-de-corse\/corses-de-waspie\/gia-negro-pvc-corset-cinturon\/#breadcrumb\",\"itemListElement\":[{\"@type\":\"ListItem\",\"position\":1,\"name\":\"Home\",\"item\":\"https:\/\/glamorouscorset.com\/es\/\"},{\"@type\":\"ListItem\",\"position\":2,\"name\":\"Tienda\",\"item\":\"https:\/\/glamorouscorset.com\/es\/tienda\/\"},{\"@type\":\"ListItem\",\"position\":3,\"name\":\"Cintur\u00f3n cors\u00e9 de PVC negro Gia\"}]},{\"@type\":\"WebSite\",\"@id\":\"https:\/\/glamorouscorset.com\/#website\",\"url\":\"https:\/\/glamorouscorset.com\/\",\"name\":\"Glamorous Corset\",\"description\":\"Glamorous Corset offers an assortment of steel boned waist training corsets for all shapes and sizes!\",\"publisher\":{\"@id\":\"https:\/\/glamorouscorset.com\/#organization\"},\"potentialAction\":[{\"@type\":\"SearchAction\",\"target\":{\"@type\":\"EntryPoint\",\"urlTemplate\":\"https:\/\/glamorouscorset.com\/?s={search_term_string}\"},\"query-input\":{\"@type\":\"PropertyValueSpecification\",\"valueRequired\":true,\"valueName\":\"search_term_string\"}}],\"inLanguage\":\"es\"},{\"@type\":\"Organization\",\"@id\":\"https:\/\/glamorouscorset.com\/#organization\",\"name\":\"Glamorous Corset\",\"url\":\"https:\/\/glamorouscorset.com\/\",\"logo\":{\"@type\":\"ImageObject\",\"inLanguage\":\"es\",\"@id\":\"https:\/\/glamorouscorset.com\/#\/schema\/logo\/image\/\",\"url\":\"https:\/\/glamorouscorset.com\/wp-content\/uploads\/2015\/11\/logo@2x.jpg\",\"contentUrl\":\"https:\/\/glamorouscorset.com\/wp-content\/uploads\/2015\/11\/logo@2x.jpg\",\"width\":238,\"height\":60,\"caption\":\"Glamorous Corset\"},\"image\":{\"@id\":\"https:\/\/glamorouscorset.com\/#\/schema\/logo\/image\/\"},\"sameAs\":[\"https:\/\/www.facebook.com\/glamorouscorset\"]}]}<\/script>\n<!-- \/ Yoast SEO plugin. -->","yoast_head_json":{"title":"Cors\u00e9 Waspie deshuesado acero PVC negro Gia | Cors\u00e9 glamoroso","description":"Nuestro cintur\u00f3n cors\u00e9 de PVC negro Gia es parte de nuestra colecci\u00f3n de cors\u00e9s waspie y es una excelente opci\u00f3n para cualquier persona de cintura extremadamente corta.","robots":{"index":"index","follow":"follow","max-snippet":"max-snippet:-1","max-image-preview":"max-image-preview:large","max-video-preview":"max-video-preview:-1"},"canonical":"https:\/\/glamorouscorset.com\/es\/tienda\/colecciones-de-corse\/corses-de-waspie\/gia-negro-pvc-corset-cinturon\/","og_locale":"es_ES","og_type":"article","og_title":"Cors\u00e9 Waspie deshuesado acero PVC negro Gia | Cors\u00e9 glamoroso","og_description":"Con solo 6 pulgadas de largo, el cintur\u00f3n cors\u00e9 de PVC negro Gia, parte de nuestra colecci\u00f3n de cors\u00e9s waspie, es una excelente opci\u00f3n para cualquier persona de cintura extremadamente corta.","og_url":"https:\/\/glamorouscorset.com\/es\/tienda\/colecciones-de-corse\/corses-de-waspie\/gia-negro-pvc-corset-cinturon\/","og_site_name":"Glamorous Corset","article_publisher":"https:\/\/www.facebook.com\/glamorouscorset","article_modified_time":"2026-01-22T17:53:35+00:00","og_image":[{"width":1020,"height":1190,"url":"https:\/\/glamorouscorset.com\/wp-content\/uploads\/2020\/11\/gia-pvc-corset-belt1.jpg","type":"image\/jpeg"}],"twitter_card":"summary_large_image","twitter_title":"Gia Negro Satin Acero Boned Waspie Cintur\u00f3n cors\u00e9 Glamorous Corset","twitter_description":"Con solo 6 pulgadas de longitud, el cintur\u00f3n de cors\u00e9 de sat\u00e9n negro Gia, parte de nuestra colecci\u00f3n de cors\u00e9 waspie, es una excelente opci\u00f3n para cualquier persona de cintura extremadamente corta.","twitter_misc":{"Tiempo de lectura":"1 minuto"},"schema":{"@context":"https:\/\/schema.org","@graph":[{"@type":"WebPage","@id":"https:\/\/glamorouscorset.com\/es\/tienda\/colecciones-de-corse\/corses-de-waspie\/gia-negro-pvc-corset-cinturon\/","url":"https:\/\/glamorouscorset.com\/es\/tienda\/colecciones-de-corse\/corses-de-waspie\/gia-negro-pvc-corset-cinturon\/","name":"Cors\u00e9 Waspie deshuesado acero PVC negro Gia | Cors\u00e9 glamoroso","isPartOf":{"@id":"https:\/\/glamorouscorset.com\/#website"},"primaryImageOfPage":{"@id":"https:\/\/glamorouscorset.com\/es\/tienda\/colecciones-de-corse\/corses-de-waspie\/gia-negro-pvc-corset-cinturon\/#primaryimage"},"image":{"@id":"https:\/\/glamorouscorset.com\/es\/tienda\/colecciones-de-corse\/corses-de-waspie\/gia-negro-pvc-corset-cinturon\/#primaryimage"},"thumbnailUrl":"https:\/\/glamorouscorset.com\/wp-content\/uploads\/2020\/11\/gia-pvc-corset-belt1.jpg","datePublished":"2020-11-12T14:20:55+00:00","dateModified":"2026-01-22T17:53:35+00:00","description":"Nuestro cintur\u00f3n cors\u00e9 de PVC negro Gia es parte de nuestra colecci\u00f3n de cors\u00e9s waspie y es una excelente opci\u00f3n para cualquier persona de cintura extremadamente corta.","breadcrumb":{"@id":"https:\/\/glamorouscorset.com\/es\/tienda\/colecciones-de-corse\/corses-de-waspie\/gia-negro-pvc-corset-cinturon\/#breadcrumb"},"inLanguage":"es","potentialAction":[{"@type":"ReadAction","target":["https:\/\/glamorouscorset.com\/es\/tienda\/colecciones-de-corse\/corses-de-waspie\/gia-negro-pvc-corset-cinturon\/"]}]},{"@type":"ImageObject","inLanguage":"es","@id":"https:\/\/glamorouscorset.com\/es\/tienda\/colecciones-de-corse\/corses-de-waspie\/gia-negro-pvc-corset-cinturon\/#primaryimage","url":"https:\/\/glamorouscorset.com\/wp-content\/uploads\/2020\/11\/gia-pvc-corset-belt1.jpg","contentUrl":"https:\/\/glamorouscorset.com\/wp-content\/uploads\/2020\/11\/gia-pvc-corset-belt1.jpg","width":1020,"height":1190,"caption":"Cintur\u00f3n de cors\u00e9 Waspie deshuesado de acero de PVC negro Gia"},{"@type":"BreadcrumbList","@id":"https:\/\/glamorouscorset.com\/es\/tienda\/colecciones-de-corse\/corses-de-waspie\/gia-negro-pvc-corset-cinturon\/#breadcrumb","itemListElement":[{"@type":"ListItem","position":1,"name":"Home","item":"https:\/\/glamorouscorset.com\/es\/"},{"@type":"ListItem","position":2,"name":"Tienda","item":"https:\/\/glamorouscorset.com\/es\/tienda\/"},{"@type":"ListItem","position":3,"name":"Cintur\u00f3n cors\u00e9 de PVC negro Gia"}]},{"@type":"WebSite","@id":"https:\/\/glamorouscorset.com\/#website","url":"https:\/\/glamorouscorset.com\/","name":"Glamorous Corset","description":"Glamorous Corset offers an assortment of steel boned waist training corsets for all shapes and sizes!","publisher":{"@id":"https:\/\/glamorouscorset.com\/#organization"},"potentialAction":[{"@type":"SearchAction","target":{"@type":"EntryPoint","urlTemplate":"https:\/\/glamorouscorset.com\/?s={search_term_string}"},"query-input":{"@type":"PropertyValueSpecification","valueRequired":true,"valueName":"search_term_string"}}],"inLanguage":"es"},{"@type":"Organization","@id":"https:\/\/glamorouscorset.com\/#organization","name":"Glamorous Corset","url":"https:\/\/glamorouscorset.com\/","logo":{"@type":"ImageObject","inLanguage":"es","@id":"https:\/\/glamorouscorset.com\/#\/schema\/logo\/image\/","url":"https:\/\/glamorouscorset.com\/wp-content\/uploads\/2015\/11\/logo@2x.jpg","contentUrl":"https:\/\/glamorouscorset.com\/wp-content\/uploads\/2015\/11\/logo@2x.jpg","width":238,"height":60,"caption":"Glamorous Corset"},"image":{"@id":"https:\/\/glamorouscorset.com\/#\/schema\/logo\/image\/"},"sameAs":["https:\/\/www.facebook.com\/glamorouscorset"]}]}},"_links":{"self":[{"href":"https:\/\/glamorouscorset.com\/es\/wp-json\/wp\/v2\/product\/12844","targetHints":{"allow":["GET"]}}],"collection":[{"href":"https:\/\/glamorouscorset.com\/es\/wp-json\/wp\/v2\/product"}],"about":[{"href":"https:\/\/glamorouscorset.com\/es\/wp-json\/wp\/v2\/types\/product"}],"replies":[{"embeddable":true,"href":"https:\/\/glamorouscorset.com\/es\/wp-json\/wp\/v2\/comments?post=12844"}],"wp:featuredmedia":[{"embeddable":true,"href":"https:\/\/glamorouscorset.com\/es\/wp-json\/wp\/v2\/media\/12871"}],"wp:attachment":[{"href":"https:\/\/glamorouscorset.com\/es\/wp-json\/wp\/v2\/media?parent=12844"}],"wp:term":[{"taxonomy":"product_brand","embeddable":true,"href":"https:\/\/glamorouscorset.com\/es\/wp-json\/wp\/v2\/product_brand?post=12844"},{"taxonomy":"product_cat","embeddable":true,"href":"https:\/\/glamorouscorset.com\/es\/wp-json\/wp\/v2\/product_cat?post=12844"},{"taxonomy":"product_tag","embeddable":true,"href":"https:\/\/glamorouscorset.com\/es\/wp-json\/wp\/v2\/product_tag?post=12844"}],"curies":[{"name":"wp","href":"https:\/\/api.w.org\/{rel}","templated":true}]}}