{"id":11828,"date":"2020-07-08T18:21:58","date_gmt":"2020-07-08T22:21:58","guid":{"rendered":"https:\/\/glamorouscorset.com\/shop-all\/sin categor\u00eda\/cordones-de-corse-negro\/"},"modified":"2020-07-09T12:18:45","modified_gmt":"2020-07-09T16:18:45","slug":"cordones-de-corse-negro","status":"publish","type":"product","link":"https:\/\/glamorouscorset.com\/es\/tienda\/cordones-de-corse-de-reemplazo\/cordones-de-corse-negro\/","title":{"rendered":"Cordones de cors\u00e9 negro"},"content":{"rendered":"<h3>100 Cordones de cors\u00e9 de poli\u00e9ster<\/h3>\n<p>10 yardas de cordones de cors\u00e9 de reemplazo. 100 poli\u00e9ster para resistencia y durabilidad. Se desliza f\u00e1cilmente a trav\u00e9s de ojales.<\/p>\n<h3>Funciones<\/h3>\n<ul>\n<li>Color: Negro<\/li>\n<li>10 yardas<\/li>\n<li>100 poli\u00e9ster<\/li>\n<\/ul>\n","protected":false},"excerpt":{"rendered":"<p>Encajes de cors\u00e9 de reemplazo de color negro<\/p>\n","protected":false},"featured_media":11778,"comment_status":"closed","ping_status":"closed","template":"","meta":[],"product_brand":[],"product_cat":[395],"product_tag":[],"class_list":{"0":"post-11828","1":"product","2":"type-product","3":"status-publish","4":"has-post-thumbnail","6":"product_cat-cordones-de-corse-de-reemplazo","8":"first","9":"instock","10":"taxable","11":"shipping-taxable","12":"purchasable","13":"product-type-simple"},"yoast_head":"<!-- This site is optimized with the Yoast SEO plugin v26.9 - https:\/\/yoast.com\/product\/yoast-seo-wordpress\/ -->\n<title>Cordones de cors\u00e9 negro (cordones de cors\u00e9 de repuesto) Cors\u00e9 glamoroso<\/title>\n<meta name=\"description\" content=\"Cordones de cors\u00e9 negro - 10 yardas de cordones de cors\u00e9 de reemplazo. 100 poli\u00e9ster para resistencia y durabilidad. Se desliza f\u00e1cilmente a trav\u00e9s de ojales.\" \/>\n<meta name=\"robots\" content=\"index, follow, max-snippet:-1, max-image-preview:large, max-video-preview:-1\" \/>\n<link rel=\"canonical\" href=\"https:\/\/glamorouscorset.com\/es\/tienda\/cordones-de-corse-de-reemplazo\/cordones-de-corse-negro\/\" \/>\n<meta property=\"og:locale\" content=\"es_ES\" \/>\n<meta property=\"og:type\" content=\"article\" \/>\n<meta property=\"og:title\" content=\"Cordones de cors\u00e9 negro (cordones de cors\u00e9 de repuesto) Cors\u00e9 glamoroso\" \/>\n<meta property=\"og:description\" content=\"Cordones de cors\u00e9 negro - 10 yardas de cordones de cors\u00e9 de reemplazo. 100 poli\u00e9ster para resistencia y durabilidad. Se desliza f\u00e1cilmente a trav\u00e9s de ojales.\" \/>\n<meta property=\"og:url\" content=\"https:\/\/glamorouscorset.com\/es\/tienda\/cordones-de-corse-de-reemplazo\/cordones-de-corse-negro\/\" \/>\n<meta property=\"og:site_name\" content=\"Glamorous Corset\" \/>\n<meta property=\"article:publisher\" content=\"https:\/\/www.facebook.com\/glamorouscorset\" \/>\n<meta property=\"article:modified_time\" content=\"2020-07-09T16:18:45+00:00\" \/>\n<meta property=\"og:image\" content=\"https:\/\/glamorouscorset.com\/wp-content\/uploads\/2020\/07\/black-corset-laces.jpeg\" \/>\n\t<meta property=\"og:image:width\" content=\"544\" \/>\n\t<meta property=\"og:image:height\" content=\"640\" \/>\n\t<meta property=\"og:image:type\" content=\"image\/jpeg\" \/>\n<meta name=\"twitter:card\" content=\"summary_large_image\" \/>\n<script type=\"application\/ld+json\" class=\"yoast-schema-graph\">{\"@context\":\"https:\/\/schema.org\",\"@graph\":[{\"@type\":\"WebPage\",\"@id\":\"https:\/\/glamorouscorset.com\/es\/tienda\/cordones-de-corse-de-reemplazo\/cordones-de-corse-negro\/\",\"url\":\"https:\/\/glamorouscorset.com\/es\/tienda\/cordones-de-corse-de-reemplazo\/cordones-de-corse-negro\/\",\"name\":\"Cordones de cors\u00e9 negro (cordones de cors\u00e9 de repuesto) Cors\u00e9 glamoroso\",\"isPartOf\":{\"@id\":\"https:\/\/glamorouscorset.com\/#website\"},\"primaryImageOfPage\":{\"@id\":\"https:\/\/glamorouscorset.com\/es\/tienda\/cordones-de-corse-de-reemplazo\/cordones-de-corse-negro\/#primaryimage\"},\"image\":{\"@id\":\"https:\/\/glamorouscorset.com\/es\/tienda\/cordones-de-corse-de-reemplazo\/cordones-de-corse-negro\/#primaryimage\"},\"thumbnailUrl\":\"https:\/\/glamorouscorset.com\/wp-content\/uploads\/2020\/07\/black-corset-laces.jpeg\",\"datePublished\":\"2020-07-08T22:21:58+00:00\",\"dateModified\":\"2020-07-09T16:18:45+00:00\",\"description\":\"Cordones de cors\u00e9 negro - 10 yardas de cordones de cors\u00e9 de reemplazo. 100 poli\u00e9ster para resistencia y durabilidad. Se desliza f\u00e1cilmente a trav\u00e9s de ojales.\",\"breadcrumb\":{\"@id\":\"https:\/\/glamorouscorset.com\/es\/tienda\/cordones-de-corse-de-reemplazo\/cordones-de-corse-negro\/#breadcrumb\"},\"inLanguage\":\"es\",\"potentialAction\":[{\"@type\":\"ReadAction\",\"target\":[\"https:\/\/glamorouscorset.com\/es\/tienda\/cordones-de-corse-de-reemplazo\/cordones-de-corse-negro\/\"]}]},{\"@type\":\"ImageObject\",\"inLanguage\":\"es\",\"@id\":\"https:\/\/glamorouscorset.com\/es\/tienda\/cordones-de-corse-de-reemplazo\/cordones-de-corse-negro\/#primaryimage\",\"url\":\"https:\/\/glamorouscorset.com\/wp-content\/uploads\/2020\/07\/black-corset-laces.jpeg\",\"contentUrl\":\"https:\/\/glamorouscorset.com\/wp-content\/uploads\/2020\/07\/black-corset-laces.jpeg\",\"width\":544,\"height\":640,\"caption\":\"Cordones de cors\u00e9 negro (cordones de cors\u00e9 de repuesto)\"},{\"@type\":\"BreadcrumbList\",\"@id\":\"https:\/\/glamorouscorset.com\/es\/tienda\/cordones-de-corse-de-reemplazo\/cordones-de-corse-negro\/#breadcrumb\",\"itemListElement\":[{\"@type\":\"ListItem\",\"position\":1,\"name\":\"Home\",\"item\":\"https:\/\/glamorouscorset.com\/es\/\"},{\"@type\":\"ListItem\",\"position\":2,\"name\":\"Tienda\",\"item\":\"https:\/\/glamorouscorset.com\/es\/tienda\/\"},{\"@type\":\"ListItem\",\"position\":3,\"name\":\"Cordones de cors\u00e9 negro\"}]},{\"@type\":\"WebSite\",\"@id\":\"https:\/\/glamorouscorset.com\/#website\",\"url\":\"https:\/\/glamorouscorset.com\/\",\"name\":\"Glamorous Corset\",\"description\":\"Glamorous Corset offers an assortment of steel boned waist training corsets for all shapes and sizes!\",\"publisher\":{\"@id\":\"https:\/\/glamorouscorset.com\/#organization\"},\"potentialAction\":[{\"@type\":\"SearchAction\",\"target\":{\"@type\":\"EntryPoint\",\"urlTemplate\":\"https:\/\/glamorouscorset.com\/?s={search_term_string}\"},\"query-input\":{\"@type\":\"PropertyValueSpecification\",\"valueRequired\":true,\"valueName\":\"search_term_string\"}}],\"inLanguage\":\"es\"},{\"@type\":\"Organization\",\"@id\":\"https:\/\/glamorouscorset.com\/#organization\",\"name\":\"Glamorous Corset\",\"url\":\"https:\/\/glamorouscorset.com\/\",\"logo\":{\"@type\":\"ImageObject\",\"inLanguage\":\"es\",\"@id\":\"https:\/\/glamorouscorset.com\/#\/schema\/logo\/image\/\",\"url\":\"https:\/\/glamorouscorset.com\/wp-content\/uploads\/2015\/11\/logo@2x.jpg\",\"contentUrl\":\"https:\/\/glamorouscorset.com\/wp-content\/uploads\/2015\/11\/logo@2x.jpg\",\"width\":238,\"height\":60,\"caption\":\"Glamorous Corset\"},\"image\":{\"@id\":\"https:\/\/glamorouscorset.com\/#\/schema\/logo\/image\/\"},\"sameAs\":[\"https:\/\/www.facebook.com\/glamorouscorset\"]}]}<\/script>\n<!-- \/ Yoast SEO plugin. -->","yoast_head_json":{"title":"Cordones de cors\u00e9 negro (cordones de cors\u00e9 de repuesto) Cors\u00e9 glamoroso","description":"Cordones de cors\u00e9 negro - 10 yardas de cordones de cors\u00e9 de reemplazo. 100 poli\u00e9ster para resistencia y durabilidad. Se desliza f\u00e1cilmente a trav\u00e9s de ojales.","robots":{"index":"index","follow":"follow","max-snippet":"max-snippet:-1","max-image-preview":"max-image-preview:large","max-video-preview":"max-video-preview:-1"},"canonical":"https:\/\/glamorouscorset.com\/es\/tienda\/cordones-de-corse-de-reemplazo\/cordones-de-corse-negro\/","og_locale":"es_ES","og_type":"article","og_title":"Cordones de cors\u00e9 negro (cordones de cors\u00e9 de repuesto) Cors\u00e9 glamoroso","og_description":"Cordones de cors\u00e9 negro - 10 yardas de cordones de cors\u00e9 de reemplazo. 100 poli\u00e9ster para resistencia y durabilidad. Se desliza f\u00e1cilmente a trav\u00e9s de ojales.","og_url":"https:\/\/glamorouscorset.com\/es\/tienda\/cordones-de-corse-de-reemplazo\/cordones-de-corse-negro\/","og_site_name":"Glamorous Corset","article_publisher":"https:\/\/www.facebook.com\/glamorouscorset","article_modified_time":"2020-07-09T16:18:45+00:00","og_image":[{"width":544,"height":640,"url":"https:\/\/glamorouscorset.com\/wp-content\/uploads\/2020\/07\/black-corset-laces.jpeg","type":"image\/jpeg"}],"twitter_card":"summary_large_image","schema":{"@context":"https:\/\/schema.org","@graph":[{"@type":"WebPage","@id":"https:\/\/glamorouscorset.com\/es\/tienda\/cordones-de-corse-de-reemplazo\/cordones-de-corse-negro\/","url":"https:\/\/glamorouscorset.com\/es\/tienda\/cordones-de-corse-de-reemplazo\/cordones-de-corse-negro\/","name":"Cordones de cors\u00e9 negro (cordones de cors\u00e9 de repuesto) Cors\u00e9 glamoroso","isPartOf":{"@id":"https:\/\/glamorouscorset.com\/#website"},"primaryImageOfPage":{"@id":"https:\/\/glamorouscorset.com\/es\/tienda\/cordones-de-corse-de-reemplazo\/cordones-de-corse-negro\/#primaryimage"},"image":{"@id":"https:\/\/glamorouscorset.com\/es\/tienda\/cordones-de-corse-de-reemplazo\/cordones-de-corse-negro\/#primaryimage"},"thumbnailUrl":"https:\/\/glamorouscorset.com\/wp-content\/uploads\/2020\/07\/black-corset-laces.jpeg","datePublished":"2020-07-08T22:21:58+00:00","dateModified":"2020-07-09T16:18:45+00:00","description":"Cordones de cors\u00e9 negro - 10 yardas de cordones de cors\u00e9 de reemplazo. 100 poli\u00e9ster para resistencia y durabilidad. Se desliza f\u00e1cilmente a trav\u00e9s de ojales.","breadcrumb":{"@id":"https:\/\/glamorouscorset.com\/es\/tienda\/cordones-de-corse-de-reemplazo\/cordones-de-corse-negro\/#breadcrumb"},"inLanguage":"es","potentialAction":[{"@type":"ReadAction","target":["https:\/\/glamorouscorset.com\/es\/tienda\/cordones-de-corse-de-reemplazo\/cordones-de-corse-negro\/"]}]},{"@type":"ImageObject","inLanguage":"es","@id":"https:\/\/glamorouscorset.com\/es\/tienda\/cordones-de-corse-de-reemplazo\/cordones-de-corse-negro\/#primaryimage","url":"https:\/\/glamorouscorset.com\/wp-content\/uploads\/2020\/07\/black-corset-laces.jpeg","contentUrl":"https:\/\/glamorouscorset.com\/wp-content\/uploads\/2020\/07\/black-corset-laces.jpeg","width":544,"height":640,"caption":"Cordones de cors\u00e9 negro (cordones de cors\u00e9 de repuesto)"},{"@type":"BreadcrumbList","@id":"https:\/\/glamorouscorset.com\/es\/tienda\/cordones-de-corse-de-reemplazo\/cordones-de-corse-negro\/#breadcrumb","itemListElement":[{"@type":"ListItem","position":1,"name":"Home","item":"https:\/\/glamorouscorset.com\/es\/"},{"@type":"ListItem","position":2,"name":"Tienda","item":"https:\/\/glamorouscorset.com\/es\/tienda\/"},{"@type":"ListItem","position":3,"name":"Cordones de cors\u00e9 negro"}]},{"@type":"WebSite","@id":"https:\/\/glamorouscorset.com\/#website","url":"https:\/\/glamorouscorset.com\/","name":"Glamorous Corset","description":"Glamorous Corset offers an assortment of steel boned waist training corsets for all shapes and sizes!","publisher":{"@id":"https:\/\/glamorouscorset.com\/#organization"},"potentialAction":[{"@type":"SearchAction","target":{"@type":"EntryPoint","urlTemplate":"https:\/\/glamorouscorset.com\/?s={search_term_string}"},"query-input":{"@type":"PropertyValueSpecification","valueRequired":true,"valueName":"search_term_string"}}],"inLanguage":"es"},{"@type":"Organization","@id":"https:\/\/glamorouscorset.com\/#organization","name":"Glamorous Corset","url":"https:\/\/glamorouscorset.com\/","logo":{"@type":"ImageObject","inLanguage":"es","@id":"https:\/\/glamorouscorset.com\/#\/schema\/logo\/image\/","url":"https:\/\/glamorouscorset.com\/wp-content\/uploads\/2015\/11\/logo@2x.jpg","contentUrl":"https:\/\/glamorouscorset.com\/wp-content\/uploads\/2015\/11\/logo@2x.jpg","width":238,"height":60,"caption":"Glamorous Corset"},"image":{"@id":"https:\/\/glamorouscorset.com\/#\/schema\/logo\/image\/"},"sameAs":["https:\/\/www.facebook.com\/glamorouscorset"]}]}},"_links":{"self":[{"href":"https:\/\/glamorouscorset.com\/es\/wp-json\/wp\/v2\/product\/11828","targetHints":{"allow":["GET"]}}],"collection":[{"href":"https:\/\/glamorouscorset.com\/es\/wp-json\/wp\/v2\/product"}],"about":[{"href":"https:\/\/glamorouscorset.com\/es\/wp-json\/wp\/v2\/types\/product"}],"replies":[{"embeddable":true,"href":"https:\/\/glamorouscorset.com\/es\/wp-json\/wp\/v2\/comments?post=11828"}],"wp:featuredmedia":[{"embeddable":true,"href":"https:\/\/glamorouscorset.com\/es\/wp-json\/wp\/v2\/media\/11778"}],"wp:attachment":[{"href":"https:\/\/glamorouscorset.com\/es\/wp-json\/wp\/v2\/media?parent=11828"}],"wp:term":[{"taxonomy":"product_brand","embeddable":true,"href":"https:\/\/glamorouscorset.com\/es\/wp-json\/wp\/v2\/product_brand?post=11828"},{"taxonomy":"product_cat","embeddable":true,"href":"https:\/\/glamorouscorset.com\/es\/wp-json\/wp\/v2\/product_cat?post=11828"},{"taxonomy":"product_tag","embeddable":true,"href":"https:\/\/glamorouscorset.com\/es\/wp-json\/wp\/v2\/product_tag?post=11828"}],"curies":[{"name":"wp","href":"https:\/\/api.w.org\/{rel}","templated":true}]}}