{"id":11137,"date":"2020-04-28T18:35:27","date_gmt":"2020-04-28T22:35:27","guid":{"rendered":"https:\/\/glamorouscorset.com\/shop-all\/sin categor\u00eda\/corse-de-algodon-beige-corto-jolie\/"},"modified":"2024-10-22T16:34:17","modified_gmt":"2024-10-22T20:34:17","slug":"jolie-corta-beige-algodon-corse","status":"publish","type":"product","link":"https:\/\/glamorouscorset.com\/es\/tienda\/colecciones-de-corse\/corses-de-waspie\/jolie-corta-beige-algodon-corse\/","title":{"rendered":"Cors\u00e9 de algod\u00f3n beige corto Jolie"},"content":{"rendered":"<h2>Cors\u00e9 de algod\u00f3n beige corto Jolie<\/h2>\n<p>GC-161 Short &#8211; Por demanda popular presentamos Jolie Cors\u00e9 corto deshuesado de acero bajo algod\u00f3n, color beige. S\u00f3lo 9 pulgadas de largo una excelente opci\u00f3n para cualquier persona con un torso corto. Ideal para figuras curvas su confort superior dar\u00e1 los m\u00e1ximos resultados. Proporciona durabilidad y soporte adicionales. Ideal para mejorar la postura y aliviar el dolor de espalda. Una gran opci\u00f3n para el entrenamiento de cintura y apretado.<\/p>\n<h3>Caracter\u00edsticas &amp; detalles<\/h3>\n<ul>\n<li>24 huesos de acero (4 huesos de acero r\u00edgido, 20 huesos de acero espiral)<\/li>\n<li>Busk de acero<\/li>\n<li>Para longitud de torso corta o media<\/li>\n<li>Longitud delantera 9 pulgadas<\/li>\n<li>Longitud de la espalda 9.5 pulgadas<\/li>\n<li>Longitud lateral 9 pulgadas<\/li>\n<li>Tiene un resorte de costilla de 6 pulgadas y un resorte de cadera de 9 pulgadas<\/li>\n<li>Algod\u00f3n<\/li>\n<li>Forrado con 100% algod\u00f3n + cinta de la cintura<\/li>\n<li>Panel de 5 \u00abde gran modestia<\/li>\n<li>Cord\u00f3n de espalda bidireccional tradicional<\/li>\n<li>6 bucles de Liga<\/li>\n<li>Viene con una bolsa de almacenamiento<\/li>\n<\/ul>\n","protected":false},"excerpt":{"rendered":"<p>Torso Corto Beige Algod\u00f3n Acero Boned Cors\u00e9<\/p>\n","protected":false},"featured_media":11122,"comment_status":"open","ping_status":"closed","template":"","meta":[],"product_brand":[],"product_cat":[313,315,320,319,362,371,318,314,359,317],"product_tag":[],"class_list":{"0":"post-11137","1":"product","2":"type-product","3":"status-publish","4":"has-post-thumbnail","6":"product_cat-corse-categorias","7":"product_cat-corse-colors","8":"product_cat-corse-materiales","9":"product_cat-corses-bajo-el-pecho","10":"product_cat-corses-beige","11":"product_cat-corses-de-algodon","12":"product_cat-corses-de-entrenamiento-de-cintura","13":"product_cat-corses-de-nueva-llegada","14":"product_cat-corses-de-waspie","15":"product_cat-corses-deshuesados-de-acero","16":"pa_color-beige-es","17":"pa_corset-type-acero-deshuesado","18":"pa_corset-type-debajo-del-busto-es","19":"pa_corset-type-entrenamiento-de-cintura","20":"pa_material-algodon","21":"pa_size-18-es","22":"pa_size-20-es","23":"pa_size-22-es","24":"pa_size-24-es","25":"pa_size-26-es","26":"pa_size-28-es","27":"pa_size-30-es","28":"pa_size-32-es","29":"pa_size-34-es","30":"pa_size-36-es","31":"pa_size-38-es","32":"pa_size-40-es","33":"pa_torso-length-corto","34":"pa_torso-length-promedio","36":"first","37":"instock","38":"featured","39":"taxable","40":"shipping-taxable","41":"purchasable","42":"product-type-variable"},"yoast_head":"<!-- This site is optimized with the Yoast SEO plugin v26.9 - https:\/\/yoast.com\/product\/yoast-seo-wordpress\/ -->\n<title>Jolie Cors\u00e9 corto deshuesado de acero bajo algod\u00f3n, color beige | Glamorous Corset<\/title>\n<meta name=\"description\" content=\"Por demanda popular presentamos Jolie Cors\u00e9 corto deshuesado de acero bajo algod\u00f3n, color beige. S\u00f3lo 9 pulgadas de largo - una excelente opci\u00f3n para cualquier persona con un torso corto.\" \/>\n<meta name=\"robots\" content=\"index, follow, max-snippet:-1, max-image-preview:large, max-video-preview:-1\" \/>\n<link rel=\"canonical\" href=\"https:\/\/glamorouscorset.com\/es\/tienda\/colecciones-de-corse\/corses-de-waspie\/jolie-corta-beige-algodon-corse\/\" \/>\n<meta property=\"og:locale\" content=\"es_ES\" \/>\n<meta property=\"og:type\" content=\"article\" \/>\n<meta property=\"og:title\" content=\"Jolie Cors\u00e9 corto deshuesado de acero bajo algod\u00f3n, color beige | Glamorous Corset\" \/>\n<meta property=\"og:description\" content=\"Por demanda popular presentamos Jolie Cors\u00e9 corto deshuesado de acero bajo algod\u00f3n, color beige. S\u00f3lo 9 pulgadas de largo - una excelente opci\u00f3n para cualquier persona con un torso corto.\" \/>\n<meta property=\"og:url\" content=\"https:\/\/glamorouscorset.com\/es\/tienda\/colecciones-de-corse\/corses-de-waspie\/jolie-corta-beige-algodon-corse\/\" \/>\n<meta property=\"og:site_name\" content=\"Glamorous Corset\" \/>\n<meta property=\"article:publisher\" content=\"https:\/\/www.facebook.com\/glamorouscorset\" \/>\n<meta property=\"article:modified_time\" content=\"2024-10-22T20:34:17+00:00\" \/>\n<meta property=\"og:image\" content=\"https:\/\/glamorouscorset.com\/wp-content\/uploads\/2020\/04\/Jolie-short-Beige-cotton-front.jpg\" \/>\n\t<meta property=\"og:image:width\" content=\"1020\" \/>\n\t<meta property=\"og:image:height\" content=\"1190\" \/>\n\t<meta property=\"og:image:type\" content=\"image\/jpeg\" \/>\n<meta name=\"twitter:card\" content=\"summary_large_image\" \/>\n<meta name=\"twitter:title\" content=\"Jolie Cors\u00e9 corto deshuesado de acero bajo algod\u00f3n, color beige | Glamorous Corset\" \/>\n<meta name=\"twitter:description\" content=\"Por demanda popular presentamos Jolie Cors\u00e9 corto deshuesado de acero bajo algod\u00f3n, color beige. S\u00f3lo 9 pulgadas de largo - una excelente opci\u00f3n para cualquier persona con un torso corto.\" \/>\n<meta name=\"twitter:label1\" content=\"Tiempo de lectura\" \/>\n\t<meta name=\"twitter:data1\" content=\"1 minuto\" \/>\n<script type=\"application\/ld+json\" class=\"yoast-schema-graph\">{\"@context\":\"https:\/\/schema.org\",\"@graph\":[{\"@type\":\"WebPage\",\"@id\":\"https:\/\/glamorouscorset.com\/es\/tienda\/colecciones-de-corse\/corses-de-waspie\/jolie-corta-beige-algodon-corse\/\",\"url\":\"https:\/\/glamorouscorset.com\/es\/tienda\/colecciones-de-corse\/corses-de-waspie\/jolie-corta-beige-algodon-corse\/\",\"name\":\"Jolie Cors\u00e9 corto deshuesado de acero bajo algod\u00f3n, color beige | Glamorous Corset\",\"isPartOf\":{\"@id\":\"https:\/\/glamorouscorset.com\/#website\"},\"primaryImageOfPage\":{\"@id\":\"https:\/\/glamorouscorset.com\/es\/tienda\/colecciones-de-corse\/corses-de-waspie\/jolie-corta-beige-algodon-corse\/#primaryimage\"},\"image\":{\"@id\":\"https:\/\/glamorouscorset.com\/es\/tienda\/colecciones-de-corse\/corses-de-waspie\/jolie-corta-beige-algodon-corse\/#primaryimage\"},\"thumbnailUrl\":\"https:\/\/glamorouscorset.com\/wp-content\/uploads\/2020\/04\/Jolie-short-Beige-cotton-front.jpg\",\"datePublished\":\"2020-04-28T22:35:27+00:00\",\"dateModified\":\"2024-10-22T20:34:17+00:00\",\"description\":\"Por demanda popular presentamos Jolie Cors\u00e9 corto deshuesado de acero bajo algod\u00f3n, color beige. S\u00f3lo 9 pulgadas de largo - una excelente opci\u00f3n para cualquier persona con un torso corto.\",\"breadcrumb\":{\"@id\":\"https:\/\/glamorouscorset.com\/es\/tienda\/colecciones-de-corse\/corses-de-waspie\/jolie-corta-beige-algodon-corse\/#breadcrumb\"},\"inLanguage\":\"es\",\"potentialAction\":[{\"@type\":\"ReadAction\",\"target\":[\"https:\/\/glamorouscorset.com\/es\/tienda\/colecciones-de-corse\/corses-de-waspie\/jolie-corta-beige-algodon-corse\/\"]}]},{\"@type\":\"ImageObject\",\"inLanguage\":\"es\",\"@id\":\"https:\/\/glamorouscorset.com\/es\/tienda\/colecciones-de-corse\/corses-de-waspie\/jolie-corta-beige-algodon-corse\/#primaryimage\",\"url\":\"https:\/\/glamorouscorset.com\/wp-content\/uploads\/2020\/04\/Jolie-short-Beige-cotton-front.jpg\",\"contentUrl\":\"https:\/\/glamorouscorset.com\/wp-content\/uploads\/2020\/04\/Jolie-short-Beige-cotton-front.jpg\",\"width\":1020,\"height\":1190,\"caption\":\"Cors\u00e9 de algod\u00f3n beige corto Jolie\"},{\"@type\":\"BreadcrumbList\",\"@id\":\"https:\/\/glamorouscorset.com\/es\/tienda\/colecciones-de-corse\/corses-de-waspie\/jolie-corta-beige-algodon-corse\/#breadcrumb\",\"itemListElement\":[{\"@type\":\"ListItem\",\"position\":1,\"name\":\"Home\",\"item\":\"https:\/\/glamorouscorset.com\/es\/\"},{\"@type\":\"ListItem\",\"position\":2,\"name\":\"Tienda\",\"item\":\"https:\/\/glamorouscorset.com\/es\/tienda\/\"},{\"@type\":\"ListItem\",\"position\":3,\"name\":\"Cors\u00e9 de algod\u00f3n beige corto Jolie\"}]},{\"@type\":\"WebSite\",\"@id\":\"https:\/\/glamorouscorset.com\/#website\",\"url\":\"https:\/\/glamorouscorset.com\/\",\"name\":\"Glamorous Corset\",\"description\":\"Glamorous Corset offers an assortment of steel boned waist training corsets for all shapes and sizes!\",\"publisher\":{\"@id\":\"https:\/\/glamorouscorset.com\/#organization\"},\"potentialAction\":[{\"@type\":\"SearchAction\",\"target\":{\"@type\":\"EntryPoint\",\"urlTemplate\":\"https:\/\/glamorouscorset.com\/?s={search_term_string}\"},\"query-input\":{\"@type\":\"PropertyValueSpecification\",\"valueRequired\":true,\"valueName\":\"search_term_string\"}}],\"inLanguage\":\"es\"},{\"@type\":\"Organization\",\"@id\":\"https:\/\/glamorouscorset.com\/#organization\",\"name\":\"Glamorous Corset\",\"url\":\"https:\/\/glamorouscorset.com\/\",\"logo\":{\"@type\":\"ImageObject\",\"inLanguage\":\"es\",\"@id\":\"https:\/\/glamorouscorset.com\/#\/schema\/logo\/image\/\",\"url\":\"https:\/\/glamorouscorset.com\/wp-content\/uploads\/2015\/11\/logo@2x.jpg\",\"contentUrl\":\"https:\/\/glamorouscorset.com\/wp-content\/uploads\/2015\/11\/logo@2x.jpg\",\"width\":238,\"height\":60,\"caption\":\"Glamorous Corset\"},\"image\":{\"@id\":\"https:\/\/glamorouscorset.com\/#\/schema\/logo\/image\/\"},\"sameAs\":[\"https:\/\/www.facebook.com\/glamorouscorset\"]}]}<\/script>\n<!-- \/ Yoast SEO plugin. -->","yoast_head_json":{"title":"Jolie Cors\u00e9 corto deshuesado de acero bajo algod\u00f3n, color beige | Glamorous Corset","description":"Por demanda popular presentamos Jolie Cors\u00e9 corto deshuesado de acero bajo algod\u00f3n, color beige. S\u00f3lo 9 pulgadas de largo - una excelente opci\u00f3n para cualquier persona con un torso corto.","robots":{"index":"index","follow":"follow","max-snippet":"max-snippet:-1","max-image-preview":"max-image-preview:large","max-video-preview":"max-video-preview:-1"},"canonical":"https:\/\/glamorouscorset.com\/es\/tienda\/colecciones-de-corse\/corses-de-waspie\/jolie-corta-beige-algodon-corse\/","og_locale":"es_ES","og_type":"article","og_title":"Jolie Cors\u00e9 corto deshuesado de acero bajo algod\u00f3n, color beige | Glamorous Corset","og_description":"Por demanda popular presentamos Jolie Cors\u00e9 corto deshuesado de acero bajo algod\u00f3n, color beige. S\u00f3lo 9 pulgadas de largo - una excelente opci\u00f3n para cualquier persona con un torso corto.","og_url":"https:\/\/glamorouscorset.com\/es\/tienda\/colecciones-de-corse\/corses-de-waspie\/jolie-corta-beige-algodon-corse\/","og_site_name":"Glamorous Corset","article_publisher":"https:\/\/www.facebook.com\/glamorouscorset","article_modified_time":"2024-10-22T20:34:17+00:00","og_image":[{"width":1020,"height":1190,"url":"https:\/\/glamorouscorset.com\/wp-content\/uploads\/2020\/04\/Jolie-short-Beige-cotton-front.jpg","type":"image\/jpeg"}],"twitter_card":"summary_large_image","twitter_title":"Jolie Cors\u00e9 corto deshuesado de acero bajo algod\u00f3n, color beige | Glamorous Corset","twitter_description":"Por demanda popular presentamos Jolie Cors\u00e9 corto deshuesado de acero bajo algod\u00f3n, color beige. S\u00f3lo 9 pulgadas de largo - una excelente opci\u00f3n para cualquier persona con un torso corto.","twitter_misc":{"Tiempo de lectura":"1 minuto"},"schema":{"@context":"https:\/\/schema.org","@graph":[{"@type":"WebPage","@id":"https:\/\/glamorouscorset.com\/es\/tienda\/colecciones-de-corse\/corses-de-waspie\/jolie-corta-beige-algodon-corse\/","url":"https:\/\/glamorouscorset.com\/es\/tienda\/colecciones-de-corse\/corses-de-waspie\/jolie-corta-beige-algodon-corse\/","name":"Jolie Cors\u00e9 corto deshuesado de acero bajo algod\u00f3n, color beige | Glamorous Corset","isPartOf":{"@id":"https:\/\/glamorouscorset.com\/#website"},"primaryImageOfPage":{"@id":"https:\/\/glamorouscorset.com\/es\/tienda\/colecciones-de-corse\/corses-de-waspie\/jolie-corta-beige-algodon-corse\/#primaryimage"},"image":{"@id":"https:\/\/glamorouscorset.com\/es\/tienda\/colecciones-de-corse\/corses-de-waspie\/jolie-corta-beige-algodon-corse\/#primaryimage"},"thumbnailUrl":"https:\/\/glamorouscorset.com\/wp-content\/uploads\/2020\/04\/Jolie-short-Beige-cotton-front.jpg","datePublished":"2020-04-28T22:35:27+00:00","dateModified":"2024-10-22T20:34:17+00:00","description":"Por demanda popular presentamos Jolie Cors\u00e9 corto deshuesado de acero bajo algod\u00f3n, color beige. S\u00f3lo 9 pulgadas de largo - una excelente opci\u00f3n para cualquier persona con un torso corto.","breadcrumb":{"@id":"https:\/\/glamorouscorset.com\/es\/tienda\/colecciones-de-corse\/corses-de-waspie\/jolie-corta-beige-algodon-corse\/#breadcrumb"},"inLanguage":"es","potentialAction":[{"@type":"ReadAction","target":["https:\/\/glamorouscorset.com\/es\/tienda\/colecciones-de-corse\/corses-de-waspie\/jolie-corta-beige-algodon-corse\/"]}]},{"@type":"ImageObject","inLanguage":"es","@id":"https:\/\/glamorouscorset.com\/es\/tienda\/colecciones-de-corse\/corses-de-waspie\/jolie-corta-beige-algodon-corse\/#primaryimage","url":"https:\/\/glamorouscorset.com\/wp-content\/uploads\/2020\/04\/Jolie-short-Beige-cotton-front.jpg","contentUrl":"https:\/\/glamorouscorset.com\/wp-content\/uploads\/2020\/04\/Jolie-short-Beige-cotton-front.jpg","width":1020,"height":1190,"caption":"Cors\u00e9 de algod\u00f3n beige corto Jolie"},{"@type":"BreadcrumbList","@id":"https:\/\/glamorouscorset.com\/es\/tienda\/colecciones-de-corse\/corses-de-waspie\/jolie-corta-beige-algodon-corse\/#breadcrumb","itemListElement":[{"@type":"ListItem","position":1,"name":"Home","item":"https:\/\/glamorouscorset.com\/es\/"},{"@type":"ListItem","position":2,"name":"Tienda","item":"https:\/\/glamorouscorset.com\/es\/tienda\/"},{"@type":"ListItem","position":3,"name":"Cors\u00e9 de algod\u00f3n beige corto Jolie"}]},{"@type":"WebSite","@id":"https:\/\/glamorouscorset.com\/#website","url":"https:\/\/glamorouscorset.com\/","name":"Glamorous Corset","description":"Glamorous Corset offers an assortment of steel boned waist training corsets for all shapes and sizes!","publisher":{"@id":"https:\/\/glamorouscorset.com\/#organization"},"potentialAction":[{"@type":"SearchAction","target":{"@type":"EntryPoint","urlTemplate":"https:\/\/glamorouscorset.com\/?s={search_term_string}"},"query-input":{"@type":"PropertyValueSpecification","valueRequired":true,"valueName":"search_term_string"}}],"inLanguage":"es"},{"@type":"Organization","@id":"https:\/\/glamorouscorset.com\/#organization","name":"Glamorous Corset","url":"https:\/\/glamorouscorset.com\/","logo":{"@type":"ImageObject","inLanguage":"es","@id":"https:\/\/glamorouscorset.com\/#\/schema\/logo\/image\/","url":"https:\/\/glamorouscorset.com\/wp-content\/uploads\/2015\/11\/logo@2x.jpg","contentUrl":"https:\/\/glamorouscorset.com\/wp-content\/uploads\/2015\/11\/logo@2x.jpg","width":238,"height":60,"caption":"Glamorous Corset"},"image":{"@id":"https:\/\/glamorouscorset.com\/#\/schema\/logo\/image\/"},"sameAs":["https:\/\/www.facebook.com\/glamorouscorset"]}]}},"_links":{"self":[{"href":"https:\/\/glamorouscorset.com\/es\/wp-json\/wp\/v2\/product\/11137","targetHints":{"allow":["GET"]}}],"collection":[{"href":"https:\/\/glamorouscorset.com\/es\/wp-json\/wp\/v2\/product"}],"about":[{"href":"https:\/\/glamorouscorset.com\/es\/wp-json\/wp\/v2\/types\/product"}],"replies":[{"embeddable":true,"href":"https:\/\/glamorouscorset.com\/es\/wp-json\/wp\/v2\/comments?post=11137"}],"wp:featuredmedia":[{"embeddable":true,"href":"https:\/\/glamorouscorset.com\/es\/wp-json\/wp\/v2\/media\/11122"}],"wp:attachment":[{"href":"https:\/\/glamorouscorset.com\/es\/wp-json\/wp\/v2\/media?parent=11137"}],"wp:term":[{"taxonomy":"product_brand","embeddable":true,"href":"https:\/\/glamorouscorset.com\/es\/wp-json\/wp\/v2\/product_brand?post=11137"},{"taxonomy":"product_cat","embeddable":true,"href":"https:\/\/glamorouscorset.com\/es\/wp-json\/wp\/v2\/product_cat?post=11137"},{"taxonomy":"product_tag","embeddable":true,"href":"https:\/\/glamorouscorset.com\/es\/wp-json\/wp\/v2\/product_tag?post=11137"}],"curies":[{"name":"wp","href":"https:\/\/api.w.org\/{rel}","templated":true}]}}